{"id":57253,"date":"2025-03-30T23:17:47","date_gmt":"2025-03-30T23:17:47","guid":{"rendered":"https:\/\/trendsbystylia.com\/?post_type=product&#038;p=57253"},"modified":"2025-04-03T17:36:26","modified_gmt":"2025-04-03T17:36:26","slug":"jbl-enceinte-bluetooth-charge-5-gris-jblcharge5gry","status":"publish","type":"product","link":"https:\/\/trendsbystylia.com\/zh\/product\/jbl-enceinte-bluetooth-charge-5-gris-jblcharge5gry\/","title":{"rendered":"<p>JBL \u84dd\u7259 \u626c\u58f0\u5668 \u5145\u7535 5 Grey-JBLCHARGE5GRY<\/p>"},"content":{"rendered":"<div id=\"HTML_SPEC\" class=\"ITSs\">\n<div class=\"ITSg\">\u8fde\u63a5 \u8fde\u63a5<\/div>\n<div class=\"ITSr0\">\n<div class=\"ITSn\">\u8fde\u901a\u6027\u6280\u672f<\/div>\n<div class=\"ITSv\">\u5173\u4e8e Wireless &amp; Wireless<\/div>\n<\/div>\n<div class=\"ITSr1\">\n<div class=\"ITSn\">\u65e0\u7ebf \u7f51 \u65e0\u7ebf \u7f51<\/div>\n<div class=\"ITSv\">\u5426<\/div>\n<\/div>\n<div class=\"ITSr0\">\n<div class=\"ITSn\">\u84dd\u7259 \u84dd\u7259<\/div>\n<div class=\"ITSv\">\u662f \u662f<\/div>\n<\/div>\n<div class=\"ITSr1\">\n<div class=\"ITSn\">\u84dd\u7259\u6a21\u578b<\/div>\n<div class=\"ITSv\">5.1<\/div>\n<\/div>\n<div class=\"ITSr0\">\n<div class=\"ITSn\">USB \u8fde\u63a5<\/div>\n<div class=\"ITSv\">\u662f \u662f<\/div>\n<\/div>\n<div class=\"ITSr1\">\n<div class=\"ITSn\">\u975e\u63a5\u89e6\u5f0f\u652f\u4ed8<\/div>\n<div class=\"ITSv\">\u5426<\/div>\n<\/div>\n<div class=\"ITSr0\">\n<div class=\"ITSn\">\u7a7a\u4e2d \u65f6\u95f4<\/div>\n<div class=\"ITSv\">\u5426<\/div>\n<\/div>\n<div class=\"ITSr1\">\n<div class=\"ITSn\">\u7535\u7f06\u957f\u5ea6<\/div>\n<div class=\"ITSv\">1.2\u7c73<\/div>\n<\/div>\n<div class=\"ITSg\">\u4ee3\u8868\u6027\/\u5b9e\u73b0<\/div>\n<div class=\"ITSr0\">\n<div class=\"ITSn\">\u63a8\u8350\u4f7f\u7528<\/div>\n<div class=\"ITSv\">\u901a\u7528 \u901a\u7528<\/div>\n<\/div>\n<div class=\"ITSr1\">\n<div class=\"ITSn\">\u5185\u7f6e\u8bb0\u5fc6\u5361\u9605\u8bfb\u5668<\/div>\n<div class=\"ITSv\">\u5426<\/div>\n<\/div>\n<div class=\"ITSr0\">\n<div class=\"ITSn\">\u5747\u8861 \u5668<\/div>\n<div class=\"ITSv\">\u662f \u662f<\/div>\n<\/div>\n<div class=\"ITSr1\">\n<div class=\"ITSn\">\u539f\u7c4d\u56fd<\/div>\n<div class=\"ITSv\">\u4e2d\u56fd<\/div>\n<\/div>\n<div class=\"ITSr0\">\n<div class=\"ITSn\">\u652f\u6301\u7684\u79fb\u52a8\u7cfb\u7edf<\/div>\n<div class=\"ITSv\">Android, iOS<\/div>\n<\/div>\n<div class=\"ITSg\">\u8bbe\u8ba1 \u8bbe\u8ba1<\/div>\n<div class=\"ITSr0\">\n<div class=\"ITSn\">\u4ea7\u54c1\u7c7b\u578b<\/div>\n<div class=\"ITSv\">\u4fbf\u643a\u5f0f\u7acb\u4f53\u58f0\u626c\u58f0\u5668<\/div>\n<\/div>\n<div class=\"ITSr1\">\n<div class=\"ITSn\">\u4ea7\u54c1\u989c\u8272<\/div>\n<div class=\"ITSv\">\u7070\u8272 \u7684<\/div>\n<\/div>\n<div class=\"ITSr0\">\n<div class=\"ITSn\">\u4f4f\u623f\/\u8eab\u4f53\u6750\u6599<\/div>\n<div class=\"ITSv\">\u5851\u6599 \u5851\u6599<\/div>\n<\/div>\n<div class=\"ITSr1\">\n<div class=\"ITSn\">\u4f53\u79ef\u63a7\u5236<\/div>\n<div class=\"ITSv\">\u6309 \u6309\u94ae<\/div>\n<\/div>\n<div class=\"ITSr0\">\n<div class=\"ITSn\">\u5185\u7f6e\u5f00\/\u5173\u95ed\u6309\u94ae<\/div>\n<div class=\"ITSv\">\u662f \u662f<\/div>\n<\/div>\n<div class=\"ITSr1\">\n<div class=\"ITSn\">\u4fdd\u62a4\u804c\u80fd<\/div>\n<div class=\"ITSv\">\u9632\u5c18\uff0c\u9632\u6c34<\/div>\n<\/div>\n<div class=\"ITSr0\">\n<div class=\"ITSn\">\u4ee3\u7801(IP)\u56fd\u9645\u4fdd\u62a4<\/div>\n<div class=\"ITSv\">IP67 \u7cfb\u5217<\/div>\n<\/div>\n<div class=\"ITSr1\">\n<div class=\"ITSn\">\u89c2\u666f\u706f<\/div>\n<div class=\"ITSv\">\u662f \u662f<\/div>\n<\/div>\n<div class=\"ITSg\">\u97f3\u9891 \u97f3\u54cd<\/div>\n<div class=\"ITSr0\">\n<div class=\"ITSn\">RMS\u989d\u5b9a\u529f\u7387<\/div>\n<div class=\"ITSv\">30 W \u7684<\/div>\n<\/div>\n<div class=\"ITSr1\">\n<div class=\"ITSn\">\u9891\u7387\u8303\u56f4<\/div>\n<div class=\"ITSv\">60-20000Hz<\/div>\n<\/div>\n<div class=\"ITSr0\">\n<div class=\"ITSn\">\u5cf0\u503c\u8f93\u51fa\u529f\u7387(PMPO)<\/div>\n<div class=\"ITSv\">30 W \u7684<\/div>\n<\/div>\n<div class=\"ITSg\">\u6f14\u8bb2 \u8005<\/div>\n<div class=\"ITSr0\">\n<div class=\"ITSn\">\u53d1\u8a00\u8005\u4eba\u6570<\/div>\n<div class=\"ITSv\">1<\/div>\n<\/div>\n<div class=\"ITSr1\">\n<div class=\"ITSn\">\u88ab\u52a8\u6563\u70ed\u5668\u6570\u91cf<\/div>\n<div class=\"ITSv\">2<\/div>\n<\/div>\n<div class=\"ITSr0\">\n<div class=\"ITSn\">\u5fae\u535a \u53d1\u6761 \u4eba<\/div>\n<div class=\"ITSv\">\u662f \u662f<\/div>\n<\/div>\n<div class=\"ITSr1\">\n<div class=\"ITSn\">\u9ad8\u97f3\u901f\u626c\u58f0\u5668\u76f4\u5f84<\/div>\n<div class=\"ITSv\">1.91\u5398\u7c73<\/div>\n<\/div>\n<div class=\"ITSr0\">\n<div class=\"ITSn\">\u9ad8\u97f3\u901f\u626c\u58f0\u5668\u76f4\u5f84<\/div>\n<div class=\"ITSv\">2\u5398\u7c73<\/div>\n<\/div>\n<div class=\"ITSr1\">\n<div class=\"ITSn\">Woofer\u7684\u76f4\u5f84<\/div>\n<div class=\"ITSv\">10.2\u5398\u7c73<\/div>\n<\/div>\n<div class=\"ITSr0\">\n<div class=\"ITSn\">Woofer\u7684\u76f4\u5f84<\/div>\n<div class=\"ITSv\">9\u5398\u7c73<\/div>\n<\/div>\n<div class=\"ITSg\">\u529b\u91cf \u529b<\/div>\n<div class=\"ITSr0\">\n<div class=\"ITSn\">\u7535\u6c60\u7c7b\u578b<\/div>\n<div class=\"ITSv\">\u5185\u7f6e\u7535\u6c60<\/div>\n<\/div>\n<div class=\"ITSr1\">\n<div class=\"ITSn\">\u7535\u6c60\u6280\u672f<\/div>\n<div class=\"ITSv\">\u9502\u805a\u5408\u7269(LiPo)<\/div>\n<\/div>\n<div class=\"ITSr0\">\n<div class=\"ITSn\">\u7535\u6c60\u5bb9\u91cf<\/div>\n<div class=\"ITSv\">27 Wh<\/div>\n<\/div>\n<div class=\"ITSr1\">\n<div class=\"ITSn\">\u6700\u5927\u7535\u6c60\u5bff\u547d<\/div>\n<div class=\"ITSv\">\u665a\u4e0a8\u70b9<\/div>\n<\/div>\n<div class=\"ITSg\">\u5305\u88c5\u7684\u5185\u5bb9<\/div>\n<div class=\"ITSr0\">\n<div class=\"ITSn\">\u6570\u91cf \u91cf<\/div>\n<div class=\"ITSv\">1\u4ef6(s)<\/div>\n<\/div>\n<div class=\"ITSr1\">\n<div class=\"ITSn\">\u63d0\u4f9b\u7684\u9065\u63a7\u5668<\/div>\n<div class=\"ITSv\">\u5426<\/div>\n<\/div>\n<div class=\"ITSr0\">\n<div class=\"ITSn\">\u5feb\u901f \u5165\u95e8 \u6307\u5357<\/div>\n<div class=\"ITSv\">\u662f \u662f<\/div>\n<\/div>\n<div class=\"ITSg\">\u91cd\u91cf\u548c\u5c3a\u5bf8<\/div>\n<div class=\"ITSr0\">\n<div class=\"ITSn\">\u5bbd\u5ea6 \u5bbd\u5ea6<\/div>\n<div class=\"ITSv\">223\u6beb\u7c73<\/div>\n<\/div>\n<div class=\"ITSr1\">\n<div class=\"ITSn\">\u6df1\u5ea6 \u6df1\u5ea6<\/div>\n<div class=\"ITSv\">94\u6beb\u7c73<\/div>\n<\/div>\n<div class=\"ITSr0\">\n<div class=\"ITSn\">\u9ad8\u5ea6 \u9ad8\u5ea6<\/div>\n<div class=\"ITSv\">96.5\u6beb\u7c73<\/div>\n<\/div>\n<div class=\"ITSr1\">\n<div class=\"ITSn\">\u91cd\u91cf \u91cd\u91cf<\/div>\n<div class=\"ITSv\">960\u514b<\/div>\n<\/div>\n<div class=\"ITSr0\">\n<div class=\"ITSn\">\u5305\u5bbd\u5ea6<\/div>\n<div class=\"ITSv\">130\u6beb\u7c73<\/div>\n<\/div>\n<div class=\"ITSr1\">\n<div class=\"ITSn\">\u5305\u88c5\u6df1\u5ea6<\/div>\n<div class=\"ITSv\">120\u6beb\u7c73<\/div>\n<\/div>\n<div class=\"ITSr0\">\n<div class=\"ITSn\">\u5305\u88c5\u9ad8\u5ea6<\/div>\n<div class=\"ITSv\">257\u6beb\u7c73<\/div>\n<\/div>\n<div class=\"ITSr1\">\n<div class=\"ITSn\">\u5305\u88dd\u91cd\u91cf<\/div>\n<div class=\"ITSv\">1.6\u516c\u65a4<\/div>\n<\/div>\n<div class=\"ITSg\">\u6280\u672f\u7ec6\u8282<\/div>\n<div class=\"ITSr0\">\n<div class=\"ITSn\">\u6258\u76d8\u7684GTIN(EAN\/UPC)<\/div>\n<div class=\"ITSv\">6925281982118<\/div>\n<\/div>\n<div class=\"ITSr1\">\n<div class=\"ITSn\">\u6258\u76d8\u51c0\u91cd\u91cf<\/div>\n<div class=\"ITSv\">469.1\u516c\u65a4<\/div>\n<\/div>\n<div class=\"ITSg\">\u540e\u52e4\u6570\u636e<\/div>\n<div class=\"ITSr0\">\n<div class=\"ITSn\">\u6309\u6258\u76d8\u5c42\u5212\u5206\u7684\u4ea7\u54c1<\/div>\n<div class=\"ITSv\">24\u5757(s)<\/div>\n<\/div>\n<div class=\"ITSr1\">\n<div class=\"ITSn\">Num\u00e9ro de Contr\u00f4le \u00e0 l'exportation(ECCN)<\/div>\n<div class=\"ITSv\">\u4e2d\u56fd<\/div>\n<\/div>\n<div class=\"ITSr0\">\n<div class=\"ITSn\">\u6258\u76d8\u603b\u957f\u5ea6<\/div>\n<div class=\"ITSv\">120\u5398\u7c73<\/div>\n<\/div>\n<div class=\"ITSr1\">\n<div class=\"ITSn\">\u6bcf\u4e2a\u6258\u76d8\u4e3b\u50a8\u7269\u67dc\uff08\u5916\u90e8\uff09<\/div>\n<div class=\"ITSv\">66\u5757(s)<\/div>\n<\/div>\n<div class=\"ITSr0\">\n<div class=\"ITSn\">\u6bcf\u4e2a\u6258\u76d8\u5c42<\/div>\n<div class=\"ITSv\">11\u4ef6(s)<\/div>\n<\/div>\n<div class=\"ITSr1\">\n<div class=\"ITSn\">\u6309\u6258\u76d8\u5236\u6210\u7684\u4ea7\u54c1<\/div>\n<div class=\"ITSv\">264\u4ef6(s)<\/div>\n<\/div>\n<div class=\"ITSr0\">\n<div class=\"ITSn\">\u4e3b\u50a8\u7269\u67dc\u5bbd\u5ea6\uff08\u5916\u90e8\uff09<\/div>\n<div class=\"ITSv\">27.4\u5398\u7c73<\/div>\n<\/div>\n<div class=\"ITSr1\">\n<div class=\"ITSn\">\u4e3b\u50a8\u7269\u67dc\u957f\u5ea6\uff08\u5916\u90e8\uff09<\/div>\n<div class=\"ITSv\">50.3\u5398\u7c73<\/div>\n<\/div>\n<div class=\"ITSr0\">\n<div class=\"ITSn\">\u4e3b\u50a8\u7269\u67dc\u9ad8\u5ea6\uff08\u5916\u90e8\uff09<\/div>\n<div class=\"ITSv\">16.3\u5398\u7c73<\/div>\n<\/div>\n<div class=\"ITSr1\">\n<div class=\"ITSn\">\u4e3b\u50a8\u7269\u67dc\u603b\u91cd\u91cf\uff08\u5916\u90e8\uff09<\/div>\n<div class=\"ITSv\">7.11\u516c\u65a4<\/div>\n<\/div>\n<div class=\"ITSr0\">\n<div class=\"ITSn\">\u4e3b\u50a8\u7269\u67dc\u4f53\u79ef\uff08\u5916\u90e8\uff09<\/div>\n<div class=\"ITSv\">0.022 cm3<\/div>\n<\/div>\n<div class=\"ITSr1\">\n<div class=\"ITSn\">\u4e3b\u7eb8\u7bb1\u7684GTIN(EAN\/UPC)<\/div>\n<div class=\"ITSv\">6925281982118<\/div>\n<\/div>\n<\/div>","protected":false},"excerpt":{"rendered":"<p>\u5e26\u4e0a\u6d3e\u5bf9\uff0c\u4e0d\u7ba1\u5929\u6c14\u5982\u4f55\u3002 JBL Charge 5\u626c\u58f0\u5668\u63d0\u4f9b\u5f3a\u5927\u7684JBL Original Pro Sound\uff0c\u5176\u4f18\u5316\u7684\u8fdc\u7a0b\u542c\u529b\u626c\u58f0\u5668\uff0c\u72ec\u7acb\u7684\u9ad8\u9891\u626c\u58f0\u5668\u548c\u4e24\u4e2aJBL\u4f4e\u97f3\u6563\u70ed\u5668\u3002 \u957f\u8fbe20\u5c0f\u65f6\u7684\u7535\u6c60\u5bff\u547d\u548c\u4fbf\u643a\u5f0f\u5145\u7535\u5668\uff0c\u4ee5\u4fbf\u60a8\u7684\u8bbe\u5907\u59cb\u7ec8\u5145\u7535\uff0c\u60a8\u53ef\u4ee5\u805a\u4f1a\u5230\u665a\u4e0a\u7ed3\u675f\u3002 \u96e8\uff1f \u6ea2\u51fa\u7684\u996e\u6599\uff1f \u6c99\u5b50\uff1f \u8bbe\u8ba1\u4e3aIP67\uff0c\u5145\u75355\u662f\u9632\u6c34\u548c\u7070\u5c18\uff0c\u5e76\u5728\u5176\u8def\u5f84\u4e2d\u751f\u5b58\u3002 <p>\u591a\u4e8f\u4e86PartyBoost\uff0c\u60a8\u53ef\u4ee5\u8fde\u63a5\u51e0\u4e2aJBL PartyBoost\u517c\u5bb9\u7684\u626c\u58f0\u5668\uff0c\u4e3a\u6240\u6709\u4eba\u7fa4\u63d0\u4f9b\u8db3\u591f\u5f3a\u5927\u7684\u58f0\u97f3\u3002 \u51ed\u501f\u6700\u65b0\u7684\u57ce\u5e02\u8d8b\u52bf\u542f\u53d1\u7684\u5168\u65b0\u989c\u8272\uff0c\u5b83\u4e0e\u5b83\u4ea7\u751f\u7684\u58f0\u97f3\u4e00\u6837\u7f8e\u4e3d\u3002<\/p><\/p>","protected":false},"featured_media":66580,"comment_status":"open","ping_status":"closed","template":"","meta":{"_seopress_robots_primary_cat":"","_seopress_titles_title":"","_seopress_titles_desc":"","_seopress_robots_index":"","_gspb_post_css":"","content-type":"","jetpack_post_was_ever_published":false,"jetpack_publicize_message":"","jetpack_publicize_feature_enabled":true,"jetpack_social_post_already_shared":true,"jetpack_social_options":{"image_generator_settings":{"template":"highway","default_image_id":0,"font":"","enabled":false},"version":2}},"product_brand":[779],"product_cat":[998],"product_tag":[],"class_list":{"0":"post-57253","1":"product","2":"type-product","3":"status-publish","4":"has-post-thumbnail","6":"product_brand-jbl","7":"product_cat-haut-parleurs-et-barres-de-son","8":"product_shipping_class-makant-standard","9":"pa_origine-dexpedition-union-europeenne-allemagne-2","11":"first","12":"instock","13":"taxable","14":"shipping-taxable","15":"purchasable","16":"product-type-simple"},"jetpack_publicize_connections":[],"jetpack_sharing_enabled":true,"_links":{"self":[{"href":"https:\/\/trendsbystylia.com\/zh\/wp-json\/wp\/v2\/product\/57253","targetHints":{"allow":["GET"]}}],"collection":[{"href":"https:\/\/trendsbystylia.com\/zh\/wp-json\/wp\/v2\/product"}],"about":[{"href":"https:\/\/trendsbystylia.com\/zh\/wp-json\/wp\/v2\/types\/product"}],"replies":[{"embeddable":true,"href":"https:\/\/trendsbystylia.com\/zh\/wp-json\/wp\/v2\/comments?post=57253"}],"wp:featuredmedia":[{"embeddable":true,"href":"https:\/\/trendsbystylia.com\/zh\/wp-json\/wp\/v2\/media\/66580"}],"wp:attachment":[{"href":"https:\/\/trendsbystylia.com\/zh\/wp-json\/wp\/v2\/media?parent=57253"}],"wp:term":[{"taxonomy":"product_brand","embeddable":true,"href":"https:\/\/trendsbystylia.com\/zh\/wp-json\/wp\/v2\/product_brand?post=57253"},{"taxonomy":"product_cat","embeddable":true,"href":"https:\/\/trendsbystylia.com\/zh\/wp-json\/wp\/v2\/product_cat?post=57253"},{"taxonomy":"product_tag","embeddable":true,"href":"https:\/\/trendsbystylia.com\/zh\/wp-json\/wp\/v2\/product_tag?post=57253"}],"curies":[{"name":"wp","href":"https:\/\/api.w.org\/{rel}","templated":true}]}}