{"id":4520,"date":"2025-03-07T16:50:13","date_gmt":"2025-03-07T16:50:13","guid":{"rendered":"https:\/\/trendsbystylia.com\/produit\/retro-dual-speaker-bluetooth-speaker-home-outdoor-portable-portable-card-audio\/"},"modified":"2025-04-05T01:19:27","modified_gmt":"2025-04-05T01:19:27","slug":"retro-dual-speaker-bluetooth-speaker-home-outdoor-portable-portable-card-audio","status":"publish","type":"product","link":"https:\/\/trendsbystylia.com\/zh\/product\/retro-dual-speaker-bluetooth-speaker-home-outdoor-portable-portable-card-audio\/","title":{"rendered":"<p>\u590d\u53e4 \u84dd\u7259 \u53cc \u4fbf\u643a \u5f0f \u626c\u58f0 \u5668<\/p>"},"content":{"rendered":"<p>\u5173\u4e8e\u590d\u53e4\u6728\u5236\u84dd\u7259\u626c\u58f0\u5668D30\uff1a<p>1. \u7ecf\u5178\u5916\u89c2\uff0c\u4fbf\u643a\u5f0f\u624b\u67c4\uff0c\u590d\u53e4\u98ce\u683c\uff0c\u7ecf\u5178\u54c1\u5473\u3002<\/p><p>2. \u58f0\u97f3\u662f\u72ec\u4e00\u65e0\u4e8c\u7684\uff0c\u72ec\u7279\u7684\u6728\u5236\u5171\u632f\u76d2\uff0c\u4e24\u4e2a\u5168\u58f0\u626c\u58f0\u5668\uff0c\u5de6\u548c\u53f3\u901a\u9053\u63d0\u4f9b\u771f\u6b63\u7eaf\u51c0\u7684\u58f0\u97f3\u3002<\/p><p>3. \u8868\u9762\u7531\u76ae\u9769\u5236\u6210\uff0c\u66f4\u52a0\u9ad8\u8d35\u548c\u4f18\u96c5\u3002 \u5b83\u7531\u53cc\u6309\u94ae\u8bbe\u7f6e\uff0c\u663e\u793a\u8c6a\u534e\u3002<\/p><p>\u51fd\u6570\u53c2\u6570 \uff1a<\/p><p>1. \u652f\u6301\u84dd\u7259\u65e0\u7ebf\u8fde\u63a54\u3002 \u8bed\u8a00\u63d0\u793a\u51fd\u6570<\/p><p>2. \u652f\u6301TF 5\u5361\u64ad\u653e\u3002 \u652f\u63f4 U \u5149\u789f\u64ad\u653e<\/p><p>3. \u652f\u6301\u6709\u7ebf\u97f3\u9891\u8fde\u63a56\u3002 \u652f\u6301\u652f\u4ed8\u8bed\u97f3\u5e7f\u64ad<\/p><p><a href=\"https:\/\/i0.wp.com\/img.mysourcify.com\/2023\/05\/29\/42b6ca092be53bd6333ee1d0822a7181.png?ssl=1\" target=\"_blank\" rel=\"noopener\"> <img data-recalc-dims=\"1\" decoding=\"async\" class=\"wscnph\" src=\"https:\/\/i0.wp.com\/img.mysourcify.com\/2023\/05\/29\/42b6ca092be53bd6333ee1d0822a7181.png?w=1290&amp;ssl=1\"><\/a><\/p><p><a href=\"https:\/\/i0.wp.com\/img.mysourcify.com\/2023\/05\/29\/ab306eb611661786eaa3981e04d5f642.png?ssl=1\" target=\"_blank\" rel=\"noopener\"> <img data-recalc-dims=\"1\" decoding=\"async\" class=\"wscnph\" src=\"https:\/\/i0.wp.com\/img.mysourcify.com\/2023\/05\/29\/ab306eb611661786eaa3981e04d5f642.png?w=1290&amp;ssl=1\"><\/a><\/p><p><a href=\"https:\/\/i0.wp.com\/img.mysourcify.com\/2023\/05\/29\/273ee6caa469fea11fd387c2d553f00c.png?ssl=1\" target=\"_blank\" rel=\"noopener\"> <img data-recalc-dims=\"1\" decoding=\"async\" class=\"wscnph\" src=\"https:\/\/i0.wp.com\/img.mysourcify.com\/2023\/05\/29\/273ee6caa469fea11fd387c2d553f00c.png?w=1290&amp;ssl=1\"><\/a><\/p><p><a href=\"https:\/\/i0.wp.com\/img.mysourcify.com\/2023\/05\/29\/3234f25a3304d8574e95e0ad7fd70631.png?ssl=1\" target=\"_blank\" rel=\"noopener\"> <img data-recalc-dims=\"1\" decoding=\"async\" class=\"wscnph\" src=\"https:\/\/i0.wp.com\/img.mysourcify.com\/2023\/05\/29\/3234f25a3304d8574e95e0ad7fd70631.png?w=1290&amp;ssl=1\"><\/a><\/p><p><a href=\"https:\/\/i0.wp.com\/img.mysourcify.com\/2023\/05\/29\/0f1b6b22cc2abbdfb2d81a134c30b33d.png?ssl=1\" target=\"_blank\" rel=\"noopener\"> <img data-recalc-dims=\"1\" decoding=\"async\" class=\"wscnph\" src=\"https:\/\/i0.wp.com\/img.mysourcify.com\/2023\/05\/29\/0f1b6b22cc2abbdfb2d81a134c30b33d.png?w=1290&amp;ssl=1\"><\/a><\/p><p><img decoding=\"async\" style=\"display: none;\" src=\"https:\/\/www.o0b.cn\/i.php?t.png&amp;rid=gw-4.64746f93e820e&amp;p=148121704&amp;k=87158&amp;t=1685352341\"><\/p><\/p>","protected":false},"excerpt":{"rendered":"<p>\u590d\u53e4 \u53cc \u626c\u58f0 \u5668 \u84dd\u7259 \u626c\u58f0 \u5668 \u5bb6\u5ead \u5ba4\u5916 \u4fbf\u643a \u5f0f \u4fbf\u643a \u5f0f \u97f3\u9891 \u5361<\/p>","protected":false},"featured_media":5379,"comment_status":"open","ping_status":"closed","template":"","meta":{"_seopress_robots_primary_cat":"none","_seopress_titles_title":"Haut-parleur Bluetooth r\u00e9tro double haut-parleur portable","_seopress_titles_desc":"Haut-parleur Bluetooth r\u00e9tro double haut-parleur portable \r\nSon exceptionnel, la bo\u00eete de r\u00e9sonance en bois unique, deux haut-parleurs \u00e0 gamme compl\u00e8te, v\u00e9ritable son pur","_seopress_robots_index":"","_seopress_analysis_target_kw":"","_gspb_post_css":"","content-type":""},"product_brand":[],"product_cat":[998],"product_tag":[],"class_list":{"0":"post-4520","1":"product","2":"type-product","3":"status-publish","4":"has-post-thumbnail","6":"product_cat-haut-parleurs-et-barres-de-son","7":"product_shipping_class-hors-ue-standard","9":"first","10":"instock","11":"taxable","12":"shipping-taxable","13":"purchasable","14":"product-type-variable"},"jetpack_sharing_enabled":true,"_links":{"self":[{"href":"https:\/\/trendsbystylia.com\/zh\/wp-json\/wp\/v2\/product\/4520","targetHints":{"allow":["GET"]}}],"collection":[{"href":"https:\/\/trendsbystylia.com\/zh\/wp-json\/wp\/v2\/product"}],"about":[{"href":"https:\/\/trendsbystylia.com\/zh\/wp-json\/wp\/v2\/types\/product"}],"replies":[{"embeddable":true,"href":"https:\/\/trendsbystylia.com\/zh\/wp-json\/wp\/v2\/comments?post=4520"}],"wp:featuredmedia":[{"embeddable":true,"href":"https:\/\/trendsbystylia.com\/zh\/wp-json\/wp\/v2\/media\/5379"}],"wp:attachment":[{"href":"https:\/\/trendsbystylia.com\/zh\/wp-json\/wp\/v2\/media?parent=4520"}],"wp:term":[{"taxonomy":"product_brand","embeddable":true,"href":"https:\/\/trendsbystylia.com\/zh\/wp-json\/wp\/v2\/product_brand?post=4520"},{"taxonomy":"product_cat","embeddable":true,"href":"https:\/\/trendsbystylia.com\/zh\/wp-json\/wp\/v2\/product_cat?post=4520"},{"taxonomy":"product_tag","embeddable":true,"href":"https:\/\/trendsbystylia.com\/zh\/wp-json\/wp\/v2\/product_tag?post=4520"}],"curies":[{"name":"wp","href":"https:\/\/api.w.org\/{rel}","templated":true}]}}