{"id":1924,"date":"2025-02-24T16:38:13","date_gmt":"2025-02-24T16:38:13","guid":{"rendered":"https:\/\/trendsbystylia.com\/produit\/pantalon-droit-en-laine-epais-vetements-de-sport-decontractes\/"},"modified":"2025-03-23T22:46:41","modified_gmt":"2025-03-23T22:46:41","slug":"pantalon-droit-en-laine-epais-vetements-de-sport-decontractes","status":"publish","type":"product","link":"https:\/\/trendsbystylia.com\/zh\/product\/pantalon-droit-en-laine-epais-vetements-de-sport-decontractes\/","title":{"rendered":"<p>\u76f4\u539a\u7684\u7f8a\u6bdb\u88e4 - \u4f11\u95f2\u8fd0\u52a8\u670d<\/p>"},"content":{"rendered":"<p>\u4ea7\u54c1\u4fe1\u606f\uff1a<p>\u989c\u8272\uff1a\u00a0\u6df1\u84dd\u8272\uff0c\u6d45\u7070\u8272\uff0c\u6df1\u7070\u8272\uff0c\u7f8a\u7ed2\u7d2b\u8272<\/p><p>\u5f39\u6027 \uff1a\u00a0\u4e2d\u5f39\u6027<\/p><p>\u88e4\u5b50\u957f\u5ea6\uff1a\u00a0\u88e4\u5b50 \u88e4\u5b50<\/p><p>\u5c3a\u5bf8\uff1a\u00a0S\u3001M\u3001L\u3001XL\u3001XXL<\/p><p>\u98ce\u683c \uff1a\u00a0\u53f3\u817f\u957f\u88e4<\/p><p>\u539a\u5ea6\uff1a\u00a0\u589e\u539a \u539a \u5316<\/p><p>\u7ec7\u7269\uff1a\u00a0\u7f8a\u6bdb \u7f8a\u6bdb<\/p><p>\u4e3b\u8981\u7ec7\u7269\u7ec4\u6210\uff1a\u00a0\u7f8a\u6bdb<\/p><p>\u9002\u7528\u6027\u522b\uff1a\u00a0\u7537\u6027<\/p><p>\u88e4\u5b50\u7c7b\u578b\uff1a\u00a0\u6b63\u786e\u7c7b\u578b<\/p><p>\u5c3a\u5bf8\uff1a<\/p><p><img data-recalc-dims=\"1\" decoding=\"async\" src=\"https:\/\/i0.wp.com\/cf.cjdropshipping.com\/17088192\/2402250738060320900.jpg?w=1290&amp;ssl=1\"><\/p><p>\u6ce8\uff1a<\/p><p>1.\u00a0\u4e9a\u6d32\u7684\u5c3a\u5bf8\u6bd4\u6b27\u6d32\u548c\u7f8e\u56fd\u7684\u5c3a\u5bf8\u5c0f1\u52302\u3002\u00a0\u9009\u62e9\u6700\u5927\u7684\u5927\u5c0f\uff0c\u5982\u679c\u4f60\u7684\u5927\u5c0f\u5728\u4e24\u4e2a\u5927\u5c0f\u4e4b\u95f4\u3002\u00a0\u8bf7\u8003\u8651\u7531\u4e8e\u624b\u52a8\u6d4b\u91cf\u800c\u5bfc\u81f4\u76842-3\u5398\u7c73\u7684\u5dee\u5f02\u3002\u00a02.\u00a0\u5982\u679c\u60a8\u4e0d\u77e5\u9053\u5982\u4f55\u9009\u62e9\u60a8\u7684\u5c3a\u5bf8\uff0c\u8bf7\u8054\u7cfb\u6211\u4eec\u7684\u5ba2\u6237\u670d\u52a1\u3002\u00a0\u5982\u60a8\u6240\u77e5\uff0c\u8ba1\u7b97\u673a\u663e\u793a\u7684\u989c\u8272\u4e0d\u540c\uff0c\u5b9e\u9645\u7269\u54c1\u7684\u989c\u8272\u53ef\u80fd\u4e0e\u4ee5\u4e0b\u56fe\u50cf\u7565\u6709\u4e0d\u540c\u3002<\/p><p>\u5305\u88c5\u6e05\u5355\uff1a<\/p><p>1* \u88e4\u5b50<\/p><p>\u4ea7\u54c1\u56fe\u7247\uff1a<\/p><p><img data-recalc-dims=\"1\" decoding=\"async\" src=\"https:\/\/i0.wp.com\/cf.cjdropshipping.com\/17088192\/2402250738060321000.jpg?w=1290&amp;ssl=1\"><\/p><p><img data-recalc-dims=\"1\" decoding=\"async\" src=\"https:\/\/i0.wp.com\/cf.cjdropshipping.com\/17088192\/2402250738060321400.jpg?w=1290&amp;ssl=1\"><\/p><p><img data-recalc-dims=\"1\" decoding=\"async\" src=\"https:\/\/i0.wp.com\/cf.cjdropshipping.com\/17088192\/2402250738060321600.jpg?w=1290&amp;ssl=1\"><\/p><p><img data-recalc-dims=\"1\" decoding=\"async\" src=\"https:\/\/i0.wp.com\/cf.cjdropshipping.com\/17088192\/2402250738060322000.jpg?w=1290&amp;ssl=1\"><\/p><p><img data-recalc-dims=\"1\" decoding=\"async\" src=\"https:\/\/i0.wp.com\/cf.cjdropshipping.com\/17088192\/2402250738060322400.jpg?w=1290&amp;ssl=1\"><\/p><p><img data-recalc-dims=\"1\" decoding=\"async\" src=\"https:\/\/i0.wp.com\/cf.cjdropshipping.com\/17088192\/2402250738060322800.jpg?w=1290&amp;ssl=1\"><\/p><p><img data-recalc-dims=\"1\" decoding=\"async\" src=\"https:\/\/i0.wp.com\/cf.cjdropshipping.com\/17088192\/2402250738060323200.jpg?w=1290&amp;ssl=1\"><\/p><p><img data-recalc-dims=\"1\" decoding=\"async\" src=\"https:\/\/i0.wp.com\/cf.cjdropshipping.com\/17088192\/2402250738060323500.jpg?w=1290&amp;ssl=1\"><\/p><p><img data-recalc-dims=\"1\" decoding=\"async\" src=\"https:\/\/i0.wp.com\/cf.cjdropshipping.com\/17088192\/2402250738060323900.jpg?w=1290&amp;ssl=1\"><\/p><p><img data-recalc-dims=\"1\" decoding=\"async\" src=\"https:\/\/i0.wp.com\/cf.cjdropshipping.com\/17088192\/2402250738060324400.jpg?w=1290&amp;ssl=1\"><\/p><p>&nbsp;<\/p><\/p>","protected":false},"excerpt":{"rendered":"<p>Informations&nbsp;sur&nbsp;le&nbsp;produit&nbsp;: Couleur&nbsp;:&nbsp;bleu&nbsp;fonc&eacute;,&nbsp;gris&nbsp;clair,&nbsp;gris&nbsp;fonc&eacute;,&nbsp;violet&nbsp;cachemire &Eacute;lastique&nbsp;:&nbsp;&eacute;lastique&nbsp;moyen Longueur&nbsp;du&nbsp;pantalon&nbsp;:&nbsp;pantalon Taille&nbsp;:&nbsp;S,M,L,XL,XXL Style&nbsp;:&nbsp;pantalon&nbsp;long&nbsp;&agrave;&nbsp;jambe&nbsp;droite &Eacute;paisseur&nbsp;:&nbsp;&eacute;paississement Tissu&nbsp;:&nbsp;laine&nbsp;Laine Composition&nbsp;principale&nbsp;du&nbsp;tissu&nbsp;:&nbsp;Laine Sexe&nbsp;applicable&nbsp;:&nbsp;Homme Type&nbsp;de&nbsp;pantalon&nbsp;:&nbsp;Type&nbsp;droit Taille&nbsp;: Note&nbsp;: 1.&nbsp;Les&nbsp;tailles&nbsp;asiatiques&nbsp;sont&nbsp;1&nbsp;&agrave;&nbsp;2&nbsp;tailles&nbsp;plus&nbsp;petites&nbsp;que&nbsp;les&nbsp;tailles&nbsp;europ&eacute;ennes&nbsp;et&nbsp;am&eacute;ricaines.&nbsp;Choisissez&nbsp;la&nbsp;taille&nbsp;la&nbsp;plus&nbsp;grande&nbsp;si&nbsp;votre&nbsp;taille&nbsp;se&nbsp;situe&nbsp;entre&nbsp;deux&nbsp;tailles.&nbsp;Veuillez&nbsp;tenir&nbsp;compte&nbsp;d&rsquo;une&nbsp;diff&eacute;rence&nbsp;de&nbsp;2&nbsp;&agrave;&nbsp;3&nbsp;cm&nbsp;due&nbsp;aux&nbsp;mesures&nbsp;manuelles.&nbsp;2.&nbsp;Si&nbsp;vous&nbsp;ne&nbsp;savez&nbsp;pas&nbsp;comment&nbsp;choisir&nbsp;votre&nbsp;taille,&nbsp;veuillez&nbsp;contacter&nbsp;notre&nbsp;service&nbsp;client&egrave;le.&nbsp;3)&nbsp;Comme&nbsp;vous&nbsp;le&nbsp;savez,&nbsp;les&nbsp;ordinateurs&nbsp;affichent&nbsp;les&nbsp;couleurs&nbsp;diff&eacute;remment,&nbsp;la&nbsp;couleur&nbsp;de&nbsp;l&rsquo;article&nbsp;r&eacute;el&nbsp;peut&nbsp;varier&nbsp;l&eacute;g&egrave;rement&nbsp;par&nbsp;rapport&nbsp;aux&nbsp;images&nbsp;suivantes. Liste&nbsp;d&rsquo;emballage&nbsp;: 1*&nbsp;Pantalon Image&nbsp;du&nbsp;produit&nbsp;: &nbsp;<\/p>","protected":false},"featured_media":1914,"comment_status":"open","ping_status":"closed","template":"","meta":{"_seopress_robots_primary_cat":"none","_seopress_titles_title":"Pantalon droit en laine \u00e9pais - V\u00eatements de sport d\u00e9contract\u00e9s","_seopress_titles_desc":"","_seopress_robots_index":"","_seopress_analysis_target_kw":"","_gspb_post_css":"","content-type":""},"product_brand":[],"product_cat":[80],"product_tag":[],"class_list":{"0":"post-1924","1":"product","2":"type-product","3":"status-publish","4":"has-post-thumbnail","6":"product_cat-mode-homme","7":"product_shipping_class-hors-ue-standard","8":"pa_fournisseur-cjdropshipping","9":"pa_origine-dexpedition-chine","11":"first","12":"instock","13":"taxable","14":"shipping-taxable","15":"purchasable","16":"product-type-variable"},"jetpack_sharing_enabled":true,"_links":{"self":[{"href":"https:\/\/trendsbystylia.com\/zh\/wp-json\/wp\/v2\/product\/1924","targetHints":{"allow":["GET"]}}],"collection":[{"href":"https:\/\/trendsbystylia.com\/zh\/wp-json\/wp\/v2\/product"}],"about":[{"href":"https:\/\/trendsbystylia.com\/zh\/wp-json\/wp\/v2\/types\/product"}],"replies":[{"embeddable":true,"href":"https:\/\/trendsbystylia.com\/zh\/wp-json\/wp\/v2\/comments?post=1924"}],"wp:featuredmedia":[{"embeddable":true,"href":"https:\/\/trendsbystylia.com\/zh\/wp-json\/wp\/v2\/media\/1914"}],"wp:attachment":[{"href":"https:\/\/trendsbystylia.com\/zh\/wp-json\/wp\/v2\/media?parent=1924"}],"wp:term":[{"taxonomy":"product_brand","embeddable":true,"href":"https:\/\/trendsbystylia.com\/zh\/wp-json\/wp\/v2\/product_brand?post=1924"},{"taxonomy":"product_cat","embeddable":true,"href":"https:\/\/trendsbystylia.com\/zh\/wp-json\/wp\/v2\/product_cat?post=1924"},{"taxonomy":"product_tag","embeddable":true,"href":"https:\/\/trendsbystylia.com\/zh\/wp-json\/wp\/v2\/product_tag?post=1924"}],"curies":[{"name":"wp","href":"https:\/\/api.w.org\/{rel}","templated":true}]}}