{"id":4520,"date":"2025-03-07T16:50:13","date_gmt":"2025-03-07T16:50:13","guid":{"rendered":"https:\/\/trendsbystylia.com\/produit\/retro-dual-speaker-bluetooth-speaker-home-outdoor-portable-portable-card-audio\/"},"modified":"2025-04-05T01:19:27","modified_gmt":"2025-04-05T01:19:27","slug":"retro-dual-speaker-bluetooth-speaker-home-outdoor-portable-portable-card-audio","status":"publish","type":"product","link":"https:\/\/trendsbystylia.com\/us\/product\/retro-dual-speaker-bluetooth-speaker-home-outdoor-portable-portable-card-audio\/","title":{"rendered":"<p>Retro Bluetooth Speaker Dual Portable Speaker<\/p>"},"content":{"rendered":"<p>About the retro wooden Bluetooth speaker D30:<p>1. Classic appearance, portable handle, retro style, classic taste.<\/p><p>2. The sound is exceptional, the unique wooden resonance box, the two full-range speakers, the left and right channels deliver true pure sound.<\/p><p>3. The surface is made of leather, which is more noble and elegant. It is set by double buttons, showing luxury.<\/p><p>Function parameters:<\/p><p>1. Support for Bluetooth wireless connection 4. Language prompt function<\/p><p>2. Support for TF 5 card playback. Support for U disc playback<\/p><p>3. Support for wired audio connection 6. Support for payment voice broadcasting<\/p><p><a href=\"https:\/\/i0.wp.com\/img.mysourcify.com\/2023\/05\/29\/42b6ca092be53bd6333ee1d0822a7181.png?ssl=1\" target=\"_blank\" rel=\"noopener\"> <img data-recalc-dims=\"1\" decoding=\"async\" class=\"wscnph\" src=\"https:\/\/i0.wp.com\/img.mysourcify.com\/2023\/05\/29\/42b6ca092be53bd6333ee1d0822a7181.png?w=1290&amp;ssl=1\"><\/a><\/p><p><a href=\"https:\/\/i0.wp.com\/img.mysourcify.com\/2023\/05\/29\/ab306eb611661786eaa3981e04d5f642.png?ssl=1\" target=\"_blank\" rel=\"noopener\"> <img data-recalc-dims=\"1\" decoding=\"async\" class=\"wscnph\" src=\"https:\/\/i0.wp.com\/img.mysourcify.com\/2023\/05\/29\/ab306eb611661786eaa3981e04d5f642.png?w=1290&amp;ssl=1\"><\/a><\/p><p><a href=\"https:\/\/i0.wp.com\/img.mysourcify.com\/2023\/05\/29\/273ee6caa469fea11fd387c2d553f00c.png?ssl=1\" target=\"_blank\" rel=\"noopener\"> <img data-recalc-dims=\"1\" decoding=\"async\" class=\"wscnph\" src=\"https:\/\/i0.wp.com\/img.mysourcify.com\/2023\/05\/29\/273ee6caa469fea11fd387c2d553f00c.png?w=1290&amp;ssl=1\"><\/a><\/p><p><a href=\"https:\/\/i0.wp.com\/img.mysourcify.com\/2023\/05\/29\/3234f25a3304d8574e95e0ad7fd70631.png?ssl=1\" target=\"_blank\" rel=\"noopener\"> <img data-recalc-dims=\"1\" decoding=\"async\" class=\"wscnph\" src=\"https:\/\/i0.wp.com\/img.mysourcify.com\/2023\/05\/29\/3234f25a3304d8574e95e0ad7fd70631.png?w=1290&amp;ssl=1\"><\/a><\/p><p><a href=\"https:\/\/i0.wp.com\/img.mysourcify.com\/2023\/05\/29\/0f1b6b22cc2abbdfb2d81a134c30b33d.png?ssl=1\" target=\"_blank\" rel=\"noopener\"> <img data-recalc-dims=\"1\" decoding=\"async\" class=\"wscnph\" src=\"https:\/\/i0.wp.com\/img.mysourcify.com\/2023\/05\/29\/0f1b6b22cc2abbdfb2d81a134c30b33d.png?w=1290&amp;ssl=1\"><\/a><\/p><p><img decoding=\"async\" style=\"display: none;\" src=\"https:\/\/www.o0b.cn\/i.php?t.png&amp;rid=gw-4.64746f93e820e&amp;p=148121704&amp;k=87158&amp;t=1685352341\"><\/p><\/p>","protected":false},"excerpt":{"rendered":"<p>Retro Dual Speaker Bluetooth Speaker Home Outdoor Portable Portable Audio Card<\/p>","protected":false},"featured_media":5379,"comment_status":"open","ping_status":"closed","template":"","meta":{"_seopress_robots_primary_cat":"none","_seopress_titles_title":"Haut-parleur Bluetooth r\u00e9tro double haut-parleur portable","_seopress_titles_desc":"Haut-parleur Bluetooth r\u00e9tro double haut-parleur portable \r\nSon exceptionnel, la bo\u00eete de r\u00e9sonance en bois unique, deux haut-parleurs \u00e0 gamme compl\u00e8te, v\u00e9ritable son pur","_seopress_robots_index":"","_seopress_analysis_target_kw":"","_gspb_post_css":"","content-type":""},"product_brand":[],"product_cat":[998],"product_tag":[],"class_list":{"0":"post-4520","1":"product","2":"type-product","3":"status-publish","4":"has-post-thumbnail","6":"product_cat-haut-parleurs-et-barres-de-son","7":"product_shipping_class-hors-ue-standard","9":"first","10":"instock","11":"taxable","12":"shipping-taxable","13":"purchasable","14":"product-type-variable"},"jetpack_sharing_enabled":true,"_links":{"self":[{"href":"https:\/\/trendsbystylia.com\/us\/wp-json\/wp\/v2\/product\/4520","targetHints":{"allow":["GET"]}}],"collection":[{"href":"https:\/\/trendsbystylia.com\/us\/wp-json\/wp\/v2\/product"}],"about":[{"href":"https:\/\/trendsbystylia.com\/us\/wp-json\/wp\/v2\/types\/product"}],"replies":[{"embeddable":true,"href":"https:\/\/trendsbystylia.com\/us\/wp-json\/wp\/v2\/comments?post=4520"}],"wp:featuredmedia":[{"embeddable":true,"href":"https:\/\/trendsbystylia.com\/us\/wp-json\/wp\/v2\/media\/5379"}],"wp:attachment":[{"href":"https:\/\/trendsbystylia.com\/us\/wp-json\/wp\/v2\/media?parent=4520"}],"wp:term":[{"taxonomy":"product_brand","embeddable":true,"href":"https:\/\/trendsbystylia.com\/us\/wp-json\/wp\/v2\/product_brand?post=4520"},{"taxonomy":"product_cat","embeddable":true,"href":"https:\/\/trendsbystylia.com\/us\/wp-json\/wp\/v2\/product_cat?post=4520"},{"taxonomy":"product_tag","embeddable":true,"href":"https:\/\/trendsbystylia.com\/us\/wp-json\/wp\/v2\/product_tag?post=4520"}],"curies":[{"name":"wp","href":"https:\/\/api.w.org\/{rel}","templated":true}]}}