{"id":4442,"date":"2025-03-07T16:35:16","date_gmt":"2025-03-07T16:35:16","guid":{"rendered":"https:\/\/trendsbystylia.com\/produit\/capteur-intelligent-controle-detecteur-dalarme-capteur-de-porte-et-de-fenetre-sans-fil\/"},"modified":"2025-04-05T01:25:00","modified_gmt":"2025-04-05T01:25:00","slug":"capteur-intelligent-controle-detecteur-dalarme-capteur-de-porte-et-de-fenetre-sans-fil","status":"publish","type":"product","link":"https:\/\/trendsbystylia.com\/us\/product\/capteur-intelligent-controle-detecteur-dalarme-capteur-de-porte-et-de-fenetre-sans-fil\/","title":{"rendered":"<p>Sensor with intelligent control \u2013 alarm detector \u2013 wireless door and window sensor<\/p>"},"content":{"rendered":"<p>&nbsp;<p><img decoding=\"async\" src=\"https:\/\/cbu01.alicdn.com\/img\/ibank\/O1CN01DTwAXJ1DscPkxKKVY_!!4134130272-0-cib.jpg\" alt=\"undefined\"><\/p><p><img decoding=\"async\" src=\"https:\/\/cbu01.alicdn.com\/img\/ibank\/O1CN01SKuJVq1DscPlzGt1n_!!4134130272-0-cib.jpg\" alt=\"undefined\"><\/p><p><img decoding=\"async\" src=\"https:\/\/cbu01.alicdn.com\/img\/ibank\/O1CN015xw7KM1DscPeukAVz_!!4134130272-0-cib.jpg\" alt=\"undefined\"><\/p><p><img decoding=\"async\" src=\"https:\/\/cbu01.alicdn.com\/img\/ibank\/O1CN01Tp79YJ1DscPlzIEEs_!!4134130272-0-cib.jpg\" alt=\"undefined\"><\/p><p><img decoding=\"async\" src=\"https:\/\/cbu01.alicdn.com\/img\/ibank\/O1CN01aSFHHJ1DscPhRLtBK_!!4134130272-0-cib.jpg\" alt=\"undefined\"><\/p><p><img decoding=\"async\" src=\"https:\/\/cbu01.alicdn.com\/img\/ibank\/O1CN01BUB5iy1DscPnWqqQC_!!4134130272-0-cib.jpg\" alt=\"undefined\"><\/p><p><img decoding=\"async\" src=\"https:\/\/cbu01.alicdn.com\/img\/ibank\/O1CN01L0p4xr1DscPeKyVlS_!!4134130272-0-cib.jpg\" alt=\"undefined\"><\/p><p><img decoding=\"async\" src=\"https:\/\/cbu01.alicdn.com\/img\/ibank\/O1CN01acjveI1DscPnWs3H5_!!4134130272-0-cib.jpg\" alt=\"undefined\"><\/p><p><img decoding=\"async\" src=\"https:\/\/cbu01.alicdn.com\/img\/ibank\/O1CN017qWQHg1DscPkxOM3I_!!4134130272-0-cib.jpg\" alt=\"undefined\"><\/p><p><img decoding=\"async\" src=\"https:\/\/cbu01.alicdn.com\/img\/ibank\/O1CN01XCDTmr1DscPeL55rv_!!4134130272-0-cib.jpg\" alt=\"undefined\"><\/p><p><img decoding=\"async\" src=\"https:\/\/cbu01.alicdn.com\/img\/ibank\/O1CN01IRfE9H1DscPgtl2QF_!!4134130272-0-cib.jpg\" alt=\"undefined\"><\/p><p><img decoding=\"async\" src=\"https:\/\/cbu01.alicdn.com\/img\/ibank\/O1CN01mrIxPI1DscPkU8JcU_!!4134130272-0-cib.jpg\" alt=\"undefined\"><\/p><p><img decoding=\"async\" src=\"https:\/\/cbu01.alicdn.com\/img\/ibank\/O1CN01UkqAd51DscPgwD2H5_!!4134130272-0-cib.jpg\" alt=\"undefined\"><\/p><p><img decoding=\"async\" src=\"https:\/\/cbu01.alicdn.com\/img\/ibank\/O1CN01qdKtll1DscPjbYOzu_!!4134130272-0-cib.jpg\" alt=\"undefined\"><\/p><p><img decoding=\"async\" src=\"https:\/\/cbu01.alicdn.com\/img\/ibank\/O1CN01KDnryW1DscPnX2rP6_!!4134130272-0-cib.jpg\" alt=\"undefined\"><\/p><\/p>","protected":false},"excerpt":{"rendered":"<p>Intelligent control sensor \u2013 alarm detector \u2013 wireless door and window sensor<\/p>","protected":false},"featured_media":5439,"comment_status":"open","ping_status":"closed","template":"","meta":{"_seopress_robots_primary_cat":"none","_seopress_titles_title":"Capteur avec contr\u00f4le intelligent - d\u00e9tecteur d'alarme - capteur de porte et de fen\u00eatre sans fil","_seopress_titles_desc":"Capteur avec contr\u00f4le intelligent - d\u00e9tecteur d'alarme - capteur de porte et de fen\u00eatre sans fil","_seopress_robots_index":"","_gspb_post_css":"","content-type":"","jetpack_post_was_ever_published":false,"jetpack_publicize_message":"","jetpack_publicize_feature_enabled":true,"jetpack_social_post_already_shared":true,"jetpack_social_options":{"image_generator_settings":{"template":"highway","default_image_id":0,"font":"","enabled":false},"version":2}},"product_brand":[],"product_cat":[1140,1134],"product_tag":[],"class_list":{"0":"post-4442","1":"product","2":"type-product","3":"status-publish","4":"has-post-thumbnail","6":"product_cat-securite","7":"product_cat-smart-home","8":"product_shipping_class-hors-ue-standard","10":"first","11":"instock","12":"taxable","13":"shipping-taxable","14":"purchasable","15":"product-type-simple"},"jetpack_publicize_connections":[],"jetpack_sharing_enabled":true,"_links":{"self":[{"href":"https:\/\/trendsbystylia.com\/us\/wp-json\/wp\/v2\/product\/4442","targetHints":{"allow":["GET"]}}],"collection":[{"href":"https:\/\/trendsbystylia.com\/us\/wp-json\/wp\/v2\/product"}],"about":[{"href":"https:\/\/trendsbystylia.com\/us\/wp-json\/wp\/v2\/types\/product"}],"replies":[{"embeddable":true,"href":"https:\/\/trendsbystylia.com\/us\/wp-json\/wp\/v2\/comments?post=4442"}],"wp:featuredmedia":[{"embeddable":true,"href":"https:\/\/trendsbystylia.com\/us\/wp-json\/wp\/v2\/media\/5439"}],"wp:attachment":[{"href":"https:\/\/trendsbystylia.com\/us\/wp-json\/wp\/v2\/media?parent=4442"}],"wp:term":[{"taxonomy":"product_brand","embeddable":true,"href":"https:\/\/trendsbystylia.com\/us\/wp-json\/wp\/v2\/product_brand?post=4442"},{"taxonomy":"product_cat","embeddable":true,"href":"https:\/\/trendsbystylia.com\/us\/wp-json\/wp\/v2\/product_cat?post=4442"},{"taxonomy":"product_tag","embeddable":true,"href":"https:\/\/trendsbystylia.com\/us\/wp-json\/wp\/v2\/product_tag?post=4442"}],"curies":[{"name":"wp","href":"https:\/\/api.w.org\/{rel}","templated":true}]}}