{"id":4192,"date":"2025-03-07T15:44:33","date_gmt":"2025-03-07T15:44:33","guid":{"rendered":"https:\/\/trendsbystylia.com\/produit\/petite-veilleuse-en-silicone-lumiere-led-chevet-usb-personnalise-nouvelle-lampe-de-bureau-applique-murale-interrupteur-a-detection-tactile\/"},"modified":"2025-04-06T17:03:36","modified_gmt":"2025-04-06T17:03:36","slug":"petite-veilleuse-en-silicone-lumiere-led-chevet-usb-personnalise-nouvelle-lampe-de-bureau-applique-murale-interrupteur-a-detection-tactile","status":"publish","type":"product","link":"https:\/\/trendsbystylia.com\/us\/product\/petite-veilleuse-en-silicone-lumiere-led-chevet-usb-personnalise-nouvelle-lampe-de-bureau-applique-murale-interrupteur-a-detection-tactile\/","title":{"rendered":"<p>Small Silicone Light LED Nightlight USB Bedside Touch Detection Switch<\/p>"},"content":{"rendered":"<p><strong>DESCRIPTION:<\/strong><p>Small Silicone Light LED Nightlight USB Bedside New Custom Desk Lamp<\/p><p>Touch-detection switch for wall lamp<\/p><p>Product Material: ABS + PC<\/p><p>Product Size: 15*9*21cm<\/p><p>Product Package: 20*12*22cm<\/p><p>Gross weight: 470g<\/p><p>Battery capacity: 1200 Ma<\/p><p>Service Time: the brightest brightness is 5h<\/p><p>Outer box size: 62*63*45 cm<\/p><p>Colour: Brown, White<\/p><p>Speed: two speeds<\/p><p>Charging time: 2 hours<\/p><p>&nbsp;<\/p><p><img data-recalc-dims=\"1\" decoding=\"async\" src=\"https:\/\/i0.wp.com\/img.mysourcify.com\/2021\/08\/11\/1222d17debf9f91a9b1781d753ac60b2.jpg?w=1290&amp;ssl=1\"><img data-recalc-dims=\"1\" decoding=\"async\" src=\"https:\/\/i0.wp.com\/img.mysourcify.com\/2021\/08\/11\/5d86a5c2b545bcb5aeada2637ceac853.jpg?w=1290&amp;ssl=1\"><img data-recalc-dims=\"1\" decoding=\"async\" src=\"https:\/\/i0.wp.com\/img.mysourcify.com\/2021\/08\/11\/6125b9baead2853b1e9993c76685bd65.jpg?w=1290&amp;ssl=1\"><\/p><\/p>","protected":false},"excerpt":{"rendered":"<p>Small Silicone Nightlight LED Light Custom USB Bedside New Wall Light Desk Lamp Touch Detection Switch<\/p>","protected":false},"featured_media":4187,"comment_status":"open","ping_status":"closed","template":"","meta":{"_seopress_robots_primary_cat":"none","_seopress_titles_title":"Petite veilleuse en silicone lumi\u00e8re LED chevet USB interrupteur \u00e0 d\u00e9tection tactile","_seopress_titles_desc":"","_seopress_robots_index":"","_seopress_analysis_target_kw":"","_gspb_post_css":"","content-type":""},"product_brand":[],"product_cat":[41,1148,40],"product_tag":[],"class_list":{"0":"post-4192","1":"product","2":"type-product","3":"status-publish","4":"has-post-thumbnail","6":"product_cat-deco","7":"product_cat-lampes-a-poser","8":"product_cat-mobilier-maison","9":"product_shipping_class-hors-ue-standard","11":"first","12":"instock","13":"taxable","14":"shipping-taxable","15":"purchasable","16":"product-type-variable"},"jetpack_sharing_enabled":true,"_links":{"self":[{"href":"https:\/\/trendsbystylia.com\/us\/wp-json\/wp\/v2\/product\/4192","targetHints":{"allow":["GET"]}}],"collection":[{"href":"https:\/\/trendsbystylia.com\/us\/wp-json\/wp\/v2\/product"}],"about":[{"href":"https:\/\/trendsbystylia.com\/us\/wp-json\/wp\/v2\/types\/product"}],"replies":[{"embeddable":true,"href":"https:\/\/trendsbystylia.com\/us\/wp-json\/wp\/v2\/comments?post=4192"}],"wp:featuredmedia":[{"embeddable":true,"href":"https:\/\/trendsbystylia.com\/us\/wp-json\/wp\/v2\/media\/4187"}],"wp:attachment":[{"href":"https:\/\/trendsbystylia.com\/us\/wp-json\/wp\/v2\/media?parent=4192"}],"wp:term":[{"taxonomy":"product_brand","embeddable":true,"href":"https:\/\/trendsbystylia.com\/us\/wp-json\/wp\/v2\/product_brand?post=4192"},{"taxonomy":"product_cat","embeddable":true,"href":"https:\/\/trendsbystylia.com\/us\/wp-json\/wp\/v2\/product_cat?post=4192"},{"taxonomy":"product_tag","embeddable":true,"href":"https:\/\/trendsbystylia.com\/us\/wp-json\/wp\/v2\/product_tag?post=4192"}],"curies":[{"name":"wp","href":"https:\/\/api.w.org\/{rel}","templated":true}]}}