{"id":981,"date":"2025-02-20T10:10:08","date_gmt":"2025-02-20T10:10:08","guid":{"rendered":"https:\/\/trendsbystylia.com\/produit\/veste-en-laine-tricotee-hommes-trendy-casual-business-small-suit-external-thick-sweater-cardigan-plus-size-loose-top-2\/"},"modified":"2025-03-23T22:48:43","modified_gmt":"2025-03-23T22:48:43","slug":"veste-en-laine-tricotee-hommes-trendy-casual-business-small-suit-external-thick-sweater-cardigan-plus-size-loose-top-2","status":"publish","type":"product","link":"https:\/\/trendsbystylia.com\/pt\/produto\/veste-en-laine-tricotee-hommes-trendy-casual-business-small-suit-external-thick-sweater-cardigan-plus-size-loose-top-2\/","title":{"rendered":"<p>Casaco l\u00e3 malha Homens Tend\u00eancia Casual Neg\u00f3cios<\/p>"},"content":{"rendered":"<p>Informa\u00e7\u00f5es sobre o produto:<p>Cor:\u00a0branco, camelo, castanho, verde, cinzento escuro, preto<\/p><p>Adequado para as pessoas:\u00a0Jovens<\/p><p>Dimens\u00e3o:\u00a0S, M, L, XL, XXL<\/p><p>Estilo:\u00a0ajuste fino<\/p><p>Estilo:\u00a0Cardigan<\/p><p>Espessura:\u00a0espessamento<\/p><p>Espessura do fio de l\u00e3:\u00a0l\u00e3 normal<\/p><p>Cen\u00e1rios de aplica\u00e7\u00e3o:\u00a0Diariamente<\/p><p>Tipo de pega:\u00a0Regular<\/p><p>Titulares dos dados:\u00a0Jovens<\/p><p>Comprimento:\u00a0normal (50 cm) Aplic\u00e1vel ao sexo:\u00a0Masculino<\/p><p>Faixa et\u00e1ria em causa:\u00a0Adult<\/p><p>Comprimento das mangas:\u00a0mangas compridas<\/p><p>\u00c9poca adequada:\u00a0Primavera<\/p><p>Estilo:\u00a0casos leves<\/p><p><b>Tamanho?<\/b><\/p><div><img decoding=\"async\" style=\"max-width: 100%;\" src=\"https:\/\/cf.cjdropshipping.com\/17131392\/2404150037070325800.jpg\"><\/div><div><\/div><div>\n<p>Nota:<\/p>\n<p>1.\u00a0Os tamanhos asi\u00e1ticos s\u00e3o de 1 a 2 tamanhos menores do que os tamanhos europeus e americanos.\u00a0Escolhe o tamanho maior se o teu tamanho estiver entre dois tamanhos.\u00a0Por favor, tenha em conta uma diferen\u00e7a de 2-3 cm devido a medi\u00e7\u00f5es manuais.\u00a02.\u00a0Se n\u00e3o souber como escolher o seu tamanho, por favor contacte o nosso servi\u00e7o de apoio ao cliente.\u00a03) Como \u00e9 sabido, os computadores exibem cores de forma diferente, a cor do item real pode variar ligeiramente em compara\u00e7\u00e3o com as seguintes imagens.<\/p>\n<p>&nbsp;<\/p>\n<p>Lista de embalagem:<\/p>\n<p>Camisola x 1Pc<\/p>\n<\/div><p>&nbsp;<\/p><div><\/div><div><\/div><div><b>Fotografias do produto:<\/b><img decoding=\"async\" src=\"https:\/\/cf.cjdropshipping.com\/17131392\/2404150037070328200.jpg\" data-key=\"2\"><br>\n<img decoding=\"async\" src=\"https:\/\/cf.cjdropshipping.com\/17131392\/2404150037080321600.jpg\" data-key=\"3\"><br>\n<img decoding=\"async\" src=\"https:\/\/cf.cjdropshipping.com\/17131392\/2404150037080325700.jpg\" data-key=\"4\"><br>\n<img decoding=\"async\" src=\"https:\/\/cf.cjdropshipping.com\/17131392\/2404150037080328000.jpg\" data-key=\"5\"><br>\n<img decoding=\"async\" src=\"https:\/\/cf.cjdropshipping.com\/17131392\/2404150037090320200.jpg\" data-key=\"6\"><br>\n<img decoding=\"async\" src=\"https:\/\/cf.cjdropshipping.com\/17131392\/2404150037090323100.jpg\" data-key=\"7\"><\/div><p>&nbsp;<\/p><\/p>","protected":false},"excerpt":{"rendered":"<p>Informations&nbsp;sur&nbsp;le&nbsp;produit&nbsp;: Couleur&nbsp;:&nbsp;blanc,&nbsp;camel,&nbsp;marron,&nbsp;vert,&nbsp;gris&nbsp;fonc&eacute;,&nbsp;noir Convient&nbsp;aux&nbsp;personnes&nbsp;:&nbsp;Jeunes Taille&nbsp;:&nbsp;S,&nbsp;M,&nbsp;L,&nbsp;XL,&nbsp;XXL Style&nbsp;:&nbsp;slim&nbsp;fit Style&nbsp;:&nbsp;Cardigan &Eacute;paisseur&nbsp;:&nbsp;&eacute;paississement &Eacute;paisseur&nbsp;du&nbsp;fil&nbsp;de&nbsp;laine&nbsp;:&nbsp;laine&nbsp;standard Sc&eacute;narios&nbsp;d&rsquo;application&nbsp;:&nbsp;Quotidien Type&nbsp;de&nbsp;manche&nbsp;:&nbsp;R&eacute;gulier Personnes&nbsp;concern&eacute;es&nbsp;:&nbsp;Jeunes Longueur&nbsp;:&nbsp;normale&nbsp;(50&nbsp;cm)&nbsp;Applicable&nbsp;au&nbsp;sexe&nbsp;:&nbsp;Homme Groupe&nbsp;d&rsquo;&acirc;ge&nbsp;concern&eacute;&nbsp;:&nbsp;Adulte Longueur&nbsp;des&nbsp;manches&nbsp;:&nbsp;manches&nbsp;longues Saison&nbsp;appropri&eacute;e&nbsp;:&nbsp;Printemps Style&nbsp;:&nbsp;affaires&nbsp;l&eacute;g&egrave;res Taille? Note&nbsp;: 1.&nbsp;Les&nbsp;tailles&nbsp;asiatiques&nbsp;sont&nbsp;1&nbsp;&agrave;&nbsp;2&nbsp;tailles&nbsp;plus&nbsp;petites&nbsp;que&nbsp;les&nbsp;tailles&nbsp;europ&eacute;ennes&nbsp;et&nbsp;am&eacute;ricaines.&nbsp;Choisissez&nbsp;la&nbsp;taille&nbsp;la&nbsp;plus&nbsp;grande&nbsp;si&nbsp;votre&nbsp;taille&nbsp;se&nbsp;situe&nbsp;entre&nbsp;deux&nbsp;tailles.&nbsp;Veuillez&nbsp;tenir&nbsp;compte&nbsp;d&rsquo;une&nbsp;diff&eacute;rence&nbsp;de&nbsp;2&nbsp;&agrave;&nbsp;3&nbsp;cm&nbsp;due&nbsp;aux&nbsp;mesures&nbsp;manuelles.&nbsp;2.&nbsp;Si&nbsp;vous&nbsp;ne&nbsp;savez&nbsp;pas&nbsp;comment&nbsp;choisir&nbsp;votre&nbsp;taille,&nbsp;veuillez&nbsp;contacter&nbsp;notre&nbsp;service&nbsp;client&egrave;le.&nbsp;3)&nbsp;Comme&nbsp;vous&nbsp;le&nbsp;savez,&nbsp;les&nbsp;ordinateurs&nbsp;affichent&nbsp;les&nbsp;couleurs&nbsp;diff&eacute;remment,&nbsp;la&nbsp;couleur&nbsp;de&nbsp;l&rsquo;article&nbsp;r&eacute;el&nbsp;peut&nbsp;varier&nbsp;l&eacute;g&egrave;rement&nbsp;par&nbsp;rapport&nbsp;aux&nbsp;images&nbsp;suivantes. &nbsp; Liste&nbsp;d&rsquo;emballage&nbsp;: Pull&nbsp;x&nbsp;1Pc &nbsp; Photos produits: &nbsp;<\/p>","protected":false},"featured_media":974,"comment_status":"open","ping_status":"closed","template":"","meta":{"_seopress_robots_primary_cat":"none","_seopress_titles_title":"","_seopress_titles_desc":"","_seopress_robots_index":"","_gspb_post_css":"","content-type":""},"product_brand":[],"product_cat":[80,43],"product_tag":[],"class_list":{"0":"post-981","1":"product","2":"type-product","3":"status-publish","4":"has-post-thumbnail","6":"product_cat-mode-homme","7":"product_cat-mode","8":"product_shipping_class-hors-ue-standard","9":"pa_fournisseur-cjdropshipping","10":"pa_origine-dexpedition-chine","12":"first","13":"instock","14":"purchasable","15":"product-type-variable"},"jetpack_sharing_enabled":true,"_links":{"self":[{"href":"https:\/\/trendsbystylia.com\/pt\/wp-json\/wp\/v2\/product\/981","targetHints":{"allow":["GET"]}}],"collection":[{"href":"https:\/\/trendsbystylia.com\/pt\/wp-json\/wp\/v2\/product"}],"about":[{"href":"https:\/\/trendsbystylia.com\/pt\/wp-json\/wp\/v2\/types\/product"}],"replies":[{"embeddable":true,"href":"https:\/\/trendsbystylia.com\/pt\/wp-json\/wp\/v2\/comments?post=981"}],"wp:featuredmedia":[{"embeddable":true,"href":"https:\/\/trendsbystylia.com\/pt\/wp-json\/wp\/v2\/media\/974"}],"wp:attachment":[{"href":"https:\/\/trendsbystylia.com\/pt\/wp-json\/wp\/v2\/media?parent=981"}],"wp:term":[{"taxonomy":"product_brand","embeddable":true,"href":"https:\/\/trendsbystylia.com\/pt\/wp-json\/wp\/v2\/product_brand?post=981"},{"taxonomy":"product_cat","embeddable":true,"href":"https:\/\/trendsbystylia.com\/pt\/wp-json\/wp\/v2\/product_cat?post=981"},{"taxonomy":"product_tag","embeddable":true,"href":"https:\/\/trendsbystylia.com\/pt\/wp-json\/wp\/v2\/product_tag?post=981"}],"curies":[{"name":"wp","href":"https:\/\/api.w.org\/{rel}","templated":true}]}}