{"id":74731,"date":"2026-04-24T23:35:03","date_gmt":"2026-04-24T23:35:03","guid":{"rendered":"https:\/\/trendsbystylia.com\/produit\/ecran-tactile-interactif-samsung-flip-pro\/"},"modified":"2026-04-24T23:35:08","modified_gmt":"2026-04-24T23:35:08","slug":"ecran-tactile-interactif-samsung-flip-pro","status":"publish","type":"product","link":"https:\/\/trendsbystylia.com\/pt\/produto\/ecran-tactile-interactif-samsung-flip-pro\/","title":{"rendered":"<p>&eacute;cran tactile interactif Samsung Flip Pro<\/p>"},"content":{"rendered":"<p>Sp&eacute;cifications<p>Diapositive<br>VA<br>R&eacute;solution<br>3&nbsp;840 x 2&nbsp;160<br>Dimens\u00e3o do ecr\u00e3<br>85&Prime;<\/p><p>D&eacute;tails des sp&eacute;cifications<br>Ecr\u00e3<\/p><p>Dimens\u00e3o do ecr\u00e3<br>85&Prime;<br>Diapositive<br>VA<br>R&eacute;solution<br>3&nbsp;840 x 2&nbsp;160<br>Taille des pixels (H x V)<br>0,4875 mm (H) x 0,4875 mm (L)<br>Luminosit&eacute; (normale)<br>350 (sans vitre), 220 (avec vitre)<br>Contraste<br>4&nbsp;000:1 (sans vitre)<br>Angle de vision (H\/V)<br>178&deg;\/178&deg;<br>Tempo de resposta<br>8 ms<br>Gamme de couleurs<br>72 %<br>Vente Voile<br>2 % (sans verre)<br>Fr&eacute;quence de balayage horizontal<br>30 &agrave; 81 kHz<br>Fr&eacute;quence maximale des pixels<br>594 MHz<br>Frequ\u00eancia de varrimento vertical<br>48 &agrave; 75 Hz<br>Rela\u00e7\u00e3o de contraste (din\u00e2mica)<br>N\/A<br>Dur&eacute;e de fonctionnement prise en charge<br>16\/7<br>&gt;<br>Conectividade<br>Entr&eacute;es HDMI<br>2<br>Entr&eacute;e DP<br>1<br>Entr&eacute;e DVI<br>N\/A<br>Vers\u00e3o HDMI<br>2.0<br>Version DP<br>1.2<br>Version HDCP<br>2.2<br>Entr&eacute;e tuner<br>N\/A<br>USB<br>4 (Type A : 2 &agrave; l&rsquo;avant, 1 &agrave; l&rsquo;arri&egrave;re ; Type C : 1 &agrave; l&rsquo;avant)<br>Entr&eacute;e IR<br>N\/A<br>HDBaseT Entr&eacute;e<br>N\/A<br>Entr&eacute;e audio<br>N\/A<br>Sortie audio<br>Mini-jack st&eacute;r&eacute;o<br>Sortie vid&eacute;o<br>N\/A<br>Sortie d&rsquo;alimentation<br>N\/A<br>Entr&eacute;e RS232<br>Sim<br>Sortie RS232<br>N\/A<br>Entr&eacute;e RJ45<br>Sim<br>Sortie RJ45<br>N\/A<br>WiFi<br>Sim<br>Cl&eacute; 3G<br>N\/A<br>Bluetooth<br>Sim<br>Intensit&eacute; maximale<br>Alimentation<br>CA 100-240 V 50\/60 Hz<br>Consommation (arr&ecirc;t)<br>N\/A<br>Consommation &eacute;lectrique (marche)<br>528 W (100-240 V), 506 W (220-240 V), OPS (16 V\/4,5 A)<br>Consommation &eacute;lectrique (veille)<br>0,5 W<\/p><p>Dimensions<\/p><p>Dimensions (L x H x P)<br>1945,8 x 1151,1 x 89 mm<br>Dimensions de l&rsquo;emballage (L x H x P)<br>2136 x 1318 x 260 mm<\/p><p>Peso<\/p><p>Poids net<br>75,2 kg<br>Poids avec emballage (kg)<br>91,6 kg<\/p><p>Fonctionnement<\/p><p>Temperatura<br>0 &agrave; 40 &deg;C<br>Humidit&eacute;<br>10 &agrave; 80 %, sans condensation<\/p><p>Caract&eacute;ristiques m&eacute;caniques<\/p><p>Montagem VESA<br>600 x 400 mm<br>Largeur du cadre<br>20,4 mm (H\/L) 44,7 mm (B)<br>Mat&eacute;riau du cadre<br>M&eacute;tal (aluminium)<\/p><p>Fonctionnalit&eacute;s optionnelles<\/p><p>Tactile<br>Sim<br>Montage<br>Oui (Nom du mod&egrave;le&nbsp;: WMN8200SF)<br>Base<br>N\/A<\/p><p>SoC<\/p><p>Version du syst&egrave;me d&rsquo;exploitation<br>Tizen 6.5<br>Taille de la m&eacute;moire flash<br>32 Go<\/p><p>Fonctions ECO<\/p><p>Classe d&rsquo;efficacit&eacute; &eacute;nerg&eacute;tique<br>N\/A<\/p><p>Tactile<\/p><p>Tecnologia do toque<br>IR<\/p><p>Certifica\u00e7\u00e3o<\/p><p>CEM<br>Classe A FCC (&Eacute;tats-Unis) Partie 15, Sous-partie B KCC\/EK (Cor&eacute;e) Tuner&nbsp;: KN32 \/ KN35 Sans tuner&nbsp;: KN32 \/ KN35 CE (Europe) EN55032&nbsp;: 2012 ou 2015 EN55024:2010 ou EN 55035:2017 VCCI (Japon) VCCI GB17625.1-2012 BSMI (Ta&iuml;wan) CNS13438 (IEM ITE) CNS14336-1 (S&eacute;curit&eacute; ITE) CNS15663 (RoHS) C-Tick (Australie) AS\/NZS CISPR32:2015 GOST (Russie\/CEI) ROCT CISPR 24-2013 ROCT CISPR 22:2005 S&eacute;curit&eacute; CB (Europe) : IEC60950-1\/EN60950-1 CCC (Chine) : GB4943.1-2011 PSB (Singapour) : PSB+IEC60950-1 NOM (Mexique) : NOM-001-SCFI-1993IRAM (Argentine) : IRAM+IEC60950-1SASO (Arabie Saoudite) :<br>SASO+IEC60950-1BIS(Inde) : IEC60950-1 \/ IS13252NOM(Mexique) : Tuner : NOM-001-SCFI-1993 Tunerless : NOM-019-SCFI-1998KC(Cor&eacute;e) : K 60950-1EAC(Russie) : EAC+IEC60950-1INMETRO(Br&eacute;sil) :<br>INMETRO+IEC60950-1BSMI(Taiwan) : BSMI+IEC60950-1RCM(Australie) : IEC60950-1\/AS\/NZS 60950-1UL (&Eacute;tats-Unis) : cUL60950<\/p><\/p>","protected":false},"excerpt":{"rendered":"<p>&Eacute;cran tactile interactif Samsung Flip Pro WM85B de 85 pouces<\/p>","protected":false},"featured_media":74732,"comment_status":"open","ping_status":"open","template":"","meta":{"_seopress_robots_primary_cat":"","_seopress_titles_title":"","_seopress_titles_desc":"","_seopress_robots_index":"","_gspb_post_css":"","content-type":"","jetpack_post_was_ever_published":false,"jetpack_publicize_message":"","jetpack_publicize_feature_enabled":true,"jetpack_social_post_already_shared":false,"jetpack_social_options":{"image_generator_settings":{"template":"highway","default_image_id":0,"font":"","enabled":false},"version":2}},"product_brand":[768],"product_cat":[1132,42,99],"product_tag":[],"class_list":{"0":"post-74731","1":"product","2":"type-product","3":"status-publish","4":"has-post-thumbnail","6":"product_brand-samsung","7":"product_cat-ecrans","8":"product_cat-high-tech","9":"product_cat-high-tech-informatique","10":"pa_fournisseur-mgs","11":"pa_origine-dexpedition-union-europeenne","12":"pa_reseau-bluetooth","13":"pa_reseau-wi-fi","15":"first","16":"instock","17":"purchasable","18":"product-type-simple"},"jetpack_publicize_connections":[],"jetpack_sharing_enabled":true,"_links":{"self":[{"href":"https:\/\/trendsbystylia.com\/pt\/wp-json\/wp\/v2\/product\/74731","targetHints":{"allow":["GET"]}}],"collection":[{"href":"https:\/\/trendsbystylia.com\/pt\/wp-json\/wp\/v2\/product"}],"about":[{"href":"https:\/\/trendsbystylia.com\/pt\/wp-json\/wp\/v2\/types\/product"}],"replies":[{"embeddable":true,"href":"https:\/\/trendsbystylia.com\/pt\/wp-json\/wp\/v2\/comments?post=74731"}],"wp:featuredmedia":[{"embeddable":true,"href":"https:\/\/trendsbystylia.com\/pt\/wp-json\/wp\/v2\/media\/74732"}],"wp:attachment":[{"href":"https:\/\/trendsbystylia.com\/pt\/wp-json\/wp\/v2\/media?parent=74731"}],"wp:term":[{"taxonomy":"product_brand","embeddable":true,"href":"https:\/\/trendsbystylia.com\/pt\/wp-json\/wp\/v2\/product_brand?post=74731"},{"taxonomy":"product_cat","embeddable":true,"href":"https:\/\/trendsbystylia.com\/pt\/wp-json\/wp\/v2\/product_cat?post=74731"},{"taxonomy":"product_tag","embeddable":true,"href":"https:\/\/trendsbystylia.com\/pt\/wp-json\/wp\/v2\/product_tag?post=74731"}],"curies":[{"name":"wp","href":"https:\/\/api.w.org\/{rel}","templated":true}]}}