{"id":74492,"date":"2026-04-27T11:19:07","date_gmt":"2026-04-27T11:19:07","guid":{"rendered":"https:\/\/trendsbystylia.com\/produit\/serveur-nas-qnap-ts-h973ax-8g-8-go-25g\/"},"modified":"2026-04-27T17:06:36","modified_gmt":"2026-04-27T17:06:36","slug":"serveur-nas-qnap-ts-h973ax-8g-8-go-25g","status":"publish","type":"product","link":"https:\/\/trendsbystylia.com\/pt\/produto\/serveur-nas-qnap-ts-h973ax-8g-8-go-25g\/","title":{"rendered":"<p>Serveur NAS QNAP TS-H973AX-8G 8 Go 2,5G<\/p>"},"content":{"rendered":"<p>Especifica\u00e7\u00f5es t\u00e9cnicas<br>G&eacute;n&eacute;ral<br>Type de p&eacute;riph&eacute;rique&nbsp;: Serveur NAS<br>Connectivit&eacute; h&ocirc;te&nbsp;: Ethernet 2,5&nbsp;Gigabit \/ Ethernet 10&nbsp;Gigabit<br>Capacit&eacute; de stockage totale&nbsp;: 0&nbsp;Go<br>P&eacute;riph&eacute;riques\/modules install&eacute;s&nbsp;: 0 (install&eacute;) \/ 9 (max.)<br>Largeur&nbsp;: 22,46&nbsp;cm<br>Profondeur&nbsp;: 22,41&nbsp;cm<br>Hauteur&nbsp;: 18,265&nbsp;cm<br>Poids&nbsp;: 3,52&nbsp;kg<br>Processeur\/M&eacute;moire<br>Processeur install&eacute;&nbsp;: 1&nbsp;x AMD Ryzen Embedded V1500B 2,2&nbsp;GHz<br>Nombre de c?urs&nbsp;: Quad-Core<br>Nombre maximal de c?urs pris en charge&nbsp;: 1<br>RAM&nbsp;: 8&nbsp;Go (install&eacute;e) \/ 32&nbsp;Go (prise en charge) &ndash; DDR4<br>M&eacute;moire flash install&eacute;e&nbsp;: 5&nbsp;Go<br>Contr&ocirc;leur de stockage<br>Type RAID<br>Type d&rsquo;interface SATA 6 Gb\/s<br>Niveau RAID&nbsp;: RAID 0, RAID 1, RAID 5, RAID 6, RAID 10, RAID 50, JBOD, RAID 60, RAID<br>TP<br>Rede<br>Protocole d&rsquo;interconnexion de donn&eacute;es&nbsp;: 10 GigE, 2,5 GigE<br>Protocole r&eacute;seau\/transport<br>PPTP, L2TP, IPSec, FTP, DHCP, DDNS, SFTP, SMSC, HTTP, HTTPS<br>Protocole de gestion &agrave; distance SNMP 2, Telnet, SNMP 3, IPMI<br>1.0, HTTP, HTTPS, TFTP, SSH, SMTP<br>Prise en charge des services r&eacute;seau Microsoft Active Directory<br>(AD), DDNS, Microsoft CIFS, FTP, SMB, AFP, WebDAV. Fonctionnalit&eacute;s&nbsp;: prise en charge NAT, r&eacute;partition de charge, Wake-on-LAN (WOL). Compatible IPv6, STP (Spanning Tree Protocol), client de t&eacute;l&eacute;chargement, prise en charge des trames Jumbo, serveur DHCP, compatible IPv4, client DHCP, agr&eacute;gation de liens, compatible DLNA, agr&eacute;gation de ports, agent IFTTT, compatible FXP. Algorithmes de chiffrement&nbsp;: SSL, FIPS 140-2, AES 128&nbsp;bits et AES 256&nbsp;bits. Conforme UPnP. Extension\/Connectivit&eacute;&nbsp;: Baies d&rsquo;extension&nbsp;: 5 (total) \/ 5 (libres) x rempla&ccedil;ables &agrave; chaud &ndash; 3,5&Prime;<br>4 (total) \/ 4 (libres) x rempla&ccedil;ables &agrave; chaud &ndash; 2,5&Prime;<br>Interfaces&nbsp;: 1 x Ethernet 10&nbsp;Gb\/s<br>3 x USB 3.2 Gen 2 &ndash; Type A<br>1 x USB 3.2 Gen 2 &ndash; Type C<br>2 x Ethernet 2,5&nbsp;Gb\/s<br>Divers<br>C&acirc;bles inclus&nbsp;: 1 x c&acirc;ble 10&nbsp;Gb\/s Base-T<br>Caract&eacute;ristiques&nbsp;: Emplacement pour verrou de s&eacute;curit&eacute; (verrou de c&acirc;ble vendu s&eacute;par&eacute;ment), ventilateur de refroidissement int&eacute;gr&eacute;<br>Type d&rsquo;emplacement de s&eacute;curit&eacute;&nbsp;: Emplacement de s&eacute;curit&eacute; Kensington<br>Accessoires inclus&nbsp;: 2 x cl&eacute;s de s&eacute;curit&eacute; pour disque dur, 24 x vis &agrave; t&ecirc;te plate (pour disque dur 3,5&Prime;), 32 x vis &agrave; t&ecirc;te plate (pour disque dur 2,5&Prime;), c&acirc;ble d&rsquo;alimentation<br>Alimentation<br>P&eacute;riph&eacute;rique d&rsquo;alimentation&nbsp;: Adaptateur secteur externe<br>Requis Tension&nbsp;: 120\/230&nbsp;V CA<br>Alimentation&nbsp;: 120&nbsp;watts<br>Configuration logicielle\/syst&egrave;me requise<br>Syst&egrave;me d&rsquo;exploitation du stockage&nbsp;: QNAP QuTS hero 4.5.0<br>Syst&egrave;me d&rsquo;exploitation requis&nbsp;: Microsoft Windows Server 2008 R2, IBM AIX 7, Microsoft Windows Server 2012, Microsoft Windows Server 2012 R2, Ubuntu 14.04, Red Hat Enterprise Linux 6.6, Apple OS X 10.10 Yosemite ou version ult&eacute;rieure, Microsoft Windows 7\/8\/10, Microsoft Windows Server 2016, CentOS 7.0, Microsoft Windows Server 2019, SuSE Linux 12 ou version ult&eacute;rieure, Oracle Solaris 10 ou version ult&eacute;rieure<br>Param&egrave;tres environnementaux<br>Temp&eacute;rature de fonctionnement minimale&nbsp;: 0&nbsp;&deg;C<br>Temp&eacute;rature de fonctionnement maximale&nbsp;: 40&nbsp;&deg;C<br>Plage d&rsquo;humidit&eacute; de fonctionnement&nbsp;: 5 &agrave; 95&nbsp;% (sans condensation)<br>Niveau sonore &eacute;mission 22,9 dBA<\/p>","protected":false},"excerpt":{"rendered":"<p>Serveur NAS QNAP TS &ndash; H973AX &ndash; 8 Go 8 Go 2,5 Go &ndash; 10 Go 9 compartiments<\/p>","protected":false},"featured_media":76451,"comment_status":"open","ping_status":"open","template":"","meta":{"_seopress_robots_primary_cat":"","_seopress_titles_title":"","_seopress_titles_desc":"","_seopress_robots_index":"","_gspb_post_css":"","content-type":"","jetpack_post_was_ever_published":false},"product_brand":[1330],"product_cat":[1249,42,1150,1174],"product_tag":[],"class_list":{"0":"post-74492","1":"product","2":"type-product","3":"status-publish","4":"has-post-thumbnail","6":"product_brand-qnap","7":"product_cat-a-classer","8":"product_cat-high-tech","9":"product_cat-reseau-serveur","10":"product_cat-reseau-serveur-high-tech","11":"pa_couleur-rouge","12":"pa_fournisseur-mgs","13":"pa_origine-dexpedition-union-europeenne","14":"pa_reseau-5g","16":"first","17":"instock","18":"purchasable","19":"product-type-simple"},"jetpack_sharing_enabled":true,"_links":{"self":[{"href":"https:\/\/trendsbystylia.com\/pt\/wp-json\/wp\/v2\/product\/74492","targetHints":{"allow":["GET"]}}],"collection":[{"href":"https:\/\/trendsbystylia.com\/pt\/wp-json\/wp\/v2\/product"}],"about":[{"href":"https:\/\/trendsbystylia.com\/pt\/wp-json\/wp\/v2\/types\/product"}],"replies":[{"embeddable":true,"href":"https:\/\/trendsbystylia.com\/pt\/wp-json\/wp\/v2\/comments?post=74492"}],"wp:featuredmedia":[{"embeddable":true,"href":"https:\/\/trendsbystylia.com\/pt\/wp-json\/wp\/v2\/media\/76451"}],"wp:attachment":[{"href":"https:\/\/trendsbystylia.com\/pt\/wp-json\/wp\/v2\/media?parent=74492"}],"wp:term":[{"taxonomy":"product_brand","embeddable":true,"href":"https:\/\/trendsbystylia.com\/pt\/wp-json\/wp\/v2\/product_brand?post=74492"},{"taxonomy":"product_cat","embeddable":true,"href":"https:\/\/trendsbystylia.com\/pt\/wp-json\/wp\/v2\/product_cat?post=74492"},{"taxonomy":"product_tag","embeddable":true,"href":"https:\/\/trendsbystylia.com\/pt\/wp-json\/wp\/v2\/product_tag?post=74492"}],"curies":[{"name":"wp","href":"https:\/\/api.w.org\/{rel}","templated":true}]}}