{"id":73947,"date":"2026-04-24T23:12:31","date_gmt":"2026-04-24T23:12:31","guid":{"rendered":"https:\/\/trendsbystylia.com\/produit\/scanner-de-codes-barres-datalogic-dbt6420\/"},"modified":"2026-04-24T23:12:46","modified_gmt":"2026-04-24T23:12:46","slug":"scanner-de-codes-barres-datalogic-dbt6420","status":"publish","type":"product","link":"https:\/\/trendsbystylia.com\/pt\/produto\/scanner-de-codes-barres-datalogic-dbt6420\/","title":{"rendered":"<p>Scanner de codes-barres Datalogic DBT6420<\/p>"},"content":{"rendered":"<p>DESCRIPTION<br>Le lecteur d&rsquo;images sans fil Datalogic RIDA DBT6400, dot&eacute; de la technologie Bluetooth, est id&eacute;al pour la connexion aux appareils mobiles. Petit et ergonomique, il tient parfaitement en main gr&acirc;ce &agrave; son design moderne et &eacute;l&eacute;gant.<br>Le lecteur RIDA DBT6400 est compatible avec les appareils Android, Apple iOS et Windows Mobile, ainsi qu&rsquo;avec les ordinateurs portables standard &eacute;quip&eacute;s de la technologie Bluetooth. Il lit les codes-barres 1D et 2D, les codes endommag&eacute;s ou mal imprim&eacute;s, et les codes-barres affich&eacute;s sur les &eacute;crans de t&eacute;l&eacute;phones mobiles. Ses principales caract&eacute;ristiques incluent la capture d&rsquo;images, un &eacute;clairage blanc et le syst&egrave;me de pointage le plus performant du march&eacute;.<br>CARACT&Eacute;RISTIQUES TECHNIQUES<p>Peso e dimens\u00f5es<br>Altura<br>27,5 mm<br>Largura<br>112,5 mm<br>Peso<br>85 g<br>Profundidade<br>42,3 mm<br>Condi\u00e7\u00f5es ambientais<br>Plage de temp&eacute;rature de fonctionnement<br>0 \u2013 50 \u00b0C<br>Plage de temp&eacute;rature de stockage<br>-20 \u2013 70 \u00b0C<br>Plage d&rsquo;humidit&eacute; relative de fonctionnement<br>5 \u2013 95 %<br>Contr&ocirc;le de l&rsquo;alimentation<br>Alimentation<br>Bateria<br>Capacidade da bateria<br>700 mAh<br>Autonomie de la batterie<br>5 h<br>Nombre de mesures par charge<br>3000<br>Technologie de la batterie<br>Lithium-ion<br>Charge Dur&eacute;e<br>2,5 h<br>Tension de la batterie<br>5 V<br>Ports et interfaces<br>Port&eacute;e sans fil<br>25 m<br>Version Bluetooth<br>4.0<br>Fr&eacute;quence de fonctionnement<br>2400 MHz<br>Interface standard<br>Bluetooth, USB<br>Tecnologia de conectividade<br>Sans fil et filaire<\/p><p>Lecture<br>Longueur d&rsquo;onde<br>650 nm<br>Tipo<br>Lecteur de codes-barres portable<br>Type de lecture<br>1D\/2D<br>Angle de lecture (lacet)<br>-60&deg;<br>Angle de lecture<br>-180&deg;<br>\u00c2ngulo do calcanhar<br>-65&deg;<br>Performances<br>Cor do produto<br>Preto<br>Indice de protection (IP)<br>IP50<br>Protection<br>R&eacute;sistance aux chocs R&eacute;sistant<br>Voyants LED<br>Sim<br>Caract&eacute;ristiques techniques<br>Certifications de durabilit&eacute;<br>RoHS<br>Emballage<br>Cabos inclu\u00eddos<br>USB<\/p><\/p>","protected":false},"excerpt":{"rendered":"<p>Scanner de codes-barres 2D portable Datalogic DBT6420 Bluetooth avec kit USB IP50, c&acirc;ble et base inclus<\/p>","protected":false},"featured_media":73948,"comment_status":"open","ping_status":"open","template":"","meta":{"_seopress_robots_primary_cat":"","_seopress_titles_title":"","_seopress_titles_desc":"","_seopress_robots_index":"","_gspb_post_css":"","content-type":"","jetpack_post_was_ever_published":false,"jetpack_publicize_message":"","jetpack_publicize_feature_enabled":true,"jetpack_social_post_already_shared":false,"jetpack_social_options":{"image_generator_settings":{"template":"highway","default_image_id":0,"font":"","enabled":false},"version":2}},"product_brand":[1316],"product_cat":[1249],"product_tag":[],"class_list":{"0":"post-73947","1":"product","2":"type-product","3":"status-publish","4":"has-post-thumbnail","6":"product_brand-datalogic","7":"product_cat-a-classer","8":"pa_couleur-noir","9":"pa_fournisseur-mgs","10":"pa_origine-dexpedition-union-europeenne","11":"pa_reseau-bluetooth","13":"first","14":"instock","15":"purchasable","16":"product-type-simple"},"jetpack_publicize_connections":[],"jetpack_sharing_enabled":true,"_links":{"self":[{"href":"https:\/\/trendsbystylia.com\/pt\/wp-json\/wp\/v2\/product\/73947","targetHints":{"allow":["GET"]}}],"collection":[{"href":"https:\/\/trendsbystylia.com\/pt\/wp-json\/wp\/v2\/product"}],"about":[{"href":"https:\/\/trendsbystylia.com\/pt\/wp-json\/wp\/v2\/types\/product"}],"replies":[{"embeddable":true,"href":"https:\/\/trendsbystylia.com\/pt\/wp-json\/wp\/v2\/comments?post=73947"}],"wp:featuredmedia":[{"embeddable":true,"href":"https:\/\/trendsbystylia.com\/pt\/wp-json\/wp\/v2\/media\/73948"}],"wp:attachment":[{"href":"https:\/\/trendsbystylia.com\/pt\/wp-json\/wp\/v2\/media?parent=73947"}],"wp:term":[{"taxonomy":"product_brand","embeddable":true,"href":"https:\/\/trendsbystylia.com\/pt\/wp-json\/wp\/v2\/product_brand?post=73947"},{"taxonomy":"product_cat","embeddable":true,"href":"https:\/\/trendsbystylia.com\/pt\/wp-json\/wp\/v2\/product_cat?post=73947"},{"taxonomy":"product_tag","embeddable":true,"href":"https:\/\/trendsbystylia.com\/pt\/wp-json\/wp\/v2\/product_tag?post=73947"}],"curies":[{"name":"wp","href":"https:\/\/api.w.org\/{rel}","templated":true}]}}