{"id":73944,"date":"2026-04-27T11:11:03","date_gmt":"2026-04-27T11:11:03","guid":{"rendered":"https:\/\/trendsbystylia.com\/produit\/switch-qnap-qsw-m3224-24t-24-ports\/"},"modified":"2026-05-01T18:30:25","modified_gmt":"2026-05-01T18:30:25","slug":"switch-qnap-qsw-m3224-24t-24-ports","status":"publish","type":"product","link":"https:\/\/trendsbystylia.com\/pt\/produto\/switch-qnap-qsw-m3224-24t-24-ports\/","title":{"rendered":"<p>Switch QNAP QSW-M3224-24T 24 ports<\/p>"},"content":{"rendered":"<p>-SP&Eacute;CIFICATIONS TECHNIQUES<p>-G&Eacute;N&Eacute;RALIT&Eacute;S<br>Taille de la table d&rsquo;adresses MAC<br>32&nbsp;000 entr&eacute;es<\/p><p>Sous-type<br>10 Gigabit Ethernet<\/p><p>Type de bo&icirc;tier<br>Montage en rack<\/p><p>Compatible avec les bo&icirc;tiers Jumbo<br>9&nbsp;Ko<\/p><p>Type de p&eacute;riph&eacute;rique<br>Commutateur &ndash; 24 ports &ndash; L3 Lite &ndash; G&eacute;r&eacute;<\/p><p>Ports<br>24 x 100\/1000\/2,5G\/5G\/10GBase-T<\/p><p>Performances<br>D&eacute;bit de commutation non bloquant&nbsp;: 240&nbsp;Gbit\/s<br>Capacit&eacute; de commutation&nbsp;: 480&nbsp;Gbit\/s<\/p><p>Conformit&eacute; aux normes<br>IEEE 802.3, IEEE 802.3u, IEEE 802.3ab, IEEE 802.3bz, IEEE 802.3an, IEEE 802.3x, IEEE 802.1Q, IEEE 802.1w, IEEE 802.3ad (LACP), IEEE 802.1ab (LLDP), IEEE 802.1p<\/p><p>Indicateurs d&rsquo;&eacute;tat<br>Liaison\/Activit&eacute;\/Vitesse, Alimentation, &Eacute;tat, Ventilateur, Localisateur<\/p><p>Fonctionnalit&eacute;s<br>Gestion Web<br>5 Ventilateurs<br>Bot\u00e3o de reposi\u00e7\u00e3o<br>Configuration des ports<br>Prise en charge des trames jumbo<br>N&eacute;gociation automatique<br>QoS par port<br>CoS<br>QoS DSCP<br>ToS<br>Limitation de vitesse<br>LACP<br>AV sur IP<br>Recherche IGMP<br>Surveillance IGMP<br>Compatible RSTP<br>Diffusion multicast simple Pr&eacute;vention<br>Compatible ACL<br>Mise &agrave; jour automatique du firmware<br>Client DHCP<br>Serveur DHCP<br>Client DNS<br>Prise en charge LLDP<br>Protection contre les boucles<br>Qfinder Pro<br>Client SNTP<br>Adressage statique<br>Journalisation syst&egrave;me<br>MC-LAG<\/p><p>-EXTENSION \/ CONNECTIVIT&Eacute;<br>Interfaces<br>24 ports LAN RJ-45 10 Gbit\/s<br>1 port de gestion (LAN Gigabit) RJ-45<br>1 port console USB Type-C<\/p><p>-DIVERS<br>Kit de montage inclus<\/p><p>Acess\u00f3rios inclu\u00eddos<br>Cordon d&rsquo;alimentation<\/p><p>Conformit&eacute; aux normes<br>FCC, VCCI, BSMI, Classe A<\/p><p>-ALIMENTATION<br>Alimentation &eacute;lectrique<\/p><p>Tension requise<br>CA 100-240 V (50\/60 Hz)<\/p><p>Consommation &eacute;lectrique&nbsp;: 116,9 watts<\/p><p>&ndash; PARAM&Egrave;TRES ENVIRONNEMENTAUX<br>Temp&eacute;rature minimale de fonctionnement&nbsp;: 0 &deg;C<\/p><p>Temp&eacute;rature maximale de fonctionnement&nbsp;: 40 &deg;C<\/p><p>Plage d&rsquo;humidit&eacute; de fonctionnement&nbsp;: 5 &agrave; 95&nbsp;% (sans condensation)<\/p><p>&ndash; DIMENSIONS ET POIDS<br>Profondeur&nbsp;: 19 cm<\/p><p>Hauteur&nbsp;: 4,42 cm<\/p><p>Poids&nbsp;: 2,93 kg<\/p><p>Largeur&nbsp;: 43,85 cm<\/p><p>&ndash; DIMENSIONS ET POIDS (EMBALLAGE)<br>Poids de l&rsquo;emballage&nbsp;: 4,5 kg<\/p><\/p>","protected":false},"excerpt":{"rendered":"<p>Switch QNAP QSW-M3224-24T 24 ports<\/p>","protected":false},"featured_media":76176,"comment_status":"open","ping_status":"open","template":"","meta":{"_seopress_robots_primary_cat":"","_seopress_titles_title":"","_seopress_titles_desc":"","_seopress_robots_index":"","_gspb_post_css":"","content-type":"","jetpack_post_was_ever_published":false},"product_brand":[1330],"product_cat":[1249,42,99,1150],"product_tag":[],"class_list":{"0":"post-73944","1":"product","2":"type-product","3":"status-publish","4":"has-post-thumbnail","6":"product_brand-qnap","7":"product_cat-a-classer","8":"product_cat-high-tech","9":"product_cat-high-tech-informatique","10":"product_cat-reseau-serveur","11":"pa_fournisseur-mgs","12":"pa_origine-dexpedition-union-europeenne","13":"pa_reseau-5g","15":"first","16":"instock","17":"purchasable","18":"product-type-simple"},"jetpack_sharing_enabled":true,"_links":{"self":[{"href":"https:\/\/trendsbystylia.com\/pt\/wp-json\/wp\/v2\/product\/73944","targetHints":{"allow":["GET"]}}],"collection":[{"href":"https:\/\/trendsbystylia.com\/pt\/wp-json\/wp\/v2\/product"}],"about":[{"href":"https:\/\/trendsbystylia.com\/pt\/wp-json\/wp\/v2\/types\/product"}],"replies":[{"embeddable":true,"href":"https:\/\/trendsbystylia.com\/pt\/wp-json\/wp\/v2\/comments?post=73944"}],"wp:featuredmedia":[{"embeddable":true,"href":"https:\/\/trendsbystylia.com\/pt\/wp-json\/wp\/v2\/media\/76176"}],"wp:attachment":[{"href":"https:\/\/trendsbystylia.com\/pt\/wp-json\/wp\/v2\/media?parent=73944"}],"wp:term":[{"taxonomy":"product_brand","embeddable":true,"href":"https:\/\/trendsbystylia.com\/pt\/wp-json\/wp\/v2\/product_brand?post=73944"},{"taxonomy":"product_cat","embeddable":true,"href":"https:\/\/trendsbystylia.com\/pt\/wp-json\/wp\/v2\/product_cat?post=73944"},{"taxonomy":"product_tag","embeddable":true,"href":"https:\/\/trendsbystylia.com\/pt\/wp-json\/wp\/v2\/product_tag?post=73944"}],"curies":[{"name":"wp","href":"https:\/\/api.w.org\/{rel}","templated":true}]}}