{"id":73743,"date":"2026-04-27T11:07:47","date_gmt":"2026-04-27T11:07:47","guid":{"rendered":"https:\/\/trendsbystylia.com\/produit\/bobine-solide-lanberg-utp-305m-cat-5e-4\/"},"modified":"2026-05-01T19:13:07","modified_gmt":"2026-05-01T19:13:07","slug":"bobine-solide-lanberg-utp-305m-cat-5e-4","status":"publish","type":"product","link":"https:\/\/trendsbystylia.com\/pt\/produto\/bobine-solide-lanberg-utp-305m-cat-5e-4\/","title":{"rendered":"<p>Bobine solide Lanberg UTP 305m cat.5e<\/p>"},"content":{"rendered":"<p>Lanberg LCU5-12CU-0305-B. Longueur du c&acirc;ble&nbsp;: 305&nbsp;m, Norme du c&acirc;ble&nbsp;: Cat5e, Blindage du c&acirc;ble&nbsp;: U\/UTP (UTP), D&eacute;bit de transfert de donn&eacute;es&nbsp;: 1&nbsp;000&nbsp;Mbit\/s<p>Peso e dimens\u00f5es<br>Diam&egrave;tre ext&eacute;rieur<br>4,7&nbsp;mm<br>Emballage<br>Hauteur de l&rsquo;emballage<br>210&nbsp;mm<br>Largeur de l&rsquo;emballage<br>350&nbsp;mm<br>Quantit&eacute; par emballage<br>1&nbsp;pi&egrave;ce<br>Profondeur de l&rsquo;emballage<br>350&nbsp;mm<br>Tipo de embalagem<br>Caixa<br>Condi\u00e7\u00f5es ambientais<br>Plage de temp&eacute;rature de fonctionnement<br>-20&nbsp;&deg;C &agrave; 75&nbsp;&deg;C<br>Plage de temp&eacute;rature de stockage<br>0&nbsp;&deg;C &agrave; 60&nbsp;&deg;C<\/p><p>Caracter\u00edsticas<br>Connecteur&nbsp;1<br>N\u00e3o<br>Genre du connecteur&nbsp;1<br>N\u00e3o<br>Connecteur&nbsp;2<br>N\u00e3o<br>Genre du connecteur&nbsp;2<br>N\u00e3o<br>Calibre du fil AWG<br>24<br>Blindage du c&acirc;ble<br>U\/UTP (UTP)<br>C&acirc;ble standard<br>Cat5e<br>Cor do produto<br>azul<br>Frequ\u00eancia<br>100 MHz<br>Comprimento do cabo<br>305 m<br>Mat&eacute;riau de la gaine<br>Polychlorure de vinyle (PVC)<br>Mat&eacute;riau du conducteur<br>Cuivre<br>Type de conducteur<br>Rigide<br>D&eacute;bit de transfert de donn&eacute;es<br>1000 Mbit\/s<br>Caract&eacute;ristiques techniques<br>Certifications de durabilit&eacute;<br>RoHS<\/p><\/p>","protected":false},"excerpt":{"rendered":"<p>Bobine Lanberg UTP 305m solide en cuivre Fluke bleue Cat.5e<\/p>","protected":false},"featured_media":76074,"comment_status":"open","ping_status":"open","template":"","meta":{"_seopress_robots_primary_cat":"","_seopress_titles_title":"","_seopress_titles_desc":"","_seopress_robots_index":"","_seopress_analysis_target_kw":"","_gspb_post_css":"","content-type":""},"product_brand":[1164],"product_cat":[42,99,1150],"product_tag":[],"class_list":{"0":"post-73743","1":"product","2":"type-product","3":"status-publish","4":"has-post-thumbnail","6":"product_brand-lanberg","7":"product_cat-high-tech","8":"product_cat-high-tech-informatique","9":"product_cat-reseau-serveur","10":"pa_couleur-bleu","11":"pa_fournisseur-mgs","12":"pa_origine-dexpedition-union-europeenne","14":"first","15":"instock","16":"purchasable","17":"product-type-simple"},"jetpack_sharing_enabled":true,"_links":{"self":[{"href":"https:\/\/trendsbystylia.com\/pt\/wp-json\/wp\/v2\/product\/73743","targetHints":{"allow":["GET"]}}],"collection":[{"href":"https:\/\/trendsbystylia.com\/pt\/wp-json\/wp\/v2\/product"}],"about":[{"href":"https:\/\/trendsbystylia.com\/pt\/wp-json\/wp\/v2\/types\/product"}],"replies":[{"embeddable":true,"href":"https:\/\/trendsbystylia.com\/pt\/wp-json\/wp\/v2\/comments?post=73743"}],"wp:featuredmedia":[{"embeddable":true,"href":"https:\/\/trendsbystylia.com\/pt\/wp-json\/wp\/v2\/media\/76074"}],"wp:attachment":[{"href":"https:\/\/trendsbystylia.com\/pt\/wp-json\/wp\/v2\/media?parent=73743"}],"wp:term":[{"taxonomy":"product_brand","embeddable":true,"href":"https:\/\/trendsbystylia.com\/pt\/wp-json\/wp\/v2\/product_brand?post=73743"},{"taxonomy":"product_cat","embeddable":true,"href":"https:\/\/trendsbystylia.com\/pt\/wp-json\/wp\/v2\/product_cat?post=73743"},{"taxonomy":"product_tag","embeddable":true,"href":"https:\/\/trendsbystylia.com\/pt\/wp-json\/wp\/v2\/product_tag?post=73743"}],"curies":[{"name":"wp","href":"https:\/\/api.w.org\/{rel}","templated":true}]}}