{"id":73734,"date":"2026-04-27T11:07:37","date_gmt":"2026-04-27T11:07:37","guid":{"rendered":"https:\/\/trendsbystylia.com\/produit\/armoire-rackable-lanberg-27u-600-x\/"},"modified":"2026-05-01T19:13:08","modified_gmt":"2026-05-01T19:13:08","slug":"armoire-rackable-lanberg-27u-600-x","status":"publish","type":"product","link":"https:\/\/trendsbystylia.com\/pt\/produto\/armoire-rackable-lanberg-27u-600-x\/","title":{"rendered":"<p>Armoire rackable Lanberg 27u 600 x<\/p>"},"content":{"rendered":"<p>DESCRIPTION<br>Lanberg WF01-6427-10B. Type&nbsp;: Baie murale, Capacit&eacute; de la baie&nbsp;: 27U,<br>Capacit&eacute; de charge maximale&nbsp;: 60&nbsp;kg. Poids&nbsp;: 36&nbsp;kg. Couleur du produit&nbsp;: Noir<br>SP&Eacute;CIFICATIONS TECHNIQUES<p>Peso e dimens\u00f5es<br>Altura<br>1307 mm<br>Largura<br>600 mm<br>Peso<br>36 kg<br>Profundidade<br>450 mm<br>Profondeur de montage (max.)<br>35,5 cm<br>Taille (imp&eacute;riale)<br>48,3 cm (19&Prime;)<br>Alimentation<br>Tension d&rsquo;entr&eacute;e CA<br>230 V<\/p><p>Caracter\u00edsticas<br>Capacit&eacute; du rack 27U<br>Capacidade de carga m\u00e1xima<br>60 kg<br>Cor do produto<br>Preto<br>Structure de la porte avant<br>Verre tremp&eacute;<br>Material<br>A\u00e7o<br>Nombre de ventilateurs<br>2 ventilateurs<br>Panneau lat&eacute;ral verrouillable<br>Sim<br>Face avant verrouillable Porte<br>Sim<br>Tipo<br>Fixation murale<br>Emballage<br>&Eacute;crous inclus<br>Sim<br>Manual do utilizador<br>Sim<\/p><\/p>","protected":false},"excerpt":{"rendered":"<p>Baie rack Lanberg 27U 600 x 450 mm 19 pouces, charge maximale 60 kg, noire<\/p>","protected":false},"featured_media":76068,"comment_status":"open","ping_status":"open","template":"","meta":{"_seopress_robots_primary_cat":"","_seopress_titles_title":"","_seopress_titles_desc":"","_seopress_robots_index":"","_gspb_post_css":"","content-type":"","jetpack_post_was_ever_published":false},"product_brand":[1164],"product_cat":[1249,42,99,1150],"product_tag":[],"class_list":{"0":"post-73734","1":"product","2":"type-product","3":"status-publish","4":"has-post-thumbnail","6":"product_brand-lanberg","7":"product_cat-a-classer","8":"product_cat-high-tech","9":"product_cat-high-tech-informatique","10":"product_cat-reseau-serveur","11":"pa_couleur-noir","12":"pa_fournisseur-mgs","13":"pa_origine-dexpedition-union-europeenne","15":"first","16":"instock","17":"purchasable","18":"product-type-simple"},"jetpack_sharing_enabled":true,"_links":{"self":[{"href":"https:\/\/trendsbystylia.com\/pt\/wp-json\/wp\/v2\/product\/73734","targetHints":{"allow":["GET"]}}],"collection":[{"href":"https:\/\/trendsbystylia.com\/pt\/wp-json\/wp\/v2\/product"}],"about":[{"href":"https:\/\/trendsbystylia.com\/pt\/wp-json\/wp\/v2\/types\/product"}],"replies":[{"embeddable":true,"href":"https:\/\/trendsbystylia.com\/pt\/wp-json\/wp\/v2\/comments?post=73734"}],"wp:featuredmedia":[{"embeddable":true,"href":"https:\/\/trendsbystylia.com\/pt\/wp-json\/wp\/v2\/media\/76068"}],"wp:attachment":[{"href":"https:\/\/trendsbystylia.com\/pt\/wp-json\/wp\/v2\/media?parent=73734"}],"wp:term":[{"taxonomy":"product_brand","embeddable":true,"href":"https:\/\/trendsbystylia.com\/pt\/wp-json\/wp\/v2\/product_brand?post=73734"},{"taxonomy":"product_cat","embeddable":true,"href":"https:\/\/trendsbystylia.com\/pt\/wp-json\/wp\/v2\/product_cat?post=73734"},{"taxonomy":"product_tag","embeddable":true,"href":"https:\/\/trendsbystylia.com\/pt\/wp-json\/wp\/v2\/product_tag?post=73734"}],"curies":[{"name":"wp","href":"https:\/\/api.w.org\/{rel}","templated":true}]}}