{"id":73480,"date":"2026-04-27T11:02:22","date_gmt":"2026-04-27T11:02:22","guid":{"rendered":"https:\/\/trendsbystylia.com\/produit\/point-dacces-sans-fil-ubiquiti-u7-exterieur\/"},"modified":"2026-04-27T11:02:27","modified_gmt":"2026-04-27T11:02:27","slug":"point-dacces-sans-fil-ubiquiti-u7-exterieur","status":"publish","type":"product","link":"https:\/\/trendsbystylia.com\/pt\/produto\/point-dacces-sans-fil-ubiquiti-u7-exterieur\/","title":{"rendered":"<p>Point d&rsquo;acc&egrave;s sans fil Ubiquiti U7 &ndash; Ext&eacute;rieur<\/p>"},"content":{"rendered":"<p>Especifica\u00e7\u00f5es t\u00e9cnicas<br>M&eacute;canique<br>Dimensions 170 x 208 x 54,5 mm (6,7 x 8,2 x 2,1&Prime;)<br>Poids 1,2 kg (2,6 lbs)<br>Mat&eacute;riaux du bo&icirc;tier Polycarbonate stabilis&eacute; aux UV, alliage d&rsquo;aluminium<br>Mat&eacute;riaux de montage Polycarbonate, acier SGCC<br>Diam&egrave;tre de montage sur m&acirc;t 2560 mm (12,36&Prime;) sur le diam&egrave;tre ext&eacute;rieur du tube<br>R&eacute;sistance au vent 74,6 N &agrave; 200 km\/h (16,8 lbf &agrave; 125 mph)<br>&Eacute;tanch&eacute;it&eacute; IPX6<br>Mat&eacute;riel<br>Interface r&eacute;seau (1) Port RJ45 1\/2,5 GbE<br>Interface de gestion Ethernet<br>M&eacute;thode d&rsquo;alimentation PoE+<br>Alimentation &agrave; d&eacute;coupage UniFi PoE<br>Plage de tension prise en charge 42&nbsp;557 V CC<br>Max. Consommation &eacute;lectrique&nbsp;: 19&nbsp;W<br>Puissance d&rsquo;&eacute;mission max.<br>2,4&nbsp;GHz<br>5&nbsp;GHz<br>6&nbsp;GHz<br>23&nbsp;dBm<br>26&nbsp;dBm<p>MIMO<br>2,4&nbsp;GHz<br>5&nbsp;GHz<br>6&nbsp;GHz<br>2&times;2<br>2&times;2<\/p><p>D&eacute;bit de transmission<br>2,4&nbsp;GHz<br>5&nbsp;GHz<br>6&nbsp;GHz<br>688&nbsp;Mbit\/s<br>4324&nbsp;Mbit\/s<\/p><p>Gain d&rsquo;antenne<br>2,4&nbsp;GHz<br>5&nbsp;GHz<br>6&nbsp;GHz<br>Directionnel interne&nbsp;: 8&nbsp;dBi \/ Omnidirectionnel externe&nbsp;: 3&nbsp;dBi<br>Directionnel interne&nbsp;: 12,5&nbsp;dBi \/ Omnidirectionnel externe&nbsp;: 4&nbsp;dBi<\/p><p>Largeur du faisceau d&rsquo;antenne<br>2,4&nbsp;GHz<br>5&nbsp;GHz<br>6 GHz<br>90\u00b0<br>45&deg;<\/p><p>Antennes (1) Antenne (2) Antennes directionnelles internes<br>(2) Antennes omnidirectionnelles externes<br>(2) Connecteurs RP-SMA pour antenne externe<br>LED (1) Alimentation : blanc\/bleu<br>(4) Signal Mesh : bleu<br>Bouton R&eacute;initialisation d&rsquo;usine<br>Montage Mur, plafond, poteau (Inclus)<br>Temp&eacute;rature ambiante de fonctionnement -30 &agrave; 60 &deg;C (-22 &agrave; 140 &deg;F)<br>Humidit&eacute; ambiante de fonctionnement 5 &agrave; 95 % sans condensation<br>Certifications CE, FCC, IC<br>Software<br>Normes WiFi 802.11a\/b\/g\/n\/ac\/ax\/be<br>S&eacute;curit&eacute; sans fil WPA-PSK, WPA-Enterprise (WPA\/WPA2\/WPA3\/PPSK)<br>BSSID 8 par Radio<br>VLAN 802.1Q<br>Limitation de d&eacute;bit QoS avanc&eacute;e par utilisateur<br>Isolation du trafic invit&eacute; prise en charge<br>Plus de 200 clients simultan&eacute;s<br>D&eacute;bits de donn&eacute;es pris en charge<br>802.11a&nbsp;: 6, 9, 12, 18, 24, 36, 48, 54&nbsp;Mbit\/s<br>802.11b&nbsp;: 1, 2, 5,5, 11&nbsp;Mbit\/s<br>802.11g&nbsp;: 6, 9, 12, 18, 24, 36, 48, 54&nbsp;Mbit\/s<br>802.11n&nbsp;: 6,5&nbsp;Mbit\/s &agrave; 300&nbsp;Mbit\/s (MCS0 &agrave; MCS15, HT 20\/40)<br>802.11ac (WiFi 5)&nbsp;: 6,5&nbsp;Mbit\/s &agrave; 1,7&nbsp;Gbit\/s (MCS0 &agrave; MCS9 NSS1\/2) VHT 20\/40\/80\/160)<br>802.11ax (WiFi 6) 7,3 Mbps &agrave; 4,3 Gbps (MCS0 &ndash; MCS13 NSS1\/2, EHT 20\/40\/80\/160\/240)<\/p><\/p>","protected":false},"excerpt":{"rendered":"<p>Point d&rsquo;acc&egrave;s sans fil Ubiquiti U7 &ndash; Ext&eacute;rieur<\/p>","protected":false},"featured_media":75925,"comment_status":"open","ping_status":"open","template":"","meta":{"_seopress_robots_primary_cat":"","_seopress_titles_title":"","_seopress_titles_desc":"","_seopress_robots_index":"","_gspb_post_css":"","content-type":"","jetpack_post_was_ever_published":false},"product_brand":[726],"product_cat":[1249],"product_tag":[],"class_list":{"0":"post-73480","1":"product","2":"type-product","3":"status-publish","4":"has-post-thumbnail","6":"product_brand-ubiquiti","7":"product_cat-a-classer","8":"pa_couleur-blanc","9":"pa_fournisseur-mgs","10":"pa_origine-dexpedition-union-europeenne","11":"pa_reseau-wi-fi","13":"first","14":"instock","15":"purchasable","16":"product-type-simple"},"jetpack_sharing_enabled":true,"_links":{"self":[{"href":"https:\/\/trendsbystylia.com\/pt\/wp-json\/wp\/v2\/product\/73480","targetHints":{"allow":["GET"]}}],"collection":[{"href":"https:\/\/trendsbystylia.com\/pt\/wp-json\/wp\/v2\/product"}],"about":[{"href":"https:\/\/trendsbystylia.com\/pt\/wp-json\/wp\/v2\/types\/product"}],"replies":[{"embeddable":true,"href":"https:\/\/trendsbystylia.com\/pt\/wp-json\/wp\/v2\/comments?post=73480"}],"wp:featuredmedia":[{"embeddable":true,"href":"https:\/\/trendsbystylia.com\/pt\/wp-json\/wp\/v2\/media\/75925"}],"wp:attachment":[{"href":"https:\/\/trendsbystylia.com\/pt\/wp-json\/wp\/v2\/media?parent=73480"}],"wp:term":[{"taxonomy":"product_brand","embeddable":true,"href":"https:\/\/trendsbystylia.com\/pt\/wp-json\/wp\/v2\/product_brand?post=73480"},{"taxonomy":"product_cat","embeddable":true,"href":"https:\/\/trendsbystylia.com\/pt\/wp-json\/wp\/v2\/product_cat?post=73480"},{"taxonomy":"product_tag","embeddable":true,"href":"https:\/\/trendsbystylia.com\/pt\/wp-json\/wp\/v2\/product_tag?post=73480"}],"curies":[{"name":"wp","href":"https:\/\/api.w.org\/{rel}","templated":true}]}}