{"id":72515,"date":"2026-04-27T10:42:52","date_gmt":"2026-04-27T10:42:52","guid":{"rendered":"https:\/\/trendsbystylia.com\/produit\/disque-dur-ssd-interne-dell-de-25-pouces-2\/"},"modified":"2026-05-10T12:04:51","modified_gmt":"2026-05-10T12:04:51","slug":"disque-dur-ssd-interne-dell-de-25-pouces-2","status":"publish","type":"product","link":"https:\/\/trendsbystylia.com\/pt\/produto\/disque-dur-ssd-interne-dell-de-25-pouces-2\/","title":{"rendered":"<p>Disque dur SSD interne Dell de 2,5 pouces<\/p>"},"content":{"rendered":"<p>Especifica\u00e7\u00f5es t\u00e9cnicas<br>G&eacute;n&eacute;ralit&eacute;s<br>Type de p&eacute;riph&eacute;rique&nbsp;: SSD interne<br>Capacit&eacute;&nbsp;: 960&nbsp;Go<br>Format&nbsp;: 2,5&Prime;<br>Interface&nbsp;: SATA 6&nbsp;Gb\/s<br>Caract&eacute;ristiques&nbsp;: Format avanc&eacute; 512e, lecture intensive<br>Performances<br>Taux de transfert&nbsp;: 600&nbsp;Mo\/s (externe)<br>Extension et connectivit&eacute;<br>Interfaces&nbsp;: 1&nbsp;x SATA 6&nbsp;Gb\/s<br>Baie compatible&nbsp;: 2,5&Prime; ou 3,5&Prime; (avec adaptateur de baie inclus)<br>Divers<br>Accessoires inclus&nbsp;: Baie hybride 3,5&Prime;<br>R&eacute;f&eacute;rence &eacute;quivalente OEM&nbsp;: Intel S4520<br>Garantie constructeur<br>Service et maintenance&nbsp;: Garantie d&rsquo;un an ou garantie syst&egrave;me Dell h&eacute;rit&eacute;e<br>Informations de compatibilit&eacute;<br>Con&ccedil;u pour Dell PowerEdge C6420 (3,5&Prime;)<\/p>","protected":false},"excerpt":{"rendered":"<p>Disque dur SSD interne Dell 2,5 pouces 960 Go SAS 6 Go &ndash; S 345 &ndash; BDQM<\/p>","protected":false},"featured_media":75403,"comment_status":"open","ping_status":"open","template":"","meta":{"_seopress_robots_primary_cat":"","_seopress_titles_title":"","_seopress_titles_desc":"","_seopress_robots_index":"","_seopress_analysis_target_kw":"","_gspb_post_css":"","content-type":""},"product_brand":[950],"product_cat":[1287,1298,42,99],"product_tag":[],"class_list":{"0":"post-72515","1":"product","2":"type-product","3":"status-publish","4":"has-post-thumbnail","6":"product_brand-dell","7":"product_cat-composants","8":"product_cat-disques-durs","9":"product_cat-high-tech","10":"product_cat-high-tech-informatique","11":"pa_fournisseur-mgs","12":"pa_origine-dexpedition-union-europeenne","14":"first","15":"instock","16":"purchasable","17":"product-type-simple"},"jetpack_sharing_enabled":true,"_links":{"self":[{"href":"https:\/\/trendsbystylia.com\/pt\/wp-json\/wp\/v2\/product\/72515","targetHints":{"allow":["GET"]}}],"collection":[{"href":"https:\/\/trendsbystylia.com\/pt\/wp-json\/wp\/v2\/product"}],"about":[{"href":"https:\/\/trendsbystylia.com\/pt\/wp-json\/wp\/v2\/types\/product"}],"replies":[{"embeddable":true,"href":"https:\/\/trendsbystylia.com\/pt\/wp-json\/wp\/v2\/comments?post=72515"}],"wp:featuredmedia":[{"embeddable":true,"href":"https:\/\/trendsbystylia.com\/pt\/wp-json\/wp\/v2\/media\/75403"}],"wp:attachment":[{"href":"https:\/\/trendsbystylia.com\/pt\/wp-json\/wp\/v2\/media?parent=72515"}],"wp:term":[{"taxonomy":"product_brand","embeddable":true,"href":"https:\/\/trendsbystylia.com\/pt\/wp-json\/wp\/v2\/product_brand?post=72515"},{"taxonomy":"product_cat","embeddable":true,"href":"https:\/\/trendsbystylia.com\/pt\/wp-json\/wp\/v2\/product_cat?post=72515"},{"taxonomy":"product_tag","embeddable":true,"href":"https:\/\/trendsbystylia.com\/pt\/wp-json\/wp\/v2\/product_tag?post=72515"}],"curies":[{"name":"wp","href":"https:\/\/api.w.org\/{rel}","templated":true}]}}