{"id":72456,"date":"2026-04-27T10:41:57","date_gmt":"2026-04-27T10:41:57","guid":{"rendered":"https:\/\/trendsbystylia.com\/produit\/clavier-sans-fil-dell-kb900\/"},"modified":"2026-04-27T10:42:09","modified_gmt":"2026-04-27T10:42:09","slug":"clavier-sans-fil-dell-kb900","status":"publish","type":"product","link":"https:\/\/trendsbystylia.com\/pt\/produto\/clavier-sans-fil-dell-kb900\/","title":{"rendered":"<p>Clavier sans fil Dell KB900<\/p>"},"content":{"rendered":"<p>Especifica\u00e7\u00f5es t\u00e9cnicas<br>G&eacute;n&eacute;ralit&eacute;s<br>Type de p&eacute;riph&eacute;rique&nbsp;: Clavier<br>R&eacute;tro&eacute;clairage&nbsp;: Oui<br>Interface&nbsp;: 2,4&nbsp;GHz, Bluetooth&nbsp;5.1<br>R&eacute;cepteur sans fil&nbsp;: R&eacute;cepteur sans fil USB<br>Services inclus&nbsp;: &Eacute;change anticip&eacute; le jour ouvrable suivant pendant 3&nbsp;ans<br>P&eacute;riph&eacute;rique d&rsquo;entr&eacute;e<br>Type&nbsp;: Sans fil<br>Fonctions des touches de raccourci&nbsp;: Multim&eacute;dia, Programmable, Calculatrice, Lecture\/Arr&ecirc;t, Contr&ocirc;le du r&eacute;tro&eacute;clairage, Impr &eacute;cran, Arr&ecirc;t d&eacute;fil., Zoom tactile<br>Disposition&nbsp;: QWERTY espagnol<br>Technologie du clavier&nbsp;: Ciseaux<br>Caract&eacute;ristiques&nbsp;: Pav&eacute; num&eacute;rique<br>Largeur&nbsp;: 43,97&nbsp;cm<br>Profondeur&nbsp;: 12,16&nbsp;cm<br>Hauteur&nbsp;: 2,07&nbsp;cm<br>Poids&nbsp;: 728&nbsp;g<br>Divers<br>Couleur&nbsp;: Graphite<br>Accessoires inclus&nbsp;: C&acirc;ble USB-C vers USB-C<br>Conformit&eacute; aux normes AES-128, certifi&eacute; Zoom<br>Logiciel Configuration syst&egrave;me requise<br>Logiciel inclus&nbsp;: Dell Peripheral Manager (Windows uniquement)<br>Syst&egrave;me d&rsquo;exploitation requis&nbsp;: Apple macOS, Linux, Android, Google Chrome OS, Red Hat Enterprise Linux 8.0, Ubuntu 18.04, Microsoft Windows 7\/8.1\/10\/11<br>Bateria<br>Type&nbsp;: Rechargeable<br>Autonomie (maximum)&nbsp;: 20&nbsp;jours<\/p>","protected":false},"excerpt":{"rendered":"<p>Clavier sans fil Dell KB900<\/p>","protected":false},"featured_media":75373,"comment_status":"open","ping_status":"open","template":"","meta":{"_seopress_robots_primary_cat":"","_seopress_titles_title":"","_seopress_titles_desc":"","_seopress_robots_index":"","_gspb_post_css":"","content-type":"","jetpack_post_was_ever_published":false},"product_brand":[950],"product_cat":[745,42,99],"product_tag":[],"class_list":{"0":"post-72456","1":"product","2":"type-product","3":"status-publish","4":"has-post-thumbnail","6":"product_brand-dell","7":"product_cat-claviers-souris","8":"product_cat-high-tech","9":"product_cat-high-tech-informatique","10":"pa_couleur-rouge","11":"pa_fournisseur-mgs","12":"pa_origine-dexpedition-union-europeenne","13":"pa_reseau-bluetooth","15":"first","16":"instock","17":"purchasable","18":"product-type-simple"},"jetpack_sharing_enabled":true,"_links":{"self":[{"href":"https:\/\/trendsbystylia.com\/pt\/wp-json\/wp\/v2\/product\/72456","targetHints":{"allow":["GET"]}}],"collection":[{"href":"https:\/\/trendsbystylia.com\/pt\/wp-json\/wp\/v2\/product"}],"about":[{"href":"https:\/\/trendsbystylia.com\/pt\/wp-json\/wp\/v2\/types\/product"}],"replies":[{"embeddable":true,"href":"https:\/\/trendsbystylia.com\/pt\/wp-json\/wp\/v2\/comments?post=72456"}],"wp:featuredmedia":[{"embeddable":true,"href":"https:\/\/trendsbystylia.com\/pt\/wp-json\/wp\/v2\/media\/75373"}],"wp:attachment":[{"href":"https:\/\/trendsbystylia.com\/pt\/wp-json\/wp\/v2\/media?parent=72456"}],"wp:term":[{"taxonomy":"product_brand","embeddable":true,"href":"https:\/\/trendsbystylia.com\/pt\/wp-json\/wp\/v2\/product_brand?post=72456"},{"taxonomy":"product_cat","embeddable":true,"href":"https:\/\/trendsbystylia.com\/pt\/wp-json\/wp\/v2\/product_cat?post=72456"},{"taxonomy":"product_tag","embeddable":true,"href":"https:\/\/trendsbystylia.com\/pt\/wp-json\/wp\/v2\/product_tag?post=72456"}],"curies":[{"name":"wp","href":"https:\/\/api.w.org\/{rel}","templated":true}]}}