{"id":72405,"date":"2026-04-24T22:18:23","date_gmt":"2026-04-24T22:18:23","guid":{"rendered":"https:\/\/trendsbystylia.com\/produit\/toner-jaune-hp-658a\/"},"modified":"2026-04-24T22:19:06","modified_gmt":"2026-04-24T22:19:06","slug":"toner-jaune-hp-658a","status":"publish","type":"product","link":"https:\/\/trendsbystylia.com\/pt\/produto\/toner-jaune-hp-658a\/","title":{"rendered":"<p>Toner jaune HP 658A<\/p>"},"content":{"rendered":"<p>DESCRIPTION<br>Id&eacute;al pour produire des textes noirs nets et des graphiques de qualit&eacute; professionnelle, &agrave; la vitesse pour laquelle votre imprimante a &eacute;t&eacute; con&ccedil;ue. Obtenez des couleurs riches et de qualit&eacute; photo pour vos supports marketing gr&acirc;ce &agrave; la technologie HP ColorSphere 3. Maintenez une productivit&eacute; &eacute;lev&eacute;e. Les cartouches de toner HP LaserJet authentiques haute capacit&eacute; (en option) permettent d&rsquo;imprimer plus de quatre fois plus de pages que les cartouches standard.[4,5] SP&Eacute;CIFICATIONS TECHNIQUES<p>Peso e dimens\u00f5es<br>Altura<br>198 mm<br>Hauteur de l&rsquo;emballage<br>198 mm<br>Largura<br>483 mm<br>Largeur de l&rsquo;emballage<br>483 mm<br>Peso<br>1,04 kg<br>Poids de l&rsquo;emballage<br>1,14 kg<br>Profundidade<br>155 mm<br>Profondeur de l&rsquo;emballage<br>155 mm<br>Tipo de embalagem<br>Caixa<br>Condi\u00e7\u00f5es ambientais<br>Plage de temp&eacute;rature de fonctionnement<br>10 &ndash; 32,5 &deg;C<br>Plage d&rsquo;humidit&eacute; relative de fonctionnement<br>20 \u2013 80 %<br>Plage de temp&eacute;rature de stockage<br>-20 &ndash; 40 &deg;C Plage d&rsquo;humidit&eacute; relative&nbsp;: 10&nbsp;&ndash;&nbsp;90&nbsp;%<br>Caracter\u00edsticas<br>Quantit&eacute; par emballage&nbsp;: 1&nbsp;pi&egrave;ce<br>Couleurs d&rsquo;impression&nbsp;: Jaune<br>Compatibilit&eacute;&nbsp;: Les cartouches de toner HP&nbsp;658 sont compatibles avec&nbsp;: HP LaserJet Enterprise<br>Code OEM M751&nbsp;: W2002A<br>Gamme HP&nbsp;: Maison<br>Marque compatible&nbsp;: HP<br>Nombre de cartouches de toner couleur&nbsp;: 1<br>Pays d&rsquo;origine&nbsp;: Japon<br>Rendement d&rsquo;impression&nbsp;: 6&nbsp;000&nbsp;pages<br>Type&nbsp;: Original<br>Type de cartouche d&rsquo;encre&nbsp;: Rendement standard<br>Donn&eacute;es logistiques&nbsp;:<br>Hauteur de la palette&nbsp;: 95,6&nbsp;cm<br>Largeur de la palette&nbsp;: 112,7&nbsp;cm<br>Quantit&eacute; par palette&nbsp;: 70 Pi&egrave;ce(s)<br>Longueur de la palette<br>113,4 cm<br>Nombre de couches par palette<br>5 pi&egrave;ce(s)<br>Nombre de cartons par couche<br>14 pi&egrave;ce(s)<br>Nombre de cartons par palette<br>70 pi&egrave;ce(s)<br>Poids de la palette<br>100 kg<br>Outras caracter\u00edsticas<br>Tecnologia de impress\u00e3o<br>Impress\u00e3o a laser<\/p><\/p>","protected":false},"excerpt":{"rendered":"<p>Toner jaune HP 658A<\/p>","protected":false},"featured_media":72406,"comment_status":"open","ping_status":"open","template":"","meta":{"_seopress_robots_primary_cat":"","_seopress_titles_title":"","_seopress_titles_desc":"","_seopress_robots_index":"","_gspb_post_css":"","content-type":"","jetpack_post_was_ever_published":false,"jetpack_publicize_message":"","jetpack_publicize_feature_enabled":true,"jetpack_social_post_already_shared":false,"jetpack_social_options":{"image_generator_settings":{"template":"highway","default_image_id":0,"font":"","enabled":false},"version":2}},"product_brand":[856],"product_cat":[1249],"product_tag":[],"class_list":{"0":"post-72405","1":"product","2":"type-product","3":"status-publish","4":"has-post-thumbnail","6":"product_brand-hp","7":"product_cat-a-classer","8":"pa_couleur-jaune","9":"pa_fournisseur-mgs","10":"pa_origine-dexpedition-union-europeenne","12":"first","13":"instock","14":"purchasable","15":"product-type-simple"},"jetpack_publicize_connections":[],"jetpack_sharing_enabled":true,"_links":{"self":[{"href":"https:\/\/trendsbystylia.com\/pt\/wp-json\/wp\/v2\/product\/72405","targetHints":{"allow":["GET"]}}],"collection":[{"href":"https:\/\/trendsbystylia.com\/pt\/wp-json\/wp\/v2\/product"}],"about":[{"href":"https:\/\/trendsbystylia.com\/pt\/wp-json\/wp\/v2\/types\/product"}],"replies":[{"embeddable":true,"href":"https:\/\/trendsbystylia.com\/pt\/wp-json\/wp\/v2\/comments?post=72405"}],"wp:featuredmedia":[{"embeddable":true,"href":"https:\/\/trendsbystylia.com\/pt\/wp-json\/wp\/v2\/media\/72406"}],"wp:attachment":[{"href":"https:\/\/trendsbystylia.com\/pt\/wp-json\/wp\/v2\/media?parent=72405"}],"wp:term":[{"taxonomy":"product_brand","embeddable":true,"href":"https:\/\/trendsbystylia.com\/pt\/wp-json\/wp\/v2\/product_brand?post=72405"},{"taxonomy":"product_cat","embeddable":true,"href":"https:\/\/trendsbystylia.com\/pt\/wp-json\/wp\/v2\/product_cat?post=72405"},{"taxonomy":"product_tag","embeddable":true,"href":"https:\/\/trendsbystylia.com\/pt\/wp-json\/wp\/v2\/product_tag?post=72405"}],"curies":[{"name":"wp","href":"https:\/\/api.w.org\/{rel}","templated":true}]}}