{"id":72397,"date":"2026-04-24T22:18:23","date_gmt":"2026-04-24T22:18:23","guid":{"rendered":"https:\/\/trendsbystylia.com\/produit\/toner-jaune-hp-655a\/"},"modified":"2026-04-24T22:18:55","modified_gmt":"2026-04-24T22:18:55","slug":"toner-jaune-hp-655a","status":"publish","type":"product","link":"https:\/\/trendsbystylia.com\/pt\/produto\/toner-jaune-hp-655a\/","title":{"rendered":"<p>Toner jaune HP 655A<\/p>"},"content":{"rendered":"<p>DESCRIPTION<br>Id&eacute;al pour 10 &agrave; 30 travailleurs imprimant entre 2 000 et 14 000 pages par mois et qui ont besoin de rapidit&eacute;, d&rsquo;efficacit&eacute; &eacute;nerg&eacute;tique et d&rsquo;une s&eacute;curit&eacute; &eacute;lev&eacute;e. Profitez des cartouches de toner HP authentiques avec JetIntelligence pour imprimer plus de pages que jamais &agrave; haute vitesse[1], ainsi que des options haute capacit&eacute; abordables[2] et une technologie anti-fraude innovante pour garantir la qualit&eacute; constante que vous attendez de HP.<br>CARACT&Eacute;RISTIQUES TECHNIQUES<p>Peso e dimens\u00f5es<br>Altura<br>192 mm<br>Hauteur de l&rsquo;emballage<br>192 mm<br>Largura<br>378 mm<br>Largeur de l&rsquo;emballage<br>378 mm<br>Peso<br>1,03 kg<br>Poids de l&rsquo;emballage<br>1,47 kg<br>Profundidade<br>163 mm<br>Profondeur de l&rsquo;emballage<br>163 mm<br>Condi\u00e7\u00f5es ambientais<br>Plage de temp&eacute;rature de fonctionnement<br>15 &ndash; 30 &deg;C<br>Plage de temp&eacute;rature de stockage<br>-20 \u2013 40 \u00b0C<br>Plage d&rsquo;humidit&eacute; relative pendant le stockage<br>10 \u2013 90 %<\/p><p>Caracter\u00edsticas<br>Quantit&eacute; par paquet<br>1 cartouche<br>Cores para impress\u00e3o<br>Amarelo<br>Compatibilidade<br>Les cartouches de toner HP 655 sont compatibles avec les imprimantes HP LaserJet Enterprise M652, M653, M681 et M682.<br>C\u00f3digo do OEM<br>CF452A<br>Secteur HP<br>Professionnel, Entreprise<br>Marque compatible<br>HP<br>Pa\u00eds de origem<br>Japon<br>Rendement d&rsquo;impression du toner couleur<br>10&nbsp;500 pages<br>Tipo<br>Original<br>Tipo de cartucho de tinta<br>Efici\u00eancia normalizada<br>Outras caracter\u00edsticas<br>Tecnologia de impress\u00e3o<br>Impress\u00e3o a laser<\/p><\/p>","protected":false},"excerpt":{"rendered":"<p>Toner jaune HP 655A<\/p>","protected":false},"featured_media":72398,"comment_status":"open","ping_status":"open","template":"","meta":{"_seopress_robots_primary_cat":"","_seopress_titles_title":"","_seopress_titles_desc":"","_seopress_robots_index":"","_gspb_post_css":"","content-type":"","jetpack_post_was_ever_published":false,"jetpack_publicize_message":"","jetpack_publicize_feature_enabled":true,"jetpack_social_post_already_shared":false,"jetpack_social_options":{"image_generator_settings":{"template":"highway","default_image_id":0,"font":"","enabled":false},"version":2}},"product_brand":[856],"product_cat":[1249],"product_tag":[],"class_list":{"0":"post-72397","1":"product","2":"type-product","3":"status-publish","4":"has-post-thumbnail","6":"product_brand-hp","7":"product_cat-a-classer","8":"pa_couleur-jaune","9":"pa_fournisseur-mgs","10":"pa_origine-dexpedition-union-europeenne","12":"first","13":"instock","14":"purchasable","15":"product-type-simple"},"jetpack_publicize_connections":[],"jetpack_sharing_enabled":true,"_links":{"self":[{"href":"https:\/\/trendsbystylia.com\/pt\/wp-json\/wp\/v2\/product\/72397","targetHints":{"allow":["GET"]}}],"collection":[{"href":"https:\/\/trendsbystylia.com\/pt\/wp-json\/wp\/v2\/product"}],"about":[{"href":"https:\/\/trendsbystylia.com\/pt\/wp-json\/wp\/v2\/types\/product"}],"replies":[{"embeddable":true,"href":"https:\/\/trendsbystylia.com\/pt\/wp-json\/wp\/v2\/comments?post=72397"}],"wp:featuredmedia":[{"embeddable":true,"href":"https:\/\/trendsbystylia.com\/pt\/wp-json\/wp\/v2\/media\/72398"}],"wp:attachment":[{"href":"https:\/\/trendsbystylia.com\/pt\/wp-json\/wp\/v2\/media?parent=72397"}],"wp:term":[{"taxonomy":"product_brand","embeddable":true,"href":"https:\/\/trendsbystylia.com\/pt\/wp-json\/wp\/v2\/product_brand?post=72397"},{"taxonomy":"product_cat","embeddable":true,"href":"https:\/\/trendsbystylia.com\/pt\/wp-json\/wp\/v2\/product_cat?post=72397"},{"taxonomy":"product_tag","embeddable":true,"href":"https:\/\/trendsbystylia.com\/pt\/wp-json\/wp\/v2\/product_tag?post=72397"}],"curies":[{"name":"wp","href":"https:\/\/api.w.org\/{rel}","templated":true}]}}