{"id":72179,"date":"2026-04-27T10:35:38","date_gmt":"2026-04-27T10:35:38","guid":{"rendered":"https:\/\/trendsbystylia.com\/produit\/pack-de-toner-noir-hp-ce285ad-85a\/"},"modified":"2026-04-27T10:35:40","modified_gmt":"2026-04-27T10:35:40","slug":"pack-de-toner-noir-hp-ce285ad-85a","status":"publish","type":"product","link":"https:\/\/trendsbystylia.com\/pt\/produto\/pack-de-toner-noir-hp-ce285ad-85a\/","title":{"rendered":"<p>Pack de toner noir HP CE285AD 85A<\/p>"},"content":{"rendered":"<p>Tipo<br>Original<br>Cores para impress\u00e3o<br>Preto<br>Marque compatible<br>HP<br>Type de consommable<br>Pack multiple<br>Tecnologia de impress\u00e3o<br>Impress\u00e3o a laser<br>Compatibilidade<br>HP LaserJet Pro M1132, M1136, M1212, M1214, M1217, P1102, P1566<br>Quantit&eacute; par paquet<br>2 cartouches<br>Rendement d&rsquo;impression du toner noir<br>1&nbsp;600 pages<br>Tipo de cartucho de tinta<br>Haute capacit&eacute; (XL)<br>C\u00f3digo do OEM<br>CE285AD<\/p>","protected":false},"excerpt":{"rendered":"<p>Pack de toner noir HP CE285AD 85A M1132 &ndash; M1136 &ndash; M1212 &ndash; M1217 &ndash; P1102<\/p>","protected":false},"featured_media":75224,"comment_status":"open","ping_status":"open","template":"","meta":{"_seopress_robots_primary_cat":"","_seopress_titles_title":"","_seopress_titles_desc":"","_seopress_robots_index":"","_gspb_post_css":"","content-type":"","jetpack_post_was_ever_published":false},"product_brand":[856],"product_cat":[1274,42,1252],"product_tag":[],"class_list":{"0":"post-72179","1":"product","2":"type-product","3":"status-publish","4":"has-post-thumbnail","6":"product_brand-hp","7":"product_cat-cartouches-toners","8":"product_cat-high-tech","9":"product_cat-impression","10":"pa_couleur-noir","11":"pa_fournisseur-mgs","12":"pa_origine-dexpedition-union-europeenne","14":"first","15":"instock","16":"purchasable","17":"product-type-simple"},"jetpack_sharing_enabled":true,"_links":{"self":[{"href":"https:\/\/trendsbystylia.com\/pt\/wp-json\/wp\/v2\/product\/72179","targetHints":{"allow":["GET"]}}],"collection":[{"href":"https:\/\/trendsbystylia.com\/pt\/wp-json\/wp\/v2\/product"}],"about":[{"href":"https:\/\/trendsbystylia.com\/pt\/wp-json\/wp\/v2\/types\/product"}],"replies":[{"embeddable":true,"href":"https:\/\/trendsbystylia.com\/pt\/wp-json\/wp\/v2\/comments?post=72179"}],"wp:featuredmedia":[{"embeddable":true,"href":"https:\/\/trendsbystylia.com\/pt\/wp-json\/wp\/v2\/media\/75224"}],"wp:attachment":[{"href":"https:\/\/trendsbystylia.com\/pt\/wp-json\/wp\/v2\/media?parent=72179"}],"wp:term":[{"taxonomy":"product_brand","embeddable":true,"href":"https:\/\/trendsbystylia.com\/pt\/wp-json\/wp\/v2\/product_brand?post=72179"},{"taxonomy":"product_cat","embeddable":true,"href":"https:\/\/trendsbystylia.com\/pt\/wp-json\/wp\/v2\/product_cat?post=72179"},{"taxonomy":"product_tag","embeddable":true,"href":"https:\/\/trendsbystylia.com\/pt\/wp-json\/wp\/v2\/product_tag?post=72179"}],"curies":[{"name":"wp","href":"https:\/\/api.w.org\/{rel}","templated":true}]}}