{"id":72120,"date":"2026-04-27T10:34:30","date_gmt":"2026-04-27T10:34:30","guid":{"rendered":"https:\/\/trendsbystylia.com\/produit\/station-daccueil-conceptronic-15-en-1\/"},"modified":"2026-04-27T10:34:41","modified_gmt":"2026-04-27T10:34:41","slug":"station-daccueil-conceptronic-15-en-1","status":"publish","type":"product","link":"https:\/\/trendsbystylia.com\/pt\/produto\/station-daccueil-conceptronic-15-en-1\/","title":{"rendered":"<p>Station d&rsquo;accueil Conceptronic 15 en 1<\/p>"},"content":{"rendered":"<p>Especifica\u00e7\u00f5es t\u00e9cnicas<p>Couleur du produit&nbsp;: Argent<br>Interface h&ocirc;te&nbsp;: USB 3.2 Gen 2 (3.1 Gen 2) Type-C<br>Technologie de connectivit&eacute;&nbsp;: Filaire<br>Ethernet&nbsp;: Oui<br>Nombre de ports USB 3.2 Gen 1 (3.1 Gen 1) Type-A&nbsp;: 2<br>Lecteur de cartes int&eacute;gr&eacute;&nbsp;: Oui<br>Nombre de ports HDMI&nbsp;: 2<br>Sortie casque&nbsp;: 1<\/p><p>R&eacute;f&eacute;rences sp&eacute;cifiques<\/p><p>EAN13&nbsp;: 4015867236611<br>MPN&nbsp;: DONN25G<\/p><\/p>","protected":false},"excerpt":{"rendered":"<p>Station d&rsquo;accueil Conceptronic 15 en 1<\/p>","protected":false},"featured_media":75194,"comment_status":"open","ping_status":"open","template":"","meta":{"_seopress_robots_primary_cat":"","_seopress_titles_title":"","_seopress_titles_desc":"","_seopress_robots_index":"","_gspb_post_css":"","content-type":""},"product_brand":[1259],"product_cat":[1245,42,99],"product_tag":[],"class_list":{"0":"post-72120","1":"product","2":"type-product","3":"status-publish","4":"has-post-thumbnail","6":"product_brand-conceptronic","7":"product_cat-accessoires","8":"product_cat-high-tech","9":"product_cat-high-tech-informatique","10":"pa_couleur-argent","11":"pa_fournisseur-mgs","12":"pa_origine-dexpedition-union-europeenne","14":"first","15":"instock","16":"purchasable","17":"product-type-simple"},"jetpack_sharing_enabled":true,"_links":{"self":[{"href":"https:\/\/trendsbystylia.com\/pt\/wp-json\/wp\/v2\/product\/72120","targetHints":{"allow":["GET"]}}],"collection":[{"href":"https:\/\/trendsbystylia.com\/pt\/wp-json\/wp\/v2\/product"}],"about":[{"href":"https:\/\/trendsbystylia.com\/pt\/wp-json\/wp\/v2\/types\/product"}],"replies":[{"embeddable":true,"href":"https:\/\/trendsbystylia.com\/pt\/wp-json\/wp\/v2\/comments?post=72120"}],"wp:featuredmedia":[{"embeddable":true,"href":"https:\/\/trendsbystylia.com\/pt\/wp-json\/wp\/v2\/media\/75194"}],"wp:attachment":[{"href":"https:\/\/trendsbystylia.com\/pt\/wp-json\/wp\/v2\/media?parent=72120"}],"wp:term":[{"taxonomy":"product_brand","embeddable":true,"href":"https:\/\/trendsbystylia.com\/pt\/wp-json\/wp\/v2\/product_brand?post=72120"},{"taxonomy":"product_cat","embeddable":true,"href":"https:\/\/trendsbystylia.com\/pt\/wp-json\/wp\/v2\/product_cat?post=72120"},{"taxonomy":"product_tag","embeddable":true,"href":"https:\/\/trendsbystylia.com\/pt\/wp-json\/wp\/v2\/product_tag?post=72120"}],"curies":[{"name":"wp","href":"https:\/\/api.w.org\/{rel}","templated":true}]}}