{"id":71611,"date":"2026-04-27T10:27:46","date_gmt":"2026-04-27T10:27:46","guid":{"rendered":"https:\/\/trendsbystylia.com\/produit\/ordinateur-portable-microsoft-ep2-22861-ultra-7-268-v-32-go\/"},"modified":"2026-04-28T13:39:44","modified_gmt":"2026-04-28T13:39:44","slug":"ordinateur-portable-microsoft-ep2-22861-ultra-7-268-v-32-go","status":"publish","type":"product","link":"https:\/\/trendsbystylia.com\/pt\/produto\/ordinateur-portable-microsoft-ep2-22861-ultra-7-268-v-32-go\/","title":{"rendered":"<p>Ordinateur portable Microsoft EP2 &ndash; 22861 Ultra 7 &ndash; 268 V 32 Go<\/p>"},"content":{"rendered":"<p>Especifica\u00e7\u00f5es t\u00e9cnicas<br>G&eacute;n&eacute;ral<br>Type de produit?<br>Ordinateur portable<br>Syst&egrave;mes d&rsquo;exploitation?<br>Windows 11 Pro<br>Mem\u00f3ria<br>RAM?<br>32 Go<br>Technologie?<br>LPDDR5X SDRAM<br>Garantie du fabricant<br>Service et maintenance?<br>Garantie limit&eacute;e &ndash; 1 an<br>Divers<br>Couleur?<br>Preto<br>Accessoires inclus?<br>Adaptateur secteur<br>Empilable?<br>Sim<br>Mat&eacute;riau du bo&icirc;tier?<br>Aluminium anodis&eacute;<br>Lieu de fabrication?<br>R&eacute;gion&nbsp;: Portugal, Espagne<br>Options int&eacute;gr&eacute;es?<br>Capteur de couleur<br>S&eacute;curit&eacute;?<br>Puce de s&eacute;curit&eacute; TPM 2.0 avec Microsoft Pluton<br>Stockage<br>Principal Stockage?<br>512 Go SSD PCIe 4.0<br>Logiciels<br>Logiciels inclus?<br>Microsoft 365 Business Standard, Business Premium ou Applications Microsoft 365 (essai de 30 jours), Applications Microsoft 365 (licence ou abonnement requis)<br>Ecr\u00e3<br>Type?<br>15&Prime;<br>&Eacute;cran large?<br>Sim<br>Fr&eacute;quence de synchronisation verticale &agrave; la r&eacute;solution maximale?<br>120 Hz<br>Densit&eacute; de pixels (ppp)?<br>201<br>Format d&rsquo;image?<br>3:2<br>&Eacute;cran tactile?<br>Oui (multitouch 10 points)<br>Luminosit&eacute; de l&rsquo;image?<br>? 600 cd\/m&sup2;<br>R&eacute;solution?<br>2496 x 1664<br>Caract&eacute;ristiques?<br>Antireflet, Calibrage des couleurs, Espace colorim&eacute;trique sRGB, VividView, HDR (plage dynamique &eacute;tendue), Corning Gorilla Glass 5, PixelSense Flow, Couleur adaptative, Dolby Vision IQ, Gestion automatique des couleurs<br>Bateria<br>Autonomie?<br>Jusqu&rsquo;&agrave; 22 heures<br>Technologie?<br>Lithium-ion 6 cellules<br>Poids?<br>269,5 g<br>Capacit&eacute;?<br>5806 mAh<br>Autonomie de la batterie?<br>Navigation Web&nbsp;: jusqu&rsquo;&agrave; 14 heures<br>Lecture vid&eacute;o&nbsp;: jusqu&rsquo;&agrave; 22 heures<br>Communications<br>Sans fil?<br>802.11a\/b\/g\/n\/ac\/ax\/be, Bluetooth 5.4<br>Dimensions et Poids<br>Poids?<br>1,65 kg<br>Dimensions (Largeur x Profondeur x Hauteur)?<br>32,9 cm x 23,9 cm x 1,826 cm<br>Processeur \/ Jeu de puces<br>Cache?<br>12 Mo<br>Fr&eacute;quence turbo maximale?<br>5 GHz<br>Nombre de c?urs?<br>8 c?urs<br>Processador<br>Intel Core Ultra 7 (s&eacute;rie 2) 268 V \/ 2,2 GHz<br>Fonctionnalit&eacute;s<br>Intel Smart Cache, Intel AI Boost avec NPU 48 TOPS<br>\u00c1udio e v\u00eddeo<br>R&eacute;solution vid&eacute;o<br>1920 x 1080<br>Fr&eacute;quence d&rsquo;images<br>60 images par seconde<br>R&eacute;solution<br>2 m&eacute;gapixels<br>Conformit&eacute; aux normes<br>Dolby Atmos<br>C\u00e2mara<br>Oui 1080p<br>Son<br>Haut-parleurs st&eacute;r&eacute;o, double microphone<br>Fonctionnalit&eacute;s audio<br>Sortie&nbsp;: Haut-parleurs Omnisonic<br>Processeur graphique?<br>Intel Arc Graphics 140V<br>Caract&eacute;ristiques de la cam&eacute;ra?<br>Windows Hello, cadrage automatique, fonction de contact visuel, flou d&rsquo;arri&egrave;re-plan, flou de portrait<br>Entr&eacute;e<br>Type?<br>Clavier, pav&eacute; tactile<br>R&eacute;tro&eacute;clairage du clavier?<br>Sim<br>Fonctionnalit&eacute;s?<br>Pav&eacute; tactile haptique de pr&eacute;cision, touche Copilot<br>Connexions et extension<br>Lecteur de carte m&eacute;moire?<br>Oui (microSDXC)<br>D&eacute;tails de l&rsquo;interface?<br>2 x USB 4 (compatible Thunderbolt 4, DisplayPort 2.1 Alt Mode) (Type C)<br>SurfaceConnect<br>Sortie casque<br>USB 3.1<br>Secteur Adaptateur<br>Puissance de sortie?<br>65 watts<br>Informations sur le d&eacute;veloppement durable<br>Certifi&eacute; TCO?<br>\u2013<br>Contenu de l&rsquo;emballage recycl&eacute;?<br>77 % &ndash; Fibres recycl&eacute;es<\/p>","protected":false},"excerpt":{"rendered":"<p>Ordinateur portable Microsoft EP2-22861 Ultra 7-268V avec 32 Go de RAM, un SSD de 512 Go et un &eacute;cran de 15 pouces<\/p>","protected":false},"featured_media":74932,"comment_status":"open","ping_status":"open","template":"","meta":{"_seopress_robots_primary_cat":"","_seopress_titles_title":"","_seopress_titles_desc":"","_seopress_robots_index":"","_gspb_post_css":"","content-type":""},"product_brand":[806],"product_cat":[42,99,864],"product_tag":[],"class_list":{"0":"post-71611","1":"product","2":"type-product","3":"status-publish","4":"has-post-thumbnail","6":"product_brand-microsoft","7":"product_cat-high-tech","8":"product_cat-high-tech-informatique","9":"product_cat-ordinateurs-portables","10":"pa_couleur-noir","11":"pa_fournisseur-mgs","12":"pa_memoire-512-go","13":"pa_origine-dexpedition-union-europeenne","14":"pa_reseau-bluetooth","16":"first","17":"instock","18":"purchasable","19":"product-type-simple"},"jetpack_sharing_enabled":true,"_links":{"self":[{"href":"https:\/\/trendsbystylia.com\/pt\/wp-json\/wp\/v2\/product\/71611","targetHints":{"allow":["GET"]}}],"collection":[{"href":"https:\/\/trendsbystylia.com\/pt\/wp-json\/wp\/v2\/product"}],"about":[{"href":"https:\/\/trendsbystylia.com\/pt\/wp-json\/wp\/v2\/types\/product"}],"replies":[{"embeddable":true,"href":"https:\/\/trendsbystylia.com\/pt\/wp-json\/wp\/v2\/comments?post=71611"}],"wp:featuredmedia":[{"embeddable":true,"href":"https:\/\/trendsbystylia.com\/pt\/wp-json\/wp\/v2\/media\/74932"}],"wp:attachment":[{"href":"https:\/\/trendsbystylia.com\/pt\/wp-json\/wp\/v2\/media?parent=71611"}],"wp:term":[{"taxonomy":"product_brand","embeddable":true,"href":"https:\/\/trendsbystylia.com\/pt\/wp-json\/wp\/v2\/product_brand?post=71611"},{"taxonomy":"product_cat","embeddable":true,"href":"https:\/\/trendsbystylia.com\/pt\/wp-json\/wp\/v2\/product_cat?post=71611"},{"taxonomy":"product_tag","embeddable":true,"href":"https:\/\/trendsbystylia.com\/pt\/wp-json\/wp\/v2\/product_tag?post=71611"}],"curies":[{"name":"wp","href":"https:\/\/api.w.org\/{rel}","templated":true}]}}