{"id":70834,"date":"2026-04-27T10:13:41","date_gmt":"2026-04-27T10:13:41","guid":{"rendered":"https:\/\/trendsbystylia.com\/produit\/ordinateur-portable-tablette-microsoft-surface-pro-11\/"},"modified":"2026-05-01T13:17:17","modified_gmt":"2026-05-01T13:17:17","slug":"tablette-microsoft-surface-pro-11","status":"publish","type":"product","link":"https:\/\/trendsbystylia.com\/pt\/produto\/tablette-microsoft-surface-pro-11\/","title":{"rendered":"<p>Tablette, Microsoft Surface Pro 11<\/p>"},"content":{"rendered":"<p>Especifica\u00e7\u00f5es t\u00e9cnicas<br>G&eacute;n&eacute;ral<br>Tipo de produto<br>Tablette &ndash; sans clavier<br>Syst&egrave;mes d&rsquo;exploitation<br>Windows 11 Pro<br>Mem\u00f3ria<br>RAM<br>16 Go<br>Tecnologia<br>LPDDR5X SDRAM<br>Divers<br>Acess\u00f3rios inclu\u00eddos<br>Adaptateur secteur<br>Empilable<br>Sim<br>Cor<br>Platine<br>Mat&eacute;riau du bo&icirc;tier<br>Aluminium anodis&eacute;<br>Seguran\u00e7a<br>Puce de s&eacute;curit&eacute; Microsoft Pluton Trusted Platform Module (TPM 2.0)<br>Options int&eacute;gr&eacute;es<br>Accelerom&egrave;tre, gyroscope, magn&eacute;tom&egrave;tre, capteur de couleur ambiante<br>Fonctionnalit&eacute;s<br>Support int&eacute;gr&eacute;, contr&ocirc;le du volume<br>Stockage<br>Stockage principal<br>SSD 512 Go<br>Logiciels<br>Logiciels inclus<br>Applications Microsoft 365 (licence ou abonnement requis), Microsoft Office Xbox 365 Home (essai de 30 jours), Xbox Game Pass Ultimate (essai d&rsquo;1 mois)<br>Ecr\u00e3<br>Large<br>Sim<br>Fr&eacute;quence de synchronisation verticale &agrave; la r&eacute;solution maximale<br>120 Hz<br>Densit&eacute; de pixels (ppp)<br>267<br>Formato da imagem<br>3:2<br>Ecr\u00e3 t\u00e1ctil<br>Oui (multitouch 10 points)<br>R&eacute;solution<br>2880 x 1920<br>Tipo<br>OLED 13&Prime;<br>Caracter\u00edsticas<br>Corning Gorilla Glass 5, PixelSense Flow, Couleur adaptative, Gestion automatique des couleurs, Dolby Vision IQ, VividView, Espace colorim&eacute;trique sRGB, Contraste adaptatif, HDR (High Dynamic Range)<br>Bateria<br>Capacidade<br>53 Wh<br>Autonomie<br>Jusqu&rsquo;&agrave; 14 heures<br>Autonomie de la batterie<br>Navigation Web&nbsp;: jusqu&rsquo;&agrave; 10 heures<br>Vid&eacute;o Autonomie en lecture&nbsp;: jusqu&rsquo;&agrave; 14&nbsp;heures<br>Communications<br>Sem fio<br>Bluetooth 5.4, 802.11a\/b\/g\/n\/ac\/ax\/be (Wi-Fi 7)<br>Dimensions et poids<br>Peso<br>895&nbsp;g<br>Dimensions (largeur x profondeur x hauteur)<br>28,7&nbsp;cm x 20,9&nbsp;cm x 0,93&nbsp;cm<br>Processeur \/ Jeu de puces<br>Cache<br>42&nbsp;Mo<br>Nombre de c?urs<br>12&nbsp;c?urs<br>Fonctionnalit&eacute;s<br>Qualcomm Hexagon NPU<br>Processador<br>Qualcomm Snapdragon X Elite<br>\u00c1udio e v\u00eddeo<br>C\u00e2mara<br>Sim<br>Conformit&eacute; aux normes<br>Dolby Atmos<br>Propri&eacute;t&eacute;s de la cam&eacute;ra<br>Windows Hello<br>Processeur graphique<br>Qualcomm Adreno<br>R&eacute;solution<br>10 m&eacute;gapixels (arri&egrave;re)<br>Son<br>Haut-parleurs st&eacute;r&eacute;o, deux microphones studio &agrave; champ lointain<br>Connectivit&eacute; et extension<br>D&eacute;tails des interfaces&nbsp;: 2 x USB 4 (compatible Thunderbolt 4, DisplayPort 1.4 en mode alternatif) (Type C) TCO<br>\u2013<\/p>","protected":false},"excerpt":{"rendered":"<p>Ordinateur portable\/tablette Microsoft Surface Pro 11 Copilot + PC X1e &ndash; 80 &ndash; 100 16 Go SSD 512 Go 13 pouces<\/p>","protected":false},"featured_media":74541,"comment_status":"open","ping_status":"closed","template":"","meta":{"_seopress_robots_primary_cat":"","_seopress_titles_title":"","_seopress_titles_desc":"","_seopress_robots_index":"","_gspb_post_css":"","content-type":""},"product_brand":[806],"product_cat":[42,99,864,1130],"product_tag":[],"class_list":{"0":"post-70834","1":"product","2":"type-product","3":"status-publish","4":"has-post-thumbnail","6":"product_brand-microsoft","7":"product_cat-high-tech","8":"product_cat-high-tech-informatique","9":"product_cat-ordinateurs-portables","10":"product_cat-tablettes","11":"pa_fournisseur-mgs","12":"pa_memoire-512-go","13":"pa_origine-dexpedition-union-europeenne","14":"pa_reseau-bluetooth","15":"pa_reseau-wi-fi","17":"first","18":"instock","19":"purchasable","20":"product-type-simple"},"jetpack_sharing_enabled":true,"_links":{"self":[{"href":"https:\/\/trendsbystylia.com\/pt\/wp-json\/wp\/v2\/product\/70834","targetHints":{"allow":["GET"]}}],"collection":[{"href":"https:\/\/trendsbystylia.com\/pt\/wp-json\/wp\/v2\/product"}],"about":[{"href":"https:\/\/trendsbystylia.com\/pt\/wp-json\/wp\/v2\/types\/product"}],"replies":[{"embeddable":true,"href":"https:\/\/trendsbystylia.com\/pt\/wp-json\/wp\/v2\/comments?post=70834"}],"wp:featuredmedia":[{"embeddable":true,"href":"https:\/\/trendsbystylia.com\/pt\/wp-json\/wp\/v2\/media\/74541"}],"wp:attachment":[{"href":"https:\/\/trendsbystylia.com\/pt\/wp-json\/wp\/v2\/media?parent=70834"}],"wp:term":[{"taxonomy":"product_brand","embeddable":true,"href":"https:\/\/trendsbystylia.com\/pt\/wp-json\/wp\/v2\/product_brand?post=70834"},{"taxonomy":"product_cat","embeddable":true,"href":"https:\/\/trendsbystylia.com\/pt\/wp-json\/wp\/v2\/product_cat?post=70834"},{"taxonomy":"product_tag","embeddable":true,"href":"https:\/\/trendsbystylia.com\/pt\/wp-json\/wp\/v2\/product_tag?post=70834"}],"curies":[{"name":"wp","href":"https:\/\/api.w.org\/{rel}","templated":true}]}}