{"id":69832,"date":"2025-04-21T15:50:22","date_gmt":"2025-04-21T15:50:22","guid":{"rendered":"https:\/\/trendsbystylia.com\/produit\/support-de-telephone-creatif-pour-voiture-rotatif-et-reglable-pour-grille-daeration-en-abs-et-silicone\/"},"modified":"2025-04-21T17:05:13","modified_gmt":"2025-04-21T17:05:13","slug":"support-de-telephone-creatif-pour-voiture-rotatif-et-reglable-pour-grille-daeration-en-abs-et-silicone","status":"publish","type":"product","link":"https:\/\/trendsbystylia.com\/pt\/produto\/support-de-telephone-creatif-pour-voiture-rotatif-et-reglable-pour-grille-daeration-en-abs-et-silicone\/","title":{"rendered":"<p>Suporte de telem\u00f3vel de carro criativo, girat\u00f3rio e ajust\u00e1vel, para grelha de ventila\u00e7\u00e3o, feito de ABS e silicone<\/p>"},"content":{"rendered":"<div class=\"container\">\n<ul class=\"sell-point\">\n<li>Ce support de t&eacute;l&eacute;phone pour voiture pr&eacute;sente un design transversal unique, ce qui en fait le cadeau id&eacute;al pour les automobilistes cr&eacute;atifs.<br>Support voiture : Con&ccedil;u sp&eacute;cifiquement pour les voitures, ce support offre une fixation robuste et s&eacute;curis&eacute;e pour votre appareil, garantissant sa stabilit&eacute; m&ecirc;me sur les routes accident&eacute;es.<br>Int&eacute;gration navigation : Le support s&rsquo;int&egrave;gre parfaitement au syst&egrave;me de navigation de votre voiture, offrant un acc&egrave;s pratique aux itin&eacute;raires et aux informations pendant la conduite.<br>Montage sur grille d&rsquo;a&eacute;ration : Gr&acirc;ce &agrave; sa fixation sur grille d&rsquo;a&eacute;ration, ce support s&rsquo;installe facilement sur le tableau de bord de votre voiture, pour un gain de place et un confort accrus.<br>Support fixe rotatif : Le support fixe rotatif vous permet d&rsquo;ajuster l&rsquo;angle de vue de votre appareil pour une navigation optimale ou pour vos divertissements.<br>Principales r&eacute;gions de vente : Ce produit est principalement vendu sur le march&eacute; national du e-commerce, ce qui garantit sa pertinence et son ad&eacute;quation aux clients locaux.<\/li>\n<\/ul>\n<p><img decoding=\"async\" src=\"https:\/\/cbu01.alicdn.com\/img\/ibank\/O1CN01hnZnA21Bs3270mCvx_!!0-0-cib.jpg\" alt=\"sup\"><img decoding=\"async\" src=\"https:\/\/cbu01.alicdn.com\/img\/ibank\/O1CN01C3Y3xR1Bs326OKnPz_!!0-0-cib.jpg\" alt=\"sup\"><img decoding=\"async\" src=\"https:\/\/cbu01.alicdn.com\/img\/ibank\/O1CN01lbt2FW1Bs323PdNQx_!!0-0-cib.jpg\" alt=\"sup\"><img decoding=\"async\" src=\"https:\/\/cbu01.alicdn.com\/img\/ibank\/O1CN01bznbdh1Bs323Pah1f_!!0-0-cib.jpg\" alt=\"sup\"><img decoding=\"async\" src=\"https:\/\/cbu01.alicdn.com\/img\/ibank\/O1CN01yfK3iE1Bs31z4hsd9_!!0-0-cib.jpg\" alt=\"sup\"><img decoding=\"async\" src=\"https:\/\/cbu01.alicdn.com\/img\/ibank\/O1CN01bB0FDP1Bs325CpxmV_!!0-0-cib.jpg\" alt=\"sup\"><img decoding=\"async\" src=\"https:\/\/cbu01.alicdn.com\/img\/ibank\/O1CN01aoBaao1Bs3266630I_!!0-0-cib.jpg\" alt=\"sup\"><img decoding=\"async\" src=\"https:\/\/cbu01.alicdn.com\/img\/ibank\/O1CN01nOiqDa1Bs3245qgNr_!!0-0-cib.jpg\" alt=\"sup\"><img decoding=\"async\" src=\"https:\/\/cbu01.alicdn.com\/img\/ibank\/O1CN01sLjA3g1Bs31z4hg9j_!!0-0-cib.jpg\" alt=\"sup\"><\/p><\/div>","protected":false},"excerpt":{"rendered":"<p>Suporte de telem\u00f3vel de carro criativo, girat\u00f3rio e ajust\u00e1vel, para grelha de ventila\u00e7\u00e3o, feito de ABS e silicone<\/p>","protected":false},"featured_media":69827,"comment_status":"open","ping_status":"closed","template":"","meta":{"_seopress_robots_primary_cat":"","_seopress_titles_title":"","_seopress_titles_desc":"","_seopress_robots_index":"","_gspb_post_css":"","content-type":"","jetpack_post_was_ever_published":false,"jetpack_publicize_message":"","jetpack_publicize_feature_enabled":true,"jetpack_social_post_already_shared":true,"jetpack_social_options":{"image_generator_settings":{"template":"highway","default_image_id":0,"font":"","enabled":false},"version":2}},"product_brand":[],"product_cat":[838],"product_tag":[],"class_list":{"0":"post-69832","1":"product","2":"type-product","3":"status-publish","4":"has-post-thumbnail","6":"product_cat-accessoires-smartphones","7":"product_shipping_class-hors-ue-standard","9":"first","10":"instock","11":"taxable","12":"shipping-taxable","13":"purchasable","14":"product-type-simple"},"jetpack_publicize_connections":[],"jetpack_sharing_enabled":true,"_links":{"self":[{"href":"https:\/\/trendsbystylia.com\/pt\/wp-json\/wp\/v2\/product\/69832","targetHints":{"allow":["GET"]}}],"collection":[{"href":"https:\/\/trendsbystylia.com\/pt\/wp-json\/wp\/v2\/product"}],"about":[{"href":"https:\/\/trendsbystylia.com\/pt\/wp-json\/wp\/v2\/types\/product"}],"replies":[{"embeddable":true,"href":"https:\/\/trendsbystylia.com\/pt\/wp-json\/wp\/v2\/comments?post=69832"}],"wp:featuredmedia":[{"embeddable":true,"href":"https:\/\/trendsbystylia.com\/pt\/wp-json\/wp\/v2\/media\/69827"}],"wp:attachment":[{"href":"https:\/\/trendsbystylia.com\/pt\/wp-json\/wp\/v2\/media?parent=69832"}],"wp:term":[{"taxonomy":"product_brand","embeddable":true,"href":"https:\/\/trendsbystylia.com\/pt\/wp-json\/wp\/v2\/product_brand?post=69832"},{"taxonomy":"product_cat","embeddable":true,"href":"https:\/\/trendsbystylia.com\/pt\/wp-json\/wp\/v2\/product_cat?post=69832"},{"taxonomy":"product_tag","embeddable":true,"href":"https:\/\/trendsbystylia.com\/pt\/wp-json\/wp\/v2\/product_tag?post=69832"}],"curies":[{"name":"wp","href":"https:\/\/api.w.org\/{rel}","templated":true}]}}