{"id":62727,"date":"2025-03-30T22:54:36","date_gmt":"2025-03-30T22:54:36","guid":{"rendered":"https:\/\/trendsbystylia.com\/?post_type=product&#038;p=62727"},"modified":"2025-04-04T22:22:23","modified_gmt":"2025-04-04T22:22:23","slug":"tp-link-gateway-omada-hardware-controller-black-oc400","status":"publish","type":"product","link":"https:\/\/trendsbystylia.com\/pt\/produto\/tp-link-gateway-omada-hardware-controller-black-oc400\/","title":{"rendered":"<p>TP-LINK Gateway Omada Hardware Controller Black &ndash; OC400<\/p>"},"content":{"rendered":"<div id=\"HTML_SPEC\" class=\"ITSs\">\n<div class=\"ITSg\">General<\/div>\n<div class=\"ITSr0\">\n<div class=\"ITSn\">Tipo<\/div>\n<div class=\"ITSv\">Access Point<\/div>\n<\/div>\n<div class=\"ITSr1\">\n<div class=\"ITSn\">Build type (external\/internal)<\/div>\n<div class=\"ITSv\">Rack module<\/div>\n<\/div>\n<div class=\"ITSg\">Interfaces\/Conectividade<\/div>\n<div class=\"ITSr0\">\n<div class=\"ITSn\">Interfaces universais<\/div>\n<div class=\"ITSv\">USB 3.0<\/div>\n<\/div>\n<div class=\"ITSg\">Network<\/div>\n<div class=\"ITSr0\">\n<div class=\"ITSn\">Network protocol<\/div>\n<div class=\"ITSv\">HTTPS<\/div>\n<\/div>\n<div class=\"ITSr1\">\n<div class=\"ITSn\">Network standards<\/div>\n<div class=\"ITSv\">Ethernet<\/div>\n<\/div>\n<div class=\"ITSr0\">\n<div class=\"ITSn\">Network ports<\/div>\n<div class=\"ITSv\">RJ-45<\/div>\n<\/div>\n<div class=\"ITSg\">Especifica\u00e7\u00f5es t\u00e9cnicas<\/div>\n<div class=\"ITSr0\">\n<div class=\"ITSn\">M\u00e9dia<\/div>\n<div class=\"ITSv\">WLAN<\/div>\n<\/div>\n<div class=\"ITSr1\">\n<div class=\"ITSn\">Transmission rate<\/div>\n<div class=\"ITSv\">1 Gbps<\/div>\n<\/div>\n<div class=\"ITSg\">Compatibilidade<\/div>\n<div class=\"ITSr0\">\n<div class=\"ITSn\">Marcas compat\u00edveis<\/div>\n<div class=\"ITSv\">TP-LINK<\/div>\n<\/div>\n<div class=\"ITSg\">Outros acess\u00f3rios<\/div>\n<div class=\"ITSr0\">\n<div class=\"ITSn\">Certifica\u00e7\u00e3o<\/div>\n<div class=\"ITSv\">CE FCC<\/div>\n<\/div>\n<\/div>","protected":false},"excerpt":{"rendered":"<p>TP-LINK OMADA HARDWARE<\/p>","protected":false},"featured_media":65095,"comment_status":"open","ping_status":"closed","template":"","meta":{"_seopress_robots_primary_cat":"","_seopress_titles_title":"","_seopress_titles_desc":"","_seopress_robots_index":"","_gspb_post_css":"","content-type":"","jetpack_post_was_ever_published":false,"jetpack_publicize_message":"","jetpack_publicize_feature_enabled":true,"jetpack_social_post_already_shared":true,"jetpack_social_options":{"image_generator_settings":{"template":"highway","default_image_id":0,"font":"","enabled":false},"version":2}},"product_brand":[729],"product_cat":[725],"product_tag":[],"class_list":{"0":"post-62727","1":"product","2":"type-product","3":"status-publish","4":"has-post-thumbnail","6":"product_brand-tp-link","7":"product_cat-routeurs","8":"product_shipping_class-makant-standard","9":"pa_origine-dexpedition-union-europeenne-allemagne-2","11":"first","12":"instock","13":"taxable","14":"shipping-taxable","15":"purchasable","16":"product-type-simple"},"jetpack_publicize_connections":[],"jetpack_sharing_enabled":true,"_links":{"self":[{"href":"https:\/\/trendsbystylia.com\/pt\/wp-json\/wp\/v2\/product\/62727","targetHints":{"allow":["GET"]}}],"collection":[{"href":"https:\/\/trendsbystylia.com\/pt\/wp-json\/wp\/v2\/product"}],"about":[{"href":"https:\/\/trendsbystylia.com\/pt\/wp-json\/wp\/v2\/types\/product"}],"replies":[{"embeddable":true,"href":"https:\/\/trendsbystylia.com\/pt\/wp-json\/wp\/v2\/comments?post=62727"}],"wp:featuredmedia":[{"embeddable":true,"href":"https:\/\/trendsbystylia.com\/pt\/wp-json\/wp\/v2\/media\/65095"}],"wp:attachment":[{"href":"https:\/\/trendsbystylia.com\/pt\/wp-json\/wp\/v2\/media?parent=62727"}],"wp:term":[{"taxonomy":"product_brand","embeddable":true,"href":"https:\/\/trendsbystylia.com\/pt\/wp-json\/wp\/v2\/product_brand?post=62727"},{"taxonomy":"product_cat","embeddable":true,"href":"https:\/\/trendsbystylia.com\/pt\/wp-json\/wp\/v2\/product_cat?post=62727"},{"taxonomy":"product_tag","embeddable":true,"href":"https:\/\/trendsbystylia.com\/pt\/wp-json\/wp\/v2\/product_tag?post=62727"}],"curies":[{"name":"wp","href":"https:\/\/api.w.org\/{rel}","templated":true}]}}