{"id":62723,"date":"2025-03-30T22:54:37","date_gmt":"2025-03-30T22:54:37","guid":{"rendered":"https:\/\/trendsbystylia.com\/?post_type=product&#038;p=62723"},"modified":"2025-04-04T22:22:22","modified_gmt":"2025-04-04T22:22:22","slug":"tp-link-mesh-wifi-system-dual-band-router-poe-wi-fi-6-white-deco-x50-poe","status":"publish","type":"product","link":"https:\/\/trendsbystylia.com\/pt\/produto\/tp-link-mesh-wifi-system-dual-band-router-poe-wi-fi-6-white-deco-x50-poe\/","title":{"rendered":"<p>TP-LINK Mesh WiFi System Dual-Band Router POE Wi-Fi 6 White &ndash; DECO X50-POE<\/p>"},"content":{"rendered":"<div id=\"HTML_SPEC\" class=\"ITSs\">\n<div class=\"ITSg\">General<\/div>\n<div class=\"ITSr0\">\n<div class=\"ITSn\">Tipo<\/div>\n<div class=\"ITSv\">Router<\/div>\n<\/div>\n<div class=\"ITSg\">Network<\/div>\n<div class=\"ITSr0\">\n<div class=\"ITSn\">Network standards<\/div>\n<div class=\"ITSv\">Power over Ethernet WLAN<\/div>\n<\/div>\n<div class=\"ITSr1\">\n<div class=\"ITSn\">Network ports<\/div>\n<div class=\"ITSv\">RJ-45<\/div>\n<\/div>\n<div class=\"ITSg\">Especifica\u00e7\u00f5es t\u00e9cnicas<\/div>\n<div class=\"ITSr0\">\n<div class=\"ITSn\">M\u00e9dia<\/div>\n<div class=\"ITSv\">WLAN<\/div>\n<\/div>\n<div class=\"ITSr1\">\n<div class=\"ITSn\">Transmission rate<\/div>\n<div class=\"ITSv\">1 Gbps<\/div>\n<\/div>\n<div class=\"ITSr0\">\n<div class=\"ITSn\">Sistemas operativos<\/div>\n<div class=\"ITSv\">andr\u00f3ide<\/div>\n<\/div>\n<div class=\"ITSg\">Compatibilidade<\/div>\n<div class=\"ITSr0\">\n<div class=\"ITSn\">Marcas compat\u00edveis<\/div>\n<div class=\"ITSv\">TP-LINK<\/div>\n<\/div>\n<div class=\"ITSg\">Outros acess\u00f3rios<\/div>\n<div class=\"ITSr0\">\n<div class=\"ITSn\">Certifica\u00e7\u00e3o<\/div>\n<div class=\"ITSv\">CE FCC<\/div>\n<\/div>\n<\/div>","protected":false},"excerpt":{"rendered":"<p>TP-LINK DECO X50-POE(1-PACK) &ndash; Blanc &ndash; Interne &ndash; Routeur maill&eacute; &ndash; 230 m&sup2; &ndash; 0 &ndash; 40 &deg;C &ndash; -40 &ndash; 60 &deg;C &ndash; AX3000 (2402\/574 Mbps) &ndash; Wi-Fi 6 2.4\/5 GHz &ndash; 2 x RJ-45 &ndash; 154 x 154 x 68.6 mm &ndash; 1-pack<\/p>","protected":false},"featured_media":65098,"comment_status":"open","ping_status":"closed","template":"","meta":{"_seopress_robots_primary_cat":"","_seopress_titles_title":"","_seopress_titles_desc":"","_seopress_robots_index":"","_gspb_post_css":"","content-type":"","jetpack_post_was_ever_published":false,"jetpack_publicize_message":"","jetpack_publicize_feature_enabled":true,"jetpack_social_post_already_shared":true,"jetpack_social_options":{"image_generator_settings":{"template":"highway","default_image_id":0,"font":"","enabled":false},"version":2}},"product_brand":[729],"product_cat":[725],"product_tag":[],"class_list":{"0":"post-62723","1":"product","2":"type-product","3":"status-publish","4":"has-post-thumbnail","6":"product_brand-tp-link","7":"product_cat-routeurs","8":"product_shipping_class-makant-standard","9":"pa_origine-dexpedition-union-europeenne-allemagne-2","11":"first","12":"instock","13":"taxable","14":"shipping-taxable","15":"purchasable","16":"product-type-simple"},"jetpack_publicize_connections":[],"jetpack_sharing_enabled":true,"_links":{"self":[{"href":"https:\/\/trendsbystylia.com\/pt\/wp-json\/wp\/v2\/product\/62723","targetHints":{"allow":["GET"]}}],"collection":[{"href":"https:\/\/trendsbystylia.com\/pt\/wp-json\/wp\/v2\/product"}],"about":[{"href":"https:\/\/trendsbystylia.com\/pt\/wp-json\/wp\/v2\/types\/product"}],"replies":[{"embeddable":true,"href":"https:\/\/trendsbystylia.com\/pt\/wp-json\/wp\/v2\/comments?post=62723"}],"wp:featuredmedia":[{"embeddable":true,"href":"https:\/\/trendsbystylia.com\/pt\/wp-json\/wp\/v2\/media\/65098"}],"wp:attachment":[{"href":"https:\/\/trendsbystylia.com\/pt\/wp-json\/wp\/v2\/media?parent=62723"}],"wp:term":[{"taxonomy":"product_brand","embeddable":true,"href":"https:\/\/trendsbystylia.com\/pt\/wp-json\/wp\/v2\/product_brand?post=62723"},{"taxonomy":"product_cat","embeddable":true,"href":"https:\/\/trendsbystylia.com\/pt\/wp-json\/wp\/v2\/product_cat?post=62723"},{"taxonomy":"product_tag","embeddable":true,"href":"https:\/\/trendsbystylia.com\/pt\/wp-json\/wp\/v2\/product_tag?post=62723"}],"curies":[{"name":"wp","href":"https:\/\/api.w.org\/{rel}","templated":true}]}}