{"id":62505,"date":"2025-03-30T22:56:55","date_gmt":"2025-03-30T22:56:55","guid":{"rendered":"https:\/\/trendsbystylia.com\/?post_type=product&#038;p=62505"},"modified":"2025-04-04T23:10:58","modified_gmt":"2025-04-04T23:10:58","slug":"razer-seiren-v3-microphone-chroma-pink-rz19-05060300-r3m1","status":"publish","type":"product","link":"https:\/\/trendsbystylia.com\/pt\/produto\/razer-seiren-v3-microphone-chroma-pink-rz19-05060300-r3m1\/","title":{"rendered":"<p>Razer Seiren V3 Microfone Chroma Pink \u2013 RZ19-05060300-R3M1<\/p>"},"content":{"rendered":"<div id=\"HTML_SPEC\" class=\"ITSs\">\n<div class=\"ITSg\">General<\/div>\n<div class=\"ITSr0\">\n<div class=\"ITSn\">Tipo<\/div>\n<div class=\"ITSv\">Microfone<\/div>\n<\/div>\n<div class=\"ITSr1\">\n<div class=\"ITSn\">Cor<\/div>\n<div class=\"ITSv\">Rose<\/div>\n<\/div>\n<div class=\"ITSg\">Especifica\u00e7\u00f5es t\u00e9cnicas<\/div>\n<div class=\"ITSr0\">\n<div class=\"ITSn\">Gama de frequ\u00eancias at\u00e9<\/div>\n<div class=\"ITSv\">96 KHz<\/div>\n<\/div>\n<\/div>","protected":false},"excerpt":{"rendered":"<p>Razer Seiren V3 Chroma &ndash; Quartz &ndash; Microphone &ndash; 96 KHz<\/p>","protected":false},"featured_media":65229,"comment_status":"open","ping_status":"closed","template":"","meta":{"_seopress_robots_primary_cat":"","_seopress_titles_title":"","_seopress_titles_desc":"","_seopress_robots_index":"","_gspb_post_css":"","content-type":"","jetpack_post_was_ever_published":false,"jetpack_publicize_message":"","jetpack_publicize_feature_enabled":true,"jetpack_social_post_already_shared":true,"jetpack_social_options":{"image_generator_settings":{"template":"highway","default_image_id":0,"font":"","enabled":false},"version":2}},"product_brand":[760],"product_cat":[1149],"product_tag":[],"class_list":{"0":"post-62505","1":"product","2":"type-product","3":"status-publish","4":"has-post-thumbnail","6":"product_brand-razer","7":"product_cat-microphones","8":"product_shipping_class-makant-standard","9":"pa_origine-dexpedition-union-europeenne-allemagne-2","11":"first","12":"instock","13":"taxable","14":"shipping-taxable","15":"purchasable","16":"product-type-simple"},"jetpack_publicize_connections":[],"jetpack_sharing_enabled":true,"_links":{"self":[{"href":"https:\/\/trendsbystylia.com\/pt\/wp-json\/wp\/v2\/product\/62505","targetHints":{"allow":["GET"]}}],"collection":[{"href":"https:\/\/trendsbystylia.com\/pt\/wp-json\/wp\/v2\/product"}],"about":[{"href":"https:\/\/trendsbystylia.com\/pt\/wp-json\/wp\/v2\/types\/product"}],"replies":[{"embeddable":true,"href":"https:\/\/trendsbystylia.com\/pt\/wp-json\/wp\/v2\/comments?post=62505"}],"wp:featuredmedia":[{"embeddable":true,"href":"https:\/\/trendsbystylia.com\/pt\/wp-json\/wp\/v2\/media\/65229"}],"wp:attachment":[{"href":"https:\/\/trendsbystylia.com\/pt\/wp-json\/wp\/v2\/media?parent=62505"}],"wp:term":[{"taxonomy":"product_brand","embeddable":true,"href":"https:\/\/trendsbystylia.com\/pt\/wp-json\/wp\/v2\/product_brand?post=62505"},{"taxonomy":"product_cat","embeddable":true,"href":"https:\/\/trendsbystylia.com\/pt\/wp-json\/wp\/v2\/product_cat?post=62505"},{"taxonomy":"product_tag","embeddable":true,"href":"https:\/\/trendsbystylia.com\/pt\/wp-json\/wp\/v2\/product_tag?post=62505"}],"curies":[{"name":"wp","href":"https:\/\/api.w.org\/{rel}","templated":true}]}}