{"id":62430,"date":"2025-03-30T22:57:22","date_gmt":"2025-03-30T22:57:22","guid":{"rendered":"https:\/\/trendsbystylia.com\/?post_type=product&#038;p=62430"},"modified":"2025-03-30T22:57:22","modified_gmt":"2025-03-30T22:57:22","slug":"ubiquiti-unifi-access-point-pro-wifi-7-indoor-2-5-gbe-uplink-300-u7-pro","status":"publish","type":"product","link":"https:\/\/trendsbystylia.com\/pt\/produto\/ubiquiti-unifi-access-point-pro-wifi-7-indoor-2-5-gbe-uplink-300-u7-pro\/","title":{"rendered":"<p>Ubiquiti Unifi Access Point Pro WiFi 7 Indoor 2.5 GbE uplink 300 &ndash; U7-PRO<\/p>"},"content":{"rendered":"<div id=\"HTML_SPEC\" class=\"ITSs\">\n<div class=\"ITSg\">General<\/div>\n<div class=\"ITSr0\">\n<div class=\"ITSn\">Tipo<\/div>\n<div class=\"ITSv\">Access Point<\/div>\n<\/div>\n<div class=\"ITSr1\">\n<div class=\"ITSn\">Other product features (i.e. waterproof, volume control, &hellip;)<\/div>\n<div class=\"ITSv\">Indoor use<\/div>\n<\/div>\n<div class=\"ITSg\">Network<\/div>\n<div class=\"ITSr0\">\n<div class=\"ITSn\">Network standards<\/div>\n<div class=\"ITSv\">Power over Ethernet<\/div>\n<\/div>\n<div class=\"ITSr1\">\n<div class=\"ITSn\">Network ports<\/div>\n<div class=\"ITSv\">RJ-45<\/div>\n<\/div>\n<div class=\"ITSg\">Especifica\u00e7\u00f5es t\u00e9cnicas<\/div>\n<div class=\"ITSr0\">\n<div class=\"ITSn\">M\u00e9dia<\/div>\n<div class=\"ITSv\">WLAN<\/div>\n<\/div>\n<div class=\"ITSr1\">\n<div class=\"ITSn\">Transmission rate<\/div>\n<div class=\"ITSv\">9,3 Gbps<\/div>\n<\/div>\n<div class=\"ITSr0\">\n<div class=\"ITSn\">Wireless technologie<\/div>\n<div class=\"ITSv\">Sem fio<\/div>\n<\/div>\n<div class=\"ITSg\">Outros acess\u00f3rios<\/div>\n<div class=\"ITSr0\">\n<div class=\"ITSn\">Certifica\u00e7\u00e3o<\/div>\n<div class=\"ITSv\">CE FCC<\/div>\n<\/div>\n<\/div>","protected":false},"excerpt":{"rendered":"<p>Ubiquiti Unifi Access Point Pro WiFi 7 Indoor 2.5 GbE uplink 300 User+<\/p>","protected":false},"featured_media":65248,"comment_status":"open","ping_status":"closed","template":"","meta":{"_seopress_robots_primary_cat":"","_seopress_titles_title":"","_seopress_titles_desc":"","_seopress_robots_index":"","_gspb_post_css":"","content-type":"","jetpack_post_was_ever_published":false,"jetpack_publicize_message":"","jetpack_publicize_feature_enabled":true,"jetpack_social_post_already_shared":true,"jetpack_social_options":{"image_generator_settings":{"template":"highway","default_image_id":0,"font":"","enabled":false},"version":2}},"product_brand":[726],"product_cat":[732],"product_tag":[],"class_list":{"0":"post-62430","1":"product","2":"type-product","3":"status-publish","4":"has-post-thumbnail","6":"product_brand-ubiquiti","7":"product_cat-point-access","8":"pa_origine-dexpedition-union-europeenne-allemagne-2","10":"first","11":"instock","12":"taxable","13":"shipping-taxable","14":"purchasable","15":"product-type-simple"},"jetpack_publicize_connections":[],"jetpack_sharing_enabled":true,"_links":{"self":[{"href":"https:\/\/trendsbystylia.com\/pt\/wp-json\/wp\/v2\/product\/62430","targetHints":{"allow":["GET"]}}],"collection":[{"href":"https:\/\/trendsbystylia.com\/pt\/wp-json\/wp\/v2\/product"}],"about":[{"href":"https:\/\/trendsbystylia.com\/pt\/wp-json\/wp\/v2\/types\/product"}],"replies":[{"embeddable":true,"href":"https:\/\/trendsbystylia.com\/pt\/wp-json\/wp\/v2\/comments?post=62430"}],"wp:featuredmedia":[{"embeddable":true,"href":"https:\/\/trendsbystylia.com\/pt\/wp-json\/wp\/v2\/media\/65248"}],"wp:attachment":[{"href":"https:\/\/trendsbystylia.com\/pt\/wp-json\/wp\/v2\/media?parent=62430"}],"wp:term":[{"taxonomy":"product_brand","embeddable":true,"href":"https:\/\/trendsbystylia.com\/pt\/wp-json\/wp\/v2\/product_brand?post=62430"},{"taxonomy":"product_cat","embeddable":true,"href":"https:\/\/trendsbystylia.com\/pt\/wp-json\/wp\/v2\/product_cat?post=62430"},{"taxonomy":"product_tag","embeddable":true,"href":"https:\/\/trendsbystylia.com\/pt\/wp-json\/wp\/v2\/product_tag?post=62430"}],"curies":[{"name":"wp","href":"https:\/\/api.w.org\/{rel}","templated":true}]}}