{"id":62381,"date":"2025-03-30T22:57:56","date_gmt":"2025-03-30T22:57:56","guid":{"rendered":"https:\/\/trendsbystylia.com\/?post_type=product&#038;p=62381"},"modified":"2025-04-03T15:49:01","modified_gmt":"2025-04-03T15:49:01","slug":"samsung-sm-l300n-galaxy-watch7-smartwatch-cream-40mm-de-sm-l300nzeadbt","status":"publish","type":"product","link":"https:\/\/trendsbystylia.com\/pt\/produto\/samsung-sm-l300n-galaxy-watch7-smartwatch-cream-40mm-de-sm-l300nzeadbt\/","title":{"rendered":"<p>Samsung SM-L300N Galaxy Watch7 Smartwatch cream 40mm DE &ndash; SM-L300NZEADBT<\/p>"},"content":{"rendered":"<div id=\"HTML_SPEC\" class=\"ITSs\">\n<div class=\"ITSg\">General<\/div>\n<div class=\"ITSr0\">\n<div class=\"ITSn\">Tipo<\/div>\n<div class=\"ITSv\">Smartwatch<\/div>\n<\/div>\n<div class=\"ITSr1\">\n<div class=\"ITSn\">Material<\/div>\n<div class=\"ITSv\">Caoutchouc\/Silicone<\/div>\n<\/div>\n<div class=\"ITSr0\">\n<div class=\"ITSn\">Cor<\/div>\n<div class=\"ITSv\">Branco<\/div>\n<\/div>\n<div class=\"ITSg\">Especifica\u00e7\u00f5es t\u00e9cnicas<\/div>\n<div class=\"ITSr0\">\n<div class=\"ITSn\">Sistemas operativos<\/div>\n<div class=\"ITSv\">andr\u00f3ide<\/div>\n<\/div>\n<div class=\"ITSr1\">\n<div class=\"ITSn\">Internal memory<\/div>\n<div class=\"ITSv\">2 GB<\/div>\n<\/div>\n<div class=\"ITSr0\">\n<div class=\"ITSn\">(Screen) diagonal<\/div>\n<div class=\"ITSv\">40 mm<\/div>\n<\/div>\n<div class=\"ITSr1\">\n<div class=\"ITSn\">Mobile communications standard<\/div>\n<div class=\"ITSv\">SMS<\/div>\n<\/div>\n<\/div>","protected":false},"excerpt":{"rendered":"<p>Samsung Galaxy Watch 7 Bluetooth 40mm Cream &ndash; Smartwatch<\/p>","protected":false},"featured_media":65278,"comment_status":"open","ping_status":"closed","template":"","meta":{"_seopress_robots_primary_cat":"","_seopress_titles_title":"","_seopress_titles_desc":"","_seopress_robots_index":"","_gspb_post_css":"","content-type":"","jetpack_post_was_ever_published":false,"jetpack_publicize_message":"","jetpack_publicize_feature_enabled":true,"jetpack_social_post_already_shared":true,"jetpack_social_options":{"image_generator_settings":{"template":"highway","default_image_id":0,"font":"","enabled":false},"version":2}},"product_brand":[768],"product_cat":[776],"product_tag":[],"class_list":{"0":"post-62381","1":"product","2":"type-product","3":"status-publish","4":"has-post-thumbnail","6":"product_brand-samsung","7":"product_cat-smartwatches","8":"product_shipping_class-makant-standard","9":"pa_origine-dexpedition-union-europeenne-allemagne-2","11":"first","12":"instock","13":"taxable","14":"shipping-taxable","15":"purchasable","16":"product-type-simple"},"jetpack_publicize_connections":[],"jetpack_sharing_enabled":true,"_links":{"self":[{"href":"https:\/\/trendsbystylia.com\/pt\/wp-json\/wp\/v2\/product\/62381","targetHints":{"allow":["GET"]}}],"collection":[{"href":"https:\/\/trendsbystylia.com\/pt\/wp-json\/wp\/v2\/product"}],"about":[{"href":"https:\/\/trendsbystylia.com\/pt\/wp-json\/wp\/v2\/types\/product"}],"replies":[{"embeddable":true,"href":"https:\/\/trendsbystylia.com\/pt\/wp-json\/wp\/v2\/comments?post=62381"}],"wp:featuredmedia":[{"embeddable":true,"href":"https:\/\/trendsbystylia.com\/pt\/wp-json\/wp\/v2\/media\/65278"}],"wp:attachment":[{"href":"https:\/\/trendsbystylia.com\/pt\/wp-json\/wp\/v2\/media?parent=62381"}],"wp:term":[{"taxonomy":"product_brand","embeddable":true,"href":"https:\/\/trendsbystylia.com\/pt\/wp-json\/wp\/v2\/product_brand?post=62381"},{"taxonomy":"product_cat","embeddable":true,"href":"https:\/\/trendsbystylia.com\/pt\/wp-json\/wp\/v2\/product_cat?post=62381"},{"taxonomy":"product_tag","embeddable":true,"href":"https:\/\/trendsbystylia.com\/pt\/wp-json\/wp\/v2\/product_tag?post=62381"}],"curies":[{"name":"wp","href":"https:\/\/api.w.org\/{rel}","templated":true}]}}