{"id":59984,"date":"2025-03-30T23:09:33","date_gmt":"2025-03-30T23:09:33","guid":{"rendered":"https:\/\/trendsbystylia.com\/?post_type=product&#038;p=59984"},"modified":"2025-04-02T18:28:21","modified_gmt":"2025-04-02T18:28:21","slug":"wmf-chopper-knife-15-cm-stainless-steel-1-880-426-032","status":"publish","type":"product","link":"https:\/\/trendsbystylia.com\/pt\/produto\/wmf-chopper-knife-15-cm-stainless-steel-1-880-426-032\/","title":{"rendered":"<p>WMF Faca de picador 15 cm A\u00e7o inoxid\u00e1vel 1.880.426.032<\/p>"},"content":{"rendered":"<div id=\"HTML_SPEC\" class=\"ITSs\">\n<div class=\"ITSg\">General<\/div>\n<div class=\"ITSr0\">\n<div class=\"ITSn\">Tipo<\/div>\n<div class=\"ITSv\">Talheres<\/div>\n<\/div>\n<div class=\"ITSr1\">\n<div class=\"ITSn\">Material<\/div>\n<div class=\"ITSv\">A\u00e7o inoxid\u00e1vel<\/div>\n<\/div>\n<div class=\"ITSr0\">\n<div class=\"ITSn\">Material<\/div>\n<div class=\"ITSv\">A\u00e7o inoxid\u00e1vel<\/div>\n<\/div>\n<div class=\"ITSr1\">\n<div class=\"ITSn\">Cor<\/div>\n<div class=\"ITSv\">Prata<\/div>\n<\/div>\n<\/div>","protected":false},"excerpt":{"rendered":"<p>WMF 18.8042.6032 (em ingl\u00eas). Faca tipo Faca-cortador, comprimento da l\u00e2mina 15 cm, Material da l\u00e2mina A\u00e7o inoxid\u00e1vel. N\u00famero de produtos inclu\u00eddos 1 pe\u00e7a(s)<\/p>","protected":false},"featured_media":66013,"comment_status":"open","ping_status":"closed","template":"","meta":{"_seopress_robots_primary_cat":"","_seopress_titles_title":"","_seopress_titles_desc":"","_seopress_robots_index":"","_gspb_post_css":"","content-type":"","jetpack_post_was_ever_published":false,"jetpack_publicize_message":"","jetpack_publicize_feature_enabled":true,"jetpack_social_post_already_shared":true,"jetpack_social_options":{"image_generator_settings":{"template":"highway","default_image_id":0,"font":"","enabled":false},"version":2}},"product_brand":[899],"product_cat":[901,1138],"product_tag":[],"class_list":{"0":"post-59984","1":"product","2":"type-product","3":"status-publish","4":"has-post-thumbnail","6":"product_brand-wmf","7":"product_cat-couteaux-trancheuse-electrique","8":"product_cat-ustensiles","9":"product_shipping_class-makant-standard","10":"pa_origine-dexpedition-union-europeenne-allemagne-2","12":"first","13":"instock","14":"taxable","15":"shipping-taxable","16":"purchasable","17":"product-type-simple"},"jetpack_publicize_connections":[],"jetpack_sharing_enabled":true,"_links":{"self":[{"href":"https:\/\/trendsbystylia.com\/pt\/wp-json\/wp\/v2\/product\/59984","targetHints":{"allow":["GET"]}}],"collection":[{"href":"https:\/\/trendsbystylia.com\/pt\/wp-json\/wp\/v2\/product"}],"about":[{"href":"https:\/\/trendsbystylia.com\/pt\/wp-json\/wp\/v2\/types\/product"}],"replies":[{"embeddable":true,"href":"https:\/\/trendsbystylia.com\/pt\/wp-json\/wp\/v2\/comments?post=59984"}],"wp:featuredmedia":[{"embeddable":true,"href":"https:\/\/trendsbystylia.com\/pt\/wp-json\/wp\/v2\/media\/66013"}],"wp:attachment":[{"href":"https:\/\/trendsbystylia.com\/pt\/wp-json\/wp\/v2\/media?parent=59984"}],"wp:term":[{"taxonomy":"product_brand","embeddable":true,"href":"https:\/\/trendsbystylia.com\/pt\/wp-json\/wp\/v2\/product_brand?post=59984"},{"taxonomy":"product_cat","embeddable":true,"href":"https:\/\/trendsbystylia.com\/pt\/wp-json\/wp\/v2\/product_cat?post=59984"},{"taxonomy":"product_tag","embeddable":true,"href":"https:\/\/trendsbystylia.com\/pt\/wp-json\/wp\/v2\/product_tag?post=59984"}],"curies":[{"name":"wp","href":"https:\/\/api.w.org\/{rel}","templated":true}]}}