{"id":59419,"date":"2025-03-30T23:11:09","date_gmt":"2025-03-30T23:11:09","guid":{"rendered":"https:\/\/trendsbystylia.com\/?post_type=product&#038;p=59419"},"modified":"2025-03-31T19:54:36","modified_gmt":"2025-03-31T19:54:36","slug":"samsung-galaxy-tab-a9-8-7-4gb-64gb-5g-de-graphite-sm-x115nzaaeub","status":"publish","type":"product","link":"https:\/\/trendsbystylia.com\/pt\/produto\/samsung-galaxy-tab-a9-8-7-4gb-64gb-5g-de-graphite-sm-x115nzaaeub\/","title":{"rendered":"<p>Samsung Galaxy Tab A9 8.7 4GB\/64GB 5G DE Graphite SM-X115NZAAEUB<\/p>"},"content":{"rendered":"<div id=\"HTML_SPEC\" class=\"ITSs\">\n<div class=\"ITSg\">General<\/div>\n<div class=\"ITSr0\">\n<div class=\"ITSn\">Linha de produtos<\/div>\n<div class=\"ITSv\">Samsung Galaxy Tab<\/div>\n<\/div>\n<div class=\"ITSr1\">\n<div class=\"ITSn\">Nom du mod&egrave;le<\/div>\n<div class=\"ITSv\">Galaxy Tab A<\/div>\n<\/div>\n<div class=\"ITSr0\">\n<div class=\"ITSn\">Tipo<\/div>\n<div class=\"ITSv\">Comprimido<\/div>\n<\/div>\n<div class=\"ITSg\">Disco r\u00edgido<\/div>\n<div class=\"ITSr0\">\n<div class=\"ITSn\">Mem\u00f3ria flash<\/div>\n<div class=\"ITSv\">64 GB<\/div>\n<\/div>\n<div class=\"ITSg\">Memory<\/div>\n<div class=\"ITSr0\">\n<div class=\"ITSn\">Mem\u00f3ria principal<\/div>\n<div class=\"ITSv\">4096 MB<\/div>\n<\/div>\n<div class=\"ITSg\">Processador<\/div>\n<div class=\"ITSr0\">\n<div class=\"ITSn\">Clock speed<\/div>\n<div class=\"ITSv\">2 GHz<\/div>\n<\/div>\n<div class=\"ITSg\">Visualiza\u00e7\u00e3o<\/div>\n<div class=\"ITSr0\">\n<div class=\"ITSn\">Ecr\u00e3 diagonal (cm)<\/div>\n<div class=\"ITSv\">22,05 cm<\/div>\n<\/div>\n<div class=\"ITSr1\">\n<div class=\"ITSn\">Ecr\u00e3 diagonal<\/div>\n<div class=\"ITSv\">8,7 <\/div>\n<\/div>\n<div class=\"ITSr0\">\n<div class=\"ITSn\">Resolu\u00e7\u00e3o nativa<\/div>\n<div class=\"ITSv\">1340 * 800<\/div>\n<\/div>\n<div class=\"ITSr1\">\n<div class=\"ITSn\">Resolu\u00e7\u00e3o<\/div>\n<div class=\"ITSv\">WXGA+ (1440&times;900)<\/div>\n<\/div>\n<div class=\"ITSr0\">\n<div class=\"ITSn\">Panel  type<\/div>\n<div class=\"ITSv\">TFT<\/div>\n<\/div>\n<div class=\"ITSg\">Interfaces\/Conectividade<\/div>\n<div class=\"ITSr0\">\n<div class=\"ITSn\">Interfaces universais<\/div>\n<div class=\"ITSv\">USB Tipo C<\/div>\n<\/div>\n<div class=\"ITSr1\">\n<div class=\"ITSn\">Liga\u00e7\u00e3o de rede integrada<\/div>\n<div class=\"ITSv\">WLAN<\/div>\n<\/div>\n<div class=\"ITSr0\">\n<div class=\"ITSn\">Integrated mobile network connectivity<\/div>\n<div class=\"ITSv\">LTE<\/div>\n<\/div>\n<div class=\"ITSg\">Especifica\u00e7\u00f5es t\u00e9cnicas<\/div>\n<div class=\"ITSr0\">\n<div class=\"ITSn\">Sistema de opera\u00e7\u00e3o<\/div>\n<div class=\"ITSv\">andr\u00f3ide<\/div>\n<\/div>\n<div class=\"ITSr1\">\n<div class=\"ITSn\">CPU<\/div>\n<div class=\"ITSv\">Apple A9<\/div>\n<\/div>\n<div class=\"ITSr0\">\n<div class=\"ITSn\">Webcam resolution<\/div>\n<div class=\"ITSv\">2 MP<\/div>\n<\/div>\n<\/div>","protected":false},"excerpt":{"rendered":"<p>Samsung Galaxy Tab A9. Taille de l&rsquo;&eacute;cran 22,1 cm (8.7), R&eacute;solution de l&rsquo;&eacute;cran 1340 x 800 pixels. Capacit&eacute; de stockage interne 64 Go. Fr&eacute;quence du processeur 2 GHz. M&eacute;moire interne 4 Go. R&eacute;solution de la cam&eacute;ra arri&egrave;re (numerique) 8 MP, Type de cam&eacute;ra arri&egrave;re Cam&eacute;ra unique, R&eacute;solution de la cam&eacute;ra avant (numerique) 2 MP, Cam&eacute;ra avant. Norme Wi-Fi Wi-Fi 5 (802.11ac). Lecteur de cartes m&eacute;moires int&eacute;gr&eacute;. Poids 332 g. Couleur du produit Graphite<\/p>","protected":false},"featured_media":66119,"comment_status":"open","ping_status":"closed","template":"","meta":{"_seopress_robots_primary_cat":"","_seopress_titles_title":"","_seopress_titles_desc":"","_seopress_robots_index":"","_gspb_post_css":"","content-type":"","jetpack_post_was_ever_published":false,"jetpack_publicize_message":"","jetpack_publicize_feature_enabled":true,"jetpack_social_post_already_shared":true,"jetpack_social_options":{"image_generator_settings":{"template":"highway","default_image_id":0,"font":"","enabled":false},"version":2}},"product_brand":[768],"product_cat":[1130,800],"product_tag":[],"class_list":{"0":"post-59419","1":"product","2":"type-product","3":"status-publish","4":"has-post-thumbnail","6":"product_brand-samsung","7":"product_cat-tablettes","8":"product_cat-tablettes-pc-samsung","9":"product_shipping_class-makant-standard","10":"pa_origine-dexpedition-union-europeenne-allemagne-2","12":"first","13":"instock","14":"taxable","15":"shipping-taxable","16":"purchasable","17":"product-type-simple"},"jetpack_publicize_connections":[],"jetpack_sharing_enabled":true,"_links":{"self":[{"href":"https:\/\/trendsbystylia.com\/pt\/wp-json\/wp\/v2\/product\/59419","targetHints":{"allow":["GET"]}}],"collection":[{"href":"https:\/\/trendsbystylia.com\/pt\/wp-json\/wp\/v2\/product"}],"about":[{"href":"https:\/\/trendsbystylia.com\/pt\/wp-json\/wp\/v2\/types\/product"}],"replies":[{"embeddable":true,"href":"https:\/\/trendsbystylia.com\/pt\/wp-json\/wp\/v2\/comments?post=59419"}],"wp:featuredmedia":[{"embeddable":true,"href":"https:\/\/trendsbystylia.com\/pt\/wp-json\/wp\/v2\/media\/66119"}],"wp:attachment":[{"href":"https:\/\/trendsbystylia.com\/pt\/wp-json\/wp\/v2\/media?parent=59419"}],"wp:term":[{"taxonomy":"product_brand","embeddable":true,"href":"https:\/\/trendsbystylia.com\/pt\/wp-json\/wp\/v2\/product_brand?post=59419"},{"taxonomy":"product_cat","embeddable":true,"href":"https:\/\/trendsbystylia.com\/pt\/wp-json\/wp\/v2\/product_cat?post=59419"},{"taxonomy":"product_tag","embeddable":true,"href":"https:\/\/trendsbystylia.com\/pt\/wp-json\/wp\/v2\/product_tag?post=59419"}],"curies":[{"name":"wp","href":"https:\/\/api.w.org\/{rel}","templated":true}]}}