{"id":59383,"date":"2025-03-30T23:11:15","date_gmt":"2025-03-30T23:11:15","guid":{"rendered":"https:\/\/trendsbystylia.com\/?post_type=product&#038;p=59383"},"modified":"2025-04-06T13:45:15","modified_gmt":"2025-04-06T13:45:15","slug":"sennheiser-epos-impact-d-10-phone-ii-headset-1000994","status":"publish","type":"product","link":"https:\/\/trendsbystylia.com\/pt\/produto\/sennheiser-epos-impact-d-10-phone-ii-headset-1000994\/","title":{"rendered":"<p>Sennheiser EPOS Impact D 10 Phone II Headset 1000994<\/p>"},"content":{"rendered":"<div id=\"HTML_SPEC\" class=\"ITSs\">\n<div class=\"ITSg\">General<\/div>\n<div class=\"ITSr0\">\n<div class=\"ITSn\">Tipo<\/div>\n<div class=\"ITSv\">Headset<\/div>\n<\/div>\n<div class=\"ITSr1\">\n<div class=\"ITSn\">Caracter\u00edsticas<\/div>\n<div class=\"ITSv\">Plug&rsquo;n&rsquo;Play Volume control<\/div>\n<\/div>\n<div class=\"ITSr0\">\n<div class=\"ITSn\">Formatos \u00e1udio anal\u00f3gicos<\/div>\n<div class=\"ITSv\">Mono<\/div>\n<\/div>\n<div class=\"ITSr1\">\n<div class=\"ITSn\">Anula\u00e7\u00e3o de ru\u00eddo e eco<\/div>\n<div class=\"ITSv\">Redu\u00e7\u00e3o do ru\u00eddo<\/div>\n<\/div>\n<div class=\"ITSr0\">\n<div class=\"ITSn\">Tecnologia sem fios<\/div>\n<div class=\"ITSv\">Sem fio<\/div>\n<\/div>\n<div class=\"ITSr1\">\n<div class=\"ITSn\">Acess\u00f3rio como esta\u00e7\u00f5es de carga e ancoragem<\/div>\n<div class=\"ITSv\">Quick charger<\/div>\n<\/div>\n<div class=\"ITSr0\">\n<div class=\"ITSn\">Additional functions \/ special equipment<\/div>\n<div class=\"ITSv\">Earloop<\/div>\n<\/div>\n<div class=\"ITSr1\">\n<div class=\"ITSn\">Battery technology<\/div>\n<div class=\"ITSv\">Lithium-Polymer<\/div>\n<\/div>\n<div class=\"ITSr0\">\n<div class=\"ITSn\">Peso<\/div>\n<div class=\"ITSv\">50 g<\/div>\n<\/div>\n<div class=\"ITSr1\">\n<div class=\"ITSn\">Cor<\/div>\n<div class=\"ITSv\">Preto<\/div>\n<\/div>\n<div class=\"ITSr0\">\n<div class=\"ITSn\">Quantidade<\/div>\n<div class=\"ITSv\">10e<\/div>\n<\/div>\n<\/div>","protected":false},"excerpt":{"rendered":"<p>EPOS IMPACT D 10 Phone ? EU II. Type de produit Casque. Technologie de connectivit&eacute; Sans fil. Utilisation recommand&eacute;e Bureau\/Centre d&rsquo;appels, Couleur du produit Noir<\/p>","protected":false},"featured_media":66127,"comment_status":"open","ping_status":"closed","template":"","meta":{"_seopress_robots_primary_cat":"","_seopress_titles_title":"","_seopress_titles_desc":"","_seopress_robots_index":"","_gspb_post_css":"","content-type":"","jetpack_post_was_ever_published":false,"jetpack_publicize_message":"","jetpack_publicize_feature_enabled":true,"jetpack_social_post_already_shared":true,"jetpack_social_options":{"image_generator_settings":{"template":"highway","default_image_id":0,"font":"","enabled":false},"version":2}},"product_brand":[797],"product_cat":[798],"product_tag":[],"class_list":{"0":"post-59383","1":"product","2":"type-product","3":"status-publish","4":"has-post-thumbnail","6":"product_brand-sennheiser","7":"product_cat-casques-oreillettes","8":"product_shipping_class-makant-standard","9":"pa_origine-dexpedition-union-europeenne-allemagne-2","11":"first","12":"instock","13":"taxable","14":"shipping-taxable","15":"purchasable","16":"product-type-simple"},"jetpack_publicize_connections":[],"jetpack_sharing_enabled":true,"_links":{"self":[{"href":"https:\/\/trendsbystylia.com\/pt\/wp-json\/wp\/v2\/product\/59383","targetHints":{"allow":["GET"]}}],"collection":[{"href":"https:\/\/trendsbystylia.com\/pt\/wp-json\/wp\/v2\/product"}],"about":[{"href":"https:\/\/trendsbystylia.com\/pt\/wp-json\/wp\/v2\/types\/product"}],"replies":[{"embeddable":true,"href":"https:\/\/trendsbystylia.com\/pt\/wp-json\/wp\/v2\/comments?post=59383"}],"wp:featuredmedia":[{"embeddable":true,"href":"https:\/\/trendsbystylia.com\/pt\/wp-json\/wp\/v2\/media\/66127"}],"wp:attachment":[{"href":"https:\/\/trendsbystylia.com\/pt\/wp-json\/wp\/v2\/media?parent=59383"}],"wp:term":[{"taxonomy":"product_brand","embeddable":true,"href":"https:\/\/trendsbystylia.com\/pt\/wp-json\/wp\/v2\/product_brand?post=59383"},{"taxonomy":"product_cat","embeddable":true,"href":"https:\/\/trendsbystylia.com\/pt\/wp-json\/wp\/v2\/product_cat?post=59383"},{"taxonomy":"product_tag","embeddable":true,"href":"https:\/\/trendsbystylia.com\/pt\/wp-json\/wp\/v2\/product_tag?post=59383"}],"curies":[{"name":"wp","href":"https:\/\/api.w.org\/{rel}","templated":true}]}}