{"id":58927,"date":"2025-03-30T23:12:33","date_gmt":"2025-03-30T23:12:33","guid":{"rendered":"https:\/\/trendsbystylia.com\/?post_type=product&#038;p=58927"},"modified":"2025-04-01T01:16:23","modified_gmt":"2025-04-01T01:16:23","slug":"philips-series-2200-machines-espresso-entierement-automatiques-ep2224-10","status":"publish","type":"product","link":"https:\/\/trendsbystylia.com\/pt\/produto\/philips-series-2200-machines-espresso-entierement-automatiques-ep2224-10\/","title":{"rendered":"<p>Philips Series 2200 M\u00e1quinas de caf\u00e9 expresso totalmente autom\u00e1ticas EP2224\/10<\/p>"},"content":{"rendered":"<div id=\"HTML_SPEC\" class=\"ITSs\">\n<div class=\"ITSg\">representa\u00e7\u00e3o\/realiza\u00e7\u00e3o<\/div>\n<div class=\"ITSr0\">\n<div class=\"ITSn\">Placement de l&rsquo;appareil<\/div>\n<div class=\"ITSv\">Comptoir<\/div>\n<\/div>\n<div class=\"ITSr1\">\n<div class=\"ITSn\">Tipo de produto<\/div>\n<div class=\"ITSv\">Machine &agrave; expresso<\/div>\n<\/div>\n<div class=\"ITSr0\">\n<div class=\"ITSn\">Capacit&eacute; du r&eacute;servoir d&rsquo;eau<\/div>\n<div class=\"ITSv\">1.8 L<\/div>\n<\/div>\n<div class=\"ITSr1\">\n<div class=\"ITSn\">Type de cafeti&egrave;re<\/div>\n<div class=\"ITSv\">Enti&egrave;rement automatique<\/div>\n<\/div>\n<div class=\"ITSr0\">\n<div class=\"ITSn\">Type d&rsquo;entr&eacute;e &agrave; caf&eacute;<\/div>\n<div class=\"ITSv\">Caf&eacute; en grains<\/div>\n<\/div>\n<div class=\"ITSr1\">\n<div class=\"ITSn\">R&eacute;servoir de caf&eacute;<\/div>\n<div class=\"ITSv\">Tasse<\/div>\n<\/div>\n<div class=\"ITSr0\">\n<div class=\"ITSn\">Pression maximum<\/div>\n<div class=\"ITSv\">15 bar<\/div>\n<\/div>\n<div class=\"ITSr1\">\n<div class=\"ITSn\">Broyeur int&eacute;gr&eacute;<\/div>\n<div class=\"ITSv\">Sim<\/div>\n<\/div>\n<div class=\"ITSr0\">\n<div class=\"ITSn\">Nombre de moulins &agrave; caf&eacute;<\/div>\n<div class=\"ITSv\">1 pe\u00e7a(s)<\/div>\n<\/div>\n<div class=\"ITSr1\">\n<div class=\"ITSn\">Type de broyeur<\/div>\n<div class=\"ITSv\">Meuleuse c&eacute;ramique<\/div>\n<\/div>\n<div class=\"ITSr0\">\n<div class=\"ITSn\">Param&egrave;tres r&eacute;glables moulin<\/div>\n<div class=\"ITSv\">Sim<\/div>\n<\/div>\n<div class=\"ITSr1\">\n<div class=\"ITSn\">Nombre de param&egrave;tres moulin<\/div>\n<div class=\"ITSv\">12<\/div>\n<\/div>\n<div class=\"ITSr0\">\n<div class=\"ITSn\">Capacit&eacute; du r&eacute;servoir &agrave; grains<\/div>\n<div class=\"ITSv\">275 g<\/div>\n<\/div>\n<div class=\"ITSr1\">\n<div class=\"ITSn\">Intensit&eacute; du caf&eacute; r&eacute;glable<\/div>\n<div class=\"ITSv\">Sim<\/div>\n<\/div>\n<div class=\"ITSr0\">\n<div class=\"ITSn\">Nombre de param&egrave;tres de force de caf&eacute;<\/div>\n<div class=\"ITSv\">3<\/div>\n<\/div>\n<div class=\"ITSr1\">\n<div class=\"ITSn\">Nombre de becs<\/div>\n<div class=\"ITSv\">2<\/div>\n<\/div>\n<div class=\"ITSr0\">\n<div class=\"ITSn\">Plage de hauteur de verseur de caf&eacute; r&eacute;glable<\/div>\n<div class=\"ITSv\">85 &ndash; 145 mm<\/div>\n<\/div>\n<div class=\"ITSr1\">\n<div class=\"ITSn\">Syst&egrave;me d&rsquo;eau chaude<\/div>\n<div class=\"ITSv\">Sim<\/div>\n<\/div>\n<div class=\"ITSr0\">\n<div class=\"ITSn\">Temperatura ajust\u00e1vel<\/div>\n<div class=\"ITSv\">Sim<\/div>\n<\/div>\n<div class=\"ITSr1\">\n<div class=\"ITSn\">N\u00famero de regula\u00e7\u00f5es de temperatura<\/div>\n<div class=\"ITSv\">3<\/div>\n<\/div>\n<div class=\"ITSr0\">\n<div class=\"ITSn\">Vanne de vapeur<\/div>\n<div class=\"ITSv\">Sim<\/div>\n<\/div>\n<div class=\"ITSr1\">\n<div class=\"ITSn\">Filtro de \u00e1gua<\/div>\n<div class=\"ITSv\">Sim<\/div>\n<\/div>\n<div class=\"ITSr0\">\n<div class=\"ITSn\">Fonction Calc-Clean<\/div>\n<div class=\"ITSv\">Sim<\/div>\n<\/div>\n<div class=\"ITSr1\">\n<div class=\"ITSn\">Parties lavables au lave vaisselle<\/div>\n<div class=\"ITSv\">Sim<\/div>\n<\/div>\n<div class=\"ITSr0\">\n<div class=\"ITSn\">Compatibilit&eacute; du filtre<\/div>\n<div class=\"ITSv\">AquaClean<\/div>\n<\/div>\n<div class=\"ITSr1\">\n<div class=\"ITSn\">Contr&ocirc;le d&rsquo;ar&ocirc;me de pr&eacute;paration<\/div>\n<div class=\"ITSv\">Sim<\/div>\n<\/div>\n<div class=\"ITSr0\">\n<div class=\"ITSn\">Pa\u00eds de origem<\/div>\n<div class=\"ITSv\">Roumain<\/div>\n<\/div>\n<div class=\"ITSg\">Ergonomia<\/div>\n<div class=\"ITSr0\">\n<div class=\"ITSn\">Cor do produto<\/div>\n<div class=\"ITSv\">Anthracite<\/div>\n<\/div>\n<div class=\"ITSr1\">\n<div class=\"ITSn\">Tipo de ordem<\/div>\n<div class=\"ITSv\">Buttons, Touch<\/div>\n<\/div>\n<div class=\"ITSr0\">\n<div class=\"ITSn\">Ecr\u00e3 incorporado<\/div>\n<div class=\"ITSv\">Sim<\/div>\n<\/div>\n<div class=\"ITSr1\">\n<div class=\"ITSn\">Ecr\u00e3 t\u00e1ctil<\/div>\n<div class=\"ITSv\">Sim<\/div>\n<\/div>\n<div class=\"ITSr0\">\n<div class=\"ITSn\">Capacit&eacute; du conteneur de capsules usag&eacute;es<\/div>\n<div class=\"ITSv\">12 pi&egrave;ce(s)<\/div>\n<\/div>\n<div class=\"ITSr1\">\n<div class=\"ITSn\">R&eacute;servoir d&rsquo;eau amovible<\/div>\n<div class=\"ITSv\">Sim<\/div>\n<\/div>\n<div class=\"ITSr0\">\n<div class=\"ITSn\">Bac de r&eacute;cup&eacute;ration amovible<\/div>\n<div class=\"ITSv\">Sim<\/div>\n<\/div>\n<div class=\"ITSr1\">\n<div class=\"ITSn\">Brassage amovible \/ unit&eacute; de perfusion<\/div>\n<div class=\"ITSv\">Sim<\/div>\n<\/div>\n<div class=\"ITSr0\">\n<div class=\"ITSn\">Comprimento do cabo<\/div>\n<div class=\"ITSv\">1 m<\/div>\n<\/div>\n<div class=\"ITSr1\">\n<div class=\"ITSn\">Indicateur de calcaire<\/div>\n<div class=\"ITSv\">Sim<\/div>\n<\/div>\n<div class=\"ITSg\">Fonctions et programmes de cuisson<\/div>\n<div class=\"ITSr0\">\n<div class=\"ITSn\">Multi beverage<\/div>\n<div class=\"ITSv\">Sim<\/div>\n<\/div>\n<div class=\"ITSr1\">\n<div class=\"ITSn\">Fabrication de caf&eacute;<\/div>\n<div class=\"ITSv\">Sim<\/div>\n<\/div>\n<div class=\"ITSr0\">\n<div class=\"ITSn\">Fabrication d&rsquo;expresso<\/div>\n<div class=\"ITSv\">Sim<\/div>\n<\/div>\n<div class=\"ITSr1\">\n<div class=\"ITSn\">Fabrication de capucccino<\/div>\n<div class=\"ITSv\">N\u00e3o<\/div>\n<\/div>\n<div class=\"ITSg\">Pot\u00eancia<\/div>\n<div class=\"ITSr0\">\n<div class=\"ITSn\">Pot\u00eancia<\/div>\n<div class=\"ITSv\">1500 W<\/div>\n<\/div>\n<div class=\"ITSr1\">\n<div class=\"ITSn\">Tens\u00e3o de entrada CA<\/div>\n<div class=\"ITSv\">230 V<\/div>\n<\/div>\n<div class=\"ITSr0\">\n<div class=\"ITSn\">Frequ\u00eancia de entrada CA<\/div>\n<div class=\"ITSv\">50 Hz<\/div>\n<\/div>\n<div class=\"ITSr1\">\n<div class=\"ITSn\">Classe d&rsquo;efficacit&eacute; &eacute;nerg&eacute;tique<\/div>\n<div class=\"ITSv\">A<\/div>\n<\/div>\n<div class=\"ITSr0\">\n<div class=\"ITSn\">Mode &Eacute;conomie d&rsquo;&eacute;nergie<\/div>\n<div class=\"ITSv\">Sim<\/div>\n<\/div>\n<div class=\"ITSr1\">\n<div class=\"ITSn\">Consumo (m\u00e1x.)<\/div>\n<div class=\"ITSv\">1500 W<\/div>\n<\/div>\n<div class=\"ITSg\">Peso e dimens\u00f5es<\/div>\n<div class=\"ITSr0\">\n<div class=\"ITSn\">Largura<\/div>\n<div class=\"ITSv\">246 mm<\/div>\n<\/div>\n<div class=\"ITSr1\">\n<div class=\"ITSn\">Profundidade<\/div>\n<div class=\"ITSv\">433 mm<\/div>\n<\/div>\n<div class=\"ITSr0\">\n<div class=\"ITSn\">Altura<\/div>\n<div class=\"ITSv\">371 mm<\/div>\n<\/div>\n<div class=\"ITSr1\">\n<div class=\"ITSn\">Peso<\/div>\n<div class=\"ITSv\">7.5 kg<\/div>\n<\/div>\n<div class=\"ITSg\">Informa\u00e7\u00f5es sobre a embalagem<\/div>\n<div class=\"ITSr0\">\n<div class=\"ITSn\">Quantidade<\/div>\n<div class=\"ITSv\">1 pe\u00e7a(s)<\/div>\n<\/div>\n<div class=\"ITSg\">Outras caracter\u00edsticas<\/div>\n<div class=\"ITSr0\">\n<div class=\"ITSn\">Mat&eacute;riaux d&rsquo;emballage recyclable<\/div>\n<div class=\"ITSv\">95 %<\/div>\n<\/div>\n<div class=\"ITSr1\">\n<div class=\"ITSn\">Pays de production<\/div>\n<div class=\"ITSv\">Italie<\/div>\n<\/div>\n<div class=\"ITSg\">Dados t\u00e9cnicos<\/div>\n<div class=\"ITSr0\">\n<div class=\"ITSn\">Hauteur maximale de la tasse<\/div>\n<div class=\"ITSv\">15 cm<\/div>\n<\/div>\n<div class=\"ITSr1\">\n<div class=\"ITSn\">D&eacute;tartrage guid&eacute; et rin&ccedil;age automatique<\/div>\n<div class=\"ITSv\">Sim<\/div>\n<\/div>\n<div class=\"ITSr0\">\n<div class=\"ITSn\">Groupe de pr&eacute;paration amovible<\/div>\n<div class=\"ITSv\">Sim<\/div>\n<\/div>\n<\/div>","protected":false},"excerpt":{"rendered":"<p>D&eacute;gustez le d&eacute;licieux ar&ocirc;me d&rsquo;un caf&eacute; fra&icirc;chement pr&eacute;par&eacute; avec des grains de caf&eacute; de qualit&eacute;, parfaitement torr&eacute;fi&eacute;s et moulus, gr&acirc;ce &agrave; notre syst&egrave;me intelligent de pr&eacute;paration du caf&eacute;. Con&ccedil;u pour vous offrir une exp&eacute;rience caf&eacute;in&eacute;e exceptionnelle, notre cafeti&egrave;re assure une temp&eacute;rature parfaite pour chaque tasse, r&eacute;v&eacute;lant ainsi tous les ar&ocirc;mes et les saveurs subtiles du caf&eacute;.<p>Le mousseur &agrave; lait classique inclus vous permet de cr&eacute;er des boissons lact&eacute;es velout&eacute;es en toute simplicit&eacute;. Que ce soit un cappuccino cr&eacute;meux ou un latte macchiato mousseux, vous pouvez r&eacute;aliser vos boissons pr&eacute;f&eacute;r&eacute;es comme un v&eacute;ritable barista, ajoutant une touche de sophistication &agrave; votre routine caf&eacute; du matin.<\/p><\/p>","protected":false},"featured_media":66221,"comment_status":"open","ping_status":"closed","template":"","meta":{"_seopress_robots_primary_cat":"","_seopress_titles_title":"","_seopress_titles_desc":"","_seopress_robots_index":"","_gspb_post_css":"","content-type":"","jetpack_post_was_ever_published":false,"jetpack_publicize_message":"","jetpack_publicize_feature_enabled":true,"jetpack_social_post_already_shared":true,"jetpack_social_options":{"image_generator_settings":{"template":"highway","default_image_id":0,"font":"","enabled":false},"version":2}},"product_brand":[819],"product_cat":[728],"product_tag":[],"class_list":{"0":"post-58927","1":"product","2":"type-product","3":"status-publish","4":"has-post-thumbnail","6":"product_brand-philips","7":"product_cat-machines-a-cafe","8":"product_shipping_class-makant-standard","9":"pa_origine-dexpedition-union-europeenne-allemagne-2","11":"first","12":"instock","13":"taxable","14":"shipping-taxable","15":"purchasable","16":"product-type-simple"},"jetpack_publicize_connections":[],"jetpack_sharing_enabled":true,"_links":{"self":[{"href":"https:\/\/trendsbystylia.com\/pt\/wp-json\/wp\/v2\/product\/58927","targetHints":{"allow":["GET"]}}],"collection":[{"href":"https:\/\/trendsbystylia.com\/pt\/wp-json\/wp\/v2\/product"}],"about":[{"href":"https:\/\/trendsbystylia.com\/pt\/wp-json\/wp\/v2\/types\/product"}],"replies":[{"embeddable":true,"href":"https:\/\/trendsbystylia.com\/pt\/wp-json\/wp\/v2\/comments?post=58927"}],"wp:featuredmedia":[{"embeddable":true,"href":"https:\/\/trendsbystylia.com\/pt\/wp-json\/wp\/v2\/media\/66221"}],"wp:attachment":[{"href":"https:\/\/trendsbystylia.com\/pt\/wp-json\/wp\/v2\/media?parent=58927"}],"wp:term":[{"taxonomy":"product_brand","embeddable":true,"href":"https:\/\/trendsbystylia.com\/pt\/wp-json\/wp\/v2\/product_brand?post=58927"},{"taxonomy":"product_cat","embeddable":true,"href":"https:\/\/trendsbystylia.com\/pt\/wp-json\/wp\/v2\/product_cat?post=58927"},{"taxonomy":"product_tag","embeddable":true,"href":"https:\/\/trendsbystylia.com\/pt\/wp-json\/wp\/v2\/product_tag?post=58927"}],"curies":[{"name":"wp","href":"https:\/\/api.w.org\/{rel}","templated":true}]}}