{"id":58860,"date":"2025-03-30T23:12:51","date_gmt":"2025-03-30T23:12:51","guid":{"rendered":"https:\/\/trendsbystylia.com\/?post_type=product&#038;p=58860"},"modified":"2025-03-31T16:44:54","modified_gmt":"2025-03-31T16:44:54","slug":"gigaset-gl590-feature-phone-32mb-dual-sim-black-s30853-h1178-r102","status":"publish","type":"product","link":"https:\/\/trendsbystylia.com\/pt\/produto\/gigaset-gl590-feature-phone-32mb-dual-sim-black-s30853-h1178-r102\/","title":{"rendered":"<p>Gigaset GL590 Feature Phone 32MB Dual Sim Black S30853-H1178-R102<\/p>"},"content":{"rendered":"<div id=\"HTML_SPEC\" class=\"ITSs\">\n<div class=\"ITSg\">Ecr\u00e3<\/div>\n<div class=\"ITSr0\">\n<div class=\"ITSn\">Dimens\u00e3o do ecr\u00e3<\/div>\n<div class=\"ITSv\">7.11 cm<\/div>\n<\/div>\n<div class=\"ITSr1\">\n<div class=\"ITSn\">Resolu\u00e7\u00e3o do ecr\u00e3<\/div>\n<div class=\"ITSv\">240 x 320 pixels<\/div>\n<\/div>\n<div class=\"ITSr0\">\n<div class=\"ITSn\">Ecr\u00e3 t\u00e1ctil<\/div>\n<div class=\"ITSv\">N\u00e3o<\/div>\n<\/div>\n<div class=\"ITSr1\">\n<div class=\"ITSn\">&Eacute;cran externe<\/div>\n<div class=\"ITSv\">N\u00e3o<\/div>\n<\/div>\n<div class=\"ITSg\">Peso e dimens\u00f5es<\/div>\n<div class=\"ITSr0\">\n<div class=\"ITSn\">Peso<\/div>\n<div class=\"ITSv\">113 g<\/div>\n<\/div>\n<div class=\"ITSr1\">\n<div class=\"ITSn\">Largura<\/div>\n<div class=\"ITSv\">58 mm<\/div>\n<\/div>\n<div class=\"ITSr0\">\n<div class=\"ITSn\">Profundidade<\/div>\n<div class=\"ITSv\">18.8 mm<\/div>\n<\/div>\n<div class=\"ITSr1\">\n<div class=\"ITSn\">Altura<\/div>\n<div class=\"ITSv\">109.4 mm<\/div>\n<\/div>\n<div class=\"ITSg\">Rede<\/div>\n<div class=\"ITSr0\">\n<div class=\"ITSn\">Capacit&eacute; de la carte SIM<\/div>\n<div class=\"ITSv\">Double SIM<\/div>\n<\/div>\n<div class=\"ITSr1\">\n<div class=\"ITSn\">Wifi<\/div>\n<div class=\"ITSv\">N\u00e3o<\/div>\n<\/div>\n<div class=\"ITSr0\">\n<div class=\"ITSn\">G&eacute;n&eacute;ration de r&eacute;seau mobile<\/div>\n<div class=\"ITSv\">2G<\/div>\n<\/div>\n<div class=\"ITSr1\">\n<div class=\"ITSn\">Donn&eacute;es du r&eacute;seau<\/div>\n<div class=\"ITSv\">GSM<\/div>\n<\/div>\n<div class=\"ITSr0\">\n<div class=\"ITSn\">WAP<\/div>\n<div class=\"ITSv\">N\u00e3o<\/div>\n<\/div>\n<div class=\"ITSr1\">\n<div class=\"ITSn\">Bande 2G (1&egrave;re carte SIM)<\/div>\n<div class=\"ITSv\">900,1900 MHz<\/div>\n<\/div>\n<div class=\"ITSg\">C\u00e2mara<\/div>\n<div class=\"ITSr0\">\n<div class=\"ITSn\">Cam&eacute;ra arri&egrave;re<\/div>\n<div class=\"ITSv\">Sim<\/div>\n<\/div>\n<div class=\"ITSr1\">\n<div class=\"ITSn\">Resolu\u00e7\u00e3o da c\u00e2mara traseira (num\u00e9rica)<\/div>\n<div class=\"ITSv\">0.3 MP<\/div>\n<\/div>\n<div class=\"ITSr0\">\n<div class=\"ITSn\">C\u00e2mara frontal<\/div>\n<div class=\"ITSv\">N\u00e3o<\/div>\n<\/div>\n<div class=\"ITSg\">\u00c1udio<\/div>\n<div class=\"ITSr0\">\n<div class=\"ITSn\">R\u00e1dio FM<\/div>\n<div class=\"ITSv\">Sim<\/div>\n<\/div>\n<div class=\"ITSr1\">\n<div class=\"ITSn\">Quantit&eacute; de sonneries polyphoniques<\/div>\n<div class=\"ITSv\">6<\/div>\n<\/div>\n<div class=\"ITSg\">Transmiss\u00e3o de dados<\/div>\n<div class=\"ITSr0\">\n<div class=\"ITSn\">Bluetooth<\/div>\n<div class=\"ITSv\">Sim<\/div>\n<\/div>\n<div class=\"ITSr1\">\n<div class=\"ITSn\">Modelo Bluetooth<\/div>\n<div class=\"ITSv\">2.1+EDR<\/div>\n<\/div>\n<div class=\"ITSg\">Dados t\u00e9cnicos<\/div>\n<div class=\"ITSr0\">\n<div class=\"ITSn\">Type d&rsquo;inscription<\/div>\n<div class=\"ITSv\">Sans forfait<\/div>\n<\/div>\n<div class=\"ITSr1\">\n<div class=\"ITSn\">Cor do produto<\/div>\n<div class=\"ITSv\">Preto<\/div>\n<\/div>\n<div class=\"ITSr0\">\n<div class=\"ITSn\">Tipo<\/div>\n<div class=\"ITSv\">T&eacute;l&eacute;phone pour seniors<\/div>\n<\/div>\n<div class=\"ITSr1\">\n<div class=\"ITSn\">posi\u00e7\u00e3o no mercado<\/div>\n<div class=\"ITSv\">T&eacute;l&eacute;phone pour personnes &acirc;g&eacute;es<\/div>\n<\/div>\n<div class=\"ITSr0\">\n<div class=\"ITSn\">Fonction Alarme<\/div>\n<div class=\"ITSv\">Sim<\/div>\n<\/div>\n<div class=\"ITSr1\">\n<div class=\"ITSn\">?alculatrice<\/div>\n<div class=\"ITSv\">Sim<\/div>\n<\/div>\n<div class=\"ITSr0\">\n<div class=\"ITSn\">Calendrier<\/div>\n<div class=\"ITSv\">Sim<\/div>\n<\/div>\n<div class=\"ITSr1\">\n<div class=\"ITSn\">Capacit&eacute; de stockage de SMS<\/div>\n<div class=\"ITSv\">50<\/div>\n<\/div>\n<div class=\"ITSg\">Caracter\u00edsticas do telefone<\/div>\n<div class=\"ITSr0\">\n<div class=\"ITSn\">Format<\/div>\n<div class=\"ITSv\">Clapet<\/div>\n<\/div>\n<div class=\"ITSr1\">\n<div class=\"ITSn\">Gestion des informations personnelles (PIM)<\/div>\n<div class=\"ITSv\">Calculator, Calendar, Events reminder, SOS<\/div>\n<\/div>\n<div class=\"ITSr0\">\n<div class=\"ITSn\">Alerte avec vibreur<\/div>\n<div class=\"ITSv\">Sim<\/div>\n<\/div>\n<div class=\"ITSr1\">\n<div class=\"ITSn\">Capacit&eacute; du r&eacute;pertoire<\/div>\n<div class=\"ITSv\">150 entr&eacute;es<\/div>\n<\/div>\n<div class=\"ITSr0\">\n<div class=\"ITSn\">Personnalisation<\/div>\n<div class=\"ITSv\">Tapisserie<\/div>\n<\/div>\n<div class=\"ITSr1\">\n<div class=\"ITSn\">Quantit&eacute; de num&eacute;ros d&rsquo;urgence<\/div>\n<div class=\"ITSv\">5<\/div>\n<\/div>\n<div class=\"ITSg\">Performances GPS<\/div>\n<div class=\"ITSr0\">\n<div class=\"ITSn\">Localiza\u00e7\u00e3o<\/div>\n<div class=\"ITSv\">N\u00e3o<\/div>\n<\/div>\n<div class=\"ITSr1\">\n<div class=\"ITSn\">GPS assistido (A-GPS)<\/div>\n<div class=\"ITSv\">N\u00e3o<\/div>\n<\/div>\n<div class=\"ITSg\">Mem\u00f3ria<\/div>\n<div class=\"ITSr0\">\n<div class=\"ITSn\">Support Carte Flash<\/div>\n<div class=\"ITSv\">Sim<\/div>\n<\/div>\n<div class=\"ITSr1\">\n<div class=\"ITSn\">Cart\u00f5es de mem\u00f3ria compat\u00edveis<\/div>\n<div class=\"ITSv\">MicroSD (TransFlash)<\/div>\n<\/div>\n<div class=\"ITSr0\">\n<div class=\"ITSn\">Tamanho m\u00e1ximo do cart\u00e3o de mem\u00f3ria<\/div>\n<div class=\"ITSv\">32 Go<\/div>\n<\/div>\n<div class=\"ITSr1\">\n<div class=\"ITSn\">Capacit&eacute; de la RAM<\/div>\n<div class=\"ITSv\">32 Mo<\/div>\n<\/div>\n<div class=\"ITSr0\">\n<div class=\"ITSn\">Capacit&eacute; de la ROM<\/div>\n<div class=\"ITSv\">32 Mo<\/div>\n<\/div>\n<div class=\"ITSr1\">\n<div class=\"ITSn\">Type d&rsquo;emplacement de carte m&eacute;moire<\/div>\n<div class=\"ITSv\">Emplacement d&eacute;di&eacute;<\/div>\n<\/div>\n<div class=\"ITSg\">V\u00eddeo<\/div>\n<div class=\"ITSr0\">\n<div class=\"ITSn\">Videochamada<\/div>\n<div class=\"ITSv\">N\u00e3o<\/div>\n<\/div>\n<div class=\"ITSg\">Pot\u00eancia<\/div>\n<div class=\"ITSr0\">\n<div class=\"ITSn\">Tecnologia da bateria<\/div>\n<div class=\"ITSv\">L\u00edtio-\u00edon (Li-\u00edon)<\/div>\n<\/div>\n<div class=\"ITSr1\">\n<div class=\"ITSn\">Capacidade da bateria<\/div>\n<div class=\"ITSv\">800 mAh<\/div>\n<\/div>\n<div class=\"ITSr0\">\n<div class=\"ITSn\">Reprodu\u00e7\u00e3o cont\u00ednua de \u00e1udio<\/div>\n<div class=\"ITSv\">8 h<\/div>\n<\/div>\n<div class=\"ITSr1\">\n<div class=\"ITSn\">Temps de parole (2G)<\/div>\n<div class=\"ITSv\">10h00<\/div>\n<\/div>\n<div class=\"ITSr0\">\n<div class=\"ITSn\">D&eacute;lai d&rsquo;attente (2G)<\/div>\n<div class=\"ITSv\">550 h<\/div>\n<\/div>\n<div class=\"ITSg\">Conectividade<\/div>\n<div class=\"ITSr0\">\n<div class=\"ITSn\">Porta USB<\/div>\n<div class=\"ITSv\">Sim<\/div>\n<\/div>\n<div class=\"ITSr1\">\n<div class=\"ITSn\">Version USB<\/div>\n<div class=\"ITSv\">1.0<\/div>\n<\/div>\n<div class=\"ITSg\">Teclado<\/div>\n<div class=\"ITSr0\">\n<div class=\"ITSn\">Esquema das teclas do teclado<\/div>\n<div class=\"ITSv\">Clavier alphanum&eacute;rique<\/div>\n<\/div>\n<div class=\"ITSr1\">\n<div class=\"ITSn\">Gros boutons<\/div>\n<div class=\"ITSv\">Sim<\/div>\n<\/div>\n<div class=\"ITSg\">Messagerie<\/div>\n<div class=\"ITSr0\">\n<div class=\"ITSn\">Service de message court (SMS)<\/div>\n<div class=\"ITSv\">Sim<\/div>\n<\/div>\n<div class=\"ITSg\">Conte\u00fado da embalagem<\/div>\n<div class=\"ITSr0\">\n<div class=\"ITSn\">Chargeur de batterie inclus<\/div>\n<div class=\"ITSv\">Sim<\/div>\n<\/div>\n<div class=\"ITSr1\">\n<div class=\"ITSn\">Pack de piles<\/div>\n<div class=\"ITSv\">Sim<\/div>\n<\/div>\n<div class=\"ITSr0\">\n<div class=\"ITSn\">Guia de Introdu\u00e7\u00e3o R\u00e1pida<\/div>\n<div class=\"ITSv\">Sim<\/div>\n<\/div>\n<\/div>","protected":false},"excerpt":{"rendered":"<p>Gigaset GL590. Format Clapet. Capacit&eacute; de la carte SIM Double SIM. Taille de l&rsquo;&eacute;cran 7,11 cm (2.8), R&eacute;solution de l&rsquo;&eacute;cran 240 x 320 pixels. R&eacute;solution de la cam&eacute;ra arri&egrave;re (numerique) 0,3 MP. Bluetooth. Radio FM. Technologie batterie Lithium-Ion (Li-Ion), Capacit&eacute; de la batterie 800 mAh, D&eacute;lai d&rsquo;attente (2G) 550 h. Poids 113 g. Couleur du produit Noir<\/p>","protected":false},"featured_media":66242,"comment_status":"open","ping_status":"closed","template":"","meta":{"_seopress_robots_primary_cat":"","_seopress_titles_title":"","_seopress_titles_desc":"","_seopress_robots_index":"","_gspb_post_css":"","content-type":"","jetpack_post_was_ever_published":false,"jetpack_publicize_message":"","jetpack_publicize_feature_enabled":true,"jetpack_social_post_already_shared":true,"jetpack_social_options":{"image_generator_settings":{"template":"highway","default_image_id":0,"font":"","enabled":false},"version":2}},"product_brand":[932],"product_cat":[1128,933],"product_tag":[],"class_list":{"0":"post-58860","1":"product","2":"type-product","3":"status-publish","4":"has-post-thumbnail","6":"product_brand-gigaset","7":"product_cat-smartphones","8":"product_cat-smartphones-gigaset","9":"product_shipping_class-makant-standard","10":"pa_origine-dexpedition-union-europeenne-allemagne-2","12":"first","13":"instock","14":"taxable","15":"shipping-taxable","16":"purchasable","17":"product-type-simple"},"jetpack_publicize_connections":[],"jetpack_sharing_enabled":true,"_links":{"self":[{"href":"https:\/\/trendsbystylia.com\/pt\/wp-json\/wp\/v2\/product\/58860","targetHints":{"allow":["GET"]}}],"collection":[{"href":"https:\/\/trendsbystylia.com\/pt\/wp-json\/wp\/v2\/product"}],"about":[{"href":"https:\/\/trendsbystylia.com\/pt\/wp-json\/wp\/v2\/types\/product"}],"replies":[{"embeddable":true,"href":"https:\/\/trendsbystylia.com\/pt\/wp-json\/wp\/v2\/comments?post=58860"}],"wp:featuredmedia":[{"embeddable":true,"href":"https:\/\/trendsbystylia.com\/pt\/wp-json\/wp\/v2\/media\/66242"}],"wp:attachment":[{"href":"https:\/\/trendsbystylia.com\/pt\/wp-json\/wp\/v2\/media?parent=58860"}],"wp:term":[{"taxonomy":"product_brand","embeddable":true,"href":"https:\/\/trendsbystylia.com\/pt\/wp-json\/wp\/v2\/product_brand?post=58860"},{"taxonomy":"product_cat","embeddable":true,"href":"https:\/\/trendsbystylia.com\/pt\/wp-json\/wp\/v2\/product_cat?post=58860"},{"taxonomy":"product_tag","embeddable":true,"href":"https:\/\/trendsbystylia.com\/pt\/wp-json\/wp\/v2\/product_tag?post=58860"}],"curies":[{"name":"wp","href":"https:\/\/api.w.org\/{rel}","templated":true}]}}