{"id":58592,"date":"2025-03-30T23:13:29","date_gmt":"2025-03-30T23:13:29","guid":{"rendered":"https:\/\/trendsbystylia.com\/?post_type=product&#038;p=58592"},"modified":"2025-03-30T23:13:29","modified_gmt":"2025-03-30T23:13:29","slug":"ubiquiti-networks-5x-unifi-ac-mesh-access-point-white-uap-ac-m-5","status":"publish","type":"product","link":"https:\/\/trendsbystylia.com\/pt\/produto\/ubiquiti-networks-5x-unifi-ac-mesh-access-point-white-uap-ac-m-5\/","title":{"rendered":"<p>UbiQuiti Networks 5x Unifi AC Mesh Access Point White UAP-AC-M-5<\/p>"},"content":{"rendered":"<div id=\"HTML_SPEC\" class=\"ITSs\">\n<div class=\"ITSg\">Caracter\u00edsticas<\/div>\n<div class=\"ITSr0\">\n<div class=\"ITSn\">2,4 GHz<\/div>\n<div class=\"ITSv\">Sim<\/div>\n<\/div>\n<div class=\"ITSr1\">\n<div class=\"ITSn\">5 GHz<\/div>\n<div class=\"ITSv\">Sim<\/div>\n<\/div>\n<div class=\"ITSr0\">\n<div class=\"ITSn\">D&eacute;bit de transfert des donn&eacute;es maximum<\/div>\n<div class=\"ITSv\">867 Mbit\/s<\/div>\n<\/div>\n<div class=\"ITSr1\">\n<div class=\"ITSn\">Normas de rede<\/div>\n<div class=\"ITSv\">IEEE 802.11a, IEEE 802.11ac, IEEE 802.11b, IEEE 802.11g, IEEE 802.11n<\/div>\n<\/div>\n<div class=\"ITSr0\">\n<div class=\"ITSn\">Nombre d&rsquo;utilisateurs<\/div>\n<div class=\"ITSv\">250 utilisateur(s)<\/div>\n<\/div>\n<div class=\"ITSr1\">\n<div class=\"ITSn\">MIMO (entr&eacute;es multiples, sorties multiples)<\/div>\n<div class=\"ITSv\">Sim<\/div>\n<\/div>\n<div class=\"ITSr0\">\n<div class=\"ITSn\">Multim&eacute;dia Wi-FI (WWM)\/(WME)<\/div>\n<div class=\"ITSv\">Sim<\/div>\n<\/div>\n<div class=\"ITSr1\">\n<div class=\"ITSn\">Support VLAN<\/div>\n<div class=\"ITSv\">Sim<\/div>\n<\/div>\n<div class=\"ITSr0\">\n<div class=\"ITSn\">Qualidade de Servi\u00e7o (QoS)<\/div>\n<div class=\"ITSv\">Sim<\/div>\n<\/div>\n<div class=\"ITSg\">Seguran\u00e7a<\/div>\n<div class=\"ITSr0\">\n<div class=\"ITSn\">Algoritmo de seguran\u00e7a suportado<\/div>\n<div class=\"ITSv\">WEP, WPA, WPA-AES, WPA-PSK, WPA-TKIP, WPA2<\/div>\n<\/div>\n<div class=\"ITSg\">Conce\u00e7\u00e3o<\/div>\n<div class=\"ITSr0\">\n<div class=\"ITSn\">Positionnement<\/div>\n<div class=\"ITSv\">Parede<\/div>\n<\/div>\n<div class=\"ITSr1\">\n<div class=\"ITSn\">Cor do produto<\/div>\n<div class=\"ITSv\">Branco<\/div>\n<\/div>\n<div class=\"ITSr0\">\n<div class=\"ITSn\">Certifica\u00e7\u00e3o<\/div>\n<div class=\"ITSv\">CE, FCC, IC<\/div>\n<\/div>\n<div class=\"ITSr1\">\n<div class=\"ITSn\">A n\u00edvel interno<\/div>\n<div class=\"ITSv\">N\u00e3o<\/div>\n<\/div>\n<div class=\"ITSg\">Antena<\/div>\n<div class=\"ITSr0\">\n<div class=\"ITSn\">Fonctions de l?antenne<\/div>\n<div class=\"ITSv\">Antenne amovible<\/div>\n<\/div>\n<div class=\"ITSr1\">\n<div class=\"ITSn\">Quantit&eacute; d&rsquo;antenne<\/div>\n<div class=\"ITSv\">2<\/div>\n<\/div>\n<div class=\"ITSr0\">\n<div class=\"ITSn\">Niveau de gain de l&rsquo;antenne (max)<\/div>\n<div class=\"ITSv\">4 dBi<\/div>\n<\/div>\n<div class=\"ITSg\">Condi\u00e7\u00f5es ambientais<\/div>\n<div class=\"ITSr0\">\n<div class=\"ITSn\">Umidade relativa de funcionamento (H-H)<\/div>\n<div class=\"ITSv\">5 \u2013 95 %<\/div>\n<\/div>\n<div class=\"ITSr1\">\n<div class=\"ITSn\">Temperatura de funcionamento<\/div>\n<div class=\"ITSv\">-30 \u2013 70 \u00b0C<\/div>\n<\/div>\n<div class=\"ITSg\">Peso e dimens\u00f5es<\/div>\n<div class=\"ITSr0\">\n<div class=\"ITSn\">Largura<\/div>\n<div class=\"ITSv\">46 mm<\/div>\n<\/div>\n<div class=\"ITSr1\">\n<div class=\"ITSn\">Profundidade<\/div>\n<div class=\"ITSv\">34.4 mm<\/div>\n<\/div>\n<div class=\"ITSr0\">\n<div class=\"ITSn\">Altura<\/div>\n<div class=\"ITSv\">353 mm<\/div>\n<\/div>\n<div class=\"ITSr1\">\n<div class=\"ITSn\">Peso<\/div>\n<div class=\"ITSv\">152 g<\/div>\n<\/div>\n<div class=\"ITSg\">Conectividade<\/div>\n<div class=\"ITSr0\">\n<div class=\"ITSn\">N\u00famero de portas Ethernet LAN (RJ-45)<\/div>\n<div class=\"ITSv\">1<\/div>\n<\/div>\n<div class=\"ITSg\">Pot\u00eancia<\/div>\n<div class=\"ITSr0\">\n<div class=\"ITSn\">Connexion Ethernet, supportant l&rsquo;alimentation via ce port (PoE)<\/div>\n<div class=\"ITSv\">Sim<\/div>\n<\/div>\n<div class=\"ITSr1\">\n<div class=\"ITSn\">Consumo t\u00edpico de energia<\/div>\n<div class=\"ITSv\">8.5 W<\/div>\n<\/div>\n<div class=\"ITSr0\">\n<div class=\"ITSn\">Alimenta\u00e7\u00e3o el\u00e9trica<\/div>\n<div class=\"ITSv\">24 W<\/div>\n<\/div>\n<div class=\"ITSg\">Dados t\u00e9cnicos<\/div>\n<div class=\"ITSr0\">\n<div class=\"ITSn\">C\u00f3digo do Sistema Harmonizado<\/div>\n<div class=\"ITSv\">85176990<\/div>\n<\/div>\n<\/div>","protected":false},"excerpt":{"rendered":"<p>Ubiquiti Networks 5x Unifi AC Mesh. D&eacute;bit de transfert des donn&eacute;es maximum 867 Mbit\/s, Standards r&eacute;seau IEEE 802.11a, IEEE 802.11ac, IEEE 802.11b, IEEE 802.11g, IEEE 802.11n, Nombre d&rsquo;utilisateurs 250 utilisateur(s). Algorithme de s&eacute;curit&eacute; soutenu WEP, WPA, WPA-AES, WPA-PSK, WPA-TKIP, WPA2. Consommation &eacute;lectrique typique 8,5 W, Alimentation d&rsquo;&eacute;nergie 24 W. Positionnement Mur, Couleur du produit Blanc, Certification CE, FCC, IC. Fonctions de l?antenne Antenne amovible, Niveau de gain de l&rsquo;antenne (max) 4 dBi<\/p>","protected":false},"featured_media":66286,"comment_status":"open","ping_status":"closed","template":"","meta":{"_seopress_robots_primary_cat":"","_seopress_titles_title":"","_seopress_titles_desc":"","_seopress_robots_index":"","_gspb_post_css":"","content-type":"","jetpack_post_was_ever_published":false,"jetpack_publicize_message":"","jetpack_publicize_feature_enabled":true,"jetpack_social_post_already_shared":true,"jetpack_social_options":{"image_generator_settings":{"template":"highway","default_image_id":0,"font":"","enabled":false},"version":2}},"product_brand":[726],"product_cat":[732],"product_tag":[],"class_list":{"0":"post-58592","1":"product","2":"type-product","3":"status-publish","4":"has-post-thumbnail","6":"product_brand-ubiquiti","7":"product_cat-point-access","8":"pa_origine-dexpedition-union-europeenne-allemagne-2","10":"first","11":"instock","12":"taxable","13":"shipping-taxable","14":"purchasable","15":"product-type-simple"},"jetpack_publicize_connections":[],"jetpack_sharing_enabled":true,"_links":{"self":[{"href":"https:\/\/trendsbystylia.com\/pt\/wp-json\/wp\/v2\/product\/58592","targetHints":{"allow":["GET"]}}],"collection":[{"href":"https:\/\/trendsbystylia.com\/pt\/wp-json\/wp\/v2\/product"}],"about":[{"href":"https:\/\/trendsbystylia.com\/pt\/wp-json\/wp\/v2\/types\/product"}],"replies":[{"embeddable":true,"href":"https:\/\/trendsbystylia.com\/pt\/wp-json\/wp\/v2\/comments?post=58592"}],"wp:featuredmedia":[{"embeddable":true,"href":"https:\/\/trendsbystylia.com\/pt\/wp-json\/wp\/v2\/media\/66286"}],"wp:attachment":[{"href":"https:\/\/trendsbystylia.com\/pt\/wp-json\/wp\/v2\/media?parent=58592"}],"wp:term":[{"taxonomy":"product_brand","embeddable":true,"href":"https:\/\/trendsbystylia.com\/pt\/wp-json\/wp\/v2\/product_brand?post=58592"},{"taxonomy":"product_cat","embeddable":true,"href":"https:\/\/trendsbystylia.com\/pt\/wp-json\/wp\/v2\/product_cat?post=58592"},{"taxonomy":"product_tag","embeddable":true,"href":"https:\/\/trendsbystylia.com\/pt\/wp-json\/wp\/v2\/product_tag?post=58592"}],"curies":[{"name":"wp","href":"https:\/\/api.w.org\/{rel}","templated":true}]}}