{"id":58331,"date":"2025-03-30T23:14:10","date_gmt":"2025-03-30T23:14:10","guid":{"rendered":"https:\/\/trendsbystylia.com\/?post_type=product&#038;p=58331"},"modified":"2025-04-04T18:26:18","modified_gmt":"2025-04-04T18:26:18","slug":"logitech-pro-x-superlight-wireless-gaming-mouse-white-910-005943","status":"publish","type":"product","link":"https:\/\/trendsbystylia.com\/pt\/produto\/logitech-pro-x-superlight-wireless-gaming-mouse-white-910-005943\/","title":{"rendered":"<p>Logitech Pro X superlight wireless Gaming Mouse white (910-005943)<\/p>"},"content":{"rendered":"<div id=\"HTML_SPEC\" class=\"ITSs\">\n<div class=\"ITSg\">Souris<\/div>\n<div class=\"ITSr0\">\n<div class=\"ITSn\">Utilidade<\/div>\n<div class=\"ITSv\">Jogar<\/div>\n<\/div>\n<div class=\"ITSr1\">\n<div class=\"ITSn\">Interface do dispositivo<\/div>\n<div class=\"ITSv\">RF sans fil<\/div>\n<\/div>\n<div class=\"ITSr0\">\n<div class=\"ITSn\">Type Scroll<\/div>\n<div class=\"ITSv\">Roue<\/div>\n<\/div>\n<div class=\"ITSr1\">\n<div class=\"ITSn\">Quantidade de bot\u00f5es program\u00e1veis<\/div>\n<div class=\"ITSv\">5<\/div>\n<\/div>\n<div class=\"ITSr0\">\n<div class=\"ITSn\">Type de boutons<\/div>\n<div class=\"ITSv\">Boutons poussoirs<\/div>\n<\/div>\n<div class=\"ITSr1\">\n<div class=\"ITSn\">R&eacute;solution en mouvement<\/div>\n<div class=\"ITSv\">25600 DPI<\/div>\n<\/div>\n<div class=\"ITSr0\">\n<div class=\"ITSn\">Vitesse de tra&ccedil;age de la souris<\/div>\n<div class=\"ITSv\">400 ips<\/div>\n<\/div>\n<div class=\"ITSr1\">\n<div class=\"ITSn\">R&eacute;solution de mouvement personnalisable<\/div>\n<div class=\"ITSv\">Sim<\/div>\n<\/div>\n<div class=\"ITSr0\">\n<div class=\"ITSn\">Nombre de roulettes de d&eacute;filement<\/div>\n<div class=\"ITSv\">1<\/div>\n<\/div>\n<div class=\"ITSr1\">\n<div class=\"ITSn\">D&eacute;filement des directions<\/div>\n<div class=\"ITSv\">verticale<\/div>\n<\/div>\n<div class=\"ITSr0\">\n<div class=\"ITSn\">Acc&eacute;l&eacute;ration (max)<\/div>\n<div class=\"ITSv\">40 G<\/div>\n<\/div>\n<div class=\"ITSr1\">\n<div class=\"ITSn\">Tempo de resposta<\/div>\n<div class=\"ITSv\">1 ms<\/div>\n<\/div>\n<div class=\"ITSr0\">\n<div class=\"ITSn\">Taux d&rsquo;interrogation<\/div>\n<div class=\"ITSv\">1000 Hz<\/div>\n<\/div>\n<div class=\"ITSr1\">\n<div class=\"ITSn\">Banda de frequ\u00eancia<\/div>\n<div class=\"ITSv\">2,4 GHz<\/div>\n<\/div>\n<div class=\"ITSr0\">\n<div class=\"ITSn\">M&eacute;moire int&eacute;gr&eacute;<\/div>\n<div class=\"ITSv\">Sim<\/div>\n<\/div>\n<div class=\"ITSg\">Conce\u00e7\u00e3o<\/div>\n<div class=\"ITSr0\">\n<div class=\"ITSn\">Format<\/div>\n<div class=\"ITSv\">Droitier<\/div>\n<\/div>\n<div class=\"ITSr1\">\n<div class=\"ITSn\">Design ergonomique<\/div>\n<div class=\"ITSv\">Sim<\/div>\n<\/div>\n<div class=\"ITSr0\">\n<div class=\"ITSn\">Cor do produto<\/div>\n<div class=\"ITSv\">Branco<\/div>\n<\/div>\n<div class=\"ITSr1\">\n<div class=\"ITSn\">Colora\u00e7\u00e3o de superf\u00edcies<\/div>\n<div class=\"ITSv\">Monocrom\u00e1tico<\/div>\n<\/div>\n<div class=\"ITSr0\">\n<div class=\"ITSn\">Mat&eacute;riau du pied<\/div>\n<div class=\"ITSv\">Polytetrafluoroethylene (PTFE)<\/div>\n<\/div>\n<div class=\"ITSg\">Conte\u00fado da embalagem<\/div>\n<div class=\"ITSr0\">\n<div class=\"ITSn\">Recetor inclu\u00eddo<\/div>\n<div class=\"ITSv\">Sim<\/div>\n<\/div>\n<div class=\"ITSr1\">\n<div class=\"ITSn\">Interface de rece\u00e7\u00e3o sem fios<\/div>\n<div class=\"ITSv\">USB do tipo A<\/div>\n<\/div>\n<div class=\"ITSr0\">\n<div class=\"ITSn\">Type de r&eacute;cepteur<\/div>\n<div class=\"ITSv\">R&eacute;cepteur nano<\/div>\n<\/div>\n<div class=\"ITSg\">Pot\u00eancia<\/div>\n<div class=\"ITSr0\">\n<div class=\"ITSn\">Fonte de alimenta\u00e7\u00e3o<\/div>\n<div class=\"ITSv\">Piles<\/div>\n<\/div>\n<div class=\"ITSr1\">\n<div class=\"ITSn\">Recarreg\u00e1vel<\/div>\n<div class=\"ITSv\">Sim<\/div>\n<\/div>\n<div class=\"ITSr0\">\n<div class=\"ITSn\">Type de port de chargement<\/div>\n<div class=\"ITSv\">Micro-USB Type-B<\/div>\n<\/div>\n<div class=\"ITSr1\">\n<div class=\"ITSn\">N\u00famero de baterias suportadas<\/div>\n<div class=\"ITSv\">1<\/div>\n<\/div>\n<div class=\"ITSr0\">\n<div class=\"ITSn\">Tipo de bateria<\/div>\n<div class=\"ITSv\">Bateria incorporada<\/div>\n<\/div>\n<div class=\"ITSr1\">\n<div class=\"ITSn\">Tecnologia da bateria<\/div>\n<div class=\"ITSv\">Pol\u00edmero de l\u00edtio (LiPo)<\/div>\n<\/div>\n<div class=\"ITSr0\">\n<div class=\"ITSn\">Capacidade da bateria<\/div>\n<div class=\"ITSv\">240 mAh<\/div>\n<\/div>\n<div class=\"ITSr1\">\n<div class=\"ITSn\">Dura\u00e7\u00e3o m\u00e1xima da bateria<\/div>\n<div class=\"ITSv\">70 h<\/div>\n<\/div>\n<div class=\"ITSg\">Configura\u00e7\u00e3o m\u00ednima do sistema<\/div>\n<div class=\"ITSr0\">\n<div class=\"ITSn\">Suporte ao sistema operativo Windows<\/div>\n<div class=\"ITSv\">Windows 8<\/div>\n<\/div>\n<div class=\"ITSr1\">\n<div class=\"ITSn\">Suporte ao sistema operativo Mac<\/div>\n<div class=\"ITSv\">Mac OS X 10.11 El Capitan<\/div>\n<\/div>\n<div class=\"ITSg\">Informa\u00e7\u00f5es sobre a embalagem<\/div>\n<div class=\"ITSr0\">\n<div class=\"ITSn\">Cabos inclu\u00eddos<\/div>\n<div class=\"ITSv\">USB<\/div>\n<\/div>\n<div class=\"ITSr1\">\n<div class=\"ITSn\">Quantidade<\/div>\n<div class=\"ITSv\">1<\/div>\n<\/div>\n<div class=\"ITSr0\">\n<div class=\"ITSn\">Largura da embalagem<\/div>\n<div class=\"ITSv\">68 mm<\/div>\n<\/div>\n<div class=\"ITSr1\">\n<div class=\"ITSn\">Profundidade da embalagem<\/div>\n<div class=\"ITSv\">115 mm<\/div>\n<\/div>\n<div class=\"ITSr0\">\n<div class=\"ITSn\">Altura da embalagem<\/div>\n<div class=\"ITSv\">172 mm<\/div>\n<\/div>\n<div class=\"ITSr1\">\n<div class=\"ITSn\">Peso da embalagem<\/div>\n<div class=\"ITSv\">371 g<\/div>\n<\/div>\n<div class=\"ITSg\">Peso e dimens\u00f5es<\/div>\n<div class=\"ITSr0\">\n<div class=\"ITSn\">Largura<\/div>\n<div class=\"ITSv\">63.5 mm<\/div>\n<\/div>\n<div class=\"ITSr1\">\n<div class=\"ITSn\">Profundidade<\/div>\n<div class=\"ITSv\">40 mm<\/div>\n<\/div>\n<div class=\"ITSr0\">\n<div class=\"ITSn\">Altura<\/div>\n<div class=\"ITSv\">125 mm<\/div>\n<\/div>\n<div class=\"ITSr1\">\n<div class=\"ITSn\">Peso<\/div>\n<div class=\"ITSv\">63 g<\/div>\n<\/div>\n<div class=\"ITSg\">Bateria<\/div>\n<div class=\"ITSr0\">\n<div class=\"ITSn\">Capacidade da bateria<\/div>\n<div class=\"ITSv\">0.9 Wh<\/div>\n<\/div>\n<div class=\"ITSg\">Dados log\u00edsticos<\/div>\n<div class=\"ITSr0\">\n<div class=\"ITSn\">C\u00f3digo do Sistema Harmonizado<\/div>\n<div class=\"ITSv\">84716070<\/div>\n<\/div>\n<div class=\"ITSr1\">\n<div class=\"ITSn\">Largura do arm\u00e1rio principal (externo)<\/div>\n<div class=\"ITSv\">147 mm<\/div>\n<\/div>\n<div class=\"ITSr0\">\n<div class=\"ITSn\">Comprimento do cacifo principal (externo)<\/div>\n<div class=\"ITSv\">244 mm<\/div>\n<\/div>\n<div class=\"ITSr1\">\n<div class=\"ITSn\">Altura do cacifo principal (externo)<\/div>\n<div class=\"ITSv\">188 mm<\/div>\n<\/div>\n<div class=\"ITSr0\">\n<div class=\"ITSn\">Peso bruto do cacifo principal (externo)<\/div>\n<div class=\"ITSv\">1,65 kg<\/div>\n<\/div>\n<div class=\"ITSg\">Outras caracter\u00edsticas<\/div>\n<div class=\"ITSr0\">\n<div class=\"ITSn\">Tecnologia<\/div>\n<div class=\"ITSv\">LIGHTSPEED<\/div>\n<\/div>\n<div class=\"ITSr1\">\n<div class=\"ITSn\">Capteur<\/div>\n<div class=\"ITSv\">HERO<\/div>\n<\/div>\n<\/div>","protected":false},"excerpt":{"rendered":"<p>Logitech G Pro X Superlight Wireless Gaming. Format Droitier. Interface de l&rsquo;appareil RF sans fil, R&eacute;solution en mouvement 25600 DPI, Temps de r&eacute;ponse 1 ms, Type de boutons Boutons poussoirs, Quantit&eacute; de boutons programmables 5, Type Scroll Roue, Acc&eacute;l&eacute;ration (max) 40 G. Source d&rsquo;alimentation Piles. Couleur du produit Blanc<\/p>","protected":false},"featured_media":66334,"comment_status":"open","ping_status":"closed","template":"","meta":{"_seopress_robots_primary_cat":"","_seopress_titles_title":"","_seopress_titles_desc":"","_seopress_robots_index":"","_gspb_post_css":"","content-type":"","jetpack_post_was_ever_published":false,"jetpack_publicize_message":"","jetpack_publicize_feature_enabled":true,"jetpack_social_post_already_shared":true,"jetpack_social_options":{"image_generator_settings":{"template":"highway","default_image_id":0,"font":"","enabled":false},"version":2}},"product_brand":[743],"product_cat":[880],"product_tag":[],"class_list":{"0":"post-58331","1":"product","2":"type-product","3":"status-publish","4":"has-post-thumbnail","6":"product_brand-logitech","7":"product_cat-souris-gaming","8":"product_shipping_class-makant-standard","9":"pa_origine-dexpedition-union-europeenne-allemagne-2","11":"first","12":"instock","13":"taxable","14":"shipping-taxable","15":"purchasable","16":"product-type-simple"},"jetpack_publicize_connections":[],"jetpack_sharing_enabled":true,"_links":{"self":[{"href":"https:\/\/trendsbystylia.com\/pt\/wp-json\/wp\/v2\/product\/58331","targetHints":{"allow":["GET"]}}],"collection":[{"href":"https:\/\/trendsbystylia.com\/pt\/wp-json\/wp\/v2\/product"}],"about":[{"href":"https:\/\/trendsbystylia.com\/pt\/wp-json\/wp\/v2\/types\/product"}],"replies":[{"embeddable":true,"href":"https:\/\/trendsbystylia.com\/pt\/wp-json\/wp\/v2\/comments?post=58331"}],"wp:featuredmedia":[{"embeddable":true,"href":"https:\/\/trendsbystylia.com\/pt\/wp-json\/wp\/v2\/media\/66334"}],"wp:attachment":[{"href":"https:\/\/trendsbystylia.com\/pt\/wp-json\/wp\/v2\/media?parent=58331"}],"wp:term":[{"taxonomy":"product_brand","embeddable":true,"href":"https:\/\/trendsbystylia.com\/pt\/wp-json\/wp\/v2\/product_brand?post=58331"},{"taxonomy":"product_cat","embeddable":true,"href":"https:\/\/trendsbystylia.com\/pt\/wp-json\/wp\/v2\/product_cat?post=58331"},{"taxonomy":"product_tag","embeddable":true,"href":"https:\/\/trendsbystylia.com\/pt\/wp-json\/wp\/v2\/product_tag?post=58331"}],"curies":[{"name":"wp","href":"https:\/\/api.w.org\/{rel}","templated":true}]}}