{"id":58326,"date":"2025-03-30T23:14:11","date_gmt":"2025-03-30T23:14:11","guid":{"rendered":"https:\/\/trendsbystylia.com\/?post_type=product&#038;p=58326"},"modified":"2025-04-04T16:48:26","modified_gmt":"2025-04-04T16:48:26","slug":"razer-casque-gaming-kaira-hyperspeed-pour-playstation-blanc-rz04-03980200-r3g1","status":"publish","type":"product","link":"https:\/\/trendsbystylia.com\/pt\/produto\/razer-casque-gaming-kaira-hyperspeed-pour-playstation-blanc-rz04-03980200-r3g1\/","title":{"rendered":"<p>Razer Casque Gaming  Kaira HyperSpeed pour Playstation Blanc RZ04-03980200-R3G1<\/p>"},"content":{"rendered":"<div id=\"HTML_SPEC\" class=\"ITSs\">\n<div class=\"ITSg\">representa\u00e7\u00e3o\/realiza\u00e7\u00e3o<\/div>\n<div class=\"ITSr0\">\n<div class=\"ITSn\">Tipo de produto<\/div>\n<div class=\"ITSv\">Capacete<\/div>\n<\/div>\n<div class=\"ITSr1\">\n<div class=\"ITSn\">Estilo de fone de ouvido port\u00e1til<\/div>\n<div class=\"ITSv\">Arceau<\/div>\n<\/div>\n<div class=\"ITSr0\">\n<div class=\"ITSn\">Utiliza\u00e7\u00e3o recomendada<\/div>\n<div class=\"ITSv\">Jogar<\/div>\n<\/div>\n<div class=\"ITSr1\">\n<div class=\"ITSn\">Tipo de capacete<\/div>\n<div class=\"ITSv\">Binaural<\/div>\n<\/div>\n<div class=\"ITSr0\">\n<div class=\"ITSn\">Cor do produto<\/div>\n<div class=\"ITSv\">Branco, preto<\/div>\n<\/div>\n<div class=\"ITSr1\">\n<div class=\"ITSn\">Pa\u00eds de origem<\/div>\n<div class=\"ITSv\">China<\/div>\n<\/div>\n<div class=\"ITSr0\">\n<div class=\"ITSn\">Produtos compat\u00edveis<\/div>\n<div class=\"ITSv\">PlayStation 5 \/ PlayStation 4 PC Devices with Bluetooth audio capacity<\/div>\n<\/div>\n<div class=\"ITSg\">Conectividade<\/div>\n<div class=\"ITSr0\">\n<div class=\"ITSn\">Tecnologia de conectividade<\/div>\n<div class=\"ITSv\">Sem fio<\/div>\n<\/div>\n<div class=\"ITSr1\">\n<div class=\"ITSn\">Conectividade USB<\/div>\n<div class=\"ITSv\">Sim<\/div>\n<\/div>\n<div class=\"ITSr0\">\n<div class=\"ITSn\">conector USB<\/div>\n<div class=\"ITSv\">USB Tipo-C<\/div>\n<\/div>\n<div class=\"ITSr1\">\n<div class=\"ITSn\">Bluetooth<\/div>\n<div class=\"ITSv\">Sim<\/div>\n<\/div>\n<div class=\"ITSr0\">\n<div class=\"ITSn\">Banda de frequ\u00eancia<\/div>\n<div class=\"ITSv\">2,4 GHz<\/div>\n<\/div>\n<div class=\"ITSr1\">\n<div class=\"ITSn\">\u00c2mbito do router sem fios<\/div>\n<div class=\"ITSv\">10 m<\/div>\n<\/div>\n<div class=\"ITSg\">Microfone<\/div>\n<div class=\"ITSr0\">\n<div class=\"ITSn\">Tipo de microfone<\/div>\n<div class=\"ITSv\">Boom<\/div>\n<\/div>\n<div class=\"ITSr1\">\n<div class=\"ITSn\">Frequ\u00eancia do microfone<\/div>\n<div class=\"ITSv\">100 \u2013 10000 Hz<\/div>\n<\/div>\n<div class=\"ITSr0\">\n<div class=\"ITSn\">Sensibilidade do microfone<\/div>\n<div class=\"ITSv\">-42 dB<\/div>\n<\/div>\n<div class=\"ITSr1\">\n<div class=\"ITSn\">Tipo de direc\u00e7\u00e3o do microfone<\/div>\n<div class=\"ITSv\">Unidireccional<\/div>\n<\/div>\n<div class=\"ITSr0\">\n<div class=\"ITSn\">Microphone amovible<\/div>\n<div class=\"ITSv\">Sim<\/div>\n<\/div>\n<div class=\"ITSg\">Bateria<\/div>\n<div class=\"ITSr0\">\n<div class=\"ITSn\">Funciona em baterias<\/div>\n<div class=\"ITSv\">Sim<\/div>\n<\/div>\n<div class=\"ITSr1\">\n<div class=\"ITSn\">Tipo de bateria<\/div>\n<div class=\"ITSv\">Bateria incorporada<\/div>\n<\/div>\n<div class=\"ITSr0\">\n<div class=\"ITSn\">Reprodu\u00e7\u00e3o cont\u00ednua de \u00e1udio<\/div>\n<div class=\"ITSv\">30 h<\/div>\n<\/div>\n<div class=\"ITSg\">Auscultadores\/Auscultadores<\/div>\n<div class=\"ITSr0\">\n<div class=\"ITSn\">Acoplamento de orelhas<\/div>\n<div class=\"ITSv\">Circum-aurais<\/div>\n<\/div>\n<div class=\"ITSr1\">\n<div class=\"ITSn\">Frequ\u00eancia dos auscultadores<\/div>\n<div class=\"ITSv\">20 \u2013 20000 Hz<\/div>\n<\/div>\n<div class=\"ITSr0\">\n<div class=\"ITSn\">Imped\u00e2ncia<\/div>\n<div class=\"ITSv\">32 Ohm<\/div>\n<\/div>\n<div class=\"ITSr1\">\n<div class=\"ITSn\">Sensibilidade do capacete<\/div>\n<div class=\"ITSv\">108 dB<\/div>\n<\/div>\n<div class=\"ITSr0\">\n<div class=\"ITSn\">Unidade de leitura<\/div>\n<div class=\"ITSv\">5 cm<\/div>\n<\/div>\n<div class=\"ITSr1\">\n<div class=\"ITSn\">Tipo de piloto<\/div>\n<div class=\"ITSv\">TriForce<\/div>\n<\/div>\n<div class=\"ITSg\">Peso e dimens\u00f5es<\/div>\n<div class=\"ITSr0\">\n<div class=\"ITSn\">Largura<\/div>\n<div class=\"ITSv\">90 mm<\/div>\n<\/div>\n<div class=\"ITSr1\">\n<div class=\"ITSn\">Profundidade<\/div>\n<div class=\"ITSv\">158 mm<\/div>\n<\/div>\n<div class=\"ITSr0\">\n<div class=\"ITSn\">Altura<\/div>\n<div class=\"ITSv\">191 mm<\/div>\n<\/div>\n<div class=\"ITSr1\">\n<div class=\"ITSn\">Peso<\/div>\n<div class=\"ITSv\">300 g<\/div>\n<\/div>\n<div class=\"ITSg\">Conte\u00fado da embalagem<\/div>\n<div class=\"ITSr0\">\n<div class=\"ITSn\">Recetor inclu\u00eddo<\/div>\n<div class=\"ITSv\">Sim<\/div>\n<\/div>\n<div class=\"ITSr1\">\n<div class=\"ITSn\">Cabos inclu\u00eddos<\/div>\n<div class=\"ITSv\">USB Tipo-C<\/div>\n<\/div>\n<div class=\"ITSr0\">\n<div class=\"ITSn\">Material dos \u00e1trios<\/div>\n<div class=\"ITSv\">espuma<\/div>\n<\/div>\n<div class=\"ITSg\">Dados log\u00edsticos<\/div>\n<div class=\"ITSr0\">\n<div class=\"ITSn\">C\u00f3digo do Sistema Harmonizado<\/div>\n<div class=\"ITSv\">8518300090<\/div>\n<\/div>\n<div class=\"ITSg\">Informa\u00e7\u00f5es sobre a embalagem<\/div>\n<div class=\"ITSr0\">\n<div class=\"ITSn\">Largura da embalagem<\/div>\n<div class=\"ITSv\">104 mm<\/div>\n<\/div>\n<div class=\"ITSr1\">\n<div class=\"ITSn\">Profundidade da embalagem<\/div>\n<div class=\"ITSv\">202 mm<\/div>\n<\/div>\n<div class=\"ITSr0\">\n<div class=\"ITSn\">Altura da embalagem<\/div>\n<div class=\"ITSv\">235 mm<\/div>\n<\/div>\n<div class=\"ITSr1\">\n<div class=\"ITSn\">Peso da embalagem<\/div>\n<div class=\"ITSv\">740 g<\/div>\n<\/div>\n<\/div>","protected":false},"excerpt":{"rendered":"<p>Le Razer Kaira HyperSpeed est un casque gaming sans fil haut de gamme con&ccedil;u pour offrir une exp&eacute;rience audio immersive et polyvalente. Au c?ur de ce casque se trouvent les haut-parleurs Razer TriForce de 50 mm, une technologie de pointe permettant un r&eacute;glage s&eacute;par&eacute; des aigus, m&eacute;diums et basses, r&eacute;sultant en un son clair, &eacute;clatant et puissant.<p>La connectivit&eacute; sans fil est assur&eacute;e par la technologie Razer HyperSpeed, offrant une connexion 2,4 GHz &agrave; faible latence via un dongle USB-C. Cette technologie garantit un son transparent et r&eacute;actif, essentiel pour les jeux comp&eacute;titifs sur diverses plateformes. De plus, le casque dispose d&rsquo;un mode Bluetooth &agrave; faible latence, activable via le bouton SmartSwitch, pour une utilisation optimale avec les smartphones, tablettes et appareils de jeu portables.<\/p><p>La qualit&eacute; des communications est assur&eacute;e par le microphone cardio&iuml;de Razer HyperClear. Ce micro flexible est con&ccedil;u pour supprimer les bruits de fond arri&egrave;re et lat&eacute;raux, assurant ainsi une clart&eacute; vocale optimale lors des communications en jeu.<\/p><p>Le confort n&rsquo;a pas &eacute;t&eacute; n&eacute;glig&eacute;, avec des coussinets en mousse &agrave; m&eacute;moire de forme Razer FlowKnit. Leur tissage respirant minimise la transpiration et l&rsquo;accumulation de chaleur, tandis que la mousse ultra-douce r&eacute;duit la pression sur les oreilles, permettant des sessions de jeu prolong&eacute;es sans inconfort.<\/p><p>L&rsquo;autonomie impressionnante du Kaira HyperSpeed, pouvant atteindre jusqu&rsquo;&agrave; 30 heures, est le r&eacute;sultat d&rsquo;une gestion optimis&eacute;e de l&rsquo;alimentation. Cette longue dur&eacute;e de batterie permet aux joueurs de profiter de longues sessions sans interruption, r&eacute;duisant ainsi les temps de recharge.<\/p><\/p>","protected":false},"featured_media":66335,"comment_status":"open","ping_status":"closed","template":"","meta":{"_seopress_robots_primary_cat":"","_seopress_titles_title":"","_seopress_titles_desc":"","_seopress_robots_index":"","_gspb_post_css":"","content-type":"","jetpack_post_was_ever_published":false,"jetpack_publicize_message":"","jetpack_publicize_feature_enabled":true,"jetpack_social_post_already_shared":true,"jetpack_social_options":{"image_generator_settings":{"template":"highway","default_image_id":0,"font":"","enabled":false},"version":2}},"product_brand":[760],"product_cat":[763],"product_tag":[],"class_list":{"0":"post-58326","1":"product","2":"type-product","3":"status-publish","4":"has-post-thumbnail","6":"product_brand-razer","7":"product_cat-casques-gaming","8":"product_shipping_class-makant-standard","9":"pa_origine-dexpedition-union-europeenne-allemagne-2","11":"first","12":"instock","13":"taxable","14":"shipping-taxable","15":"purchasable","16":"product-type-simple"},"jetpack_publicize_connections":[],"jetpack_sharing_enabled":true,"_links":{"self":[{"href":"https:\/\/trendsbystylia.com\/pt\/wp-json\/wp\/v2\/product\/58326","targetHints":{"allow":["GET"]}}],"collection":[{"href":"https:\/\/trendsbystylia.com\/pt\/wp-json\/wp\/v2\/product"}],"about":[{"href":"https:\/\/trendsbystylia.com\/pt\/wp-json\/wp\/v2\/types\/product"}],"replies":[{"embeddable":true,"href":"https:\/\/trendsbystylia.com\/pt\/wp-json\/wp\/v2\/comments?post=58326"}],"wp:featuredmedia":[{"embeddable":true,"href":"https:\/\/trendsbystylia.com\/pt\/wp-json\/wp\/v2\/media\/66335"}],"wp:attachment":[{"href":"https:\/\/trendsbystylia.com\/pt\/wp-json\/wp\/v2\/media?parent=58326"}],"wp:term":[{"taxonomy":"product_brand","embeddable":true,"href":"https:\/\/trendsbystylia.com\/pt\/wp-json\/wp\/v2\/product_brand?post=58326"},{"taxonomy":"product_cat","embeddable":true,"href":"https:\/\/trendsbystylia.com\/pt\/wp-json\/wp\/v2\/product_cat?post=58326"},{"taxonomy":"product_tag","embeddable":true,"href":"https:\/\/trendsbystylia.com\/pt\/wp-json\/wp\/v2\/product_tag?post=58326"}],"curies":[{"name":"wp","href":"https:\/\/api.w.org\/{rel}","templated":true}]}}