{"id":57843,"date":"2025-03-30T23:15:13","date_gmt":"2025-03-30T23:15:13","guid":{"rendered":"https:\/\/trendsbystylia.com\/?post_type=product&#038;p=57843"},"modified":"2025-04-04T16:07:10","modified_gmt":"2025-04-04T16:07:10","slug":"asus-rog-harpe-arce-aim-lab-edition-90mp02w0-bmua00","status":"publish","type":"product","link":"https:\/\/trendsbystylia.com\/pt\/produto\/asus-rog-harpe-arce-aim-lab-edition-90mp02w0-bmua00\/","title":{"rendered":"<p>ASUS ROG Arce Aim Lab Edi\u00e7\u00e3o 90MP02W0-BMUA00<\/p>"},"content":{"rendered":"<div id=\"HTML_SPEC\" class=\"ITSs\">\n<div class=\"ITSg\">Souris<\/div>\n<div class=\"ITSr0\">\n<div class=\"ITSn\">Utilidade<\/div>\n<div class=\"ITSv\">Jogar<\/div>\n<\/div>\n<div class=\"ITSr1\">\n<div class=\"ITSn\">Interface do dispositivo<\/div>\n<div class=\"ITSv\">RF Wireless + Bluetooth + USB Type-A<\/div>\n<\/div>\n<div class=\"ITSr0\">\n<div class=\"ITSn\">Technologie de d&eacute;tecteur de mouvement<\/div>\n<div class=\"ITSv\">Optique<\/div>\n<\/div>\n<div class=\"ITSr1\">\n<div class=\"ITSn\">Type Scroll<\/div>\n<div class=\"ITSv\">Roue<\/div>\n<\/div>\n<div class=\"ITSr0\">\n<div class=\"ITSn\">Quantidade de bot\u00f5es program\u00e1veis<\/div>\n<div class=\"ITSv\">5<\/div>\n<\/div>\n<div class=\"ITSr1\">\n<div class=\"ITSn\">Type de boutons<\/div>\n<div class=\"ITSv\">Boutons poussoirs<\/div>\n<\/div>\n<div class=\"ITSr0\">\n<div class=\"ITSn\">R&eacute;solution en mouvement<\/div>\n<div class=\"ITSv\">36000 DPI<\/div>\n<\/div>\n<div class=\"ITSr1\">\n<div class=\"ITSn\">Vitesse de tra&ccedil;age de la souris<\/div>\n<div class=\"ITSv\">650 ips<\/div>\n<\/div>\n<div class=\"ITSr0\">\n<div class=\"ITSn\">R&eacute;solution de mouvement personnalisable<\/div>\n<div class=\"ITSv\">Sim<\/div>\n<\/div>\n<div class=\"ITSr1\">\n<div class=\"ITSn\">Boutons de souris programmables<\/div>\n<div class=\"ITSv\">Sim<\/div>\n<\/div>\n<div class=\"ITSr0\">\n<div class=\"ITSn\">Nombre de touches programmables<\/div>\n<div class=\"ITSv\">2<\/div>\n<\/div>\n<div class=\"ITSr1\">\n<div class=\"ITSn\">Nombre de roulettes de d&eacute;filement<\/div>\n<div class=\"ITSv\">1<\/div>\n<\/div>\n<div class=\"ITSr0\">\n<div class=\"ITSn\">D&eacute;filement des directions<\/div>\n<div class=\"ITSv\">verticale<\/div>\n<\/div>\n<div class=\"ITSr1\">\n<div class=\"ITSn\">Acc&eacute;l&eacute;ration (max)<\/div>\n<div class=\"ITSv\">50 G<\/div>\n<\/div>\n<div class=\"ITSr0\">\n<div class=\"ITSn\">Taux d&rsquo;interrogation<\/div>\n<div class=\"ITSv\">1000 Hz<\/div>\n<\/div>\n<div class=\"ITSr1\">\n<div class=\"ITSn\">Durabilit&eacute; des boutons (millions de clics)<\/div>\n<div class=\"ITSv\">70<\/div>\n<\/div>\n<div class=\"ITSg\">Conce\u00e7\u00e3o<\/div>\n<div class=\"ITSr0\">\n<div class=\"ITSn\">Format<\/div>\n<div class=\"ITSv\">Ambidextre<\/div>\n<\/div>\n<div class=\"ITSr1\">\n<div class=\"ITSn\">Cor do produto<\/div>\n<div class=\"ITSv\">Preto<\/div>\n<\/div>\n<div class=\"ITSr0\">\n<div class=\"ITSn\">Colora\u00e7\u00e3o de superf\u00edcies<\/div>\n<div class=\"ITSv\">Monocrom\u00e1tico<\/div>\n<\/div>\n<div class=\"ITSr1\">\n<div class=\"ITSn\">Ilumina\u00e7\u00e3o<\/div>\n<div class=\"ITSv\">Sim<\/div>\n<\/div>\n<div class=\"ITSr0\">\n<div class=\"ITSn\">Couleur de l&rsquo;&eacute;clairage<\/div>\n<div class=\"ITSv\">Multicolorido<\/div>\n<\/div>\n<div class=\"ITSg\">Conte\u00fado da embalagem<\/div>\n<div class=\"ITSr0\">\n<div class=\"ITSn\">Recetor inclu\u00eddo<\/div>\n<div class=\"ITSv\">Sim<\/div>\n<\/div>\n<div class=\"ITSr1\">\n<div class=\"ITSn\">Interface de rece\u00e7\u00e3o sem fios<\/div>\n<div class=\"ITSv\">USB do tipo A<\/div>\n<\/div>\n<div class=\"ITSr0\">\n<div class=\"ITSn\">Guia do utilizador<\/div>\n<div class=\"ITSv\">Sim<\/div>\n<\/div>\n<div class=\"ITSr1\">\n<div class=\"ITSn\">Cart\u00e3o de garantia<\/div>\n<div class=\"ITSv\">Sim<\/div>\n<\/div>\n<div class=\"ITSg\">Pot\u00eancia<\/div>\n<div class=\"ITSr0\">\n<div class=\"ITSn\">Fonte de alimenta\u00e7\u00e3o<\/div>\n<div class=\"ITSv\">Piles<\/div>\n<\/div>\n<div class=\"ITSr1\">\n<div class=\"ITSn\">Recarreg\u00e1vel<\/div>\n<div class=\"ITSv\">Sim<\/div>\n<\/div>\n<div class=\"ITSr0\">\n<div class=\"ITSn\">Type de port de chargement<\/div>\n<div class=\"ITSv\">USB Tipo-C<\/div>\n<\/div>\n<div class=\"ITSr1\">\n<div class=\"ITSn\">N\u00famero de baterias suportadas<\/div>\n<div class=\"ITSv\">1<\/div>\n<\/div>\n<div class=\"ITSr0\">\n<div class=\"ITSn\">Tipo de bateria<\/div>\n<div class=\"ITSv\">Bateria incorporada<\/div>\n<\/div>\n<div class=\"ITSr1\">\n<div class=\"ITSn\">Tecnologia da bateria<\/div>\n<div class=\"ITSv\">L\u00edtio-\u00edon (Li-\u00edon)<\/div>\n<\/div>\n<div class=\"ITSg\">Configura\u00e7\u00e3o m\u00ednima do sistema<\/div>\n<div class=\"ITSr0\">\n<div class=\"ITSn\">Suporte ao sistema operativo Windows<\/div>\n<div class=\"ITSv\">Windows 10, Windows 11<\/div>\n<\/div>\n<div class=\"ITSg\">Peso e dimens\u00f5es<\/div>\n<div class=\"ITSr0\">\n<div class=\"ITSn\">Largura<\/div>\n<div class=\"ITSv\">127.5 mm<\/div>\n<\/div>\n<div class=\"ITSr1\">\n<div class=\"ITSn\">Profundidade<\/div>\n<div class=\"ITSv\">63.7 mm<\/div>\n<\/div>\n<div class=\"ITSr0\">\n<div class=\"ITSn\">Altura<\/div>\n<div class=\"ITSv\">39.6 mm<\/div>\n<\/div>\n<div class=\"ITSr1\">\n<div class=\"ITSn\">Peso<\/div>\n<div class=\"ITSv\">54 g<\/div>\n<\/div>\n<div class=\"ITSg\">Informa\u00e7\u00f5es sobre a embalagem<\/div>\n<div class=\"ITSr0\">\n<div class=\"ITSn\">Quantidade<\/div>\n<div class=\"ITSv\">1<\/div>\n<\/div>\n<\/div>","protected":false},"excerpt":{"rendered":"<p>ASUS ROG Harpe Ace Aim Lab Edition. Format Ambidextre. Technologie de d&eacute;tecteur de mouvement Optique, Interface de l&rsquo;appareil RF Wireless + Bluetooth + USB Type-A, R&eacute;solution en mouvement 36000 DPI, Type de boutons Boutons poussoirs, Quantit&eacute; de boutons programmables 5, Type Scroll Roue, Acc&eacute;l&eacute;ration (max) 50 G. Couleur de l&rsquo;&eacute;clairage Multicolore. Source d&rsquo;alimentation Piles. Couleur du produit Noir<\/p>","protected":false},"featured_media":66403,"comment_status":"open","ping_status":"closed","template":"","meta":{"_seopress_robots_primary_cat":"","_seopress_titles_title":"","_seopress_titles_desc":"","_seopress_robots_index":"","_gspb_post_css":"","content-type":"","jetpack_post_was_ever_published":false,"jetpack_publicize_message":"","jetpack_publicize_feature_enabled":true,"jetpack_social_post_already_shared":true,"jetpack_social_options":{"image_generator_settings":{"template":"highway","default_image_id":0,"font":"","enabled":false},"version":2}},"product_brand":[735],"product_cat":[745],"product_tag":[],"class_list":{"0":"post-57843","1":"product","2":"type-product","3":"status-publish","4":"has-post-thumbnail","6":"product_brand-asus","7":"product_cat-claviers-souris","8":"product_shipping_class-makant-standard","9":"pa_origine-dexpedition-union-europeenne-allemagne-2","11":"first","12":"instock","13":"taxable","14":"shipping-taxable","15":"purchasable","16":"product-type-simple"},"jetpack_publicize_connections":[],"jetpack_sharing_enabled":true,"_links":{"self":[{"href":"https:\/\/trendsbystylia.com\/pt\/wp-json\/wp\/v2\/product\/57843","targetHints":{"allow":["GET"]}}],"collection":[{"href":"https:\/\/trendsbystylia.com\/pt\/wp-json\/wp\/v2\/product"}],"about":[{"href":"https:\/\/trendsbystylia.com\/pt\/wp-json\/wp\/v2\/types\/product"}],"replies":[{"embeddable":true,"href":"https:\/\/trendsbystylia.com\/pt\/wp-json\/wp\/v2\/comments?post=57843"}],"wp:featuredmedia":[{"embeddable":true,"href":"https:\/\/trendsbystylia.com\/pt\/wp-json\/wp\/v2\/media\/66403"}],"wp:attachment":[{"href":"https:\/\/trendsbystylia.com\/pt\/wp-json\/wp\/v2\/media?parent=57843"}],"wp:term":[{"taxonomy":"product_brand","embeddable":true,"href":"https:\/\/trendsbystylia.com\/pt\/wp-json\/wp\/v2\/product_brand?post=57843"},{"taxonomy":"product_cat","embeddable":true,"href":"https:\/\/trendsbystylia.com\/pt\/wp-json\/wp\/v2\/product_cat?post=57843"},{"taxonomy":"product_tag","embeddable":true,"href":"https:\/\/trendsbystylia.com\/pt\/wp-json\/wp\/v2\/product_tag?post=57843"}],"curies":[{"name":"wp","href":"https:\/\/api.w.org\/{rel}","templated":true}]}}