{"id":57536,"date":"2025-03-30T23:16:24","date_gmt":"2025-03-30T23:16:24","guid":{"rendered":"https:\/\/trendsbystylia.com\/?post_type=product&#038;p=57536"},"modified":"2025-04-03T15:44:21","modified_gmt":"2025-04-03T15:44:21","slug":"garmin-forerunner-955-solar-gps-schwarz-010-02638-20","status":"publish","type":"product","link":"https:\/\/trendsbystylia.com\/pt\/produto\/garmin-forerunner-955-solar-gps-schwarz-010-02638-20\/","title":{"rendered":"<p>Garmin Forerunner 955 Solar GPS Schwarz 010-02638-20<\/p>"},"content":{"rendered":"<div id=\"HTML_SPEC\" class=\"ITSs\">\n<div class=\"ITSg\">Conectividade<\/div>\n<div class=\"ITSr0\">\n<div class=\"ITSn\">Porta USB<\/div>\n<div class=\"ITSv\">N\u00e3o<\/div>\n<\/div>\n<div class=\"ITSr1\">\n<div class=\"ITSn\">Wifi<\/div>\n<div class=\"ITSv\">Sim<\/div>\n<\/div>\n<div class=\"ITSr0\">\n<div class=\"ITSn\">Bluetooth<\/div>\n<div class=\"ITSv\">Sim<\/div>\n<\/div>\n<div class=\"ITSr1\">\n<div class=\"ITSn\">Pagamento sem contacto<\/div>\n<div class=\"ITSv\">Sim<\/div>\n<\/div>\n<div class=\"ITSr0\">\n<div class=\"ITSn\">Liga\u00e7\u00e3o para auscultadores<\/div>\n<div class=\"ITSv\">Bluetooth<\/div>\n<\/div>\n<div class=\"ITSg\">Conce\u00e7\u00e3o<\/div>\n<div class=\"ITSr0\">\n<div class=\"ITSn\">posi\u00e7\u00e3o no mercado<\/div>\n<div class=\"ITSv\">Montre de sport<\/div>\n<\/div>\n<div class=\"ITSr1\">\n<div class=\"ITSn\">Couleur du bo&icirc;tier de montre<\/div>\n<div class=\"ITSv\">Preto<\/div>\n<\/div>\n<div class=\"ITSr0\">\n<div class=\"ITSn\">Mat&eacute;riau du bo&icirc;tier de montre<\/div>\n<div class=\"ITSv\">Polym&egrave;re renforc&eacute; en fibre de carbone (CFRP)<\/div>\n<\/div>\n<div class=\"ITSr1\">\n<div class=\"ITSn\">Couleur du bracelet<\/div>\n<div class=\"ITSv\">Preto<\/div>\n<\/div>\n<div class=\"ITSr0\">\n<div class=\"ITSn\">Mati&egrave;re de la bande<\/div>\n<div class=\"ITSv\">Silicone<\/div>\n<\/div>\n<div class=\"ITSr1\">\n<div class=\"ITSn\">Taille du bracelet<\/div>\n<div class=\"ITSv\">Taille unique<\/div>\n<\/div>\n<div class=\"ITSr0\">\n<div class=\"ITSn\">Mat&eacute;riau de lentilles<\/div>\n<div class=\"ITSv\">Verre<\/div>\n<\/div>\n<div class=\"ITSr1\">\n<div class=\"ITSn\">Forma<\/div>\n<div class=\"ITSv\">Rodada<\/div>\n<\/div>\n<div class=\"ITSr0\">\n<div class=\"ITSn\">Taille du poignet<\/div>\n<div class=\"ITSv\">130 &ndash; 220 mm<\/div>\n<\/div>\n<div class=\"ITSr1\">\n<div class=\"ITSn\">Mat&eacute;riau de sangle<\/div>\n<div class=\"ITSv\">Silicone<\/div>\n<\/div>\n<div class=\"ITSr0\">\n<div class=\"ITSn\">Boucle couleur<\/div>\n<div class=\"ITSv\">Preto<\/div>\n<\/div>\n<div class=\"ITSr1\">\n<div class=\"ITSn\">Imperme\u00e1vel<\/div>\n<div class=\"ITSv\">Sim<\/div>\n<\/div>\n<div class=\"ITSr0\">\n<div class=\"ITSn\">Type de fermeture<\/div>\n<div class=\"ITSv\">Bracelet avec boucle &agrave; ardillon unique<\/div>\n<\/div>\n<div class=\"ITSr1\">\n<div class=\"ITSn\">Fun\u00e7\u00f5es de prote\u00e7\u00e3o<\/div>\n<div class=\"ITSv\">Water resistant, Waterproof<\/div>\n<\/div>\n<div class=\"ITSr0\">\n<div class=\"ITSn\">Sangle amovible<\/div>\n<div class=\"ITSv\">Sim<\/div>\n<\/div>\n<div class=\"ITSr1\">\n<div class=\"ITSn\">R&eacute;sistance &agrave; l&rsquo;eau<\/div>\n<div class=\"ITSv\">5 DAB<\/div>\n<\/div>\n<div class=\"ITSg\">Ecr\u00e3<\/div>\n<div class=\"ITSr0\">\n<div class=\"ITSn\">Tipo de ecr\u00e3<\/div>\n<div class=\"ITSv\">Digital<\/div>\n<\/div>\n<div class=\"ITSr1\">\n<div class=\"ITSn\">Resolu\u00e7\u00e3o do ecr\u00e3<\/div>\n<div class=\"ITSv\">260 x 260 pixels<\/div>\n<\/div>\n<div class=\"ITSr0\">\n<div class=\"ITSn\">Ecr\u00e3 t\u00e1ctil<\/div>\n<div class=\"ITSv\">Sim<\/div>\n<\/div>\n<div class=\"ITSr1\">\n<div class=\"ITSn\">Dimens\u00e3o do ecr\u00e3<\/div>\n<div class=\"ITSv\">3.3 cm<\/div>\n<\/div>\n<div class=\"ITSr0\">\n<div class=\"ITSn\">Tecnologia de visualiza\u00e7\u00e3o<\/div>\n<div class=\"ITSv\">MIP<\/div>\n<\/div>\n<div class=\"ITSr1\">\n<div class=\"ITSn\">&Eacute;cran toujours actif<\/div>\n<div class=\"ITSv\">Sim<\/div>\n<\/div>\n<div class=\"ITSr0\">\n<div class=\"ITSn\">Ecr\u00e3 a cores<\/div>\n<div class=\"ITSv\">Sim<\/div>\n<\/div>\n<div class=\"ITSr1\">\n<div class=\"ITSn\">Afficher diam&egrave;tre<\/div>\n<div class=\"ITSv\">3.3 cm<\/div>\n<\/div>\n<div class=\"ITSr0\">\n<div class=\"ITSn\">Type de verre de montre<\/div>\n<div class=\"ITSv\">Corning Gorilla Glass DX<\/div>\n<\/div>\n<div class=\"ITSg\">representa\u00e7\u00e3o\/realiza\u00e7\u00e3o<\/div>\n<div class=\"ITSr0\">\n<div class=\"ITSn\">Microfone incorporado<\/div>\n<div class=\"ITSv\">N\u00e3o<\/div>\n<\/div>\n<div class=\"ITSr1\">\n<div class=\"ITSn\">Altifalantes incorporados<\/div>\n<div class=\"ITSv\">Sim<\/div>\n<\/div>\n<div class=\"ITSr0\">\n<div class=\"ITSn\">C\u00e2mara incorporada<\/div>\n<div class=\"ITSv\">N\u00e3o<\/div>\n<\/div>\n<div class=\"ITSr1\">\n<div class=\"ITSn\">R\u00e1dio FM<\/div>\n<div class=\"ITSv\">N\u00e3o<\/div>\n<\/div>\n<div class=\"ITSr0\">\n<div class=\"ITSn\">Sistema m\u00f3vel suportado<\/div>\n<div class=\"ITSv\">Android, iOS<\/div>\n<\/div>\n<div class=\"ITSr1\">\n<div class=\"ITSn\">Memoire flash<\/div>\n<div class=\"ITSv\">32 Go<\/div>\n<\/div>\n<div class=\"ITSg\">Caracter\u00edsticas<\/div>\n<div class=\"ITSr0\">\n<div class=\"ITSn\">Moniteur de fr&eacute;quence cardiaque<\/div>\n<div class=\"ITSv\">Sim<\/div>\n<\/div>\n<div class=\"ITSr1\">\n<div class=\"ITSn\">Capteurs de contact de fr&eacute;quence cardiaque<\/div>\n<div class=\"ITSv\">Sim<\/div>\n<\/div>\n<div class=\"ITSr0\">\n<div class=\"ITSn\">Type de capteur de fr&eacute;quence cardiaque<\/div>\n<div class=\"ITSv\">Optique<\/div>\n<\/div>\n<div class=\"ITSr1\">\n<div class=\"ITSn\">Mesure du rythme cardiaque<\/div>\n<div class=\"ITSv\">Autom\u00e1tico<\/div>\n<\/div>\n<div class=\"ITSr0\">\n<div class=\"ITSn\">Tensiom&egrave;tre<\/div>\n<div class=\"ITSv\">Sim<\/div>\n<\/div>\n<div class=\"ITSr1\">\n<div class=\"ITSn\">Capteur d?oxyg&egrave;ne dans le sang<\/div>\n<div class=\"ITSv\">Sim<\/div>\n<\/div>\n<div class=\"ITSr0\">\n<div class=\"ITSn\">Distance parcourue<\/div>\n<div class=\"ITSv\">Sim<\/div>\n<\/div>\n<div class=\"ITSr1\">\n<div class=\"ITSn\">Podom&egrave;tre int&eacute;gr&eacute;<\/div>\n<div class=\"ITSv\">Sim<\/div>\n<\/div>\n<div class=\"ITSr0\">\n<div class=\"ITSn\">Calories br&ucirc;l&eacute;es<\/div>\n<div class=\"ITSv\">Sim<\/div>\n<\/div>\n<div class=\"ITSr1\">\n<div class=\"ITSn\">Aceler\u00f3metro<\/div>\n<div class=\"ITSv\">Sim<\/div>\n<\/div>\n<div class=\"ITSr0\">\n<div class=\"ITSn\">Girosc\u00f3pio<\/div>\n<div class=\"ITSv\">Sim<\/div>\n<\/div>\n<div class=\"ITSr1\">\n<div class=\"ITSn\">Tracker d?activit&eacute;<\/div>\n<div class=\"ITSv\">Sim<\/div>\n<\/div>\n<div class=\"ITSr0\">\n<div class=\"ITSn\">Mode Multisport<\/div>\n<div class=\"ITSv\">Sim<\/div>\n<\/div>\n<div class=\"ITSr1\">\n<div class=\"ITSn\">Objectifs personnels<\/div>\n<div class=\"ITSv\">Sim<\/div>\n<\/div>\n<div class=\"ITSr0\">\n<div class=\"ITSn\">Qualit&eacute; du sommeil<\/div>\n<div class=\"ITSv\">Sim<\/div>\n<\/div>\n<div class=\"ITSr1\">\n<div class=\"ITSn\">Service de message court (SMS)<\/div>\n<div class=\"ITSv\">Sim<\/div>\n<\/div>\n<div class=\"ITSr0\">\n<div class=\"ITSn\">Moteur de vibration<\/div>\n<div class=\"ITSv\">Sim<\/div>\n<\/div>\n<div class=\"ITSr1\">\n<div class=\"ITSn\">Gestion des informations personnelles (PIM)<\/div>\n<div class=\"ITSv\">Alarm clock, Calendar, Stopwatch<\/div>\n<\/div>\n<div class=\"ITSr0\">\n<div class=\"ITSn\">Identification de l&rsquo;appelant<\/div>\n<div class=\"ITSv\">Sim<\/div>\n<\/div>\n<div class=\"ITSr1\">\n<div class=\"ITSn\">Mode horloge<\/div>\n<div class=\"ITSv\">12h\/24h<\/div>\n<\/div>\n<div class=\"ITSr0\">\n<div class=\"ITSn\">Notifications intelligentes<\/div>\n<div class=\"ITSv\">Sim<\/div>\n<\/div>\n<div class=\"ITSr1\">\n<div class=\"ITSn\">Affichage de la m&eacute;t&eacute;o<\/div>\n<div class=\"ITSv\">Sim<\/div>\n<\/div>\n<div class=\"ITSr0\">\n<div class=\"ITSn\">Notifications du calendrier<\/div>\n<div class=\"ITSv\">Sim<\/div>\n<\/div>\n<div class=\"ITSr1\">\n<div class=\"ITSn\">Notifications par SMS<\/div>\n<div class=\"ITSv\">Sim<\/div>\n<\/div>\n<div class=\"ITSr0\">\n<div class=\"ITSn\">Minuteur<\/div>\n<div class=\"ITSv\">Sim<\/div>\n<\/div>\n<div class=\"ITSr1\">\n<div class=\"ITSn\">B\u00fassola eletr\u00f3nica<\/div>\n<div class=\"ITSv\">Sim<\/div>\n<\/div>\n<div class=\"ITSr0\">\n<div class=\"ITSn\">Lecteur de musique<\/div>\n<div class=\"ITSv\">Sim<\/div>\n<\/div>\n<div class=\"ITSr1\">\n<div class=\"ITSn\">Alarmes sonores<\/div>\n<div class=\"ITSv\">Sim<\/div>\n<\/div>\n<div class=\"ITSr0\">\n<div class=\"ITSn\">Altim&egrave;tre barom&eacute;trique<\/div>\n<div class=\"ITSv\">Sim<\/div>\n<\/div>\n<div class=\"ITSr1\">\n<div class=\"ITSn\">R&eacute;veil<\/div>\n<div class=\"ITSv\">Sim<\/div>\n<\/div>\n<div class=\"ITSr0\">\n<div class=\"ITSn\">Calendrier<\/div>\n<div class=\"ITSv\">Sim<\/div>\n<\/div>\n<div class=\"ITSr1\">\n<div class=\"ITSn\">Appareil de chronometrage<\/div>\n<div class=\"ITSv\">Sim<\/div>\n<\/div>\n<div class=\"ITSr0\">\n<div class=\"ITSn\">Alerte Temps et Distance<\/div>\n<div class=\"ITSv\">Sim<\/div>\n<\/div>\n<div class=\"ITSr1\">\n<div class=\"ITSn\">Entra&icirc;nement par intervalles<\/div>\n<div class=\"ITSv\">Sim<\/div>\n<\/div>\n<div class=\"ITSr0\">\n<div class=\"ITSn\">Entra&icirc;nements avanc&eacute;s<\/div>\n<div class=\"ITSv\">Sim<\/div>\n<\/div>\n<div class=\"ITSr1\">\n<div class=\"ITSn\">Transfert de donn&eacute;es GPS &agrave; GPS sans fil<\/div>\n<div class=\"ITSv\">Sim<\/div>\n<\/div>\n<div class=\"ITSr0\">\n<div class=\"ITSn\">Informations sur le Soleil et la Lune<\/div>\n<div class=\"ITSv\">Sim<\/div>\n<\/div>\n<div class=\"ITSr1\">\n<div class=\"ITSn\">Pr&eacute;visions m&eacute;t&eacute;orologiques<\/div>\n<div class=\"ITSv\">Sim<\/div>\n<\/div>\n<div class=\"ITSr0\">\n<div class=\"ITSn\">Transfert de donn&eacute;es du rythme cardiaque<\/div>\n<div class=\"ITSv\">Bluetooth\/ANT+<\/div>\n<\/div>\n<div class=\"ITSr1\">\n<div class=\"ITSn\">Recommandations d&rsquo;entrainement<\/div>\n<div class=\"ITSv\">Sim<\/div>\n<\/div>\n<div class=\"ITSr0\">\n<div class=\"ITSn\">Adaptation du programme d&rsquo;entrainement automatique<\/div>\n<div class=\"ITSv\">Sim<\/div>\n<\/div>\n<div class=\"ITSr1\">\n<div class=\"ITSn\">Programmation de l&rsquo;entra&icirc;nement<\/div>\n<div class=\"ITSv\">Sim<\/div>\n<\/div>\n<div class=\"ITSr0\">\n<div class=\"ITSn\">Guidage en temps r&eacute;el<\/div>\n<div class=\"ITSv\">Sim<\/div>\n<\/div>\n<div class=\"ITSr1\">\n<div class=\"ITSn\">D&eacute;tection automatique d&rsquo;activit&eacute; journali&egrave;re<\/div>\n<div class=\"ITSv\">Sim<\/div>\n<\/div>\n<div class=\"ITSr0\">\n<div class=\"ITSn\">Activit&eacute; recommand&eacute;e<\/div>\n<div class=\"ITSv\">Golf, Running, Swimming<\/div>\n<\/div>\n<div class=\"ITSr1\">\n<div class=\"ITSn\">Surveillance de l&rsquo;activit&eacute;<\/div>\n<div class=\"ITSv\">Sim<\/div>\n<\/div>\n<div class=\"ITSr0\">\n<div class=\"ITSn\">Commande de musique<\/div>\n<div class=\"ITSv\">Sim<\/div>\n<\/div>\n<div class=\"ITSr1\">\n<div class=\"ITSn\">Dynamiques de course<\/div>\n<div class=\"ITSv\">Sim<\/div>\n<\/div>\n<div class=\"ITSr0\">\n<div class=\"ITSn\">Minutes actives<\/div>\n<div class=\"ITSv\">Sim<\/div>\n<\/div>\n<div class=\"ITSr1\">\n<div class=\"ITSn\">Suivi d&rsquo;entra&icirc;nement<\/div>\n<div class=\"ITSv\">Sim<\/div>\n<\/div>\n<div class=\"ITSr0\">\n<div class=\"ITSn\">Notifications d&rsquo;appel<\/div>\n<div class=\"ITSv\">Sim<\/div>\n<\/div>\n<div class=\"ITSr1\">\n<div class=\"ITSn\">Bar\u00f3metro<\/div>\n<div class=\"ITSv\">Sim<\/div>\n<\/div>\n<div class=\"ITSr0\">\n<div class=\"ITSn\">R&eacute;veil d&rsquo;alarme &agrave; vibrations<\/div>\n<div class=\"ITSv\">Sim<\/div>\n<\/div>\n<div class=\"ITSg\">Rede<\/div>\n<div class=\"ITSr0\">\n<div class=\"ITSn\">Liga\u00e7\u00e3o \u00e0 rede m\u00f3vel<\/div>\n<div class=\"ITSv\">N\u00e3o<\/div>\n<\/div>\n<div class=\"ITSr1\">\n<div class=\"ITSn\">ANT+ activ&eacute;<\/div>\n<div class=\"ITSv\">Sim<\/div>\n<\/div>\n<div class=\"ITSr0\">\n<div class=\"ITSn\">GPS (satellite)<\/div>\n<div class=\"ITSv\">Sim<\/div>\n<\/div>\n<div class=\"ITSr1\">\n<div class=\"ITSn\">GLONASS<\/div>\n<div class=\"ITSv\">Sim<\/div>\n<\/div>\n<div class=\"ITSr0\">\n<div class=\"ITSn\">Galileo<\/div>\n<div class=\"ITSv\">Sim<\/div>\n<\/div>\n<div class=\"ITSg\">Pot\u00eancia<\/div>\n<div class=\"ITSr0\">\n<div class=\"ITSn\">Tipo de bateria<\/div>\n<div class=\"ITSv\">Bateria incorporada<\/div>\n<\/div>\n<div class=\"ITSr1\">\n<div class=\"ITSn\">Dura\u00e7\u00e3o m\u00e1xima da bateria<\/div>\n<div class=\"ITSv\">49 h<\/div>\n<\/div>\n<div class=\"ITSr0\">\n<div class=\"ITSn\">Veille automatique<\/div>\n<div class=\"ITSv\">Sim<\/div>\n<\/div>\n<div class=\"ITSr1\">\n<div class=\"ITSn\">&Eacute;nergie solaire<\/div>\n<div class=\"ITSv\">Sim<\/div>\n<\/div>\n<div class=\"ITSr0\">\n<div class=\"ITSn\">Dur&eacute;e de vie de la batterie (max)<\/div>\n<div class=\"ITSv\">2 semaine<\/div>\n<\/div>\n<div class=\"ITSg\">Peso e dimens\u00f5es<\/div>\n<div class=\"ITSr0\">\n<div class=\"ITSn\">Largura<\/div>\n<div class=\"ITSv\">46.5 mm<\/div>\n<\/div>\n<div class=\"ITSr1\">\n<div class=\"ITSn\">Profundidade<\/div>\n<div class=\"ITSv\">46.5 mm<\/div>\n<\/div>\n<div class=\"ITSr0\">\n<div class=\"ITSn\">&Eacute;paisseur<\/div>\n<div class=\"ITSv\">1.44 cm<\/div>\n<\/div>\n<div class=\"ITSr1\">\n<div class=\"ITSn\">Peso<\/div>\n<div class=\"ITSv\">53 g<\/div>\n<\/div>\n<\/div>","protected":false},"excerpt":{"rendered":"<p>Garmin Forerunner 955. Taille de l&rsquo;&eacute;cran 3,3 cm (1.3), Technologie d&rsquo;affichage MIP, R&eacute;solution de l&rsquo;&eacute;cran 260 x 260 pixels, &Eacute;cran tactile. Memoire flash 32 Go. Wifi. GPS (satellite). Poids 53 g. Mati&egrave;re de la bande Silicone, Couleur du bracelet Noir, Taille du bracelet Taille unique<\/p>","protected":false},"featured_media":66479,"comment_status":"open","ping_status":"closed","template":"","meta":{"_seopress_robots_primary_cat":"","_seopress_titles_title":"","_seopress_titles_desc":"","_seopress_robots_index":"","_gspb_post_css":"","content-type":"","jetpack_post_was_ever_published":false,"jetpack_publicize_message":"","jetpack_publicize_feature_enabled":true,"jetpack_social_post_already_shared":true,"jetpack_social_options":{"image_generator_settings":{"template":"highway","default_image_id":0,"font":"","enabled":false},"version":2}},"product_brand":[822],"product_cat":[776],"product_tag":[],"class_list":{"0":"post-57536","1":"product","2":"type-product","3":"status-publish","4":"has-post-thumbnail","6":"product_brand-garmin","7":"product_cat-smartwatches","8":"product_shipping_class-makant-standard","9":"pa_origine-dexpedition-union-europeenne-allemagne-2","11":"first","12":"instock","13":"taxable","14":"shipping-taxable","15":"purchasable","16":"product-type-simple"},"jetpack_publicize_connections":[],"jetpack_sharing_enabled":true,"_links":{"self":[{"href":"https:\/\/trendsbystylia.com\/pt\/wp-json\/wp\/v2\/product\/57536","targetHints":{"allow":["GET"]}}],"collection":[{"href":"https:\/\/trendsbystylia.com\/pt\/wp-json\/wp\/v2\/product"}],"about":[{"href":"https:\/\/trendsbystylia.com\/pt\/wp-json\/wp\/v2\/types\/product"}],"replies":[{"embeddable":true,"href":"https:\/\/trendsbystylia.com\/pt\/wp-json\/wp\/v2\/comments?post=57536"}],"wp:featuredmedia":[{"embeddable":true,"href":"https:\/\/trendsbystylia.com\/pt\/wp-json\/wp\/v2\/media\/66479"}],"wp:attachment":[{"href":"https:\/\/trendsbystylia.com\/pt\/wp-json\/wp\/v2\/media?parent=57536"}],"wp:term":[{"taxonomy":"product_brand","embeddable":true,"href":"https:\/\/trendsbystylia.com\/pt\/wp-json\/wp\/v2\/product_brand?post=57536"},{"taxonomy":"product_cat","embeddable":true,"href":"https:\/\/trendsbystylia.com\/pt\/wp-json\/wp\/v2\/product_cat?post=57536"},{"taxonomy":"product_tag","embeddable":true,"href":"https:\/\/trendsbystylia.com\/pt\/wp-json\/wp\/v2\/product_tag?post=57536"}],"curies":[{"name":"wp","href":"https:\/\/api.w.org\/{rel}","templated":true}]}}