{"id":57510,"date":"2025-03-30T23:16:38","date_gmt":"2025-03-30T23:16:38","guid":{"rendered":"https:\/\/trendsbystylia.com\/?post_type=product&#038;p=57510"},"modified":"2025-04-03T15:43:49","modified_gmt":"2025-04-03T15:43:49","slug":"garmin-forerunner-55-dunkelgrau-schwarz-010-02562-13","status":"publish","type":"product","link":"https:\/\/trendsbystylia.com\/pt\/produto\/garmin-forerunner-55-dunkelgrau-schwarz-010-02562-13\/","title":{"rendered":"<p>Garmin Forerunner 55 Dunkelgrau\/Schwarz  010-02562-13<\/p>"},"content":{"rendered":"<div id=\"HTML_SPEC\" class=\"ITSs\">\n<div class=\"ITSg\">Conce\u00e7\u00e3o<\/div>\n<div class=\"ITSr0\">\n<div class=\"ITSn\">posi\u00e7\u00e3o no mercado<\/div>\n<div class=\"ITSv\">Smartwatch<\/div>\n<\/div>\n<div class=\"ITSr1\">\n<div class=\"ITSn\">Dimension du bo&icirc;tier de montre<\/div>\n<div class=\"ITSv\">42 mm<\/div>\n<\/div>\n<div class=\"ITSr0\">\n<div class=\"ITSn\">Couleur du bo&icirc;tier de montre<\/div>\n<div class=\"ITSv\">cinzento<\/div>\n<\/div>\n<div class=\"ITSr1\">\n<div class=\"ITSn\">Couleur du bracelet<\/div>\n<div class=\"ITSv\">cinzento<\/div>\n<\/div>\n<div class=\"ITSr0\">\n<div class=\"ITSn\">Mati&egrave;re de la bande<\/div>\n<div class=\"ITSv\">Silicone<\/div>\n<\/div>\n<div class=\"ITSr1\">\n<div class=\"ITSn\">Forma<\/div>\n<div class=\"ITSv\">Rodada<\/div>\n<\/div>\n<div class=\"ITSr0\">\n<div class=\"ITSn\">Fun\u00e7\u00f5es de prote\u00e7\u00e3o<\/div>\n<div class=\"ITSv\">Imperme\u00e1vel<\/div>\n<\/div>\n<div class=\"ITSr1\">\n<div class=\"ITSn\">R&eacute;sistance &agrave; l&rsquo;eau<\/div>\n<div class=\"ITSv\">5 DAB<\/div>\n<\/div>\n<div class=\"ITSg\">Ecr\u00e3<\/div>\n<div class=\"ITSr0\">\n<div class=\"ITSn\">Tipo de ecr\u00e3<\/div>\n<div class=\"ITSv\">Digital<\/div>\n<\/div>\n<div class=\"ITSr1\">\n<div class=\"ITSn\">Resolu\u00e7\u00e3o do ecr\u00e3<\/div>\n<div class=\"ITSv\">208 x 208 pixels<\/div>\n<\/div>\n<div class=\"ITSr0\">\n<div class=\"ITSn\">Ecr\u00e3 t\u00e1ctil<\/div>\n<div class=\"ITSv\">Sim<\/div>\n<\/div>\n<div class=\"ITSr1\">\n<div class=\"ITSn\">Tecnologia de visualiza\u00e7\u00e3o<\/div>\n<div class=\"ITSv\">MIP<\/div>\n<\/div>\n<div class=\"ITSg\">Caracter\u00edsticas<\/div>\n<div class=\"ITSr0\">\n<div class=\"ITSn\">Moniteur de fr&eacute;quence cardiaque<\/div>\n<div class=\"ITSv\">Sim<\/div>\n<\/div>\n<div class=\"ITSr1\">\n<div class=\"ITSn\">Capteurs de contact de fr&eacute;quence cardiaque<\/div>\n<div class=\"ITSv\">Sim<\/div>\n<\/div>\n<div class=\"ITSr0\">\n<div class=\"ITSn\">Mesure du rythme cardiaque<\/div>\n<div class=\"ITSv\">Autom\u00e1tico<\/div>\n<\/div>\n<div class=\"ITSr1\">\n<div class=\"ITSn\">Aceler\u00f3metro<\/div>\n<div class=\"ITSv\">Sim<\/div>\n<\/div>\n<div class=\"ITSr0\">\n<div class=\"ITSn\">Qualit&eacute; du sommeil<\/div>\n<div class=\"ITSv\">Sim<\/div>\n<\/div>\n<div class=\"ITSr1\">\n<div class=\"ITSn\">Notifications intelligentes<\/div>\n<div class=\"ITSv\">Sim<\/div>\n<\/div>\n<div class=\"ITSr0\">\n<div class=\"ITSn\">Affichage de la m&eacute;t&eacute;o<\/div>\n<div class=\"ITSv\">Sim<\/div>\n<\/div>\n<div class=\"ITSr1\">\n<div class=\"ITSn\">Notifications du calendrier<\/div>\n<div class=\"ITSv\">Sim<\/div>\n<\/div>\n<div class=\"ITSr0\">\n<div class=\"ITSn\">Minuteur<\/div>\n<div class=\"ITSv\">Sim<\/div>\n<\/div>\n<div class=\"ITSr1\">\n<div class=\"ITSn\">Fonction de surveillance du stress<\/div>\n<div class=\"ITSv\">Sim<\/div>\n<\/div>\n<div class=\"ITSr0\">\n<div class=\"ITSn\">R&eacute;veil d&rsquo;alarme &agrave; vibrations<\/div>\n<div class=\"ITSv\">Sim<\/div>\n<\/div>\n<div class=\"ITSg\">representa\u00e7\u00e3o\/realiza\u00e7\u00e3o<\/div>\n<div class=\"ITSr0\">\n<div class=\"ITSn\">Sistema m\u00f3vel suportado<\/div>\n<div class=\"ITSv\">Android, iOS<\/div>\n<\/div>\n<div class=\"ITSg\">Peso e dimens\u00f5es<\/div>\n<div class=\"ITSr0\">\n<div class=\"ITSn\">Peso<\/div>\n<div class=\"ITSv\">37 g<\/div>\n<\/div>\n<div class=\"ITSg\">Pot\u00eancia<\/div>\n<div class=\"ITSr0\">\n<div class=\"ITSn\">Dura\u00e7\u00e3o m\u00e1xima da bateria<\/div>\n<div class=\"ITSv\">168 h<\/div>\n<\/div>\n<div class=\"ITSg\">Rede<\/div>\n<div class=\"ITSr0\">\n<div class=\"ITSn\">ANT+ activ&eacute;<\/div>\n<div class=\"ITSv\">Sim<\/div>\n<\/div>\n<div class=\"ITSr1\">\n<div class=\"ITSn\">GPS (satellite)<\/div>\n<div class=\"ITSv\">Sim<\/div>\n<\/div>\n<div class=\"ITSr0\">\n<div class=\"ITSn\">GLONASS<\/div>\n<div class=\"ITSv\">Sim<\/div>\n<\/div>\n<div class=\"ITSr1\">\n<div class=\"ITSn\">Galileo<\/div>\n<div class=\"ITSv\">Sim<\/div>\n<\/div>\n<\/div>","protected":false},"excerpt":{"rendered":"<p>Garmin 010-02562-13. Technologie d&rsquo;affichage MIP, R&eacute;solution de l&rsquo;&eacute;cran 208 x 208 pixels, &Eacute;cran tactile. GPS (satellite). Poids 37 g. Mati&egrave;re de la bande Silicone, Couleur du bracelet Gris<\/p>","protected":false},"featured_media":66495,"comment_status":"open","ping_status":"closed","template":"","meta":{"_seopress_robots_primary_cat":"","_seopress_titles_title":"","_seopress_titles_desc":"","_seopress_robots_index":"","_gspb_post_css":"","content-type":"","jetpack_post_was_ever_published":false,"jetpack_publicize_message":"","jetpack_publicize_feature_enabled":true,"jetpack_social_post_already_shared":true,"jetpack_social_options":{"image_generator_settings":{"template":"highway","default_image_id":0,"font":"","enabled":false},"version":2}},"product_brand":[822],"product_cat":[776],"product_tag":[],"class_list":{"0":"post-57510","1":"product","2":"type-product","3":"status-publish","4":"has-post-thumbnail","6":"product_brand-garmin","7":"product_cat-smartwatches","8":"product_shipping_class-makant-standard","9":"pa_origine-dexpedition-union-europeenne-allemagne-2","11":"first","12":"instock","13":"taxable","14":"shipping-taxable","15":"purchasable","16":"product-type-simple"},"jetpack_publicize_connections":[],"jetpack_sharing_enabled":true,"_links":{"self":[{"href":"https:\/\/trendsbystylia.com\/pt\/wp-json\/wp\/v2\/product\/57510","targetHints":{"allow":["GET"]}}],"collection":[{"href":"https:\/\/trendsbystylia.com\/pt\/wp-json\/wp\/v2\/product"}],"about":[{"href":"https:\/\/trendsbystylia.com\/pt\/wp-json\/wp\/v2\/types\/product"}],"replies":[{"embeddable":true,"href":"https:\/\/trendsbystylia.com\/pt\/wp-json\/wp\/v2\/comments?post=57510"}],"wp:featuredmedia":[{"embeddable":true,"href":"https:\/\/trendsbystylia.com\/pt\/wp-json\/wp\/v2\/media\/66495"}],"wp:attachment":[{"href":"https:\/\/trendsbystylia.com\/pt\/wp-json\/wp\/v2\/media?parent=57510"}],"wp:term":[{"taxonomy":"product_brand","embeddable":true,"href":"https:\/\/trendsbystylia.com\/pt\/wp-json\/wp\/v2\/product_brand?post=57510"},{"taxonomy":"product_cat","embeddable":true,"href":"https:\/\/trendsbystylia.com\/pt\/wp-json\/wp\/v2\/product_cat?post=57510"},{"taxonomy":"product_tag","embeddable":true,"href":"https:\/\/trendsbystylia.com\/pt\/wp-json\/wp\/v2\/product_tag?post=57510"}],"curies":[{"name":"wp","href":"https:\/\/api.w.org\/{rel}","templated":true}]}}