{"id":57020,"date":"2025-03-30T23:18:13","date_gmt":"2025-03-30T23:18:13","guid":{"rendered":"https:\/\/trendsbystylia.com\/?post_type=product&#038;p=57020"},"modified":"2025-04-02T21:22:17","modified_gmt":"2025-04-02T21:22:17","slug":"amazon-ring-spotlight-cam-plus-battery-black-8sb1s2-beu0","status":"publish","type":"product","link":"https:\/\/trendsbystylia.com\/pt\/produto\/amazon-ring-spotlight-cam-plus-battery-black-8sb1s2-beu0\/","title":{"rendered":"<p>Amazon Ring Spotlight Cam Plus Bateria Preto 8SB1S2-BEU0<\/p>"},"content":{"rendered":"<div id=\"HTML_SPEC\" class=\"ITSs\">\n<div class=\"ITSg\">Conce\u00e7\u00e3o<\/div>\n<div class=\"ITSr0\">\n<div class=\"ITSn\">Format<\/div>\n<div class=\"ITSv\">Caixa<\/div>\n<\/div>\n<div class=\"ITSr1\">\n<div class=\"ITSn\">Tipo de instala\u00e7\u00e3o<\/div>\n<div class=\"ITSv\">Teto\/parede<\/div>\n<\/div>\n<div class=\"ITSr0\">\n<div class=\"ITSn\">Cor do produto<\/div>\n<div class=\"ITSv\">Preto<\/div>\n<\/div>\n<div class=\"ITSr1\">\n<div class=\"ITSn\">Resiste ao tempo<\/div>\n<div class=\"ITSv\">Sim<\/div>\n<\/div>\n<div class=\"ITSr0\">\n<div class=\"ITSn\">Pa\u00eds de origem<\/div>\n<div class=\"ITSv\">China<\/div>\n<\/div>\n<div class=\"ITSg\">Pot\u00eancia<\/div>\n<div class=\"ITSr0\">\n<div class=\"ITSn\">Tipo de fonte de energia<\/div>\n<div class=\"ITSv\">Bateria<\/div>\n<\/div>\n<div class=\"ITSr1\">\n<div class=\"ITSn\">Tecnologia da bateria<\/div>\n<div class=\"ITSv\">L\u00edtio-\u00edon (Li-\u00edon)<\/div>\n<\/div>\n<div class=\"ITSr0\">\n<div class=\"ITSn\">N\u00famero de baterias suportadas<\/div>\n<div class=\"ITSv\">1<\/div>\n<\/div>\n<div class=\"ITSr1\">\n<div class=\"ITSn\">Bateria recarreg\u00e1vel<\/div>\n<div class=\"ITSv\">Sim<\/div>\n<\/div>\n<div class=\"ITSg\">representa\u00e7\u00e3o\/realiza\u00e7\u00e3o<\/div>\n<div class=\"ITSr0\">\n<div class=\"ITSn\">Tipo<\/div>\n<div class=\"ITSv\">c\u00e2mera seguran\u00e7a IP<\/div>\n<\/div>\n<div class=\"ITSr1\">\n<div class=\"ITSn\">Instala\u00e7\u00e3o suportada<\/div>\n<div class=\"ITSv\">No exterior<\/div>\n<\/div>\n<div class=\"ITSr0\">\n<div class=\"ITSn\">Tecnologia de conectividade<\/div>\n<div class=\"ITSv\">Sem fio<\/div>\n<\/div>\n<div class=\"ITSr1\">\n<div class=\"ITSn\">Modo Dia\/Noite<\/div>\n<div class=\"ITSv\">Sim<\/div>\n<\/div>\n<div class=\"ITSr0\">\n<div class=\"ITSn\">Visualiza\u00e7\u00e3o \u00e0 dist\u00e2ncia<\/div>\n<div class=\"ITSv\">Sim<\/div>\n<\/div>\n<div class=\"ITSr1\">\n<div class=\"ITSn\">Luz incorporada<\/div>\n<div class=\"ITSv\">Sim<\/div>\n<\/div>\n<div class=\"ITSg\">Rede<\/div>\n<div class=\"ITSr0\">\n<div class=\"ITSn\">Ethernet\/LAN<\/div>\n<div class=\"ITSv\">N\u00e3o<\/div>\n<\/div>\n<div class=\"ITSr1\">\n<div class=\"ITSn\">Wifi<\/div>\n<div class=\"ITSv\">Sim<\/div>\n<\/div>\n<div class=\"ITSr0\">\n<div class=\"ITSn\">Bluetooth<\/div>\n<div class=\"ITSv\">N\u00e3o<\/div>\n<\/div>\n<div class=\"ITSr1\">\n<div class=\"ITSn\">Padr\u00f5es Wi-Fi<\/div>\n<div class=\"ITSv\">802.11b, 802.11g, Wi-Fi 4 (802.11n)<\/div>\n<\/div>\n<div class=\"ITSr0\">\n<div class=\"ITSn\">Banda de frequ\u00eancia<\/div>\n<div class=\"ITSv\">2,4 \u2013 5 GHz<\/div>\n<\/div>\n<div class=\"ITSg\">Conte\u00fado da embalagem<\/div>\n<div class=\"ITSr0\">\n<div class=\"ITSn\">n\u00famero de c\u00e2maras<\/div>\n<div class=\"ITSv\">1<\/div>\n<\/div>\n<div class=\"ITSr1\">\n<div class=\"ITSn\">Cabos inclu\u00eddos<\/div>\n<div class=\"ITSv\">Micro-USB<\/div>\n<\/div>\n<div class=\"ITSr0\">\n<div class=\"ITSn\">Kit de montagem<\/div>\n<div class=\"ITSv\">Sim<\/div>\n<\/div>\n<div class=\"ITSr1\">\n<div class=\"ITSn\">Bateria inclu\u00edda<\/div>\n<div class=\"ITSv\">Sim<\/div>\n<\/div>\n<div class=\"ITSr0\">\n<div class=\"ITSn\">Manual do utilizador<\/div>\n<div class=\"ITSv\">Sim<\/div>\n<\/div>\n<div class=\"ITSg\">vis\u00e3o noturna<\/div>\n<div class=\"ITSr0\">\n<div class=\"ITSn\">Vis\u00e3o nocturna<\/div>\n<div class=\"ITSv\">Sim<\/div>\n<\/div>\n<div class=\"ITSg\">Suportes de armazenamento<\/div>\n<div class=\"ITSr0\">\n<div class=\"ITSn\">Disco r\u00edgido incorporado<\/div>\n<div class=\"ITSv\">N\u00e3o<\/div>\n<\/div>\n<div class=\"ITSg\">V\u00eddeo<\/div>\n<div class=\"ITSr0\">\n<div class=\"ITSn\">Resolu\u00e7\u00e3o m\u00e1xima<\/div>\n<div class=\"ITSv\">1920 x 1080 p\u00edxeis<\/div>\n<\/div>\n<div class=\"ITSr1\">\n<div class=\"ITSn\">Total de megap\u00edxeis<\/div>\n<div class=\"ITSv\">2 MP<\/div>\n<\/div>\n<div class=\"ITSr0\">\n<div class=\"ITSn\">Modos de v\u00eddeo suportados<\/div>\n<div class=\"ITSv\">1080p<\/div>\n<\/div>\n<div class=\"ITSg\">\u00c1udio<\/div>\n<div class=\"ITSr0\">\n<div class=\"ITSn\">Altifalantes incorporados<\/div>\n<div class=\"ITSv\">Sim<\/div>\n<\/div>\n<div class=\"ITSr1\">\n<div class=\"ITSn\">Sistema de \u00e1udio<\/div>\n<div class=\"ITSv\">2 vias<\/div>\n<\/div>\n<div class=\"ITSr0\">\n<div class=\"ITSn\">Microfone incorporado<\/div>\n<div class=\"ITSv\">Sim<\/div>\n<\/div>\n<div class=\"ITSg\">Condi\u00e7\u00f5es ambientais<\/div>\n<div class=\"ITSr0\">\n<div class=\"ITSn\">Temperatura de funcionamento<\/div>\n<div class=\"ITSv\">-20 \u2013 48,5 \u00b0C<\/div>\n<\/div>\n<div class=\"ITSg\">Peso e dimens\u00f5es<\/div>\n<div class=\"ITSr0\">\n<div class=\"ITSn\">Largura<\/div>\n<div class=\"ITSv\">80 mm<\/div>\n<\/div>\n<div class=\"ITSr1\">\n<div class=\"ITSn\">Profundidade<\/div>\n<div class=\"ITSv\">76 mm<\/div>\n<\/div>\n<div class=\"ITSr0\">\n<div class=\"ITSn\">Altura<\/div>\n<div class=\"ITSv\">126 mm<\/div>\n<\/div>\n<div class=\"ITSr1\">\n<div class=\"ITSn\">Peso<\/div>\n<div class=\"ITSv\">326 g<\/div>\n<\/div>\n<div class=\"ITSr0\">\n<div class=\"ITSn\">Largura da bateria<\/div>\n<div class=\"ITSv\">20 cm<\/div>\n<\/div>\n<div class=\"ITSr1\">\n<div class=\"ITSn\">Profundidade da bateria<\/div>\n<div class=\"ITSv\">43 cm<\/div>\n<\/div>\n<div class=\"ITSr0\">\n<div class=\"ITSn\">Altura da bateria<\/div>\n<div class=\"ITSv\">69 cm<\/div>\n<\/div>\n<div class=\"ITSr1\">\n<div class=\"ITSn\">Largura da embalagem<\/div>\n<div class=\"ITSv\">130 mm<\/div>\n<\/div>\n<div class=\"ITSr0\">\n<div class=\"ITSn\">Profundidade da embalagem<\/div>\n<div class=\"ITSv\">97 mm<\/div>\n<\/div>\n<div class=\"ITSr1\">\n<div class=\"ITSn\">Altura da embalagem<\/div>\n<div class=\"ITSv\">153 mm<\/div>\n<\/div>\n<div class=\"ITSr0\">\n<div class=\"ITSn\">Peso da embalagem<\/div>\n<div class=\"ITSv\">690 g<\/div>\n<\/div>\n<div class=\"ITSg\">Seguran\u00e7a<\/div>\n<div class=\"ITSr0\">\n<div class=\"ITSn\">Sirene integrada<\/div>\n<div class=\"ITSv\">Sim<\/div>\n<\/div>\n<div class=\"ITSr1\">\n<div class=\"ITSn\">Detector de movimento (v\u00eddeo)<\/div>\n<div class=\"ITSv\">Sim<\/div>\n<\/div>\n<div class=\"ITSg\">C\u00e2mara<\/div>\n<div class=\"ITSr0\">\n<div class=\"ITSn\">Ponto de Vista do \u00c2ngulo (FOV)<\/div>\n<div class=\"ITSv\">140\u00b0<\/div>\n<\/div>\n<div class=\"ITSg\">Bateria<\/div>\n<div class=\"ITSr0\">\n<div class=\"ITSn\">Peso da bateria<\/div>\n<div class=\"ITSv\">143 g<\/div>\n<\/div>\n<div class=\"ITSg\">Dados t\u00e9cnicos<\/div>\n<div class=\"ITSr0\">\n<div class=\"ITSn\">Sistema Autom\u00e1tico de Rastreio de Classifica\u00e7\u00e3o de Mercadorias (CCATS)<\/div>\n<div class=\"ITSv\">8525.89.0005<\/div>\n<\/div>\n<div class=\"ITSg\">Dados log\u00edsticos<\/div>\n<div class=\"ITSr0\">\n<div class=\"ITSn\">Produtos por palete<\/div>\n<div class=\"ITSv\">400 pi&egrave;ce(s)<\/div>\n<\/div>\n<div class=\"ITSr1\">\n<div class=\"ITSn\">Largura do arm\u00e1rio principal (externo)<\/div>\n<div class=\"ITSv\">209.5 mm<\/div>\n<\/div>\n<div class=\"ITSr0\">\n<div class=\"ITSn\">Comprimento do cacifo principal (externo)<\/div>\n<div class=\"ITSv\">275 mm<\/div>\n<\/div>\n<div class=\"ITSr1\">\n<div class=\"ITSn\">Altura do cacifo principal (externo)<\/div>\n<div class=\"ITSv\">174.5 mm<\/div>\n<\/div>\n<div class=\"ITSr0\">\n<div class=\"ITSn\">Produzido por cacifo principal (externo)<\/div>\n<div class=\"ITSv\">4 pe\u00e7a(s)<\/div>\n<\/div>\n<\/div>","protected":false},"excerpt":{"rendered":"<p>Ring Spotlight Cam Plus Battery. Type Cam&eacute;ra de s&eacute;curit&eacute; IP, Installation prise en charge Ext&eacute;rieure, Technologie de connectivit&eacute; Sans fil. Type de montage Plafond\/mur, Couleur du produit Noir, Format Bo&icirc;te. point de vue angle (FOV) 140&deg;. R&eacute;solution maximale 1920 x 1080 pixels, Total des megapixels 2 MP, Modes vid&eacute;o pris en charge 1080p. Syst&egrave;me audio 2-voies<\/p>","protected":false},"featured_media":66610,"comment_status":"open","ping_status":"closed","template":"","meta":{"_seopress_robots_primary_cat":"","_seopress_titles_title":"","_seopress_titles_desc":"","_seopress_robots_index":"","_gspb_post_css":"","content-type":"","jetpack_post_was_ever_published":false,"jetpack_publicize_message":"","jetpack_publicize_feature_enabled":true,"jetpack_social_post_already_shared":true,"jetpack_social_options":{"image_generator_settings":{"template":"highway","default_image_id":0,"font":"","enabled":false},"version":2}},"product_brand":[854],"product_cat":[1140,730],"product_tag":[],"class_list":{"0":"post-57020","1":"product","2":"type-product","3":"status-publish","4":"has-post-thumbnail","6":"product_brand-amazon","7":"product_cat-securite","8":"product_cat-surveillance-video","9":"product_shipping_class-makant-standard","10":"pa_origine-dexpedition-union-europeenne-allemagne-2","12":"first","13":"instock","14":"taxable","15":"shipping-taxable","16":"purchasable","17":"product-type-simple"},"jetpack_publicize_connections":[],"jetpack_sharing_enabled":true,"_links":{"self":[{"href":"https:\/\/trendsbystylia.com\/pt\/wp-json\/wp\/v2\/product\/57020","targetHints":{"allow":["GET"]}}],"collection":[{"href":"https:\/\/trendsbystylia.com\/pt\/wp-json\/wp\/v2\/product"}],"about":[{"href":"https:\/\/trendsbystylia.com\/pt\/wp-json\/wp\/v2\/types\/product"}],"replies":[{"embeddable":true,"href":"https:\/\/trendsbystylia.com\/pt\/wp-json\/wp\/v2\/comments?post=57020"}],"wp:featuredmedia":[{"embeddable":true,"href":"https:\/\/trendsbystylia.com\/pt\/wp-json\/wp\/v2\/media\/66610"}],"wp:attachment":[{"href":"https:\/\/trendsbystylia.com\/pt\/wp-json\/wp\/v2\/media?parent=57020"}],"wp:term":[{"taxonomy":"product_brand","embeddable":true,"href":"https:\/\/trendsbystylia.com\/pt\/wp-json\/wp\/v2\/product_brand?post=57020"},{"taxonomy":"product_cat","embeddable":true,"href":"https:\/\/trendsbystylia.com\/pt\/wp-json\/wp\/v2\/product_cat?post=57020"},{"taxonomy":"product_tag","embeddable":true,"href":"https:\/\/trendsbystylia.com\/pt\/wp-json\/wp\/v2\/product_tag?post=57020"}],"curies":[{"name":"wp","href":"https:\/\/api.w.org\/{rel}","templated":true}]}}