{"id":56295,"date":"2025-03-30T23:20:34","date_gmt":"2025-03-30T23:20:34","guid":{"rendered":"https:\/\/trendsbystylia.com\/?post_type=product&#038;p=56295"},"modified":"2025-04-04T22:21:15","modified_gmt":"2025-04-04T22:21:15","slug":"teltonika-ethernet-wan-fast-ethernet-metallique-rut300000000","status":"publish","type":"product","link":"https:\/\/trendsbystylia.com\/pt\/produto\/teltonika-ethernet-wan-fast-ethernet-metallique-rut300000000\/","title":{"rendered":"<p>Teltonika &ndash; Ethernet WAN &ndash; Fast Ethernet &ndash; M&eacute;tallique RUT300000000<\/p>"},"content":{"rendered":"<div id=\"HTML_SPEC\" class=\"ITSs\">\n<div class=\"ITSg\">General<\/div>\n<div class=\"ITSr0\">\n<div class=\"ITSn\">Tipo<\/div>\n<div class=\"ITSv\">Router<\/div>\n<\/div>\n<div class=\"ITSr1\">\n<div class=\"ITSn\">Other product features (i.e. waterproof, volume control, &hellip;)<\/div>\n<div class=\"ITSv\">Wake-On-Lan<\/div>\n<\/div>\n<div class=\"ITSg\">Interfaces\/Conectividade<\/div>\n<div class=\"ITSr0\">\n<div class=\"ITSn\">Amount of ports<\/div>\n<div class=\"ITSv\">Amount of ports<\/div>\n<\/div>\n<div class=\"ITSr1\">\n<div class=\"ITSn\">Interfaces universais<\/div>\n<div class=\"ITSv\">USB 2.0<\/div>\n<\/div>\n<div class=\"ITSg\">Network<\/div>\n<div class=\"ITSr0\">\n<div class=\"ITSn\">Network protocol<\/div>\n<div class=\"ITSv\">IPSec L2TP NAT PPTP VPN<\/div>\n<\/div>\n<div class=\"ITSr1\">\n<div class=\"ITSn\">Network standards<\/div>\n<div class=\"ITSv\">Ethernet<\/div>\n<\/div>\n<div class=\"ITSr0\">\n<div class=\"ITSn\">Network ports<\/div>\n<div class=\"ITSv\">RJ-45<\/div>\n<\/div>\n<div class=\"ITSg\">Especifica\u00e7\u00f5es t\u00e9cnicas<\/div>\n<div class=\"ITSr0\">\n<div class=\"ITSn\">Transmission rate<\/div>\n<div class=\"ITSv\">0,1 Gbps<\/div>\n<\/div>\n<div class=\"ITSr1\">\n<div class=\"ITSn\">Sistemas operativos<\/div>\n<div class=\"ITSv\">Linux<\/div>\n<\/div>\n<div class=\"ITSg\">Measurements \/ weight<\/div>\n<div class=\"ITSr0\">\n<div class=\"ITSn\">Measurements<\/div>\n<div class=\"ITSv\">100 x 30 x 85 mm<\/div>\n<\/div>\n<\/div>","protected":false},"excerpt":{"rendered":"<p>Teltonika RUT300 &ndash; Ethernet WAN &ndash; Fast Ethernet &ndash; Bleu &ndash; M&eacute;tallique &ndash; 5 x RJ45 ports &ndash; 10\/100 Mbps &ndash; 1 x USB A port for external devices &ndash; VPN &ndash; VLAN &ndash; RMS &ndash; Reboot\/User default reset\/Factory reset button &ndash; Euro PSU<\/p>","protected":false},"featured_media":66779,"comment_status":"open","ping_status":"closed","template":"","meta":{"_seopress_robots_primary_cat":"","_seopress_titles_title":"","_seopress_titles_desc":"","_seopress_robots_index":"","_gspb_post_css":"","content-type":"","jetpack_post_was_ever_published":false,"jetpack_publicize_message":"","jetpack_publicize_feature_enabled":true,"jetpack_social_post_already_shared":true,"jetpack_social_options":{"image_generator_settings":{"template":"highway","default_image_id":0,"font":"","enabled":false},"version":2}},"product_brand":[944],"product_cat":[725],"product_tag":[],"class_list":{"0":"post-56295","1":"product","2":"type-product","3":"status-publish","4":"has-post-thumbnail","6":"product_brand-teltonika","7":"product_cat-routeurs","8":"product_shipping_class-makant-standard","9":"pa_origine-dexpedition-union-europeenne-allemagne-2","11":"first","12":"instock","13":"taxable","14":"shipping-taxable","15":"purchasable","16":"product-type-simple"},"jetpack_publicize_connections":[],"jetpack_sharing_enabled":true,"_links":{"self":[{"href":"https:\/\/trendsbystylia.com\/pt\/wp-json\/wp\/v2\/product\/56295","targetHints":{"allow":["GET"]}}],"collection":[{"href":"https:\/\/trendsbystylia.com\/pt\/wp-json\/wp\/v2\/product"}],"about":[{"href":"https:\/\/trendsbystylia.com\/pt\/wp-json\/wp\/v2\/types\/product"}],"replies":[{"embeddable":true,"href":"https:\/\/trendsbystylia.com\/pt\/wp-json\/wp\/v2\/comments?post=56295"}],"wp:featuredmedia":[{"embeddable":true,"href":"https:\/\/trendsbystylia.com\/pt\/wp-json\/wp\/v2\/media\/66779"}],"wp:attachment":[{"href":"https:\/\/trendsbystylia.com\/pt\/wp-json\/wp\/v2\/media?parent=56295"}],"wp:term":[{"taxonomy":"product_brand","embeddable":true,"href":"https:\/\/trendsbystylia.com\/pt\/wp-json\/wp\/v2\/product_brand?post=56295"},{"taxonomy":"product_cat","embeddable":true,"href":"https:\/\/trendsbystylia.com\/pt\/wp-json\/wp\/v2\/product_cat?post=56295"},{"taxonomy":"product_tag","embeddable":true,"href":"https:\/\/trendsbystylia.com\/pt\/wp-json\/wp\/v2\/product_tag?post=56295"}],"curies":[{"name":"wp","href":"https:\/\/api.w.org\/{rel}","templated":true}]}}