{"id":55840,"date":"2025-03-30T23:21:33","date_gmt":"2025-03-30T23:21:33","guid":{"rendered":"https:\/\/trendsbystylia.com\/?post_type=product&#038;p=55840"},"modified":"2025-04-04T17:31:11","modified_gmt":"2025-04-04T17:31:11","slug":"razer-casque-gaming-blanc-barracuda-mercury-rz04-03790200-r3m1","status":"publish","type":"product","link":"https:\/\/trendsbystylia.com\/pt\/produto\/razer-casque-gaming-blanc-barracuda-mercury-rz04-03790200-r3m1\/","title":{"rendered":"<p>Razer Casque Gaming Blanc Barracuda Mercury  RZ04-03790200-R3M1<\/p>"},"content":{"rendered":"<div id=\"HTML_SPEC\" class=\"ITSs\">\n<div class=\"ITSg\">representa\u00e7\u00e3o\/realiza\u00e7\u00e3o<\/div>\n<div class=\"ITSr0\">\n<div class=\"ITSn\">Tipo de produto<\/div>\n<div class=\"ITSv\">Capacete<\/div>\n<\/div>\n<div class=\"ITSr1\">\n<div class=\"ITSn\">Estilo de fone de ouvido port\u00e1til<\/div>\n<div class=\"ITSv\">Arceau<\/div>\n<\/div>\n<div class=\"ITSr0\">\n<div class=\"ITSn\">Utiliza\u00e7\u00e3o recomendada<\/div>\n<div class=\"ITSv\">Jogar<\/div>\n<\/div>\n<div class=\"ITSr1\">\n<div class=\"ITSn\">Tipo de capacete<\/div>\n<div class=\"ITSv\">Binaural<\/div>\n<\/div>\n<div class=\"ITSr0\">\n<div class=\"ITSn\">Cor do produto<\/div>\n<div class=\"ITSv\">Grey, White<\/div>\n<\/div>\n<div class=\"ITSr1\">\n<div class=\"ITSn\">Chaves de opera\u00e7\u00e3o<\/div>\n<div class=\"ITSv\">Mute, Volume +, Volume &ndash;<\/div>\n<\/div>\n<div class=\"ITSr0\">\n<div class=\"ITSn\">Nome da cor<\/div>\n<div class=\"ITSv\">Mercury<\/div>\n<\/div>\n<div class=\"ITSr1\">\n<div class=\"ITSn\">Tipo de unidade de controlo<\/div>\n<div class=\"ITSv\">Unidade de controlo auricular<\/div>\n<\/div>\n<div class=\"ITSr0\">\n<div class=\"ITSn\">Circunda\u00e7\u00e3o virtual<\/div>\n<div class=\"ITSv\">Sim<\/div>\n<\/div>\n<div class=\"ITSr1\">\n<div class=\"ITSn\">Technologie surround virtuelle<\/div>\n<div class=\"ITSv\">THX Spatial Audio<\/div>\n<\/div>\n<div class=\"ITSg\">Conectividade<\/div>\n<div class=\"ITSr0\">\n<div class=\"ITSn\">Tecnologia de conectividade<\/div>\n<div class=\"ITSv\">Sem fio<\/div>\n<\/div>\n<div class=\"ITSr1\">\n<div class=\"ITSn\">Conector de 3,5 mm<\/div>\n<div class=\"ITSv\">Sim<\/div>\n<\/div>\n<div class=\"ITSr0\">\n<div class=\"ITSn\">Conectividade USB<\/div>\n<div class=\"ITSv\">Sim<\/div>\n<\/div>\n<div class=\"ITSr1\">\n<div class=\"ITSn\">conector USB<\/div>\n<div class=\"ITSv\">USB Tipo-C<\/div>\n<\/div>\n<div class=\"ITSr0\">\n<div class=\"ITSn\">Bluetooth<\/div>\n<div class=\"ITSv\">Sim<\/div>\n<\/div>\n<div class=\"ITSr1\">\n<div class=\"ITSn\">Modelo Bluetooth<\/div>\n<div class=\"ITSv\">5.2<\/div>\n<\/div>\n<div class=\"ITSr0\">\n<div class=\"ITSn\">Banda de frequ\u00eancia<\/div>\n<div class=\"ITSv\">2,4 GHz<\/div>\n<\/div>\n<div class=\"ITSg\">Microfone<\/div>\n<div class=\"ITSr0\">\n<div class=\"ITSn\">Tipo de microfone<\/div>\n<div class=\"ITSv\">Integrado<\/div>\n<\/div>\n<div class=\"ITSr1\">\n<div class=\"ITSn\">Frequ\u00eancia do microfone<\/div>\n<div class=\"ITSv\">100 \u2013 10000 Hz<\/div>\n<\/div>\n<div class=\"ITSr0\">\n<div class=\"ITSn\">Sensibilidade do microfone<\/div>\n<div class=\"ITSv\">-38 dB<\/div>\n<\/div>\n<div class=\"ITSr1\">\n<div class=\"ITSn\">Tipo de direc\u00e7\u00e3o do microfone<\/div>\n<div class=\"ITSv\">Omnidirectionnel<\/div>\n<\/div>\n<div class=\"ITSg\">Bateria<\/div>\n<div class=\"ITSr0\">\n<div class=\"ITSn\">Tipo de bateria<\/div>\n<div class=\"ITSv\">Bateria incorporada<\/div>\n<\/div>\n<div class=\"ITSr1\">\n<div class=\"ITSn\">Reprodu\u00e7\u00e3o cont\u00ednua de \u00e1udio<\/div>\n<div class=\"ITSv\">40 h<\/div>\n<\/div>\n<div class=\"ITSg\">Auscultadores\/Auscultadores<\/div>\n<div class=\"ITSr0\">\n<div class=\"ITSn\">Acoplamento de orelhas<\/div>\n<div class=\"ITSv\">Circum-aurais<\/div>\n<\/div>\n<div class=\"ITSr1\">\n<div class=\"ITSn\">Frequ\u00eancia dos auscultadores<\/div>\n<div class=\"ITSv\">20 \u2013 20000 Hz<\/div>\n<\/div>\n<div class=\"ITSr0\">\n<div class=\"ITSn\">Imped\u00e2ncia<\/div>\n<div class=\"ITSv\">32 Ohm<\/div>\n<\/div>\n<div class=\"ITSr1\">\n<div class=\"ITSn\">Sensibilidade do capacete<\/div>\n<div class=\"ITSv\">96 dB<\/div>\n<\/div>\n<div class=\"ITSr0\">\n<div class=\"ITSn\">Unidade de leitura<\/div>\n<div class=\"ITSv\">5 cm<\/div>\n<\/div>\n<div class=\"ITSr1\">\n<div class=\"ITSn\">Tipo de piloto<\/div>\n<div class=\"ITSv\">TriForce<\/div>\n<\/div>\n<div class=\"ITSr0\">\n<div class=\"ITSn\">Supress\u00e3o de ru\u00eddo<\/div>\n<div class=\"ITSv\">Sim<\/div>\n<\/div>\n<div class=\"ITSr1\">\n<div class=\"ITSn\">Tipo de redu\u00e7\u00e3o do ru\u00eddo<\/div>\n<div class=\"ITSv\">Passivos<\/div>\n<\/div>\n<div class=\"ITSg\">Peso e dimens\u00f5es<\/div>\n<div class=\"ITSr0\">\n<div class=\"ITSn\">Peso<\/div>\n<div class=\"ITSv\">300 g<\/div>\n<\/div>\n<div class=\"ITSg\">Conte\u00fado da embalagem<\/div>\n<div class=\"ITSr0\">\n<div class=\"ITSn\">Material da almofada da orelha<\/div>\n<div class=\"ITSv\">espuma<\/div>\n<\/div>\n<div class=\"ITSr1\">\n<div class=\"ITSn\">Quantidade<\/div>\n<div class=\"ITSv\">1<\/div>\n<\/div>\n<\/div>","protected":false},"excerpt":{"rendered":"<p>Le Razer Barracuda est un casque gaming hybride sans fil con&ccedil;u pour offrir une exp&eacute;rience audio polyvalente, que ce soit pour le jeu &agrave; domicile ou le divertissement mobile. Il int&egrave;gre la technologie Razer SmartSwitch Dual Wireless, permettant de basculer rapidement entre la connexion Razer HyperSpeed Wireless (2,4 GHz) et le Bluetooth. Le casque est &eacute;quip&eacute; de microphones antibruit int&eacute;gr&eacute;s &agrave; formation de faisceaux, assurant une capture vocale claire dans divers environnements. Ses haut-parleurs en titane de 50 mm Razer TriForce offrent un son puissant et pr&eacute;cis. Le confort est assur&eacute; par des coussinets en mousse &agrave; m&eacute;moire de forme FlowKnit ultradoux et respirants. Avec une autonomie allant jusqu&rsquo;&agrave; 40 heures, le Barracuda int&egrave;gre &eacute;galement la technologie THX Spatial Audio pour un son surround immersif. L&rsquo;application Razer Audio permet de personnaliser divers param&egrave;tres du casque directement depuis un smartphone.<\/p>","protected":false},"featured_media":66849,"comment_status":"open","ping_status":"closed","template":"","meta":{"_seopress_robots_primary_cat":"","_seopress_titles_title":"","_seopress_titles_desc":"","_seopress_robots_index":"","_gspb_post_css":"","content-type":"","jetpack_post_was_ever_published":false,"jetpack_publicize_message":"","jetpack_publicize_feature_enabled":true,"jetpack_social_post_already_shared":true,"jetpack_social_options":{"image_generator_settings":{"template":"highway","default_image_id":0,"font":"","enabled":false},"version":2}},"product_brand":[760],"product_cat":[763],"product_tag":[],"class_list":{"0":"post-55840","1":"product","2":"type-product","3":"status-publish","4":"has-post-thumbnail","6":"product_brand-razer","7":"product_cat-casques-gaming","8":"product_shipping_class-makant-standard","9":"pa_origine-dexpedition-union-europeenne-allemagne-2","11":"first","12":"instock","13":"taxable","14":"shipping-taxable","15":"purchasable","16":"product-type-simple"},"jetpack_publicize_connections":[],"jetpack_sharing_enabled":true,"_links":{"self":[{"href":"https:\/\/trendsbystylia.com\/pt\/wp-json\/wp\/v2\/product\/55840","targetHints":{"allow":["GET"]}}],"collection":[{"href":"https:\/\/trendsbystylia.com\/pt\/wp-json\/wp\/v2\/product"}],"about":[{"href":"https:\/\/trendsbystylia.com\/pt\/wp-json\/wp\/v2\/types\/product"}],"replies":[{"embeddable":true,"href":"https:\/\/trendsbystylia.com\/pt\/wp-json\/wp\/v2\/comments?post=55840"}],"wp:featuredmedia":[{"embeddable":true,"href":"https:\/\/trendsbystylia.com\/pt\/wp-json\/wp\/v2\/media\/66849"}],"wp:attachment":[{"href":"https:\/\/trendsbystylia.com\/pt\/wp-json\/wp\/v2\/media?parent=55840"}],"wp:term":[{"taxonomy":"product_brand","embeddable":true,"href":"https:\/\/trendsbystylia.com\/pt\/wp-json\/wp\/v2\/product_brand?post=55840"},{"taxonomy":"product_cat","embeddable":true,"href":"https:\/\/trendsbystylia.com\/pt\/wp-json\/wp\/v2\/product_cat?post=55840"},{"taxonomy":"product_tag","embeddable":true,"href":"https:\/\/trendsbystylia.com\/pt\/wp-json\/wp\/v2\/product_tag?post=55840"}],"curies":[{"name":"wp","href":"https:\/\/api.w.org\/{rel}","templated":true}]}}