{"id":55363,"date":"2025-03-30T23:22:46","date_gmt":"2025-03-30T23:22:46","guid":{"rendered":"https:\/\/trendsbystylia.com\/?post_type=product&#038;p=55363"},"modified":"2025-04-06T15:30:38","modified_gmt":"2025-04-06T15:30:38","slug":"sandisk-extreme-pro-sdxc-256-gb-cl10-300-mb-s-260-mb-s-sdsdxdk-256g-gn4in","status":"publish","type":"product","link":"https:\/\/trendsbystylia.com\/pt\/produto\/sandisk-extreme-pro-sdxc-256-gb-cl10-300-mb-s-260-mb-s-sdsdxdk-256g-gn4in\/","title":{"rendered":"<p>SanDisk Extreme PRO SDXC 256 GB CL10 300 MB\/s 260 MB\/s SDSDXDK-256G-GN4IN<\/p>"},"content":{"rendered":"<div id=\"HTML_SPEC\" class=\"ITSs\">\n<div class=\"ITSg\">Mem\u00f3ria<\/div>\n<div class=\"ITSr0\">\n<div class=\"ITSn\">Capacidade<\/div>\n<div class=\"ITSv\">256 GB<\/div>\n<\/div>\n<div class=\"ITSr1\">\n<div class=\"ITSn\">tipo cart\u00e3o flash<\/div>\n<div class=\"ITSv\">SDXC<\/div>\n<\/div>\n<div class=\"ITSr0\">\n<div class=\"ITSn\">Classe de mem\u00f3ria flash<\/div>\n<div class=\"ITSv\">Classe 10<\/div>\n<\/div>\n<div class=\"ITSr1\">\n<div class=\"ITSn\">Velocidade de leitura<\/div>\n<div class=\"ITSv\">300 MB\/s<\/div>\n<\/div>\n<div class=\"ITSr0\">\n<div class=\"ITSn\">Velocidade de escrita<\/div>\n<div class=\"ITSv\">260 MB\/s<\/div>\n<\/div>\n<div class=\"ITSr1\">\n<div class=\"ITSn\">Tipo de mem\u00f3ria interna<\/div>\n<div class=\"ITSv\">UHS-II<\/div>\n<\/div>\n<div class=\"ITSr0\">\n<div class=\"ITSn\">Classe de velocidade UHS<\/div>\n<div class=\"ITSv\">Classe 3 (U3)<\/div>\n<\/div>\n<div class=\"ITSr1\">\n<div class=\"ITSn\">classe velocidade v\u00eddeo<\/div>\n<div class=\"ITSv\">V90<\/div>\n<\/div>\n<div class=\"ITSg\">Caracter\u00edsticas<\/div>\n<div class=\"ITSr0\">\n<div class=\"ITSn\">Cor do produto<\/div>\n<div class=\"ITSv\">Preto<\/div>\n<\/div>\n<div class=\"ITSr1\">\n<div class=\"ITSn\">Fun\u00e7\u00f5es de prote\u00e7\u00e3o<\/div>\n<div class=\"ITSv\">Resistente a choques, \u00e0 prova de temperatura, imperme\u00e1vel, \u00e0 prova de raios X<\/div>\n<\/div>\n<div class=\"ITSg\">Condi\u00e7\u00f5es ambientais<\/div>\n<div class=\"ITSr0\">\n<div class=\"ITSn\">Temperatura de funcionamento<\/div>\n<div class=\"ITSv\">-25 \u2013 85 \u00b0C<\/div>\n<\/div>\n<div class=\"ITSr1\">\n<div class=\"ITSn\">Temperatura fora de servi\u00e7o<\/div>\n<div class=\"ITSv\">-40 \u2013 85 \u00b0C<\/div>\n<\/div>\n<div class=\"ITSg\">Peso e dimens\u00f5es<\/div>\n<div class=\"ITSr0\">\n<div class=\"ITSn\">Largura<\/div>\n<div class=\"ITSv\">24 mm<\/div>\n<\/div>\n<div class=\"ITSr1\">\n<div class=\"ITSn\">Profundidade<\/div>\n<div class=\"ITSv\">2,1 mm<\/div>\n<\/div>\n<div class=\"ITSr0\">\n<div class=\"ITSn\">Altura<\/div>\n<div class=\"ITSv\">32 mm<\/div>\n<\/div>\n<div class=\"ITSg\">Informa\u00e7\u00f5es sobre a embalagem<\/div>\n<div class=\"ITSr0\">\n<div class=\"ITSn\">Quantidade<\/div>\n<div class=\"ITSv\">1 pe\u00e7a(s)<\/div>\n<\/div>\n<\/div>","protected":false},"excerpt":{"rendered":"<p>SanDisk Extreme PRO (em ingl\u00eas). Capacidade 256 GB, tipo de cart\u00e3o flash SDXC, classe de mem\u00f3ria flash 10, tipo de mem\u00f3ria interna UHS-II, velocidade de leitura 300 MB\/s, velocidade de escrita 260 MB\/s, classe de velocidade UHS 3 (U3), classe de velocidade de v\u00eddeo V90. Resistente a choques, Resistente \u00e0 temperatura, Imperme\u00e1vel, Resistente a raios X, Cor do produto Preto<\/p>","protected":false},"featured_media":66937,"comment_status":"open","ping_status":"closed","template":"","meta":{"_seopress_robots_primary_cat":"","_seopress_titles_title":"","_seopress_titles_desc":"","_seopress_robots_index":"","_gspb_post_css":"","content-type":"","jetpack_post_was_ever_published":false,"jetpack_publicize_message":"","jetpack_publicize_feature_enabled":true,"jetpack_social_post_already_shared":true,"jetpack_social_options":{"image_generator_settings":{"template":"highway","default_image_id":0,"font":"","enabled":false},"version":2}},"product_brand":[858],"product_cat":[1056],"product_tag":[],"class_list":{"0":"post-55363","1":"product","2":"type-product","3":"status-publish","4":"has-post-thumbnail","6":"product_brand-sandisk","7":"product_cat-memoire-cartes-memoires","8":"product_shipping_class-makant-standard","9":"pa_origine-dexpedition-union-europeenne-allemagne-2","11":"first","12":"instock","13":"taxable","14":"shipping-taxable","15":"purchasable","16":"product-type-simple"},"jetpack_publicize_connections":[],"jetpack_sharing_enabled":true,"_links":{"self":[{"href":"https:\/\/trendsbystylia.com\/pt\/wp-json\/wp\/v2\/product\/55363","targetHints":{"allow":["GET"]}}],"collection":[{"href":"https:\/\/trendsbystylia.com\/pt\/wp-json\/wp\/v2\/product"}],"about":[{"href":"https:\/\/trendsbystylia.com\/pt\/wp-json\/wp\/v2\/types\/product"}],"replies":[{"embeddable":true,"href":"https:\/\/trendsbystylia.com\/pt\/wp-json\/wp\/v2\/comments?post=55363"}],"wp:featuredmedia":[{"embeddable":true,"href":"https:\/\/trendsbystylia.com\/pt\/wp-json\/wp\/v2\/media\/66937"}],"wp:attachment":[{"href":"https:\/\/trendsbystylia.com\/pt\/wp-json\/wp\/v2\/media?parent=55363"}],"wp:term":[{"taxonomy":"product_brand","embeddable":true,"href":"https:\/\/trendsbystylia.com\/pt\/wp-json\/wp\/v2\/product_brand?post=55363"},{"taxonomy":"product_cat","embeddable":true,"href":"https:\/\/trendsbystylia.com\/pt\/wp-json\/wp\/v2\/product_cat?post=55363"},{"taxonomy":"product_tag","embeddable":true,"href":"https:\/\/trendsbystylia.com\/pt\/wp-json\/wp\/v2\/product_tag?post=55363"}],"curies":[{"name":"wp","href":"https:\/\/api.w.org\/{rel}","templated":true}]}}