{"id":54831,"date":"2025-03-30T23:23:54","date_gmt":"2025-03-30T23:23:54","guid":{"rendered":"https:\/\/trendsbystylia.com\/?post_type=product&#038;p=54831"},"modified":"2025-04-04T22:33:10","modified_gmt":"2025-04-04T22:33:10","slug":"tp-link-kit-reseau-powerline-tl-pa7027p-kit","status":"publish","type":"product","link":"https:\/\/trendsbystylia.com\/pt\/produto\/tp-link-kit-reseau-powerline-tl-pa7027p-kit\/","title":{"rendered":"<p>TP-LINK Kit r&eacute;seau Powerline TL-PA7027P KIT<\/p>"},"content":{"rendered":"<div id=\"HTML_SPEC\" class=\"ITSs\">\n<div class=\"ITSg\">representa\u00e7\u00e3o\/realiza\u00e7\u00e3o<\/div>\n<div class=\"ITSr0\">\n<div class=\"ITSn\">D&eacute;bit de transfert des donn&eacute;es maximum<\/div>\n<div class=\"ITSv\">1000 Mbit\/s<\/div>\n<\/div>\n<div class=\"ITSr1\">\n<div class=\"ITSn\">Ethernet\/LAN<\/div>\n<div class=\"ITSv\">Sim<\/div>\n<\/div>\n<div class=\"ITSr0\">\n<div class=\"ITSn\">Tipo de interface LAN Ethernet<\/div>\n<div class=\"ITSv\">Ethernet a gigabits<\/div>\n<\/div>\n<div class=\"ITSr1\">\n<div class=\"ITSn\">Taxa de transfer\u00eancia de dados LAN Ethernet<\/div>\n<div class=\"ITSv\">10,100,1000 Mbit\/s<\/div>\n<\/div>\n<div class=\"ITSr0\">\n<div class=\"ITSn\">N\u00famero de portas Ethernet LAN (RJ-45)<\/div>\n<div class=\"ITSv\">1<\/div>\n<\/div>\n<div class=\"ITSr1\">\n<div class=\"ITSn\">Wifi<\/div>\n<div class=\"ITSv\">N\u00e3o<\/div>\n<\/div>\n<div class=\"ITSr0\">\n<div class=\"ITSn\">Normas de rede<\/div>\n<div class=\"ITSv\">IEEE 1901, IEEE 802.3, IEEE 802.3u<\/div>\n<\/div>\n<div class=\"ITSr1\">\n<div class=\"ITSn\">Prise de courant int&eacute;gr&eacute;e<\/div>\n<div class=\"ITSv\">Sim<\/div>\n<\/div>\n<div class=\"ITSr0\">\n<div class=\"ITSn\">Ligne &agrave; haute tension standard<\/div>\n<div class=\"ITSv\">HomePlug AV2<\/div>\n<\/div>\n<div class=\"ITSr1\">\n<div class=\"ITSn\">Modulation<\/div>\n<div class=\"ITSv\">COFDM<\/div>\n<\/div>\n<div class=\"ITSr0\">\n<div class=\"ITSn\">Algoritmo de seguran\u00e7a suportado<\/div>\n<div class=\"ITSv\">128-bit AES<\/div>\n<\/div>\n<div class=\"ITSr1\">\n<div class=\"ITSn\">Dist\u00e2ncia m\u00e1xima de funcionamento<\/div>\n<div class=\"ITSv\">300 m<\/div>\n<\/div>\n<div class=\"ITSr0\">\n<div class=\"ITSn\">Bouton de cryptage<\/div>\n<div class=\"ITSv\">Sim<\/div>\n<\/div>\n<div class=\"ITSr1\">\n<div class=\"ITSn\">Plug and Play<\/div>\n<div class=\"ITSv\">Sim<\/div>\n<\/div>\n<div class=\"ITSg\">Peso e dimens\u00f5es<\/div>\n<div class=\"ITSr0\">\n<div class=\"ITSn\">Largura<\/div>\n<div class=\"ITSv\">58 mm<\/div>\n<\/div>\n<div class=\"ITSr1\">\n<div class=\"ITSn\">Profundidade<\/div>\n<div class=\"ITSv\">42 mm<\/div>\n<\/div>\n<div class=\"ITSr0\">\n<div class=\"ITSn\">Altura<\/div>\n<div class=\"ITSv\">95 mm<\/div>\n<\/div>\n<div class=\"ITSg\">Pot\u00eancia<\/div>\n<div class=\"ITSr0\">\n<div class=\"ITSn\">Consumo t\u00edpico de energia<\/div>\n<div class=\"ITSv\">4 W<\/div>\n<\/div>\n<div class=\"ITSr1\">\n<div class=\"ITSn\">Consumo de energia (modo de vig\u00edlia)<\/div>\n<div class=\"ITSv\">0.84 W<\/div>\n<\/div>\n<div class=\"ITSg\">Conce\u00e7\u00e3o<\/div>\n<div class=\"ITSr0\">\n<div class=\"ITSn\">Tipo de antena<\/div>\n<div class=\"ITSv\">A n\u00edvel interno<\/div>\n<\/div>\n<div class=\"ITSr1\">\n<div class=\"ITSn\">Luzes de visualiza\u00e7\u00e3o<\/div>\n<div class=\"ITSv\">LAN, Power<\/div>\n<\/div>\n<div class=\"ITSr0\">\n<div class=\"ITSn\">Cor do produto<\/div>\n<div class=\"ITSv\">Branco<\/div>\n<\/div>\n<div class=\"ITSr1\">\n<div class=\"ITSn\">Certifica\u00e7\u00e3o<\/div>\n<div class=\"ITSv\">CE, RoHS<\/div>\n<\/div>\n<div class=\"ITSg\">Condi\u00e7\u00f5es ambientais<\/div>\n<div class=\"ITSr0\">\n<div class=\"ITSn\">Temperatura de funcionamento<\/div>\n<div class=\"ITSv\">0 \u2013 40 \u00b0C<\/div>\n<\/div>\n<div class=\"ITSr1\">\n<div class=\"ITSn\">Umidade relativa de funcionamento (H-H)<\/div>\n<div class=\"ITSv\">10 \u2013 90 %<\/div>\n<\/div>\n<div class=\"ITSg\">Configura\u00e7\u00e3o m\u00ednima do sistema<\/div>\n<div class=\"ITSr0\">\n<div class=\"ITSn\">Suporte ao sistema operativo Windows<\/div>\n<div class=\"ITSv\">Windows 7, Windows 8, Windows 8.1, Windows Vista, Windows XP<\/div>\n<\/div>\n<div class=\"ITSr1\">\n<div class=\"ITSn\">Prise en charge du syst&egrave;me d&rsquo;exploitation Linux<\/div>\n<div class=\"ITSv\">Sim<\/div>\n<\/div>\n<div class=\"ITSr0\">\n<div class=\"ITSn\">Compatibilidade com o Mac<\/div>\n<div class=\"ITSv\">Sim<\/div>\n<\/div>\n<div class=\"ITSr1\">\n<div class=\"ITSn\">Suporte ao sistema operativo Mac<\/div>\n<div class=\"ITSv\">Sim<\/div>\n<\/div>\n<div class=\"ITSg\">Conte\u00fado da embalagem<\/div>\n<div class=\"ITSr0\">\n<div class=\"ITSn\">Quantidade<\/div>\n<div class=\"ITSv\">2 pi&egrave;ce(s)<\/div>\n<\/div>\n<div class=\"ITSr1\">\n<div class=\"ITSn\">Guide d&rsquo;installation rapide<\/div>\n<div class=\"ITSv\">Sim<\/div>\n<\/div>\n<div class=\"ITSr0\">\n<div class=\"ITSn\">Manual do utilizador<\/div>\n<div class=\"ITSv\">Sim<\/div>\n<\/div>\n<div class=\"ITSr1\">\n<div class=\"ITSn\">Cabos inclu\u00eddos<\/div>\n<div class=\"ITSv\">LAN (RJ-45)<\/div>\n<\/div>\n<div class=\"ITSr0\">\n<div class=\"ITSn\">Tipo de embalagem<\/div>\n<div class=\"ITSv\">Caixa<\/div>\n<\/div>\n<div class=\"ITSg\">Dados t\u00e9cnicos<\/div>\n<div class=\"ITSr0\">\n<div class=\"ITSn\">Certificados de sustentabilidade<\/div>\n<div class=\"ITSv\">RoHS<\/div>\n<\/div>\n<\/div>","protected":false},"excerpt":{"rendered":"<p>Le TP-Link TL-PA7027P KIT est l&rsquo;ensemble parfait pour &eacute;tendre votre r&eacute;seau domestique avec une connectivit&eacute; rapide et fiable. Avec un d&eacute;bit de transfert de donn&eacute;es maximum de 1000 Mbit\/s, vous pouvez profiter d&rsquo;une vitesse &eacute;lev&eacute;e pour vos activit&eacute;s en ligne. <p>Ce kit est conforme &agrave; plusieurs normes r&eacute;seau telles que IEEE 1901, IEEE 802.3 et IEEE 802.3u, garantissant une compatibilit&eacute; &eacute;tendue avec d&rsquo;autres appareils r&eacute;seau. L&rsquo;interface LAN Ethernet Gigabit vous permet de b&eacute;n&eacute;ficier d&rsquo;une connexion filaire ultra-rapide pour vos appareils n&eacute;cessitant une bande passante &eacute;lev&eacute;e. <\/p><p>En termes d&rsquo;efficacit&eacute; &eacute;nerg&eacute;tique, le TP-Link TL-PA7027P KIT est con&ccedil;u pour &ecirc;tre &eacute;conome en &eacute;nergie. Avec une consommation &eacute;lectrique typique de seulement 4 W et une consommation d&rsquo;&eacute;nergie en mode veille de 0,84 W, il vous permet de r&eacute;aliser des &eacute;conomies tout en maintenant une performance optimale. <\/p><p>Avec sa couleur blanche &eacute;l&eacute;gante, ses antennes internes et ses voyants LAN et &Eacute;nergie, ce kit s&rsquo;int&egrave;gre parfaitement &agrave; votre environnement. Il est compatible avec les syst&egrave;mes d&rsquo;exploitation Windows tels que Windows 7, Windows 8, Windows 8.1, Windows Vista et Windows XP, assurant une compatibilit&eacute; facile avec vos appareils existants. <\/p><p>Le TP-Link TL-PA7027P KIT est compact, avec des dimensions de 58 mm x 42 mm x 95 mm, ce qui le rend facile &agrave; installer et &agrave; placer dans diff&eacute;rentes zones de votre maison. Profitez d&rsquo;une connectivit&eacute; r&eacute;seau &eacute;tendue et performante avec ce kit TP-Link. <\/p><p>Optez pour le TP-Link TL-PA7027P KIT d&egrave;s maintenant et b&eacute;n&eacute;ficiez d&rsquo;une extension de r&eacute;seau pratique et puissante, avec une vitesse &eacute;lev&eacute;e, une efficacit&eacute; &eacute;nerg&eacute;tique et une compatibilit&eacute; &eacute;tendue.<\/p><\/p>","protected":false},"featured_media":67010,"comment_status":"open","ping_status":"closed","template":"","meta":{"_seopress_robots_primary_cat":"","_seopress_titles_title":"","_seopress_titles_desc":"","_seopress_robots_index":"","_gspb_post_css":"","content-type":"","jetpack_post_was_ever_published":false,"jetpack_publicize_message":"","jetpack_publicize_feature_enabled":true,"jetpack_social_post_already_shared":true,"jetpack_social_options":{"image_generator_settings":{"template":"highway","default_image_id":0,"font":"","enabled":false},"version":2}},"product_brand":[729],"product_cat":[912],"product_tag":[],"class_list":{"0":"post-54831","1":"product","2":"type-product","3":"status-publish","4":"has-post-thumbnail","6":"product_brand-tp-link","7":"product_cat-reseau-serveur-autres","8":"product_shipping_class-makant-standard","9":"pa_origine-dexpedition-union-europeenne-allemagne-2","11":"first","12":"instock","13":"taxable","14":"shipping-taxable","15":"purchasable","16":"product-type-simple"},"jetpack_publicize_connections":[],"jetpack_sharing_enabled":true,"_links":{"self":[{"href":"https:\/\/trendsbystylia.com\/pt\/wp-json\/wp\/v2\/product\/54831","targetHints":{"allow":["GET"]}}],"collection":[{"href":"https:\/\/trendsbystylia.com\/pt\/wp-json\/wp\/v2\/product"}],"about":[{"href":"https:\/\/trendsbystylia.com\/pt\/wp-json\/wp\/v2\/types\/product"}],"replies":[{"embeddable":true,"href":"https:\/\/trendsbystylia.com\/pt\/wp-json\/wp\/v2\/comments?post=54831"}],"wp:featuredmedia":[{"embeddable":true,"href":"https:\/\/trendsbystylia.com\/pt\/wp-json\/wp\/v2\/media\/67010"}],"wp:attachment":[{"href":"https:\/\/trendsbystylia.com\/pt\/wp-json\/wp\/v2\/media?parent=54831"}],"wp:term":[{"taxonomy":"product_brand","embeddable":true,"href":"https:\/\/trendsbystylia.com\/pt\/wp-json\/wp\/v2\/product_brand?post=54831"},{"taxonomy":"product_cat","embeddable":true,"href":"https:\/\/trendsbystylia.com\/pt\/wp-json\/wp\/v2\/product_cat?post=54831"},{"taxonomy":"product_tag","embeddable":true,"href":"https:\/\/trendsbystylia.com\/pt\/wp-json\/wp\/v2\/product_tag?post=54831"}],"curies":[{"name":"wp","href":"https:\/\/api.w.org\/{rel}","templated":true}]}}