{"id":54551,"date":"2025-03-30T23:24:17","date_gmt":"2025-03-30T23:24:17","guid":{"rendered":"https:\/\/trendsbystylia.com\/?post_type=product&#038;p=54551"},"modified":"2025-04-02T19:45:43","modified_gmt":"2025-04-02T19:45:43","slug":"amazon-ring-pro-2-8vrcpz-0eu0-sonnette-connectee-avec-camera-video-hd","status":"publish","type":"product","link":"https:\/\/trendsbystylia.com\/pt\/produto\/amazon-ring-pro-2-8vrcpz-0eu0-sonnette-connectee-avec-camera-video-hd\/","title":{"rendered":"<p>Amazon Ring Pro 2 8VRCPZ-0EU0 Campainha ligada com c\u00e2mara de v\u00eddeo HD<\/p>"},"content":{"rendered":"<div id=\"HTML_SPEC\" class=\"ITSs\">\n<div class=\"ITSg\">Conectividade<\/div>\n<div class=\"ITSr0\">\n<div class=\"ITSn\">Tecnologia de conectividade<\/div>\n<div class=\"ITSv\">Com arame<\/div>\n<\/div>\n<div class=\"ITSr1\">\n<div class=\"ITSn\">Wifi<\/div>\n<div class=\"ITSv\">Sim<\/div>\n<\/div>\n<div class=\"ITSr0\">\n<div class=\"ITSn\">Padr\u00f5es Wi-Fi<\/div>\n<div class=\"ITSv\">802.11b, 802.11g, Wi-Fi 4 (802.11n), Wi-Fi 5 (802.11ac)<\/div>\n<\/div>\n<div class=\"ITSg\">C\u00e2mara<\/div>\n<div class=\"ITSr0\">\n<div class=\"ITSn\">C\u00e2mara incorporada<\/div>\n<div class=\"ITSv\">Sim<\/div>\n<\/div>\n<div class=\"ITSr1\">\n<div class=\"ITSn\">ponto de vista horizontal<\/div>\n<div class=\"ITSv\">150 \u00b0<\/div>\n<\/div>\n<div class=\"ITSr0\">\n<div class=\"ITSn\">ponto de vista vertical<\/div>\n<div class=\"ITSv\">150 \u00b0<\/div>\n<\/div>\n<div class=\"ITSr1\">\n<div class=\"ITSn\">Vis\u00e3o nocturna<\/div>\n<div class=\"ITSv\">Sim<\/div>\n<\/div>\n<div class=\"ITSg\">Pot\u00eancia<\/div>\n<div class=\"ITSr0\">\n<div class=\"ITSn\">Tipo de fonte de energia<\/div>\n<div class=\"ITSv\">C.A., C.C.<\/div>\n<\/div>\n<div class=\"ITSr1\">\n<div class=\"ITSn\">Tens\u00e3o de entrada<\/div>\n<div class=\"ITSv\">16 \u2013 24 V<\/div>\n<\/div>\n<div class=\"ITSr0\">\n<div class=\"ITSn\">Frequ\u00eancia de entrada CA<\/div>\n<div class=\"ITSv\">50\/60 Hz<\/div>\n<\/div>\n<div class=\"ITSg\">Caracter\u00edsticas<\/div>\n<div class=\"ITSr0\">\n<div class=\"ITSn\">Melhores utiliza\u00e7\u00f5es<\/div>\n<div class=\"ITSv\">Casa<\/div>\n<\/div>\n<div class=\"ITSr1\">\n<div class=\"ITSn\">Detec\u00e7\u00e3o de movimento suportada<\/div>\n<div class=\"ITSv\">Sim<\/div>\n<\/div>\n<div class=\"ITSr0\">\n<div class=\"ITSn\">Cor do produto<\/div>\n<div class=\"ITSv\">N\u00edquel, a\u00e7o acetinado<\/div>\n<\/div>\n<div class=\"ITSr1\">\n<div class=\"ITSn\">F\u00e1cil instala\u00e7\u00e3o<\/div>\n<div class=\"ITSv\">Sim<\/div>\n<\/div>\n<div class=\"ITSr0\">\n<div class=\"ITSn\">Compat\u00edvel com o Amazon Alexa<\/div>\n<div class=\"ITSv\">Sim<\/div>\n<\/div>\n<div class=\"ITSg\">Peso e dimens\u00f5es<\/div>\n<div class=\"ITSr0\">\n<div class=\"ITSn\">Largura da campainha<\/div>\n<div class=\"ITSv\">4,9 cm<\/div>\n<\/div>\n<div class=\"ITSr1\">\n<div class=\"ITSn\">Profundidade da campainha<\/div>\n<div class=\"ITSv\">2,2 cm<\/div>\n<\/div>\n<div class=\"ITSr0\">\n<div class=\"ITSn\">Altura da campainha<\/div>\n<div class=\"ITSv\">11,4 cm<\/div>\n<\/div>\n<div class=\"ITSg\">Conte\u00fado da embalagem<\/div>\n<div class=\"ITSr0\">\n<div class=\"ITSn\">Tipo de embalagem<\/div>\n<div class=\"ITSv\">Caixa<\/div>\n<\/div>\n<div class=\"ITSr1\">\n<div class=\"ITSn\">Suporte(s) de montagem fornecido(s)<\/div>\n<div class=\"ITSv\">Sim<\/div>\n<\/div>\n<div class=\"ITSr0\">\n<div class=\"ITSn\">Guia de Introdu\u00e7\u00e3o R\u00e1pida<\/div>\n<div class=\"ITSv\">Sim<\/div>\n<\/div>\n<div class=\"ITSr1\">\n<div class=\"ITSn\">Parafusos inclu\u00eddos<\/div>\n<div class=\"ITSv\">Sim<\/div>\n<\/div>\n<div class=\"ITSg\">Condi\u00e7\u00f5es ambientais<\/div>\n<div class=\"ITSr0\">\n<div class=\"ITSn\">Temperatura de funcionamento<\/div>\n<div class=\"ITSv\">-20,5 \u2013 48,5 \u00b0C<\/div>\n<\/div>\n<\/div>","protected":false},"excerpt":{"rendered":"<p>Campainha de v\u00eddeo ligada premium com v\u00eddeo HD 1536p de plano m\u00e9dio, sistema de \u00e1udio bidirecional, dete\u00e7\u00e3o de movimento 3D, Wi-Fi de banda dupla melhorado e defini\u00e7\u00f5es de privacidade personaliz\u00e1veis.<p>O amplo campo de vis\u00e3o do v\u00eddeo HD 1536p em plano m\u00e9dio permite-lhe ver melhor os seus visitantes e controlar as entregas na sua aterragem.<\/p><p>Gra\u00e7as \u00e0s configura\u00e7\u00f5es avan\u00e7adas de detec\u00e7\u00e3o de movimento, n\u00e3o perca nenhuma visita e receba notifica\u00e7\u00f5es mais precisas em tempo real no aplicativo Ring.<\/p><p>A detec\u00e7\u00e3o de movimento 3D e a vis\u00e3o a\u00e9rea permitem-lhe localizar quando e onde um evento de movimento come\u00e7a, atrav\u00e9s de um mapa de vis\u00e3o a\u00e9rea.<\/p><p>Ligue o Ring Video Doorbell Pro 2 aos cabos da campainha existentes para obter uma pot\u00eancia perfeita e paz de esp\u00edrito.<\/p><p>Para ouvir notifica\u00e7\u00f5es de \u00e1udio em sua casa, emparelhe este dispositivo com um toque de anel ou um dispositivo com a Alexa incorporada compat\u00edvel. Uma vez que o Ring Video Doorbell Pro 2 estiver instalado, o sino da campainha existente n\u00e3o tocar\u00e1 mais.<\/p><\/p>","protected":false},"featured_media":67036,"comment_status":"open","ping_status":"closed","template":"","meta":{"_seopress_robots_primary_cat":"","_seopress_titles_title":"","_seopress_titles_desc":"","_seopress_robots_index":"","_gspb_post_css":"","content-type":"","jetpack_post_was_ever_published":false,"jetpack_publicize_message":"","jetpack_publicize_feature_enabled":true,"jetpack_social_post_already_shared":true,"jetpack_social_options":{"image_generator_settings":{"template":"highway","default_image_id":0,"font":"","enabled":false},"version":2}},"product_brand":[854],"product_cat":[1134,970],"product_tag":[],"class_list":{"0":"post-54551","1":"product","2":"type-product","3":"status-publish","4":"has-post-thumbnail","6":"product_brand-amazon","7":"product_cat-smart-home","8":"product_cat-smart-home-amazon","9":"product_shipping_class-makant-standard","10":"pa_origine-dexpedition-union-europeenne-allemagne-2","12":"first","13":"instock","14":"taxable","15":"shipping-taxable","16":"purchasable","17":"product-type-simple"},"jetpack_publicize_connections":[],"jetpack_sharing_enabled":true,"_links":{"self":[{"href":"https:\/\/trendsbystylia.com\/pt\/wp-json\/wp\/v2\/product\/54551","targetHints":{"allow":["GET"]}}],"collection":[{"href":"https:\/\/trendsbystylia.com\/pt\/wp-json\/wp\/v2\/product"}],"about":[{"href":"https:\/\/trendsbystylia.com\/pt\/wp-json\/wp\/v2\/types\/product"}],"replies":[{"embeddable":true,"href":"https:\/\/trendsbystylia.com\/pt\/wp-json\/wp\/v2\/comments?post=54551"}],"wp:featuredmedia":[{"embeddable":true,"href":"https:\/\/trendsbystylia.com\/pt\/wp-json\/wp\/v2\/media\/67036"}],"wp:attachment":[{"href":"https:\/\/trendsbystylia.com\/pt\/wp-json\/wp\/v2\/media?parent=54551"}],"wp:term":[{"taxonomy":"product_brand","embeddable":true,"href":"https:\/\/trendsbystylia.com\/pt\/wp-json\/wp\/v2\/product_brand?post=54551"},{"taxonomy":"product_cat","embeddable":true,"href":"https:\/\/trendsbystylia.com\/pt\/wp-json\/wp\/v2\/product_cat?post=54551"},{"taxonomy":"product_tag","embeddable":true,"href":"https:\/\/trendsbystylia.com\/pt\/wp-json\/wp\/v2\/product_tag?post=54551"}],"curies":[{"name":"wp","href":"https:\/\/api.w.org\/{rel}","templated":true}]}}