{"id":52119,"date":"2025-03-30T23:28:02","date_gmt":"2025-03-30T23:28:02","guid":{"rendered":"https:\/\/trendsbystylia.com\/?post_type=product&#038;p=52119"},"modified":"2025-04-04T22:33:09","modified_gmt":"2025-04-04T22:33:09","slug":"tp-link-powerline-wl-ac-av1000-tl-wpa7519-kitde","status":"publish","type":"product","link":"https:\/\/trendsbystylia.com\/pt\/produto\/tp-link-powerline-wl-ac-av1000-tl-wpa7519-kitde\/","title":{"rendered":"<p>TP-LINK Powerline WL\/AC\/AV1000 TL-WPA7519 KIT(DE)<\/p>"},"content":{"rendered":"<div id=\"HTML_SPEC\" class=\"ITSs\">\n<div class=\"ITSg\">representa\u00e7\u00e3o\/realiza\u00e7\u00e3o<\/div>\n<div class=\"ITSr0\">\n<div class=\"ITSn\">D&eacute;bit de transfert des donn&eacute;es maximum<\/div>\n<div class=\"ITSv\">1000 Mbit\/s<\/div>\n<\/div>\n<div class=\"ITSr1\">\n<div class=\"ITSn\">Ethernet\/LAN<\/div>\n<div class=\"ITSv\">Sim<\/div>\n<\/div>\n<div class=\"ITSr0\">\n<div class=\"ITSn\">Wifi<\/div>\n<div class=\"ITSv\">Sim<\/div>\n<\/div>\n<div class=\"ITSr1\">\n<div class=\"ITSn\">Padr\u00e3o Wi-Fi<\/div>\n<div class=\"ITSv\">Wi-Fi 5 (802.11ac)<\/div>\n<\/div>\n<div class=\"ITSr0\">\n<div class=\"ITSn\">Padr\u00f5es Wi-Fi<\/div>\n<div class=\"ITSv\">802.11a,802.11b,802.11g,Wi-Fi 4 (802.11n),Wi-Fi 5 (802.11ac)<\/div>\n<\/div>\n<div class=\"ITSr1\">\n<div class=\"ITSn\">Normas de rede<\/div>\n<div class=\"ITSv\">IEEE 1901,IEEE 802.3,IEEE 802.3ab,IEEE 802.3u<\/div>\n<\/div>\n<div class=\"ITSr0\">\n<div class=\"ITSn\">Prise de courant int&eacute;gr&eacute;e<\/div>\n<div class=\"ITSv\">N\u00e3o<\/div>\n<\/div>\n<div class=\"ITSr1\">\n<div class=\"ITSn\">Modulation<\/div>\n<div class=\"ITSv\">OFDM<\/div>\n<\/div>\n<div class=\"ITSr0\">\n<div class=\"ITSn\">Algoritmo de seguran\u00e7a suportado<\/div>\n<div class=\"ITSv\">128-bit AES,WEP,WPA-PSK,WPA2-PSK<\/div>\n<\/div>\n<div class=\"ITSr1\">\n<div class=\"ITSn\">Dist\u00e2ncia m\u00e1xima de funcionamento<\/div>\n<div class=\"ITSv\">300 m<\/div>\n<\/div>\n<div class=\"ITSg\">Condi\u00e7\u00f5es ambientais<\/div>\n<div class=\"ITSr0\">\n<div class=\"ITSn\">Temperatura de funcionamento<\/div>\n<div class=\"ITSv\">0 \u2013 40 \u00b0C<\/div>\n<\/div>\n<div class=\"ITSr1\">\n<div class=\"ITSn\">Umidade relativa de funcionamento (H-H)<\/div>\n<div class=\"ITSv\">10 \u2013 90 %<\/div>\n<\/div>\n<div class=\"ITSg\">Configura\u00e7\u00e3o m\u00ednima do sistema<\/div>\n<div class=\"ITSr0\">\n<div class=\"ITSn\">Suporte ao sistema operativo Windows<\/div>\n<div class=\"ITSv\">Sim<\/div>\n<\/div>\n<div class=\"ITSr1\">\n<div class=\"ITSn\">Prise en charge du syst&egrave;me d&rsquo;exploitation Linux<\/div>\n<div class=\"ITSv\">Sim<\/div>\n<\/div>\n<div class=\"ITSr0\">\n<div class=\"ITSn\">Compatibilidade com o Mac<\/div>\n<div class=\"ITSv\">Sim<\/div>\n<\/div>\n<div class=\"ITSg\">Conce\u00e7\u00e3o<\/div>\n<div class=\"ITSr0\">\n<div class=\"ITSn\">Cor do produto<\/div>\n<div class=\"ITSv\">Branco<\/div>\n<\/div>\n<div class=\"ITSr1\">\n<div class=\"ITSn\">Certifica\u00e7\u00e3o<\/div>\n<div class=\"ITSv\">CE, RoHS<\/div>\n<\/div>\n<div class=\"ITSg\">Conte\u00fado da embalagem<\/div>\n<div class=\"ITSr0\">\n<div class=\"ITSn\">Guide d&rsquo;installation rapide<\/div>\n<div class=\"ITSv\">Sim<\/div>\n<\/div>\n<div class=\"ITSr1\">\n<div class=\"ITSn\">Cabos inclu\u00eddos<\/div>\n<div class=\"ITSv\">LAN (RJ-45)<\/div>\n<\/div>\n<\/div>","protected":false},"excerpt":{"rendered":"<p>TP-LINK TL-WPA7519 KIT. D&eacute;bit de transfert des donn&eacute;es maximum 1000 Mbit\/s, Standards r&eacute;seau IEEE 1901,IEEE 802.3,IEEE 802.3ab,IEEE 802.3u, Norme Wi-Fi Wi-Fi 5 (802.11ac). Couleur du produit Blanc, Certification CE, RoHS. C&acirc;bles inclus LAN (RJ-45)<\/p>","protected":false},"featured_media":67275,"comment_status":"open","ping_status":"closed","template":"","meta":{"_seopress_robots_primary_cat":"","_seopress_titles_title":"","_seopress_titles_desc":"","_seopress_robots_index":"","_gspb_post_css":"","content-type":"","jetpack_post_was_ever_published":false,"jetpack_publicize_message":"","jetpack_publicize_feature_enabled":true,"jetpack_social_post_already_shared":true,"jetpack_social_options":{"image_generator_settings":{"template":"highway","default_image_id":0,"font":"","enabled":false},"version":2}},"location":[],"product_brand":[729],"product_cat":[912],"product_tag":[],"class_list":{"0":"post-52119","1":"product","2":"type-product","3":"status-publish","4":"has-post-thumbnail","6":"product_brand-tp-link","7":"product_cat-reseau-serveur-autres","8":"product_shipping_class-makant-standard","9":"pa_origine-dexpedition-union-europeenne-allemagne-2","11":"first","12":"outofstock","13":"taxable","14":"shipping-taxable","15":"purchasable","16":"product-type-simple"},"jetpack_publicize_connections":[],"locations":[],"jetpack_sharing_enabled":true,"_links":{"self":[{"href":"https:\/\/trendsbystylia.com\/pt\/wp-json\/wp\/v2\/product\/52119","targetHints":{"allow":["GET"]}}],"collection":[{"href":"https:\/\/trendsbystylia.com\/pt\/wp-json\/wp\/v2\/product"}],"about":[{"href":"https:\/\/trendsbystylia.com\/pt\/wp-json\/wp\/v2\/types\/product"}],"replies":[{"embeddable":true,"href":"https:\/\/trendsbystylia.com\/pt\/wp-json\/wp\/v2\/comments?post=52119"}],"wp:featuredmedia":[{"embeddable":true,"href":"https:\/\/trendsbystylia.com\/pt\/wp-json\/wp\/v2\/media\/67275"}],"wp:attachment":[{"href":"https:\/\/trendsbystylia.com\/pt\/wp-json\/wp\/v2\/media?parent=52119"}],"wp:term":[{"taxonomy":"location","embeddable":true,"href":"https:\/\/trendsbystylia.com\/pt\/wp-json\/wp\/v2\/location?post=52119"},{"taxonomy":"product_brand","embeddable":true,"href":"https:\/\/trendsbystylia.com\/pt\/wp-json\/wp\/v2\/product_brand?post=52119"},{"taxonomy":"product_cat","embeddable":true,"href":"https:\/\/trendsbystylia.com\/pt\/wp-json\/wp\/v2\/product_cat?post=52119"},{"taxonomy":"product_tag","embeddable":true,"href":"https:\/\/trendsbystylia.com\/pt\/wp-json\/wp\/v2\/product_tag?post=52119"}],"curies":[{"name":"wp","href":"https:\/\/api.w.org\/{rel}","templated":true}]}}