{"id":51679,"date":"2025-03-30T23:28:27","date_gmt":"2025-03-30T23:28:27","guid":{"rendered":"https:\/\/trendsbystylia.com\/?post_type=product&#038;p=51679"},"modified":"2025-04-06T13:44:18","modified_gmt":"2025-04-06T13:44:18","slug":"jbl-casque-sans-fil-tune-760-nc-noir-jblt760ncblk","status":"publish","type":"product","link":"https:\/\/trendsbystylia.com\/pt\/produto\/jbl-casque-sans-fil-tune-760-nc-noir-jblt760ncblk\/","title":{"rendered":"<p>JBL Casque sans fil Tune 760 NC Noir JBLT760NCBLK<\/p>"},"content":{"rendered":"<div id=\"HTML_SPEC\" class=\"ITSs\">\n<div class=\"ITSg\">representa\u00e7\u00e3o\/realiza\u00e7\u00e3o<\/div>\n<div class=\"ITSr0\">\n<div class=\"ITSn\">Tipo de produto<\/div>\n<div class=\"ITSv\">Auscultadores<\/div>\n<\/div>\n<div class=\"ITSr1\">\n<div class=\"ITSn\">Estilo de fone de ouvido port\u00e1til<\/div>\n<div class=\"ITSv\">Arceau<\/div>\n<\/div>\n<div class=\"ITSr0\">\n<div class=\"ITSn\">Utiliza\u00e7\u00e3o recomendada<\/div>\n<div class=\"ITSv\">Musique<\/div>\n<\/div>\n<div class=\"ITSr1\">\n<div class=\"ITSn\">Tipo de capacete<\/div>\n<div class=\"ITSv\">Binaural<\/div>\n<\/div>\n<div class=\"ITSr0\">\n<div class=\"ITSn\">Cor do produto<\/div>\n<div class=\"ITSv\">Preto<\/div>\n<\/div>\n<div class=\"ITSr1\">\n<div class=\"ITSn\">Chaves de opera\u00e7\u00e3o<\/div>\n<div class=\"ITSv\">Answer\/end call, Play\/Pause, Track &lt;, Track &gt;, Volume +, Volume &ndash;<\/div>\n<\/div>\n<div class=\"ITSr0\">\n<div class=\"ITSn\">Controlo de volume<\/div>\n<div class=\"ITSv\">Bot\u00e3o<\/div>\n<\/div>\n<div class=\"ITSr1\">\n<div class=\"ITSn\">Dobr\u00e1vel<\/div>\n<div class=\"ITSv\">Sim<\/div>\n<\/div>\n<div class=\"ITSr0\">\n<div class=\"ITSn\">Comprimento do cabo<\/div>\n<div class=\"ITSv\">1,2 m<\/div>\n<\/div>\n<div class=\"ITSr1\">\n<div class=\"ITSn\">Cabo remov\u00edvel<\/div>\n<div class=\"ITSv\">Sim<\/div>\n<\/div>\n<div class=\"ITSr0\">\n<div class=\"ITSn\">Ilumina\u00e7\u00e3o de fundo<\/div>\n<div class=\"ITSv\">N\u00e3o<\/div>\n<\/div>\n<div class=\"ITSr1\">\n<div class=\"ITSn\">Funciona com o Assistente do Google<\/div>\n<div class=\"ITSv\">Sim<\/div>\n<\/div>\n<div class=\"ITSr0\">\n<div class=\"ITSn\">Compat\u00edvel com a Apple Siri<\/div>\n<div class=\"ITSv\">N\u00e3o<\/div>\n<\/div>\n<div class=\"ITSr1\">\n<div class=\"ITSn\">Compat\u00edvel com o Amazon Alexa<\/div>\n<div class=\"ITSv\">Sim<\/div>\n<\/div>\n<div class=\"ITSr0\">\n<div class=\"ITSn\">Pa\u00eds de origem<\/div>\n<div class=\"ITSv\">China<\/div>\n<\/div>\n<div class=\"ITSg\">Conectividade<\/div>\n<div class=\"ITSr0\">\n<div class=\"ITSn\">Tecnologia de conectividade<\/div>\n<div class=\"ITSv\">Sem fio<\/div>\n<\/div>\n<div class=\"ITSr1\">\n<div class=\"ITSn\">Conector de 3,5 mm<\/div>\n<div class=\"ITSv\">Sim<\/div>\n<\/div>\n<div class=\"ITSr0\">\n<div class=\"ITSn\">Conectividade USB<\/div>\n<div class=\"ITSv\">Sim<\/div>\n<\/div>\n<div class=\"ITSr1\">\n<div class=\"ITSn\">conector USB<\/div>\n<div class=\"ITSv\">USB Tipo-C<\/div>\n<\/div>\n<div class=\"ITSr0\">\n<div class=\"ITSn\">Bluetooth<\/div>\n<div class=\"ITSv\">Sim<\/div>\n<\/div>\n<div class=\"ITSr1\">\n<div class=\"ITSn\">Perfis Bluetooth<\/div>\n<div class=\"ITSv\">A2DP, AVRCP, HFP<\/div>\n<\/div>\n<div class=\"ITSr0\">\n<div class=\"ITSn\">Modelo Bluetooth<\/div>\n<div class=\"ITSv\">5.0<\/div>\n<\/div>\n<div class=\"ITSr1\">\n<div class=\"ITSn\">Banda de frequ\u00eancia<\/div>\n<div class=\"ITSv\">2.4 &ndash; 2.4835 GHz<\/div>\n<\/div>\n<div class=\"ITSg\">Microfone<\/div>\n<div class=\"ITSr0\">\n<div class=\"ITSn\">Tipo de microfone<\/div>\n<div class=\"ITSv\">Integrado<\/div>\n<\/div>\n<div class=\"ITSr1\">\n<div class=\"ITSn\">Sensibilidade do microfone<\/div>\n<div class=\"ITSv\">-30 dB<\/div>\n<\/div>\n<div class=\"ITSr0\">\n<div class=\"ITSn\">Microphone amovible<\/div>\n<div class=\"ITSv\">N\u00e3o<\/div>\n<\/div>\n<div class=\"ITSr1\">\n<div class=\"ITSn\">Microfone de supress\u00e3o de ru\u00eddo<\/div>\n<div class=\"ITSv\">Sim<\/div>\n<\/div>\n<div class=\"ITSg\">Bateria<\/div>\n<div class=\"ITSr0\">\n<div class=\"ITSn\">Funciona em baterias<\/div>\n<div class=\"ITSv\">Sim<\/div>\n<\/div>\n<div class=\"ITSr1\">\n<div class=\"ITSn\">Tipo de bateria<\/div>\n<div class=\"ITSv\">Bateria incorporada<\/div>\n<\/div>\n<div class=\"ITSr0\">\n<div class=\"ITSn\">Tecnologia da bateria<\/div>\n<div class=\"ITSv\">Pol\u00edmero de l\u00edtio (LiPo)<\/div>\n<\/div>\n<div class=\"ITSr1\">\n<div class=\"ITSn\">Capacidade da bateria<\/div>\n<div class=\"ITSv\">610 mAh<\/div>\n<\/div>\n<div class=\"ITSr0\">\n<div class=\"ITSn\">Reprodu\u00e7\u00e3o cont\u00ednua de \u00e1udio<\/div>\n<div class=\"ITSv\">35 h<\/div>\n<\/div>\n<div class=\"ITSr1\">\n<div class=\"ITSn\">Dur&eacute;e de la conversation (avec bo&icirc;tier de chargement)<\/div>\n<div class=\"ITSv\">35 h<\/div>\n<\/div>\n<div class=\"ITSr0\">\n<div class=\"ITSn\">Tempo cont\u00ednuo de reprodu\u00e7\u00e3o de \u00e1udio (ANC activado)<\/div>\n<div class=\"ITSv\">35 h<\/div>\n<\/div>\n<div class=\"ITSr1\">\n<div class=\"ITSn\">Tempo cont\u00ednuo de reprodu\u00e7\u00e3o de \u00e1udio (ANC desativado)<\/div>\n<div class=\"ITSv\">50 h<\/div>\n<\/div>\n<div class=\"ITSr0\">\n<div class=\"ITSn\">Tempo de comunica\u00e7\u00e3o<\/div>\n<div class=\"ITSv\">35 h<\/div>\n<\/div>\n<div class=\"ITSr1\">\n<div class=\"ITSn\">Tens\u00e3o da bateria<\/div>\n<div class=\"ITSv\">3.7 V<\/div>\n<\/div>\n<div class=\"ITSr0\">\n<div class=\"ITSn\">Tempo de carregamento r\u00e1pido<\/div>\n<div class=\"ITSv\">120 min<\/div>\n<\/div>\n<div class=\"ITSr1\">\n<div class=\"ITSn\">Fonte de carregamento<\/div>\n<div class=\"ITSv\">USB<\/div>\n<\/div>\n<div class=\"ITSr0\">\n<div class=\"ITSn\">N\u00famero de baterias suportadas<\/div>\n<div class=\"ITSv\">1<\/div>\n<\/div>\n<div class=\"ITSg\">Auscultadores\/Auscultadores<\/div>\n<div class=\"ITSr0\">\n<div class=\"ITSn\">Acoplamento de orelhas<\/div>\n<div class=\"ITSv\">Circum-aurais<\/div>\n<\/div>\n<div class=\"ITSr1\">\n<div class=\"ITSn\">Frequ\u00eancia dos auscultadores<\/div>\n<div class=\"ITSv\">20 \u2013 20000 Hz<\/div>\n<\/div>\n<div class=\"ITSr0\">\n<div class=\"ITSn\">Imped\u00e2ncia<\/div>\n<div class=\"ITSv\">32 Ohm<\/div>\n<\/div>\n<div class=\"ITSr1\">\n<div class=\"ITSn\">Sensibilidade do capacete<\/div>\n<div class=\"ITSv\">103 dB<\/div>\n<\/div>\n<div class=\"ITSr0\">\n<div class=\"ITSn\">Unidade de leitura<\/div>\n<div class=\"ITSv\">4 cm<\/div>\n<\/div>\n<div class=\"ITSr1\">\n<div class=\"ITSn\">Tipo de piloto<\/div>\n<div class=\"ITSv\">Din\u00e2mica<\/div>\n<\/div>\n<div class=\"ITSr0\">\n<div class=\"ITSn\">Tipo de redu\u00e7\u00e3o do ru\u00eddo<\/div>\n<div class=\"ITSv\">Ativos<\/div>\n<\/div>\n<div class=\"ITSg\">Peso e dimens\u00f5es<\/div>\n<div class=\"ITSr0\">\n<div class=\"ITSn\">Peso<\/div>\n<div class=\"ITSv\">235 g<\/div>\n<\/div>\n<div class=\"ITSg\">Conte\u00fado da embalagem<\/div>\n<div class=\"ITSr0\">\n<div class=\"ITSn\">Guia de Introdu\u00e7\u00e3o R\u00e1pida<\/div>\n<div class=\"ITSv\">Sim<\/div>\n<\/div>\n<div class=\"ITSr1\">\n<div class=\"ITSn\">Cart\u00e3o de garantia<\/div>\n<div class=\"ITSv\">Sim<\/div>\n<\/div>\n<div class=\"ITSr0\">\n<div class=\"ITSn\">Ficha de dados de seguran\u00e7a<\/div>\n<div class=\"ITSv\">Sim<\/div>\n<\/div>\n<div class=\"ITSr1\">\n<div class=\"ITSn\">Cabos inclu\u00eddos<\/div>\n<div class=\"ITSv\">\u00c1udio (3,5 mm), USB Tipo-C<\/div>\n<\/div>\n<div class=\"ITSg\">Dados log\u00edsticos<\/div>\n<div class=\"ITSr0\">\n<div class=\"ITSn\">C\u00f3digo do Sistema Harmonizado<\/div>\n<div class=\"ITSv\">85183000<\/div>\n<\/div>\n<div class=\"ITSr1\">\n<div class=\"ITSn\">Produtos por camada de paletes<\/div>\n<div class=\"ITSv\">60 pe\u00e7a(s)<\/div>\n<\/div>\n<div class=\"ITSr0\">\n<div class=\"ITSn\">N\u00famero de Classifica\u00e7\u00e3o do Controlo das Exporta\u00e7\u00f5es (ECCN)<\/div>\n<div class=\"ITSv\">China<\/div>\n<\/div>\n<div class=\"ITSr1\">\n<div class=\"ITSn\">Comprimento bruto da palete<\/div>\n<div class=\"ITSv\">120 cm<\/div>\n<\/div>\n<div class=\"ITSr0\">\n<div class=\"ITSn\">Arm\u00e1rio principal (externo) por palete<\/div>\n<div class=\"ITSv\">90 pi&egrave;ce(s)<\/div>\n<\/div>\n<div class=\"ITSr1\">\n<div class=\"ITSn\">Camadas por palete<\/div>\n<div class=\"ITSv\">6 pi&egrave;ce(s)<\/div>\n<\/div>\n<div class=\"ITSr0\">\n<div class=\"ITSn\">Produtos por palete<\/div>\n<div class=\"ITSv\">360 pe\u00e7as<\/div>\n<\/div>\n<div class=\"ITSr1\">\n<div class=\"ITSn\">GTIN da palete (EAN\/UPC)<\/div>\n<div class=\"ITSv\">6925281988295<\/div>\n<\/div>\n<div class=\"ITSr0\">\n<div class=\"ITSn\">Largura do arm\u00e1rio principal (externo)<\/div>\n<div class=\"ITSv\">224 mm<\/div>\n<\/div>\n<div class=\"ITSr1\">\n<div class=\"ITSn\">Comprimento do cacifo principal (externo)<\/div>\n<div class=\"ITSv\">270 mm<\/div>\n<\/div>\n<div class=\"ITSr0\">\n<div class=\"ITSn\">Altura do cacifo principal (externo)<\/div>\n<div class=\"ITSv\">256 mm<\/div>\n<\/div>\n<div class=\"ITSr1\">\n<div class=\"ITSn\">Peso bruto do cacifo principal (externo)<\/div>\n<div class=\"ITSv\">2.23 kg<\/div>\n<\/div>\n<div class=\"ITSr0\">\n<div class=\"ITSn\">Volume do cacifo principal (externo)<\/div>\n<div class=\"ITSv\">0.015 cm&sup3;<\/div>\n<\/div>\n<div class=\"ITSr1\">\n<div class=\"ITSn\">GTIN da caixa principal (EAN\/UPC)<\/div>\n<div class=\"ITSv\">6925281988295<\/div>\n<\/div>\n<div class=\"ITSg\">Dados t\u00e9cnicos<\/div>\n<div class=\"ITSr0\">\n<div class=\"ITSn\">Peso l\u00edquido da palete<\/div>\n<div class=\"ITSv\">200.7 kg<\/div>\n<\/div>\n<div class=\"ITSg\">Informa\u00e7\u00f5es sobre a embalagem<\/div>\n<div class=\"ITSr0\">\n<div class=\"ITSn\">Largura da embalagem<\/div>\n<div class=\"ITSv\">65 mm<\/div>\n<\/div>\n<div class=\"ITSr1\">\n<div class=\"ITSn\">Profundidade da embalagem<\/div>\n<div class=\"ITSv\">208 mm<\/div>\n<\/div>\n<div class=\"ITSr0\">\n<div class=\"ITSn\">Altura da embalagem<\/div>\n<div class=\"ITSv\">225 mm<\/div>\n<\/div>\n<div class=\"ITSr1\">\n<div class=\"ITSn\">Peso da embalagem<\/div>\n<div class=\"ITSv\">474 g<\/div>\n<\/div>\n<div class=\"ITSg\">Caract&eacute;ristiques du fournisseur<\/div>\n<div class=\"ITSr0\">\n<div class=\"ITSn\">Mat&eacute;riel<\/div>\n<div class=\"ITSv\">Pl\u00e1stico<\/div>\n<\/div>\n<div class=\"ITSr1\">\n<div class=\"ITSn\">Tempo de carregamento<\/div>\n<div class=\"ITSv\">120 min<\/div>\n<\/div>\n<div class=\"ITSr0\">\n<div class=\"ITSn\">Volume ajust\u00e1vel<\/div>\n<div class=\"ITSv\">Sim<\/div>\n<\/div>\n<\/div>","protected":false},"excerpt":{"rendered":"<p>Rien n?a plus d?importance que votre musique. Conception circum-auriculaire, ultra confortable, puissant, le JBL Tune 760NC est plein de promesses. La r&eacute;duction de bruit active vous coupe de toutes les distractions superflues pour permettre de vous concentrer sur ce qui importe, et ce jusqu?&agrave; 35 heures. Cela ne vous suffit pas ? Obtenez 2 heures d?&eacute;coute suppl&eacute;mentaires avec seulement 5 minutes de charge. L&eacute;ger et pliable, le Tune 760NC vous accompagne dans toutes vos aventures et peut se connecter simultan&eacute;ment avec deux appareils Bluetooth&reg;. Vous ne manquerez plus jamais un appel, m&ecirc;me si vous regardez une vid&eacute;o sur votre tablette.<p> D?un simple toucher, le JBL Tune 760NC est imm&eacute;diatement appair&eacute; pour offrir une gestion mains libres des appels et de l?assistant vocal de votre appareil Android. Prolongez le plaisir en branchant simplement le JBL Tune 760NC avec le c&acirc;ble amovible inclus. Choisissez la couleur qui correspond &agrave; votre humeur et faites-vous plaisir!<\/p><\/p>","protected":false},"featured_media":67301,"comment_status":"open","ping_status":"closed","template":"","meta":{"_seopress_robots_primary_cat":"","_seopress_titles_title":"","_seopress_titles_desc":"","_seopress_robots_index":"","_gspb_post_css":"","content-type":"","jetpack_post_was_ever_published":false,"jetpack_publicize_message":"","jetpack_publicize_feature_enabled":true,"jetpack_social_post_already_shared":true,"jetpack_social_options":{"image_generator_settings":{"template":"highway","default_image_id":0,"font":"","enabled":false},"version":2}},"product_brand":[779],"product_cat":[798],"product_tag":[],"class_list":{"0":"post-51679","1":"product","2":"type-product","3":"status-publish","4":"has-post-thumbnail","6":"product_brand-jbl","7":"product_cat-casques-oreillettes","8":"product_shipping_class-makant-standard","9":"pa_origine-dexpedition-union-europeenne-allemagne-2","11":"first","12":"instock","13":"taxable","14":"shipping-taxable","15":"purchasable","16":"product-type-simple"},"jetpack_publicize_connections":[],"jetpack_sharing_enabled":true,"_links":{"self":[{"href":"https:\/\/trendsbystylia.com\/pt\/wp-json\/wp\/v2\/product\/51679","targetHints":{"allow":["GET"]}}],"collection":[{"href":"https:\/\/trendsbystylia.com\/pt\/wp-json\/wp\/v2\/product"}],"about":[{"href":"https:\/\/trendsbystylia.com\/pt\/wp-json\/wp\/v2\/types\/product"}],"replies":[{"embeddable":true,"href":"https:\/\/trendsbystylia.com\/pt\/wp-json\/wp\/v2\/comments?post=51679"}],"wp:featuredmedia":[{"embeddable":true,"href":"https:\/\/trendsbystylia.com\/pt\/wp-json\/wp\/v2\/media\/67301"}],"wp:attachment":[{"href":"https:\/\/trendsbystylia.com\/pt\/wp-json\/wp\/v2\/media?parent=51679"}],"wp:term":[{"taxonomy":"product_brand","embeddable":true,"href":"https:\/\/trendsbystylia.com\/pt\/wp-json\/wp\/v2\/product_brand?post=51679"},{"taxonomy":"product_cat","embeddable":true,"href":"https:\/\/trendsbystylia.com\/pt\/wp-json\/wp\/v2\/product_cat?post=51679"},{"taxonomy":"product_tag","embeddable":true,"href":"https:\/\/trendsbystylia.com\/pt\/wp-json\/wp\/v2\/product_tag?post=51679"}],"curies":[{"name":"wp","href":"https:\/\/api.w.org\/{rel}","templated":true}]}}