{"id":50454,"date":"2025-03-30T23:30:59","date_gmt":"2025-03-30T23:30:59","guid":{"rendered":"https:\/\/trendsbystylia.com\/?post_type=product&#038;p=50454"},"modified":"2025-04-04T22:20:30","modified_gmt":"2025-04-04T22:20:30","slug":"tp-link-wlan-router-archer-ax20","status":"publish","type":"product","link":"https:\/\/trendsbystylia.com\/pt\/produto\/tp-link-wlan-router-archer-ax20\/","title":{"rendered":"<p>TP-LINK WLAN-Router Archer AX20<\/p>"},"content":{"rendered":"<div id=\"HTML_SPEC\" class=\"ITSs\">\n<div class=\"ITSg\">Rede<\/div>\n<div class=\"ITSr0\">\n<div class=\"ITSn\">Ethernet\/LAN<\/div>\n<div class=\"ITSv\">Sim<\/div>\n<\/div>\n<div class=\"ITSr1\">\n<div class=\"ITSn\">Tipo de interface LAN Ethernet<\/div>\n<div class=\"ITSv\">Ethernet a gigabits<\/div>\n<\/div>\n<div class=\"ITSr0\">\n<div class=\"ITSn\">Taxa de transfer\u00eancia de dados LAN Ethernet<\/div>\n<div class=\"ITSv\">10,100,1000 Mbit\/s<\/div>\n<\/div>\n<div class=\"ITSr1\">\n<div class=\"ITSn\">Normas de rede<\/div>\n<div class=\"ITSv\">IEEE 802.11a,IEEE 802.11ac,IEEE 802.11ax,IEEE 802.11b,IEEE 802.11g,IEEE 802.11n<\/div>\n<\/div>\n<div class=\"ITSr0\">\n<div class=\"ITSn\">Full duplex<\/div>\n<div class=\"ITSv\">Sim<\/div>\n<\/div>\n<div class=\"ITSr1\">\n<div class=\"ITSn\">Assistance contr&ocirc;le des flux<\/div>\n<div class=\"ITSv\">Sim<\/div>\n<\/div>\n<div class=\"ITSr0\">\n<div class=\"ITSn\">Redirection de port<\/div>\n<div class=\"ITSv\">Sim<\/div>\n<\/div>\n<div class=\"ITSr1\">\n<div class=\"ITSn\">Dynamic DNS (DDNS)<\/div>\n<div class=\"ITSv\">Sim<\/div>\n<\/div>\n<div class=\"ITSr0\">\n<div class=\"ITSn\">Route statique<\/div>\n<div class=\"ITSv\">Sim<\/div>\n<\/div>\n<div class=\"ITSg\">Caracter\u00edsticas LAN sem fio<\/div>\n<div class=\"ITSr0\">\n<div class=\"ITSn\">Banda Wi-Fi<\/div>\n<div class=\"ITSv\">Bi-banda (2,4 GHz\/5 GHz)<\/div>\n<\/div>\n<div class=\"ITSr1\">\n<div class=\"ITSn\">Padr\u00e3o Wi-Fi<\/div>\n<div class=\"ITSv\">Wi-Fi 6 (802.11ax)<\/div>\n<\/div>\n<div class=\"ITSr0\">\n<div class=\"ITSn\">Taxa de transfer\u00eancia de dados WLAN (m\u00e1x.)<\/div>\n<div class=\"ITSv\">1800 Mbit\/s<\/div>\n<\/div>\n<div class=\"ITSr1\">\n<div class=\"ITSn\">Padr\u00f5es Wi-Fi<\/div>\n<div class=\"ITSv\">802.11a,802.11b,802.11g,Wi-Fi 4 (802.11n),Wi-Fi 5 (802.11ac),Wi-Fi 6 (802.11ax)<\/div>\n<\/div>\n<div class=\"ITSr0\">\n<div class=\"ITSn\">Taxa de transfer\u00eancia de dados WLAN (banda principal)<\/div>\n<div class=\"ITSv\">574 Mbit\/s<\/div>\n<\/div>\n<div class=\"ITSr1\">\n<div class=\"ITSn\">Taxa de transfer\u00eancia de dados WLAN (segunda banda)<\/div>\n<div class=\"ITSv\">1201 Mbit\/s<\/div>\n<\/div>\n<div class=\"ITSg\">redes m\u00f3veis<\/div>\n<div class=\"ITSr0\">\n<div class=\"ITSn\">G&eacute;n&eacute;ration de r&eacute;seau mobile<\/div>\n<div class=\"ITSv\">4G<\/div>\n<\/div>\n<div class=\"ITSg\">Pot\u00eancia<\/div>\n<div class=\"ITSr0\">\n<div class=\"ITSn\">Tipo de fonte de energia<\/div>\n<div class=\"ITSv\">Setor<\/div>\n<\/div>\n<div class=\"ITSr1\">\n<div class=\"ITSn\">Tens\u00e3o de sa\u00edda<\/div>\n<div class=\"ITSv\">12 V<\/div>\n<\/div>\n<div class=\"ITSr0\">\n<div class=\"ITSn\">Corrente de sa\u00edda<\/div>\n<div class=\"ITSv\">1.5 A<\/div>\n<\/div>\n<div class=\"ITSg\">Antena<\/div>\n<div class=\"ITSr0\">\n<div class=\"ITSn\">Tipo de antena<\/div>\n<div class=\"ITSv\">Externe<\/div>\n<\/div>\n<div class=\"ITSg\">Liga\u00e7\u00e3o WAN<\/div>\n<div class=\"ITSr0\">\n<div class=\"ITSn\">WAN da Ethernet<\/div>\n<div class=\"ITSv\">Sim<\/div>\n<\/div>\n<div class=\"ITSr1\">\n<div class=\"ITSn\">WAN da DSL<\/div>\n<div class=\"ITSv\">N\u00e3o<\/div>\n<\/div>\n<div class=\"ITSr0\">\n<div class=\"ITSn\">Localiza\u00e7\u00e3o do cart\u00e3o SIM<\/div>\n<div class=\"ITSv\">N\u00e3o<\/div>\n<\/div>\n<div class=\"ITSr1\">\n<div class=\"ITSn\">Compatibilidade do modem 3G\/4G USB<\/div>\n<div class=\"ITSv\">N\u00e3o<\/div>\n<\/div>\n<div class=\"ITSr0\">\n<div class=\"ITSn\">Type de connexion WAN<\/div>\n<div class=\"ITSv\">RJ-45<\/div>\n<\/div>\n<div class=\"ITSg\">Conce\u00e7\u00e3o<\/div>\n<div class=\"ITSr0\">\n<div class=\"ITSn\">Tipo de produto<\/div>\n<div class=\"ITSv\">Routeur<\/div>\n<\/div>\n<div class=\"ITSr1\">\n<div class=\"ITSn\">Cor do produto<\/div>\n<div class=\"ITSv\">Preto<\/div>\n<\/div>\n<div class=\"ITSr0\">\n<div class=\"ITSn\">Luzes de visualiza\u00e7\u00e3o<\/div>\n<div class=\"ITSv\">LAN, Power, WAN, WLAN<\/div>\n<\/div>\n<div class=\"ITSr1\">\n<div class=\"ITSn\">Bot\u00e3o de ligar\/desligar incorporado<\/div>\n<div class=\"ITSv\">Sim<\/div>\n<\/div>\n<div class=\"ITSg\">Caracter\u00edsticas<\/div>\n<div class=\"ITSr0\">\n<div class=\"ITSn\">Integrado no processador<\/div>\n<div class=\"ITSv\">Sim<\/div>\n<\/div>\n<div class=\"ITSr1\">\n<div class=\"ITSn\">Fr&eacute;quence du processeur<\/div>\n<div class=\"ITSv\">1500 MHz<\/div>\n<\/div>\n<div class=\"ITSr0\">\n<div class=\"ITSn\">Certifica\u00e7\u00e3o<\/div>\n<div class=\"ITSv\">FCC, CE, RoHS<\/div>\n<\/div>\n<div class=\"ITSg\">Seguran\u00e7a<\/div>\n<div class=\"ITSr0\">\n<div class=\"ITSn\">Algoritmo de seguran\u00e7a suportado<\/div>\n<div class=\"ITSv\">64-bit WEP,128-bit WEP,WMM,WPA,WPA-PSK,WPA2,WPA2-PSK<\/div>\n<\/div>\n<div class=\"ITSr1\">\n<div class=\"ITSn\">Acesso dos h\u00f3spedes<\/div>\n<div class=\"ITSv\">Sim<\/div>\n<\/div>\n<div class=\"ITSr0\">\n<div class=\"ITSn\">Liste de contr&ocirc;le d&rsquo;acc&egrave;s (ACL)<\/div>\n<div class=\"ITSv\">Sim<\/div>\n<\/div>\n<div class=\"ITSr1\">\n<div class=\"ITSn\">Filtragem de endere\u00e7os IP<\/div>\n<div class=\"ITSv\">Sim<\/div>\n<\/div>\n<div class=\"ITSr0\">\n<div class=\"ITSn\">Filtragem de URL<\/div>\n<div class=\"ITSv\">Sim<\/div>\n<\/div>\n<div class=\"ITSr1\">\n<div class=\"ITSn\">Journal des &eacute;v&eacute;nements du syst&egrave;me<\/div>\n<div class=\"ITSv\">Sim<\/div>\n<\/div>\n<div class=\"ITSr0\">\n<div class=\"ITSn\">Support DMZ<\/div>\n<div class=\"ITSv\">Sim<\/div>\n<\/div>\n<div class=\"ITSr1\">\n<div class=\"ITSn\">Traduction d&rsquo;adresses IP (NAT, Network address translation)<\/div>\n<div class=\"ITSv\">Sim<\/div>\n<\/div>\n<div class=\"ITSr0\">\n<div class=\"ITSn\">Fonction NAT<\/div>\n<div class=\"ITSv\">Port Forwarding, Port Triggering, UPnP, DMZ<\/div>\n<\/div>\n<div class=\"ITSg\">Conectividade<\/div>\n<div class=\"ITSr0\">\n<div class=\"ITSn\">N\u00famero de portas Ethernet LAN (RJ-45)<\/div>\n<div class=\"ITSv\">4<\/div>\n<\/div>\n<div class=\"ITSr1\">\n<div class=\"ITSn\">Porta USB<\/div>\n<div class=\"ITSv\">Sim<\/div>\n<\/div>\n<div class=\"ITSr0\">\n<div class=\"ITSn\">Quantidade de portas USB 2.0<\/div>\n<div class=\"ITSv\">1<\/div>\n<\/div>\n<div class=\"ITSr1\">\n<div class=\"ITSn\">ranhura(s) para cart\u00e3o de mem\u00f3ria<\/div>\n<div class=\"ITSv\">N\u00e3o<\/div>\n<\/div>\n<div class=\"ITSr0\">\n<div class=\"ITSn\">Entrada CC<\/div>\n<div class=\"ITSv\">Sim<\/div>\n<\/div>\n<div class=\"ITSg\">Informa\u00e7\u00f5es sobre a embalagem<\/div>\n<div class=\"ITSr0\">\n<div class=\"ITSn\">Cabos inclu\u00eddos<\/div>\n<div class=\"ITSv\">LAN (RJ-45)<\/div>\n<\/div>\n<div class=\"ITSr1\">\n<div class=\"ITSn\">Adaptador da C.A. fornecido<\/div>\n<div class=\"ITSv\">Sim<\/div>\n<\/div>\n<div class=\"ITSr0\">\n<div class=\"ITSn\">Cart\u00e3o de garantia<\/div>\n<div class=\"ITSv\">Sim<\/div>\n<\/div>\n<div class=\"ITSr1\">\n<div class=\"ITSn\">Guide d&rsquo;installation rapide<\/div>\n<div class=\"ITSv\">Sim<\/div>\n<\/div>\n<div class=\"ITSr0\">\n<div class=\"ITSn\">Largura da embalagem<\/div>\n<div class=\"ITSv\">330 mm<\/div>\n<\/div>\n<div class=\"ITSr1\">\n<div class=\"ITSn\">Profundidade da embalagem<\/div>\n<div class=\"ITSv\">240 mm<\/div>\n<\/div>\n<div class=\"ITSr0\">\n<div class=\"ITSn\">Altura da embalagem<\/div>\n<div class=\"ITSv\">73 mm<\/div>\n<\/div>\n<div class=\"ITSr1\">\n<div class=\"ITSn\">Peso da embalagem<\/div>\n<div class=\"ITSv\">890 g<\/div>\n<\/div>\n<div class=\"ITSg\">Caracter\u00edsticas de gest\u00e3o<\/div>\n<div class=\"ITSr0\">\n<div class=\"ITSn\">Gest\u00e3o baseada na Web<\/div>\n<div class=\"ITSv\">Sim<\/div>\n<\/div>\n<div class=\"ITSr1\">\n<div class=\"ITSn\">Assistant de configuration sur internet<\/div>\n<div class=\"ITSv\">Sim<\/div>\n<\/div>\n<div class=\"ITSr0\">\n<div class=\"ITSn\">Qualidade de Servi\u00e7o (QoS)<\/div>\n<div class=\"ITSv\">Sim<\/div>\n<\/div>\n<div class=\"ITSr1\">\n<div class=\"ITSn\">Bot\u00e3o de reposi\u00e7\u00e3o<\/div>\n<div class=\"ITSv\">Sim<\/div>\n<\/div>\n<div class=\"ITSr0\">\n<div class=\"ITSn\">S&eacute;curit&eacute; pair Bouton de commande WPS<\/div>\n<div class=\"ITSv\">Sim<\/div>\n<\/div>\n<div class=\"ITSg\">Protocoles<\/div>\n<div class=\"ITSr0\">\n<div class=\"ITSn\">Client DHCP<\/div>\n<div class=\"ITSv\">Sim<\/div>\n<\/div>\n<div class=\"ITSr1\">\n<div class=\"ITSn\">Serveur DHCP<\/div>\n<div class=\"ITSv\">Sim<\/div>\n<\/div>\n<div class=\"ITSr0\">\n<div class=\"ITSn\">Reconnaissance automatique des composants de l&rsquo;ordinateur<\/div>\n<div class=\"ITSv\">Sim<\/div>\n<\/div>\n<div class=\"ITSg\">Peso e dimens\u00f5es<\/div>\n<div class=\"ITSr0\">\n<div class=\"ITSn\">Largura<\/div>\n<div class=\"ITSv\">260.2 mm<\/div>\n<\/div>\n<div class=\"ITSr1\">\n<div class=\"ITSn\">Profundidade<\/div>\n<div class=\"ITSv\">135 mm<\/div>\n<\/div>\n<div class=\"ITSr0\">\n<div class=\"ITSn\">Altura<\/div>\n<div class=\"ITSv\">38,6 mm<\/div>\n<\/div>\n<div class=\"ITSg\">Outras caracter\u00edsticas<\/div>\n<div class=\"ITSr0\">\n<div class=\"ITSn\">Syst&egrave;mes d&rsquo;exploitation compatibles<\/div>\n<div class=\"ITSv\">Microsoft Windows 98SE\/NT\/2000\/XP\/Vista?\/7\/8\/8.1\/10, MAC OS, NetWare, UNIX or Linux<\/div>\n<\/div>\n<div class=\"ITSr1\">\n<div class=\"ITSn\">Configura\u00e7\u00e3o m\u00ednima do sistema<\/div>\n<div class=\"ITSv\">Microsoft Windows 98SE\/NT\/2000\/XP\/Vista?\/7\/8\/8.1\/10, MAC OS, NetWare, UNIX or Linux Internet Explorer 11, Firefox 12.0, Chrome 20.0, Safari 4.0, or other Java-enabled browser Cable or DSL Modem Subscription with an internet service provider (for internet access)<\/div>\n<\/div>\n<div class=\"ITSg\">Configura\u00e7\u00e3o m\u00ednima do sistema<\/div>\n<div class=\"ITSr0\">\n<div class=\"ITSn\">Suporte ao sistema operativo Windows<\/div>\n<div class=\"ITSv\">Windows 10,Windows 10 Education,Windows 10 Education x64,Windows 10 Enterprise,Windows 10 Enterprise x64,Windows 10 Home,Windows 10 Home x64,Windows 10 IOT Core,Windows 10 IoT Enterprise,Windows 10 Pro,Windows 10 Pro x64,Windows 2000,Windows 2000 Professional,Windows 7,Windows 7 Enterprise,Windows 7 Enterprise x64,Windows 7 Home Basic,Windows 7 Home Basic x64,Windows 7 Home Premium,Windows 7 Home Premium x64,Windows 7 Professional,Windows 7 Professional x64,Windows 7 Starter,Windows 7 Starter x64,Windows 7 Ultimate,Windows 7 Ultimate x64,Windows 7 x64,Windows 8,Windows 8 Enterprise,Windows 8 Enterprise x64,Windows 8 Pro,Windows 8 Pro x64,Windows 8 x64,Windows 8.1,Windows 8.1 Enterprise,Windows 8.1 Enterprise x64,Windows 8.1 Pro,Windows 8.1 Pro x64,Windows 8.1 x64,Windows 98SE,Windows Vista,Windows Vista Business,Windows Vista Business x64,Windows Vista Enterprise,Windows Vista Enterprise x64,Windows Vista Home Basic,Windows Vista Home Basic x64,Windows Vista Home Premium,Windows Vista Home Premium x64,Windows Vista Ultimate,Windows Vista Ultimate x64,Windows Vista x64,Windows XP,Windows XP Home,Windows XP Home x64,Windows XP Professional,Windows XP Professional x64<\/div>\n<\/div>\n<div class=\"ITSr1\">\n<div class=\"ITSn\">Prise en charge du syst&egrave;me d&rsquo;exploitation Linux<\/div>\n<div class=\"ITSv\">Sim<\/div>\n<\/div>\n<div class=\"ITSr0\">\n<div class=\"ITSn\">Suporte ao sistema operativo Mac<\/div>\n<div class=\"ITSv\">Sim<\/div>\n<\/div>\n<\/div>","protected":false},"excerpt":{"rendered":"<p>TP-LINK Archer AX20. Type de connexion WAN RJ-45. Bande Wi-Fi Bi-bande (2,4 GHz \/ 5 GHz), Norme Wi-Fi Wi-Fi 6 (802.11ax), D&eacute;bit de transfert des donn&eacute;es WLAN (max) 1800 Mbit\/s. Type d&rsquo;interface LAN Ethernet Gigabit Ethernet, LAN Ethernet  taux de transfert des donn&eacute;es 10,100,1000 Mbit\/s, Standards r&eacute;seau IEEE 802.11a,IEEE 802.11ac,IEEE 802.11ax,IEEE 802.11b,IEEE 802.11g,IEEE 802.11n. G&eacute;n&eacute;ration de r&eacute;seau mobile 4G. Algorithme de s&eacute;curit&eacute; soutenu 64-bit WEP,128-bit WEP,WMM,WPA,WPA-PSK,WPA2,WPA2-PSK, Fonction NAT Port Forwarding, Port Triggering, UPnP, DMZ<\/p>","protected":false},"featured_media":67467,"comment_status":"open","ping_status":"closed","template":"","meta":{"_seopress_robots_primary_cat":"","_seopress_titles_title":"","_seopress_titles_desc":"","_seopress_robots_index":"","_gspb_post_css":"","content-type":"","jetpack_post_was_ever_published":false,"jetpack_publicize_message":"","jetpack_publicize_feature_enabled":true,"jetpack_social_post_already_shared":true,"jetpack_social_options":{"image_generator_settings":{"template":"highway","default_image_id":0,"font":"","enabled":false},"version":2}},"product_brand":[729],"product_cat":[725],"product_tag":[],"class_list":{"0":"post-50454","1":"product","2":"type-product","3":"status-publish","4":"has-post-thumbnail","6":"product_brand-tp-link","7":"product_cat-routeurs","8":"product_shipping_class-makant-standard","9":"pa_origine-dexpedition-union-europeenne-allemagne-2","11":"first","12":"instock","13":"taxable","14":"shipping-taxable","15":"purchasable","16":"product-type-simple"},"jetpack_publicize_connections":[],"jetpack_sharing_enabled":true,"_links":{"self":[{"href":"https:\/\/trendsbystylia.com\/pt\/wp-json\/wp\/v2\/product\/50454","targetHints":{"allow":["GET"]}}],"collection":[{"href":"https:\/\/trendsbystylia.com\/pt\/wp-json\/wp\/v2\/product"}],"about":[{"href":"https:\/\/trendsbystylia.com\/pt\/wp-json\/wp\/v2\/types\/product"}],"replies":[{"embeddable":true,"href":"https:\/\/trendsbystylia.com\/pt\/wp-json\/wp\/v2\/comments?post=50454"}],"wp:featuredmedia":[{"embeddable":true,"href":"https:\/\/trendsbystylia.com\/pt\/wp-json\/wp\/v2\/media\/67467"}],"wp:attachment":[{"href":"https:\/\/trendsbystylia.com\/pt\/wp-json\/wp\/v2\/media?parent=50454"}],"wp:term":[{"taxonomy":"product_brand","embeddable":true,"href":"https:\/\/trendsbystylia.com\/pt\/wp-json\/wp\/v2\/product_brand?post=50454"},{"taxonomy":"product_cat","embeddable":true,"href":"https:\/\/trendsbystylia.com\/pt\/wp-json\/wp\/v2\/product_cat?post=50454"},{"taxonomy":"product_tag","embeddable":true,"href":"https:\/\/trendsbystylia.com\/pt\/wp-json\/wp\/v2\/product_tag?post=50454"}],"curies":[{"name":"wp","href":"https:\/\/api.w.org\/{rel}","templated":true}]}}