{"id":50088,"date":"2025-03-30T23:31:30","date_gmt":"2025-03-30T23:31:30","guid":{"rendered":"https:\/\/trendsbystylia.com\/?post_type=product&#038;p=50088"},"modified":"2025-03-31T16:22:47","modified_gmt":"2025-03-31T16:22:47","slug":"nokia-xr20-dual-sim-64-gb-granite-vma750j9de1cn0","status":"publish","type":"product","link":"https:\/\/trendsbystylia.com\/pt\/produto\/nokia-xr20-dual-sim-64-gb-granite-vma750j9de1cn0\/","title":{"rendered":"<p>Nokia XR20 Dual SIM 64 GB Granite VMA750J9DE1CN0<\/p>"},"content":{"rendered":"<div id=\"HTML_SPEC\" class=\"ITSs\">\n<div class=\"ITSg\">Ecr\u00e3<\/div>\n<div class=\"ITSr0\">\n<div class=\"ITSn\">Dimens\u00e3o do ecr\u00e3<\/div>\n<div class=\"ITSv\">16.9 cm<\/div>\n<\/div>\n<div class=\"ITSr1\">\n<div class=\"ITSn\">Resolu\u00e7\u00e3o do ecr\u00e3<\/div>\n<div class=\"ITSv\">1080 x 2400 pixels<\/div>\n<\/div>\n<div class=\"ITSr0\">\n<div class=\"ITSn\">Ecr\u00e3 t\u00e1ctil<\/div>\n<div class=\"ITSv\">Sim<\/div>\n<\/div>\n<div class=\"ITSr1\">\n<div class=\"ITSn\">Forma do ecr\u00e3<\/div>\n<div class=\"ITSv\">Plana<\/div>\n<\/div>\n<div class=\"ITSr0\">\n<div class=\"ITSn\">Type de verre de l&rsquo;&eacute;cran<\/div>\n<div class=\"ITSv\">Gorilla Glass<\/div>\n<\/div>\n<div class=\"ITSr1\">\n<div class=\"ITSn\">Formato da imagem<\/div>\n<div class=\"ITSv\">209<\/div>\n<\/div>\n<div class=\"ITSr0\">\n<div class=\"ITSn\">Brilho do ecr\u00e3<\/div>\n<div class=\"ITSv\">550 cd\/m&sup2;<\/div>\n<\/div>\n<div class=\"ITSg\">Software<\/div>\n<div class=\"ITSr0\">\n<div class=\"ITSn\">Plataforma<\/div>\n<div class=\"ITSv\">andr\u00f3ide<\/div>\n<\/div>\n<div class=\"ITSr1\">\n<div class=\"ITSn\">Sistema operativo instalado<\/div>\n<div class=\"ITSv\">Android 11<\/div>\n<\/div>\n<div class=\"ITSr0\">\n<div class=\"ITSn\">Assistente virtual<\/div>\n<div class=\"ITSv\">Assistente do Google<\/div>\n<\/div>\n<div class=\"ITSg\">Rede<\/div>\n<div class=\"ITSr0\">\n<div class=\"ITSn\">Capacit&eacute; de la carte SIM<\/div>\n<div class=\"ITSv\">Double SIM<\/div>\n<\/div>\n<div class=\"ITSr1\">\n<div class=\"ITSn\">G&eacute;n&eacute;ration de r&eacute;seau mobile<\/div>\n<div class=\"ITSv\">5G<\/div>\n<\/div>\n<div class=\"ITSr0\">\n<div class=\"ITSn\">Type de carte SIM<\/div>\n<div class=\"ITSv\">NanoSIM<\/div>\n<\/div>\n<div class=\"ITSr1\">\n<div class=\"ITSn\">Normes 3G<\/div>\n<div class=\"ITSv\">WCDMA<\/div>\n<\/div>\n<div class=\"ITSr0\">\n<div class=\"ITSn\">Norme 4G<\/div>\n<div class=\"ITSv\">LTE<\/div>\n<\/div>\n<div class=\"ITSr1\">\n<div class=\"ITSn\">Wifi<\/div>\n<div class=\"ITSv\">Sim<\/div>\n<\/div>\n<div class=\"ITSr0\">\n<div class=\"ITSn\">Padr\u00f5es Wi-Fi<\/div>\n<div class=\"ITSv\">802.11a,802.11b,802.11g,Wi-Fi 4 (802.11n),Wi-Fi 5 (802.11ac),Wi-Fi 6 (802.11ax)<\/div>\n<\/div>\n<div class=\"ITSr1\">\n<div class=\"ITSn\">Bluetooth<\/div>\n<div class=\"ITSv\">Sim<\/div>\n<\/div>\n<div class=\"ITSr0\">\n<div class=\"ITSn\">Modelo Bluetooth<\/div>\n<div class=\"ITSv\">5.1<\/div>\n<\/div>\n<div class=\"ITSr1\">\n<div class=\"ITSn\">Technologie aptX<\/div>\n<div class=\"ITSv\">Sim<\/div>\n<\/div>\n<div class=\"ITSr0\">\n<div class=\"ITSn\">MIMO (entr&eacute;es multiples, sorties multiples)<\/div>\n<div class=\"ITSv\">Sim<\/div>\n<\/div>\n<div class=\"ITSr1\">\n<div class=\"ITSn\">Pagamento sem contacto<\/div>\n<div class=\"ITSv\">Sim<\/div>\n<\/div>\n<div class=\"ITSg\">C\u00e2mara<\/div>\n<div class=\"ITSr0\">\n<div class=\"ITSn\">Tipo de c\u00e2mara traseira<\/div>\n<div class=\"ITSv\">Double cam&eacute;ra<\/div>\n<\/div>\n<div class=\"ITSr1\">\n<div class=\"ITSn\">Resolu\u00e7\u00e3o da c\u00e2mara traseira (num\u00e9rica)<\/div>\n<div class=\"ITSv\">48 MP<\/div>\n<\/div>\n<div class=\"ITSr0\">\n<div class=\"ITSn\">R&eacute;solution de la seconde cam&eacute;ra arri&egrave;re (num&eacute;rique)<\/div>\n<div class=\"ITSv\">13 MP<\/div>\n<\/div>\n<div class=\"ITSr1\">\n<div class=\"ITSn\">N\u00famero de abertura da c\u00e2mara traseira<\/div>\n<div class=\"ITSv\">1.79<\/div>\n<\/div>\n<div class=\"ITSr0\">\n<div class=\"ITSn\">Num&eacute;ro d&rsquo;ouverture de la seconde cam&eacute;ra arri&egrave;re<\/div>\n<div class=\"ITSv\">2.4<\/div>\n<\/div>\n<div class=\"ITSr1\">\n<div class=\"ITSn\">Taille de pixel de la cam&eacute;ra arri&egrave;re<\/div>\n<div class=\"ITSv\">0.8 &micro;m<\/div>\n<\/div>\n<div class=\"ITSr0\">\n<div class=\"ITSn\">Taille de pixel de la seconde cam&eacute;ra arri&egrave;re<\/div>\n<div class=\"ITSv\">1.12 &micro;m<\/div>\n<\/div>\n<div class=\"ITSr1\">\n<div class=\"ITSn\">Angle du champ de vision de seconde cam&eacute;ra arri&egrave;re<\/div>\n<div class=\"ITSv\">123 &deg;<\/div>\n<\/div>\n<div class=\"ITSr0\">\n<div class=\"ITSn\">Type de cam&eacute;ra avant<\/div>\n<div class=\"ITSv\">C\u00e2mara \u00fanica<\/div>\n<\/div>\n<div class=\"ITSr1\">\n<div class=\"ITSn\">Resolu\u00e7\u00e3o da c\u00e2mara frontal (digital)<\/div>\n<div class=\"ITSv\">8 MP<\/div>\n<\/div>\n<div class=\"ITSr0\">\n<div class=\"ITSn\">Flash c\u00e2mera traseira<\/div>\n<div class=\"ITSv\">Sim<\/div>\n<\/div>\n<div class=\"ITSr1\">\n<div class=\"ITSn\">Type de flash<\/div>\n<div class=\"ITSv\">LED<\/div>\n<\/div>\n<div class=\"ITSr0\">\n<div class=\"ITSn\">Estabilizador de imagem<\/div>\n<div class=\"ITSv\">Sim<\/div>\n<\/div>\n<div class=\"ITSr1\">\n<div class=\"ITSn\">Mode nuit<\/div>\n<div class=\"ITSv\">Sim<\/div>\n<\/div>\n<div class=\"ITSg\">Conce\u00e7\u00e3o<\/div>\n<div class=\"ITSr0\">\n<div class=\"ITSn\">Format<\/div>\n<div class=\"ITSv\">Barre<\/div>\n<\/div>\n<div class=\"ITSr1\">\n<div class=\"ITSn\">Cor do produto<\/div>\n<div class=\"ITSv\">Preto<\/div>\n<\/div>\n<div class=\"ITSr0\">\n<div class=\"ITSn\">Nome da cor<\/div>\n<div class=\"ITSv\">Granit<\/div>\n<\/div>\n<div class=\"ITSr1\">\n<div class=\"ITSn\">Fun\u00e7\u00f5es de prote\u00e7\u00e3o<\/div>\n<div class=\"ITSv\">Scratch resistant, Temperature proof, Water resistant<\/div>\n<\/div>\n<div class=\"ITSg\">Suportes de armazenamento<\/div>\n<div class=\"ITSr0\">\n<div class=\"ITSn\">Capacit&eacute; de la RAM<\/div>\n<div class=\"ITSv\">4 Go<\/div>\n<\/div>\n<div class=\"ITSr1\">\n<div class=\"ITSn\">Capacidade de armazenamento interno<\/div>\n<div class=\"ITSv\">64 GB<\/div>\n<\/div>\n<div class=\"ITSr0\">\n<div class=\"ITSn\">Cart\u00f5es de mem\u00f3ria compat\u00edveis<\/div>\n<div class=\"ITSv\">MicroSD (TransFlash)<\/div>\n<\/div>\n<div class=\"ITSr1\">\n<div class=\"ITSn\">Tamanho m\u00e1ximo do cart\u00e3o de mem\u00f3ria<\/div>\n<div class=\"ITSv\">512 GB<\/div>\n<\/div>\n<div class=\"ITSg\">Bateria<\/div>\n<div class=\"ITSr0\">\n<div class=\"ITSn\">Capacidade da bateria<\/div>\n<div class=\"ITSv\">4630 mAh<\/div>\n<\/div>\n<div class=\"ITSr1\">\n<div class=\"ITSn\">Batterie amovible<\/div>\n<div class=\"ITSv\">N\u00e3o<\/div>\n<\/div>\n<div class=\"ITSg\">Peso e dimens\u00f5es<\/div>\n<div class=\"ITSr0\">\n<div class=\"ITSn\">Peso<\/div>\n<div class=\"ITSv\">248 g<\/div>\n<\/div>\n<div class=\"ITSr1\">\n<div class=\"ITSn\">Largura<\/div>\n<div class=\"ITSv\">81.5 mm<\/div>\n<\/div>\n<div class=\"ITSr0\">\n<div class=\"ITSn\">Profundidade<\/div>\n<div class=\"ITSv\">10.6 mm<\/div>\n<\/div>\n<div class=\"ITSr1\">\n<div class=\"ITSn\">Altura<\/div>\n<div class=\"ITSv\">171.6 mm<\/div>\n<\/div>\n<div class=\"ITSg\">Navigation<\/div>\n<div class=\"ITSr0\">\n<div class=\"ITSn\">Localiza\u00e7\u00e3o<\/div>\n<div class=\"ITSv\">Sim<\/div>\n<\/div>\n<div class=\"ITSr1\">\n<div class=\"ITSn\">GPS (satellite)<\/div>\n<div class=\"ITSv\">Sim<\/div>\n<\/div>\n<div class=\"ITSr0\">\n<div class=\"ITSn\">NavIC<\/div>\n<div class=\"ITSv\">Sim<\/div>\n<\/div>\n<div class=\"ITSr1\">\n<div class=\"ITSn\">GLONASS<\/div>\n<div class=\"ITSv\">Sim<\/div>\n<\/div>\n<div class=\"ITSr0\">\n<div class=\"ITSn\">BeiDou<\/div>\n<div class=\"ITSv\">Sim<\/div>\n<\/div>\n<div class=\"ITSr1\">\n<div class=\"ITSn\">Galileo<\/div>\n<div class=\"ITSv\">Sim<\/div>\n<\/div>\n<div class=\"ITSr0\">\n<div class=\"ITSn\">Syst&egrave;me QZSS (Quasi-Zenith Satellite System)<\/div>\n<div class=\"ITSv\">Sim<\/div>\n<\/div>\n<div class=\"ITSr1\">\n<div class=\"ITSn\">B\u00fassola eletr\u00f3nica<\/div>\n<div class=\"ITSv\">Sim<\/div>\n<\/div>\n<div class=\"ITSg\">Conectividade<\/div>\n<div class=\"ITSr0\">\n<div class=\"ITSn\">Porta USB<\/div>\n<div class=\"ITSv\">Sim<\/div>\n<\/div>\n<div class=\"ITSr1\">\n<div class=\"ITSn\">conector USB<\/div>\n<div class=\"ITSv\">USB Tipo-C<\/div>\n<\/div>\n<div class=\"ITSr0\">\n<div class=\"ITSn\">Version USB<\/div>\n<div class=\"ITSv\">3.2 Gen 1 (3.1 Gen 1)<\/div>\n<\/div>\n<div class=\"ITSr1\">\n<div class=\"ITSn\">Liga\u00e7\u00e3o para auscultadores<\/div>\n<div class=\"ITSv\">3,5 mm<\/div>\n<\/div>\n<div class=\"ITSg\">representa\u00e7\u00e3o\/realiza\u00e7\u00e3o<\/div>\n<div class=\"ITSr0\">\n<div class=\"ITSn\">Carregamento r\u00e1pido<\/div>\n<div class=\"ITSv\">Sim<\/div>\n<\/div>\n<div class=\"ITSr1\">\n<div class=\"ITSn\">Carregamento sem fios<\/div>\n<div class=\"ITSv\">Sim<\/div>\n<\/div>\n<div class=\"ITSr0\">\n<div class=\"ITSn\">Adaptateur graphique<\/div>\n<div class=\"ITSv\">Adreno 619<\/div>\n<\/div>\n<div class=\"ITSr1\">\n<div class=\"ITSn\">Support USB On-The-Go<\/div>\n<div class=\"ITSv\">Sim<\/div>\n<\/div>\n<div class=\"ITSg\">Processador<\/div>\n<div class=\"ITSr0\">\n<div class=\"ITSn\">Fam\u00edlia de processadores<\/div>\n<div class=\"ITSv\">Qualcomm Snapdragon<\/div>\n<\/div>\n<div class=\"ITSr1\">\n<div class=\"ITSn\">Modelo do processador<\/div>\n<div class=\"ITSv\">480<\/div>\n<\/div>\n<div class=\"ITSg\">D&eacute;tecteurs<\/div>\n<div class=\"ITSr0\">\n<div class=\"ITSn\">Capteur de proximit&eacute;<\/div>\n<div class=\"ITSv\">Sim<\/div>\n<\/div>\n<div class=\"ITSr1\">\n<div class=\"ITSn\">Aceler\u00f3metro<\/div>\n<div class=\"ITSv\">Sim<\/div>\n<\/div>\n<div class=\"ITSr0\">\n<div class=\"ITSn\">Sensor de luz ambiente<\/div>\n<div class=\"ITSv\">Sim<\/div>\n<\/div>\n<div class=\"ITSr1\">\n<div class=\"ITSn\">Girosc\u00f3pio<\/div>\n<div class=\"ITSv\">Sim<\/div>\n<\/div>\n<div class=\"ITSr0\">\n<div class=\"ITSn\">Bar\u00f3metro<\/div>\n<div class=\"ITSv\">Sim<\/div>\n<\/div>\n<div class=\"ITSg\">Conte\u00fado da embalagem<\/div>\n<div class=\"ITSr0\">\n<div class=\"ITSn\">Adaptador da C.A. fornecido<\/div>\n<div class=\"ITSv\">Sim<\/div>\n<\/div>\n<div class=\"ITSr1\">\n<div class=\"ITSn\">Guia de Introdu\u00e7\u00e3o R\u00e1pida<\/div>\n<div class=\"ITSv\">Sim<\/div>\n<\/div>\n<div class=\"ITSr0\">\n<div class=\"ITSn\">Protection d&rsquo;&eacute;cran<\/div>\n<div class=\"ITSv\">Sim<\/div>\n<\/div>\n<div class=\"ITSr1\">\n<div class=\"ITSn\">Cabos inclu\u00eddos<\/div>\n<div class=\"ITSv\">USB Tipo-C<\/div>\n<\/div>\n<div class=\"ITSr0\">\n<div class=\"ITSn\">Casque audio inclus<\/div>\n<div class=\"ITSv\">Sim<\/div>\n<\/div>\n<\/div>","protected":false},"excerpt":{"rendered":"<p>Nokia XR20. Taille de l&rsquo;&eacute;cran 16,9 cm (6.67), R&eacute;solution de l&rsquo;&eacute;cran 1080 x 2400 pixels. Famille de processeur Qualcomm Snapdragon, Mod&egrave;le de processeur 480. Capacit&eacute; de la RAM 4 Go, Capacit&eacute; de stockage interne 64 Go. R&eacute;solution de la cam&eacute;ra arri&egrave;re (numerique) 48 MP, Type de cam&eacute;ra arri&egrave;re Double cam&eacute;ra. Capacit&eacute; de la carte SIM Double SIM. Syst&egrave;me d&rsquo;exploitation install&eacute; Android 11. Capacit&eacute; de la batterie 4630 mAh. Couleur du produit Noir. Poids 248 g<\/p>","protected":false},"featured_media":67506,"comment_status":"open","ping_status":"closed","template":"","meta":{"_seopress_robots_primary_cat":"","_seopress_titles_title":"","_seopress_titles_desc":"","_seopress_robots_index":"","_gspb_post_css":"","content-type":"","jetpack_post_was_ever_published":false,"jetpack_publicize_message":"","jetpack_publicize_feature_enabled":true,"jetpack_social_post_already_shared":true,"jetpack_social_options":{"image_generator_settings":{"template":"highway","default_image_id":0,"font":"","enabled":false},"version":2}},"product_brand":[814],"product_cat":[1128,815],"product_tag":[],"class_list":{"0":"post-50088","1":"product","2":"type-product","3":"status-publish","4":"has-post-thumbnail","6":"product_brand-nokia","7":"product_cat-smartphones","8":"product_cat-smartphones-nokia","9":"product_shipping_class-makant-standard","10":"pa_origine-dexpedition-union-europeenne-allemagne-2","12":"first","13":"instock","14":"taxable","15":"shipping-taxable","16":"purchasable","17":"product-type-simple"},"jetpack_publicize_connections":[],"jetpack_sharing_enabled":true,"_links":{"self":[{"href":"https:\/\/trendsbystylia.com\/pt\/wp-json\/wp\/v2\/product\/50088","targetHints":{"allow":["GET"]}}],"collection":[{"href":"https:\/\/trendsbystylia.com\/pt\/wp-json\/wp\/v2\/product"}],"about":[{"href":"https:\/\/trendsbystylia.com\/pt\/wp-json\/wp\/v2\/types\/product"}],"replies":[{"embeddable":true,"href":"https:\/\/trendsbystylia.com\/pt\/wp-json\/wp\/v2\/comments?post=50088"}],"wp:featuredmedia":[{"embeddable":true,"href":"https:\/\/trendsbystylia.com\/pt\/wp-json\/wp\/v2\/media\/67506"}],"wp:attachment":[{"href":"https:\/\/trendsbystylia.com\/pt\/wp-json\/wp\/v2\/media?parent=50088"}],"wp:term":[{"taxonomy":"product_brand","embeddable":true,"href":"https:\/\/trendsbystylia.com\/pt\/wp-json\/wp\/v2\/product_brand?post=50088"},{"taxonomy":"product_cat","embeddable":true,"href":"https:\/\/trendsbystylia.com\/pt\/wp-json\/wp\/v2\/product_cat?post=50088"},{"taxonomy":"product_tag","embeddable":true,"href":"https:\/\/trendsbystylia.com\/pt\/wp-json\/wp\/v2\/product_tag?post=50088"}],"curies":[{"name":"wp","href":"https:\/\/api.w.org\/{rel}","templated":true}]}}