{"id":49371,"date":"2025-03-30T23:32:19","date_gmt":"2025-03-30T23:32:19","guid":{"rendered":"https:\/\/trendsbystylia.com\/?post_type=product&#038;p=49371"},"modified":"2025-04-02T00:44:32","modified_gmt":"2025-04-02T00:44:32","slug":"logitech-rally-bar-videokonferenzkomponente-960-001323","status":"publish","type":"product","link":"https:\/\/trendsbystylia.com\/pt\/produto\/logitech-rally-bar-videokonferenzkomponente-960-001323\/","title":{"rendered":"<p>Logitech Rally Bar \u2013 Videokonferenzkomponente \u2013 960-001323<\/p>"},"content":{"rendered":"<div id=\"HTML_SPEC\" class=\"ITSs\">\n<div class=\"ITSg\">Dados t\u00e9cnicos<\/div>\n<div class=\"ITSr0\">\n<div class=\"ITSn\">Tipo de produto<\/div>\n<div class=\"ITSv\">Sistema de videoconfer\u00eancia em grupo<\/div>\n<\/div>\n<div class=\"ITSr1\">\n<div class=\"ITSn\">Cor do produto<\/div>\n<div class=\"ITSv\">Branco<\/div>\n<\/div>\n<div class=\"ITSr0\">\n<div class=\"ITSn\">Panor\u00e2mica<\/div>\n<div class=\"ITSv\">-25 \u2013 25 \u00b0<\/div>\n<\/div>\n<div class=\"ITSr1\">\n<div class=\"ITSn\">\u00c2ngulo do calcanhar<\/div>\n<div class=\"ITSv\">-15 \u2013 15 \u00b0<\/div>\n<\/div>\n<div class=\"ITSr0\">\n<div class=\"ITSn\">Controlo PTZ<\/div>\n<div class=\"ITSv\">Sim<\/div>\n<\/div>\n<div class=\"ITSg\">Pot\u00eancia<\/div>\n<div class=\"ITSr0\">\n<div class=\"ITSn\">Tipo de fonte de energia<\/div>\n<div class=\"ITSv\">Setor<\/div>\n<\/div>\n<div class=\"ITSr1\">\n<div class=\"ITSn\">Tens\u00e3o de entrada CA<\/div>\n<div class=\"ITSv\">100 \u2013 240 V<\/div>\n<\/div>\n<div class=\"ITSr0\">\n<div class=\"ITSn\">Atual<\/div>\n<div class=\"ITSv\">4.754 A<\/div>\n<\/div>\n<div class=\"ITSr1\">\n<div class=\"ITSn\">Tens\u00e3o de entrada da C.C.<\/div>\n<div class=\"ITSv\">19 V<\/div>\n<\/div>\n<div class=\"ITSr0\">\n<div class=\"ITSn\">Tecnologia da bateria<\/div>\n<div class=\"ITSv\">L\u00edtio-\u00edon (Li-\u00edon)<\/div>\n<\/div>\n<div class=\"ITSr1\">\n<div class=\"ITSn\">Capacidade da bateria<\/div>\n<div class=\"ITSv\">220 mAh<\/div>\n<\/div>\n<div class=\"ITSr0\">\n<div class=\"ITSn\">N\u00famero de baterias suportadas<\/div>\n<div class=\"ITSv\">2<\/div>\n<\/div>\n<div class=\"ITSg\">Caracter\u00edsticas<\/div>\n<div class=\"ITSr0\">\n<div class=\"ITSn\">Telepresen\u00e7a<\/div>\n<div class=\"ITSv\">N\u00e3o<\/div>\n<\/div>\n<div class=\"ITSg\">V\u00eddeo<\/div>\n<div class=\"ITSr0\">\n<div class=\"ITSn\">Tipo HD<\/div>\n<div class=\"ITSv\">4K Ultra HD<\/div>\n<\/div>\n<div class=\"ITSr1\">\n<div class=\"ITSn\">Zoom \u00f3ptico<\/div>\n<div class=\"ITSv\">5 x<\/div>\n<\/div>\n<div class=\"ITSr0\">\n<div class=\"ITSn\">Zoom digital<\/div>\n<div class=\"ITSv\">3 x<\/div>\n<\/div>\n<div class=\"ITSr1\">\n<div class=\"ITSn\">Modos de v\u00eddeo suportados<\/div>\n<div class=\"ITSv\">720p,900p,1440p,2160p<\/div>\n<\/div>\n<div class=\"ITSr0\">\n<div class=\"ITSn\">Taxa m\u00e1xima<\/div>\n<div class=\"ITSv\">30 fps<\/div>\n<\/div>\n<div class=\"ITSg\">M\u00f3dulo de interface<\/div>\n<div class=\"ITSr0\">\n<div class=\"ITSn\">Quantidade de portas HDMI do m\u00f3dulo de interface<\/div>\n<div class=\"ITSv\">3<\/div>\n<\/div>\n<div class=\"ITSr1\">\n<div class=\"ITSn\">Quantidade de portas de entrada HDMI do m\u00f3dulo de interface<\/div>\n<div class=\"ITSv\">1<\/div>\n<\/div>\n<div class=\"ITSr0\">\n<div class=\"ITSn\">Quantidade de portas de sa\u00edda HDMI do m\u00f3dulo de interface<\/div>\n<div class=\"ITSv\">2<\/div>\n<\/div>\n<div class=\"ITSr1\">\n<div class=\"ITSn\">Portas do M\u00f3dulo de Interface Ethernet LAN (RJ-45)<\/div>\n<div class=\"ITSv\">1<\/div>\n<\/div>\n<div class=\"ITSg\">Rede<\/div>\n<div class=\"ITSr0\">\n<div class=\"ITSn\">Ethernet\/LAN<\/div>\n<div class=\"ITSv\">Sim<\/div>\n<\/div>\n<div class=\"ITSr1\">\n<div class=\"ITSn\">Taxa de transfer\u00eancia de dados LAN Ethernet<\/div>\n<div class=\"ITSv\">10,100,1000 Mbit\/s<\/div>\n<\/div>\n<div class=\"ITSr0\">\n<div class=\"ITSn\">Wifi<\/div>\n<div class=\"ITSv\">Sim<\/div>\n<\/div>\n<div class=\"ITSr1\">\n<div class=\"ITSn\">Padr\u00f5es Wi-Fi<\/div>\n<div class=\"ITSv\">802.11a,802.11b,802.11g,Wi-Fi 4 (802.11n),Wi-Fi 5 (802.11ac)<\/div>\n<\/div>\n<div class=\"ITSr0\">\n<div class=\"ITSn\">Algoritmo de seguran\u00e7a suportado<\/div>\n<div class=\"ITSv\">128-bit AES<\/div>\n<\/div>\n<div class=\"ITSg\">Microfone<\/div>\n<div class=\"ITSr0\">\n<div class=\"ITSn\">Sensibilidade do microfone<\/div>\n<div class=\"ITSv\">-36 dB<\/div>\n<\/div>\n<div class=\"ITSr1\">\n<div class=\"ITSn\">Frequ\u00eancia do microfone<\/div>\n<div class=\"ITSv\">90 \u2013 16000 Hz<\/div>\n<\/div>\n<div class=\"ITSr0\">\n<div class=\"ITSn\">N\u00edvel de press\u00e3o sonora (m\u00e1x.)<\/div>\n<div class=\"ITSv\">90 dB<\/div>\n<\/div>\n<div class=\"ITSr1\">\n<div class=\"ITSn\">N\u00famero de microfones<\/div>\n<div class=\"ITSv\">6<\/div>\n<\/div>\n<div class=\"ITSg\">Conte\u00fado da embalagem<\/div>\n<div class=\"ITSr0\">\n<div class=\"ITSn\">Cabos inclu\u00eddos<\/div>\n<div class=\"ITSv\">AC, DC, HDMI, USB Tipo-A a USB Tipo-C<\/div>\n<\/div>\n<div class=\"ITSr1\">\n<div class=\"ITSn\">Comprimento do cabo de alimenta\u00e7\u00e3o<\/div>\n<div class=\"ITSv\">2,5 m<\/div>\n<\/div>\n<div class=\"ITSr0\">\n<div class=\"ITSn\">Comprimento do cabo HDMI<\/div>\n<div class=\"ITSv\">2 m<\/div>\n<\/div>\n<div class=\"ITSr1\">\n<div class=\"ITSn\">Controlo a dist\u00e2ncia fornecido<\/div>\n<div class=\"ITSv\">Sim<\/div>\n<\/div>\n<div class=\"ITSg\">\u00c1udio<\/div>\n<div class=\"ITSr0\">\n<div class=\"ITSn\">Altifalantes incorporados<\/div>\n<div class=\"ITSv\">Sim<\/div>\n<\/div>\n<div class=\"ITSr1\">\n<div class=\"ITSn\">N\u00edvel de produ\u00e7\u00e3o<\/div>\n<div class=\"ITSv\">90\/99 dB<\/div>\n<\/div>\n<div class=\"ITSr0\">\n<div class=\"ITSn\">Tens\u00e3o de sa\u00edda THD<\/div>\n<div class=\"ITSv\">2 %<\/div>\n<\/div>\n<div class=\"ITSr1\">\n<div class=\"ITSn\">Intervalo de microcaptura<\/div>\n<div class=\"ITSv\">4,5 m<\/div>\n<\/div>\n<div class=\"ITSg\">C\u00e2mara<\/div>\n<div class=\"ITSr0\">\n<div class=\"ITSn\">Ponto de Vista do \u00c2ngulo (FOV)<\/div>\n<div class=\"ITSv\">90 \u00b0<\/div>\n<\/div>\n<div class=\"ITSr1\">\n<div class=\"ITSn\">ponto de vista horizontal<\/div>\n<div class=\"ITSv\">82.1 &deg;<\/div>\n<\/div>\n<div class=\"ITSr0\">\n<div class=\"ITSn\">Interface de controlo remoto<\/div>\n<div class=\"ITSv\">Bluetooth<\/div>\n<\/div>\n<div class=\"ITSg\">Peso e dimens\u00f5es<\/div>\n<div class=\"ITSr0\">\n<div class=\"ITSn\">Largura<\/div>\n<div class=\"ITSv\">910 mm<\/div>\n<\/div>\n<div class=\"ITSr1\">\n<div class=\"ITSn\">Profundidade<\/div>\n<div class=\"ITSv\">160 mm<\/div>\n<\/div>\n<div class=\"ITSr0\">\n<div class=\"ITSn\">Altura<\/div>\n<div class=\"ITSv\">164 mm<\/div>\n<\/div>\n<div class=\"ITSr1\">\n<div class=\"ITSn\">Peso<\/div>\n<div class=\"ITSv\">7.08 kg<\/div>\n<\/div>\n<div class=\"ITSr0\">\n<div class=\"ITSn\">Largura da embalagem<\/div>\n<div class=\"ITSv\">207 mm<\/div>\n<\/div>\n<div class=\"ITSr1\">\n<div class=\"ITSn\">Profundidade da embalagem<\/div>\n<div class=\"ITSv\">989 mm<\/div>\n<\/div>\n<div class=\"ITSr0\">\n<div class=\"ITSn\">Altura da embalagem<\/div>\n<div class=\"ITSv\">218 mm<\/div>\n<\/div>\n<div class=\"ITSr1\">\n<div class=\"ITSn\">Peso da embalagem<\/div>\n<div class=\"ITSv\">9.3 kg<\/div>\n<\/div>\n<div class=\"ITSg\">Conectividade<\/div>\n<div class=\"ITSr0\">\n<div class=\"ITSn\">Quantidade de portas USB 3.2 Gen 1 Tipo A (3.1 Gen 1)<\/div>\n<div class=\"ITSv\">3<\/div>\n<\/div>\n<div class=\"ITSr1\">\n<div class=\"ITSn\">Microfone de entrada<\/div>\n<div class=\"ITSv\">Sim<\/div>\n<\/div>\n<div class=\"ITSg\">Dados log\u00edsticos<\/div>\n<div class=\"ITSr0\">\n<div class=\"ITSn\">Peso bruto do cacifo principal (externo)<\/div>\n<div class=\"ITSv\">9.91 kg<\/div>\n<\/div>\n<div class=\"ITSr1\">\n<div class=\"ITSn\">Comprimento do cacifo principal (externo)<\/div>\n<div class=\"ITSv\">1004 mm<\/div>\n<\/div>\n<div class=\"ITSr0\">\n<div class=\"ITSn\">Largura do arm\u00e1rio principal (externo)<\/div>\n<div class=\"ITSv\">220 mm<\/div>\n<\/div>\n<div class=\"ITSr1\">\n<div class=\"ITSn\">Altura do cacifo principal (externo)<\/div>\n<div class=\"ITSv\">231 mm<\/div>\n<\/div>\n<div class=\"ITSg\">Bateria<\/div>\n<div class=\"ITSr0\">\n<div class=\"ITSn\">Capacidade da bateria<\/div>\n<div class=\"ITSv\">0.675 Wh<\/div>\n<\/div>\n<div class=\"ITSg\">Condi\u00e7\u00f5es ambientais<\/div>\n<div class=\"ITSr0\">\n<div class=\"ITSn\">Temperatura de funcionamento<\/div>\n<div class=\"ITSv\">0 \u2013 40 \u00b0C<\/div>\n<\/div>\n<div class=\"ITSr1\">\n<div class=\"ITSn\">Umidade relativa de funcionamento (H-H)<\/div>\n<div class=\"ITSv\">10 \u2013 95 %<\/div>\n<\/div>\n<div class=\"ITSr0\">\n<div class=\"ITSn\">Temperatura fora de servi\u00e7o<\/div>\n<div class=\"ITSv\">-40 \u2013 70 \u00b0C<\/div>\n<\/div>\n<div class=\"ITSr1\">\n<div class=\"ITSn\">Dissipa\u00e7\u00e3o de calor<\/div>\n<div class=\"ITSv\">64 BTU\/h<\/div>\n<\/div>\n<\/div>","protected":false},"excerpt":{"rendered":"<p>Logitech Rally Bar. Type de produit Syst&egrave;me de vid&eacute;oconf&eacute;rence de groupe. Type HD 4K Ultra HD, Modes vid&eacute;o pris en charge 720p,900p,1440p,2160p, Cadence maximale 30 ips. point de vue angle (FOV) 90&deg;. Zoom optique 5x, Zoom num&eacute;rique 3x. Ethernet\/LAN, Wifi. Couleur du produit Blanc<\/p>","protected":false},"featured_media":67558,"comment_status":"open","ping_status":"closed","template":"","meta":{"_seopress_robots_primary_cat":"","_seopress_titles_title":"","_seopress_titles_desc":"","_seopress_robots_index":"","_gspb_post_css":"","content-type":"","jetpack_post_was_ever_published":false,"jetpack_publicize_message":"","jetpack_publicize_feature_enabled":true,"jetpack_social_post_already_shared":true,"jetpack_social_options":{"image_generator_settings":{"template":"highway","default_image_id":0,"font":"","enabled":false},"version":2}},"product_brand":[743],"product_cat":[746],"product_tag":[],"class_list":{"0":"post-49371","1":"product","2":"type-product","3":"status-publish","4":"has-post-thumbnail","6":"product_brand-logitech","7":"product_cat-webcams","8":"product_shipping_class-makant-standard","9":"pa_origine-dexpedition-union-europeenne-allemagne-2","11":"first","12":"instock","13":"taxable","14":"shipping-taxable","15":"purchasable","16":"product-type-simple"},"jetpack_publicize_connections":[],"jetpack_sharing_enabled":true,"_links":{"self":[{"href":"https:\/\/trendsbystylia.com\/pt\/wp-json\/wp\/v2\/product\/49371","targetHints":{"allow":["GET"]}}],"collection":[{"href":"https:\/\/trendsbystylia.com\/pt\/wp-json\/wp\/v2\/product"}],"about":[{"href":"https:\/\/trendsbystylia.com\/pt\/wp-json\/wp\/v2\/types\/product"}],"replies":[{"embeddable":true,"href":"https:\/\/trendsbystylia.com\/pt\/wp-json\/wp\/v2\/comments?post=49371"}],"wp:featuredmedia":[{"embeddable":true,"href":"https:\/\/trendsbystylia.com\/pt\/wp-json\/wp\/v2\/media\/67558"}],"wp:attachment":[{"href":"https:\/\/trendsbystylia.com\/pt\/wp-json\/wp\/v2\/media?parent=49371"}],"wp:term":[{"taxonomy":"product_brand","embeddable":true,"href":"https:\/\/trendsbystylia.com\/pt\/wp-json\/wp\/v2\/product_brand?post=49371"},{"taxonomy":"product_cat","embeddable":true,"href":"https:\/\/trendsbystylia.com\/pt\/wp-json\/wp\/v2\/product_cat?post=49371"},{"taxonomy":"product_tag","embeddable":true,"href":"https:\/\/trendsbystylia.com\/pt\/wp-json\/wp\/v2\/product_tag?post=49371"}],"curies":[{"name":"wp","href":"https:\/\/api.w.org\/{rel}","templated":true}]}}